{"id":1016906,"date":"2024-06-17T14:58:33","date_gmt":"2024-06-17T06:58:33","guid":{"rendered":"https:\/\/vimaterial.de\/product\/seleniure-de-cuivre-et-de-gallium-3\/"},"modified":"2025-04-10T18:27:15","modified_gmt":"2025-04-10T10:27:15","slug":"seleniure-de-cuivre-et-de-gallium-3","status":"publish","type":"product","link":"https:\/\/vimaterial.de\/fr\/product\/seleniure-de-cuivre-et-de-gallium-3\/","title":{"rendered":"S\u00e9l\u00e9niure de cuivre et de gallium"},"content":{"rendered":"<p><span style=\"color: #0000ff;\"><a style=\"color: #0000ff;\" href=\"https:\/\/vimaterial.de\/fr\/product\/seleniure-de-cuivre-et-de-gallium\/\">La poudre de s\u00e9l\u00e9niure de cuivre et de gallium<\/a> <\/span>est une poudre compos\u00e9e de cuivre, de gallium et de s\u00e9l\u00e9nium. Il est g\u00e9n\u00e9ralement de couleur fonc\u00e9e et est un mat\u00e9riau fonctionnel avec des applications potentielles dans l\u2019opto\u00e9lectronique, les semi-conducteurs et d\u2019autres domaines.<\/p>\n<p>VIMATERIAL fournit de la poudre de s\u00e9l\u00e9niure de cuivre et de gallium de haute puret\u00e9. Nos produits sont tr\u00e8s fiables, d\u2019excellente qualit\u00e9 et avec un bon service apr\u00e8s-vente. <span style=\"color: #0000ff;\"><a style=\"color: #0000ff;\" href=\"https:\/\/vimaterial.de\/fr\/contact\/\">Contactez-nous<\/a><\/span> d\u00e8s maintenant.<\/p>\n<h2><span style=\"font-size: 14pt;\">Propri\u00e9t\u00e9s physiques<\/span><\/h2>\n<p>Formule mol\u00e9culaire : CuGaSe\u2082<\/p>\n<p>Poids mol\u00e9culaire : 291,19<\/p>\n<p>Apparence\u00a0: Poudre grise<\/p>\n<p>Densit\u00e9 : 5,56 g\/cm\u00b3<\/p>\n<p>Point de fusion : 1697\u00b0C<\/p>\n<p>Structure cristalline : Syst\u00e8me t\u00e9tragonal<\/p>\n<h2><span style=\"font-size: 14pt;\">Applications<\/span><\/h2>\n<p>Champ photovolta\u00efque\u00a0: La poudre de s\u00e9l\u00e9niure de cuivre et de gallium peut \u00eatre utilis\u00e9e pour pr\u00e9parer des cellules solaires, qui peuvent absorber efficacement la lumi\u00e8re du soleil et la convertir en \u00e9nergie \u00e9lectrique.<\/p>\n<p>Champ des semi-conducteurs : En tant que mat\u00e9riau semi-conducteur important, il peut \u00eatre utilis\u00e9 pour fabriquer divers dispositifs semi-conducteurs, tels que des transistors, des diodes, etc., ce qui permet d\u2019obtenir un fonctionnement haute performance des dispositifs \u00e9lectroniques.<\/p>\n<p>Domaine opto\u00e9lectronique : Il joue un r\u00f4le dans la fabrication de photod\u00e9tecteurs, peut convertir des signaux optiques en signaux \u00e9lectriques et est utilis\u00e9 dans les communications optiques, la surveillance de l\u2019environnement et d\u2019autres domaines.<\/p>\n<p>Champ d\u2019affichage\u00a0: Il peut \u00eatre utilis\u00e9 dans la technologie d\u2019affichage, telle que les \u00e9crans \u00e0 cristaux liquides, les affichages \u00e0 diodes \u00e9lectroluminescentes organiques, etc., ce qui contribue \u00e0 am\u00e9liorer la qualit\u00e9 et les performances d\u2019affichage.<\/p>\n<h2><span style=\"font-size: 14pt;\">Contr\u00f4le qualit\u00e9<\/span><\/h2>\n<p><span style=\"color: #0000ff;\"><a style=\"color: #0000ff;\" href=\"https:\/\/vimaterial.de\/fr\/controle-qualite\/\">Chaque lot<\/a><\/span> de produits fait l\u2019objet d\u2019un processus de contr\u00f4le de qualit\u00e9 strict. Nous fournirons des \u00e9chantillons aux clients pour qu\u2019ils puissent r\u00e9inspecter chaque lot, et nous aiderons \u00e9galement les clients \u00e0 d\u00e9signer des agences de test tierces pour les tests.<\/p>\n<h2><span style=\"font-size: 14pt;\">Emballage et stockage<\/span><\/h2>\n<p>La poudre de s\u00e9l\u00e9niure de cuivre et de gallium est emball\u00e9e dans des sacs sous vide \u00e0 double couche ou des bouteilles sous vide \u00e0 double couche, et de petits emballages sont disponibles.<br \/>\nLa poudre de s\u00e9l\u00e9niure de cuivre et de gallium doit \u00eatre stock\u00e9e dans un environnement sec, frais et bien scell\u00e9 pour \u00e9viter le contact avec l\u2019air, l\u2019humidit\u00e9, les acides forts, les alcalis forts et d\u2019autres substances pour pr\u00e9venir l\u2019oxydation, la d\u00e9liquescence et les r\u00e9actions chimiques. Il doit \u00e9galement \u00eatre tenu \u00e0 l\u2019\u00e9cart du feu et des sources de chaleur.<\/p>\n","protected":false},"excerpt":{"rendered":"<p><span style=\"color: #0000ff;\"><a style=\"color: #0000ff;\" href=\"https:\/\/vimaterial.de\/fr\/product\/seleniure-de-cuivre-et-de-gallium\/\">La poudre de s\u00e9l\u00e9niure de cuivre et de gallium<\/a> <\/span>est une poudre compos\u00e9e de cuivre, de gallium et de s\u00e9l\u00e9nium. Il est g\u00e9n\u00e9ralement de couleur fonc\u00e9e et est un mat\u00e9riau fonctionnel avec des applications potentielles dans l\u2019opto\u00e9lectronique, les semi-conducteurs et d\u2019autres domaines.<\/p>\n<p>VIMATERIAL fournit de la poudre de s\u00e9l\u00e9niure de cuivre et de gallium de haute puret\u00e9. Nos produits sont tr\u00e8s fiables, d\u2019excellente qualit\u00e9 et avec un bon service apr\u00e8s-vente. <span style=\"color: #0000ff;\"><a style=\"color: #0000ff;\" href=\"https:\/\/vimaterial.de\/fr\/contact\/\">Contactez-nous<\/a><\/span> d\u00e8s maintenant.<\/p>\n","protected":false},"featured_media":1003120,"comment_status":"open","ping_status":"closed","template":"","meta":{"_acf_changed":false},"product_brand":[],"product_cat":[238],"product_tag":[],"class_list":{"0":"post-1016906","1":"product","2":"type-product","3":"status-publish","4":"has-post-thumbnail","6":"product_cat-materiaux-de-chalcogenure","8":"first","9":"instock","10":"shipping-taxable","11":"product-type-variable"},"acf":[],"_links":{"self":[{"href":"https:\/\/vimaterial.de\/fr\/wp-json\/wp\/v2\/product\/1016906","targetHints":{"allow":["GET"]}}],"collection":[{"href":"https:\/\/vimaterial.de\/fr\/wp-json\/wp\/v2\/product"}],"about":[{"href":"https:\/\/vimaterial.de\/fr\/wp-json\/wp\/v2\/types\/product"}],"replies":[{"embeddable":true,"href":"https:\/\/vimaterial.de\/fr\/wp-json\/wp\/v2\/comments?post=1016906"}],"wp:featuredmedia":[{"embeddable":true,"href":"https:\/\/vimaterial.de\/fr\/wp-json\/wp\/v2\/media\/1003120"}],"wp:attachment":[{"href":"https:\/\/vimaterial.de\/fr\/wp-json\/wp\/v2\/media?parent=1016906"}],"wp:term":[{"taxonomy":"product_brand","embeddable":true,"href":"https:\/\/vimaterial.de\/fr\/wp-json\/wp\/v2\/product_brand?post=1016906"},{"taxonomy":"product_cat","embeddable":true,"href":"https:\/\/vimaterial.de\/fr\/wp-json\/wp\/v2\/product_cat?post=1016906"},{"taxonomy":"product_tag","embeddable":true,"href":"https:\/\/vimaterial.de\/fr\/wp-json\/wp\/v2\/product_tag?post=1016906"}],"curies":[{"name":"wp","href":"https:\/\/api.w.org\/{rel}","templated":true}]}}