{"id":1016899,"date":"2024-06-17T14:58:30","date_gmt":"2024-06-17T06:58:30","guid":{"rendered":"https:\/\/vimaterial.de\/product\/seleniure-de-cuivre-et-de-gallium-2\/"},"modified":"2025-04-11T09:24:01","modified_gmt":"2025-04-11T01:24:01","slug":"seleniure-de-cuivre-et-de-gallium-2","status":"publish","type":"product","link":"https:\/\/vimaterial.de\/fr\/product\/seleniure-de-cuivre-et-de-gallium-2\/","title":{"rendered":"S\u00e9l\u00e9niure de cuivre et de gallium"},"content":{"rendered":"<p>Les granules <span style=\"color: #0000ff;\"><a style=\"color: #0000ff;\" href=\"https:\/\/vimaterial.de\/fr\/product\/seleniure-de-cuivre-et-de-gallium\/\">de s\u00e9l\u00e9niure de cuivre et de gallium<\/a><\/span> sont des particules semi-conductrices dot\u00e9es d\u2019excellentes propri\u00e9t\u00e9s photo\u00e9lectriques et sont largement utilis\u00e9es dans les domaines de haute technologie tels que le photovolta\u00efque et les dispositifs photo\u00e9lectriques.<\/p>\n<p>VIMATERIAL fournit des granul\u00e9s de s\u00e9l\u00e9niure de cuivre et de gallium de haute puret\u00e9. Il peut prendre en charge de petites commandes par lots et peut \u00e9galement \u00eatre sous-emball\u00e9 dans de petits emballages. Nos produits sont tr\u00e8s fiables, d\u2019excellente qualit\u00e9 et b\u00e9n\u00e9ficient d\u2019un bon service apr\u00e8s-vente. <span style=\"color: #0000ff;\"><a style=\"color: #0000ff;\" href=\"https:\/\/vimaterial.de\/fr\/contact\/\">Contactez-nous<\/a><\/span> d\u00e8s maintenant.<\/p>\n<h2><span style=\"font-size: 14pt;\">Propri\u00e9t\u00e9s physiques<\/span><\/h2>\n<p>Formule mol\u00e9culaire : CuGaSe\u2082<\/p>\n<p>Poids mol\u00e9culaire : 291,19 ou 291,21 g\/mol<\/p>\n<p>Aspect : particules grises<\/p>\n<p>Densit\u00e9 : 5,56 g\/cm\u00b3<\/p>\n<p>Point de fusion : 1697 \u00b0C<\/p>\n<p>Structure cristalline : syst\u00e8me t\u00e9tragonal, avec structure cristalline de chalcopyrite<\/p>\n<h2><span style=\"font-size: 14pt;\">Applications<\/span><\/h2>\n<p>Les particules sont des mat\u00e9riaux cl\u00e9s pour la pr\u00e9paration de cellules solaires \u00e0 haut rendement, ce qui peut consid\u00e9rablement am\u00e9liorer l\u2019efficacit\u00e9 de la conversion photo\u00e9lectrique.<\/p>\n<p>Champ des dispositifs opto\u00e9lectroniques\u00a0: utilis\u00e9 pour fabriquer des photodiodes, des d\u00e9tecteurs photovolta\u00efques, des photod\u00e9tecteurs infrarouges et d\u2019autres dispositifs opto\u00e9lectroniques, et r\u00e9aliser la conversion de signaux optiques et de signaux \u00e9lectriques avec ses excellentes propri\u00e9t\u00e9s opto\u00e9lectroniques.<\/p>\n<p>Champ d\u2019affichage : peut \u00eatre utilis\u00e9 comme mat\u00e9riau cible pour pr\u00e9parer des films fonctionnels dans les dispositifs d\u2019affichage par pulv\u00e9risation cathodique, tels que les \u00e9crans LCD, les \u00e9crans \u00e0 diodes \u00e9lectroluminescentes organiques, etc., qui jouent un r\u00f4le important.<\/p>\n<p>Domaine a\u00e9rospatial\u00a0: Les cellules solaires qu\u2019il fabrique peuvent fournir une \u00e9nergie efficace et stable aux drones, engins spatiaux, etc., pour r\u00e9pondre \u00e0 leurs besoins en \u00e9lectricit\u00e9 dans des environnements sp\u00e9ciaux tels que l\u2019espace.<\/p>\n<h2><span style=\"font-size: 14pt;\">Contr\u00f4le qualit\u00e9<\/span><\/h2>\n<p><span style=\"color: #0000ff;\"><a style=\"color: #0000ff;\" href=\"https:\/\/vimaterial.de\/fr\/controle-qualite\/\">Chaque lot<\/a><\/span> de produits fait l\u2019objet d\u2019un processus de contr\u00f4le de qualit\u00e9 strict. Nous fournirons des \u00e9chantillons aux clients pour qu\u2019ils puissent r\u00e9inspecter chaque lot, et nous aiderons \u00e9galement les clients \u00e0 d\u00e9signer des agences de test tierces pour les tests.<\/p>\n<h2><span style=\"font-size: 14pt;\">Emballage et stockage<\/span><\/h2>\n<p>Les granul\u00e9s de s\u00e9l\u00e9niure de cuivre et de gallium sont emball\u00e9s dans des sacs sous vide \u00e0 double couche ou des bouteilles sous vide \u00e0 double couche.<br \/>\nLes granul\u00e9s de s\u00e9l\u00e9niure de cuivre et de gallium doivent \u00eatre stock\u00e9s dans un environnement sec, frais et bien scell\u00e9, \u00e0 l\u2019abri de l\u2019air, de l\u2019humidit\u00e9, des acides forts, des alcalis forts et des oxydants forts pour \u00e9viter les r\u00e9actions chimiques telles que l\u2019oxydation et l\u2019hydrolyse. Dans le m\u00eame temps, ils doivent \u00eatre tenus \u00e0 l\u2019\u00e9cart du feu et des sources de chaleur pour s\u2019assurer que la composition chimique et les propri\u00e9t\u00e9s physiques des granul\u00e9s ne sont pas endommag\u00e9es.<\/p>\n","protected":false},"excerpt":{"rendered":"<p>Les granules de s\u00e9l\u00e9niure de cuivre et de gallium sont des particules semi-conductrices dot\u00e9es d\u2019excellentes propri\u00e9t\u00e9s photo\u00e9lectriques et sont largement utilis\u00e9es dans les domaines de haute technologie tels que le photovolta\u00efque et les dispositifs photo\u00e9lectriques.<\/p>\n","protected":false},"featured_media":1003120,"comment_status":"open","ping_status":"closed","template":"","meta":{"_acf_changed":false},"product_brand":[],"product_cat":[236],"product_tag":[],"class_list":{"0":"post-1016899","1":"product","2":"type-product","3":"status-publish","4":"has-post-thumbnail","6":"product_cat-materiaux-devaporation","8":"first","9":"instock","10":"shipping-taxable","11":"product-type-variable"},"acf":[],"_links":{"self":[{"href":"https:\/\/vimaterial.de\/fr\/wp-json\/wp\/v2\/product\/1016899","targetHints":{"allow":["GET"]}}],"collection":[{"href":"https:\/\/vimaterial.de\/fr\/wp-json\/wp\/v2\/product"}],"about":[{"href":"https:\/\/vimaterial.de\/fr\/wp-json\/wp\/v2\/types\/product"}],"replies":[{"embeddable":true,"href":"https:\/\/vimaterial.de\/fr\/wp-json\/wp\/v2\/comments?post=1016899"}],"wp:featuredmedia":[{"embeddable":true,"href":"https:\/\/vimaterial.de\/fr\/wp-json\/wp\/v2\/media\/1003120"}],"wp:attachment":[{"href":"https:\/\/vimaterial.de\/fr\/wp-json\/wp\/v2\/media?parent=1016899"}],"wp:term":[{"taxonomy":"product_brand","embeddable":true,"href":"https:\/\/vimaterial.de\/fr\/wp-json\/wp\/v2\/product_brand?post=1016899"},{"taxonomy":"product_cat","embeddable":true,"href":"https:\/\/vimaterial.de\/fr\/wp-json\/wp\/v2\/product_cat?post=1016899"},{"taxonomy":"product_tag","embeddable":true,"href":"https:\/\/vimaterial.de\/fr\/wp-json\/wp\/v2\/product_tag?post=1016899"}],"curies":[{"name":"wp","href":"https:\/\/api.w.org\/{rel}","templated":true}]}}