{"id":1016888,"date":"2024-06-17T14:58:33","date_gmt":"2024-06-17T06:58:33","guid":{"rendered":"https:\/\/vimaterial.de\/product\/seleniure-de-cuivre-et-de-gallium\/"},"modified":"2025-04-10T18:21:59","modified_gmt":"2025-04-10T10:21:59","slug":"seleniure-de-cuivre-et-de-gallium","status":"publish","type":"product","link":"https:\/\/vimaterial.de\/fr\/product\/seleniure-de-cuivre-et-de-gallium\/","title":{"rendered":"S\u00e9l\u00e9niure de cuivre et de gallium"},"content":{"rendered":"<p>La cible de pulv\u00e9risation au <span style=\"color: #0000ff;\"><a style=\"color: #0000ff;\" href=\"https:\/\/vimaterial.de\/fr\/product\/seleniure-de-cuivre-et-de-gallium-2\/\">s\u00e9l\u00e9niure de cuivre et de gallium<\/a><\/span> est une cible \u00e0 plusieurs composants utilis\u00e9e pour la pulv\u00e9risation cathodique magn\u00e9tron et d\u2019autres technologies de rev\u00eatement. Il peut former un film mince avec des propri\u00e9t\u00e9s sp\u00e9cifiques sur le substrat gr\u00e2ce au processus de pulv\u00e9risation. Il est largement utilis\u00e9 dans la pr\u00e9paration de dispositifs opto\u00e9lectroniques tels que les cellules solaires et les photod\u00e9tecteurs.<\/p>\n<p>VIMATERIAL fournit des cibles de pulv\u00e9risation de s\u00e9l\u00e9niure de cuivre et de gallium de haute puret\u00e9. Nos produits sont tr\u00e8s fiables, d\u2019excellente qualit\u00e9 et b\u00e9n\u00e9ficient d\u2019un bon service apr\u00e8s-vente. <span style=\"color: #0000ff;\"><a style=\"color: #0000ff;\" href=\"https:\/\/vimaterial.de\/fr\/contact\/\">N\u2019h\u00e9sitez pas \u00e0 nous contacter.<\/a><\/span><\/p>\n<h2><span style=\"font-size: 14pt;\">Propri\u00e9t\u00e9s physiques<\/span><\/h2>\n<p>Formule mol\u00e9culaire : CuGaSe\u2082<\/p>\n<p>Poids mol\u00e9culaire : environ 212,24<\/p>\n<p>Aspect : g\u00e9n\u00e9ralement noir ou gris-noir<\/p>\n<p>Densit\u00e9 : 5,56 g\/cm\u00b3<\/p>\n<p>Point de fusion : environ 950\u00b0C<\/p>\n<p>Structure cristalline : syst\u00e8me t\u00e9tragonal<\/p>\n<h2><span style=\"font-size: 14pt;\">Applications<\/span><\/h2>\n<p>Champ de cellules solaires\u00a0: utilis\u00e9 pour la pr\u00e9paration de cellules solaires \u00e0 couche mince, il peut former une couche d\u2019absorption de haute qualit\u00e9 et am\u00e9liorer l\u2019efficacit\u00e9 de conversion photo\u00e9lectrique de la cellule.<\/p>\n<p>Champ de photod\u00e9tecteur\u00a0: Il peut fabriquer des d\u00e9tecteurs sensibles \u00e0 la lumi\u00e8re d\u2019une longueur d\u2019onde sp\u00e9cifique, r\u00e9aliser la conversion efficace de signaux optiques en signaux \u00e9lectriques, et est utilis\u00e9 dans les communications optiques, la surveillance de l\u2019environnement, etc.<\/p>\n<p>Champ des semi-conducteurs : En tant que mat\u00e9riau semi-conducteur, il peut \u00eatre utilis\u00e9 pour fabriquer des dispositifs \u00e9lectroniques dans des circuits int\u00e9gr\u00e9s, tels que des transistors, des diodes, etc., afin d\u2019am\u00e9liorer les performances des appareils.<\/p>\n<p>Domaine de la technologie d\u2019affichage\u00a0: Appliqu\u00e9 dans la fabrication de panneaux d\u2019affichage, il permet d\u2019obtenir une r\u00e9solution plus \u00e9lev\u00e9e et de meilleurs effets d\u2019affichage, tels que l\u2019utilisation comme mat\u00e9riaux d\u2019\u00e9lectrode dans les \u00e9crans OLED.<\/p>\n<p>Champ de rev\u00eatement optique\u00a0: Il peut produire des films avec des propri\u00e9t\u00e9s optiques sp\u00e9cifiques pour les lentilles optiques, les filtres, etc., pour r\u00e9pondre \u00e0 diff\u00e9rentes exigences d\u2019application optique, telles que l\u2019am\u00e9lioration de la transmission de la lumi\u00e8re et l\u2019augmentation de la r\u00e9flectivit\u00e9.<\/p>\n<h2><span style=\"font-size: 14pt;\">Contr\u00f4le qualit\u00e9<\/span><\/h2>\n<p><span style=\"color: #0000ff;\"><a style=\"color: #0000ff;\" href=\"https:\/\/vimaterial.de\/fr\/controle-qualite\/\">Chaque lot<\/a><\/span> de produits fait l\u2019objet d\u2019un processus de contr\u00f4le de qualit\u00e9 strict. Nous fournirons des \u00e9chantillons aux clients pour qu\u2019ils puissent r\u00e9inspecter chaque lot, et nous aiderons \u00e9galement les clients \u00e0 d\u00e9signer des agences de test tierces pour les tests.<\/p>\n<h2><span style=\"font-size: 14pt;\">Emballage et stockage<\/span><\/h2>\n<p>Les cibles de pulv\u00e9risation au s\u00e9l\u00e9niure de cuivre et de gallium sont emball\u00e9es dans des sacs ou des bo\u00eetes sous vide \u00e0 double couche.<\/p>\n<p>Les cibles de pulv\u00e9risation au s\u00e9l\u00e9niure de cuivre et de gallium doivent \u00eatre stock\u00e9es dans un environnement sec, frais, bien ventil\u00e9 et propre. Ils doivent \u00eatre prot\u00e9g\u00e9s de l\u2019humidit\u00e9, de l\u2019oxydation, des dommages m\u00e9caniques et de la contamination chimique. Dans le m\u00eame temps, ils doivent \u00eatre tenus \u00e0 l\u2019\u00e9cart des sources de chaleur et d\u2019incendie, et scell\u00e9s pour maintenir leurs performances stables.<\/p>\n","protected":false},"excerpt":{"rendered":"<p>La cible de pulv\u00e9risation au <span style=\"color: #0000ff;\"><a style=\"color: #0000ff;\" href=\"https:\/\/vimaterial.de\/fr\/product\/seleniure-de-cuivre-et-de-gallium-2\/\">s\u00e9l\u00e9niure de cuivre et de gallium<\/a><\/span> est une cible \u00e0 plusieurs composants utilis\u00e9e pour la pulv\u00e9risation cathodique magn\u00e9tron et d\u2019autres technologies de rev\u00eatement. Il peut former un film mince avec des propri\u00e9t\u00e9s sp\u00e9cifiques sur le substrat gr\u00e2ce au processus de pulv\u00e9risation. Il est largement utilis\u00e9 dans la pr\u00e9paration de dispositifs opto\u00e9lectroniques tels que les cellules solaires et les photod\u00e9tecteurs.<\/p>\n<p>VIMATERIAL fournit des cibles de pulv\u00e9risation de s\u00e9l\u00e9niure de cuivre et de gallium de haute puret\u00e9. Nos produits sont tr\u00e8s fiables, d\u2019excellente qualit\u00e9 et b\u00e9n\u00e9ficient d\u2019un bon service apr\u00e8s-vente. <span style=\"color: #0000ff;\"><a style=\"color: #0000ff;\" href=\"https:\/\/vimaterial.de\/fr\/contact\/\">N\u2019h\u00e9sitez pas \u00e0 nous contacter.<\/a><\/span><\/p>\n","protected":false},"featured_media":1003120,"comment_status":"open","ping_status":"closed","template":"","meta":{"_acf_changed":false},"product_brand":[],"product_cat":[235],"product_tag":[],"class_list":{"0":"post-1016888","1":"product","2":"type-product","3":"status-publish","4":"has-post-thumbnail","6":"product_cat-cibles-de-pulverisation-planaire","8":"first","9":"instock","10":"shipping-taxable","11":"product-type-variable"},"acf":[],"_links":{"self":[{"href":"https:\/\/vimaterial.de\/fr\/wp-json\/wp\/v2\/product\/1016888","targetHints":{"allow":["GET"]}}],"collection":[{"href":"https:\/\/vimaterial.de\/fr\/wp-json\/wp\/v2\/product"}],"about":[{"href":"https:\/\/vimaterial.de\/fr\/wp-json\/wp\/v2\/types\/product"}],"replies":[{"embeddable":true,"href":"https:\/\/vimaterial.de\/fr\/wp-json\/wp\/v2\/comments?post=1016888"}],"wp:featuredmedia":[{"embeddable":true,"href":"https:\/\/vimaterial.de\/fr\/wp-json\/wp\/v2\/media\/1003120"}],"wp:attachment":[{"href":"https:\/\/vimaterial.de\/fr\/wp-json\/wp\/v2\/media?parent=1016888"}],"wp:term":[{"taxonomy":"product_brand","embeddable":true,"href":"https:\/\/vimaterial.de\/fr\/wp-json\/wp\/v2\/product_brand?post=1016888"},{"taxonomy":"product_cat","embeddable":true,"href":"https:\/\/vimaterial.de\/fr\/wp-json\/wp\/v2\/product_cat?post=1016888"},{"taxonomy":"product_tag","embeddable":true,"href":"https:\/\/vimaterial.de\/fr\/wp-json\/wp\/v2\/product_tag?post=1016888"}],"curies":[{"name":"wp","href":"https:\/\/api.w.org\/{rel}","templated":true}]}}