{"id":1016872,"date":"2024-06-17T14:58:33","date_gmt":"2024-06-17T06:58:33","guid":{"rendered":"https:\/\/vimaterial.de\/product\/tellurure-de-cuivre-et-de-gallium\/"},"modified":"2025-04-10T18:12:35","modified_gmt":"2025-04-10T10:12:35","slug":"tellurure-de-cuivre-et-de-gallium","status":"publish","type":"product","link":"https:\/\/vimaterial.de\/fr\/product\/tellurure-de-cuivre-et-de-gallium\/","title":{"rendered":"Tellurure de gallium et de cuivre"},"content":{"rendered":"<p>Les granules de <span style=\"color: #0000ff;\"><a style=\"color: #0000ff;\" href=\"https:\/\/vimaterial.de\/fr\/product\/tellurure-de-cuivre-et-de-gallium-2\/\">Tellurure de gallium et de cuivre<\/a><\/span>\u00a0sont une sorte de particules compos\u00e9es de cuivre, de gallium et de tellure. Ce sont des particules solides aux propri\u00e9t\u00e9s semi-conductrices. Ce sont des mat\u00e9riaux prometteurs dans les domaines du photovolta\u00efque, de la thermo\u00e9lectricit\u00e9 et d\u2019autres domaines.<\/p>\n<p>VIMATERIAL fournit des granul\u00e9s de tellurure de cuivre et de gallium de haute puret\u00e9 d\u2019une puret\u00e9 allant jusqu\u2019\u00e0 99,999 %. Nos produits sont tr\u00e8s fiables, d\u2019excellente qualit\u00e9 et avec un bon service apr\u00e8s-vente. <span style=\"color: #0000ff;\"><a style=\"color: #0000ff;\" href=\"https:\/\/vimaterial.de\/fr\/contact\/\">N\u2019h\u00e9sitez pas \u00e0 nous contacter.<\/a><\/span><\/p>\n<h2><span style=\"font-size: 14pt;\">Propri\u00e9t\u00e9s physiques<\/span><\/h2>\n<p>Formule mol\u00e9culaire : CuGaTe2<\/p>\n<p>Poids mol\u00e9culaire : environ 328,91 g\/mol<\/p>\n<p>Aspect : g\u00e9n\u00e9ralement des particules noires ou gris-noir<\/p>\n<p>Densit\u00e9 : 5,57 g\/cm\u00b3<\/p>\n<p>Point de fusion : sup\u00e9rieur \u00e0 800\u00b0C<\/p>\n<p>Structure cristalline : a une structure cristalline t\u00e9tragonale<\/p>\n<h2><span style=\"font-size: 14pt;\">Applications<\/span><\/h2>\n<p>Champ photovolta\u00efque : utilis\u00e9 pour fabriquer des cellules solaires, qui peuvent absorber efficacement la lumi\u00e8re du soleil et la convertir en \u00e9nergie \u00e9lectrique. Par exemple, les cellules solaires \u00e0 couche mince de s\u00e9l\u00e9niure de cuivre, d\u2019indium et de gallium ont une efficacit\u00e9 de conversion photo\u00e9lectrique \u00e9lev\u00e9e.<\/p>\n<p>Champ thermo\u00e9lectrique : peut \u00eatre utilis\u00e9 comme mat\u00e9riau thermo\u00e9lectrique pour convertir l\u2019\u00e9nergie thermique et l\u2019\u00e9nergie \u00e9lectrique l\u2019une en l\u2019autre, et peut \u00eatre utilis\u00e9 dans la production d\u2019\u00e9nergie par diff\u00e9rence de temp\u00e9rature ou la r\u00e9frig\u00e9ration \u00e0 l\u2019\u00e9tat solide.<\/p>\n<p>Champ des dispositifs nano\u00e9lectroniques : En raison de ses propri\u00e9t\u00e9s \u00e9lectriques et optiques uniques, il peut \u00eatre utilis\u00e9 pour fabriquer des photod\u00e9tecteurs, des nanocapteurs et d\u2019autres dispositifs nano\u00e9lectroniques haute performance.<\/p>\n<h2><span style=\"font-size: 14pt;\">Contr\u00f4le de la qualit\u00e9<\/span><\/h2>\n<p><span style=\"color: #0000ff;\"><a style=\"color: #0000ff;\" href=\"https:\/\/vimaterial.de\/fr\/controle-qualite\/\">Chaque lot<\/a><\/span> de produits fait l\u2019objet d\u2019un processus de contr\u00f4le de qualit\u00e9 strict. Nous fournirons des \u00e9chantillons aux clients pour qu\u2019ils puissent retester chaque lot, et nous aiderons \u00e9galement les clients \u00e0 d\u00e9signer des agences de test tierces pour les tests.<\/p>\n<h2><span style=\"font-size: 14pt;\">Emballage et stockage<\/span><\/h2>\n<p>Les granul\u00e9s de tellurure de cuivre et de gallium sont emball\u00e9s dans des sacs sous vide \u00e0 double couche ou des bouteilles sous vide \u00e0 double couche.<\/p>\n<p>Les granules de tellurure de cuivre et de gallium doivent \u00eatre stock\u00e9s dans un environnement sec, frais et scell\u00e9, \u00e0 l\u2019abri des substances corrosives, des temp\u00e9ratures \u00e9lev\u00e9es et des sources d\u2019incendie, afin de maintenir la stabilit\u00e9 de leurs propri\u00e9t\u00e9s physiques et chimiques.<\/p>\n","protected":false},"excerpt":{"rendered":"<p>Les granules de <span style=\"color: #0000ff;\"><a style=\"color: #0000ff;\" href=\"https:\/\/vimaterial.de\/fr\/product\/tellurure-de-cuivre-et-de-gallium-2\/\">Tellurure de gallium et de cuivre<\/a><\/span>\u00a0sont une sorte de particules compos\u00e9es de cuivre, de gallium et de tellure. Ce sont des particules solides aux propri\u00e9t\u00e9s semi-conductrices. Ce sont des mat\u00e9riaux prometteurs dans les domaines du photovolta\u00efque, de la thermo\u00e9lectricit\u00e9 et d\u2019autres domaines.<\/p>\n<p>VIMATERIAL fournit des granul\u00e9s de tellurure de cuivre et de gallium de haute puret\u00e9 d\u2019une puret\u00e9 allant jusqu\u2019\u00e0 99,999 %. Nos produits sont tr\u00e8s fiables, d\u2019excellente qualit\u00e9 et avec un bon service apr\u00e8s-vente. <span style=\"color: #0000ff;\"><a style=\"color: #0000ff;\" href=\"https:\/\/vimaterial.de\/fr\/contact\/\">N\u2019h\u00e9sitez pas \u00e0 nous contacter.<\/a><\/span><\/p>\n<p>&nbsp;<\/p>\n","protected":false},"featured_media":1003131,"comment_status":"open","ping_status":"closed","template":"","meta":{"_acf_changed":false},"product_brand":[],"product_cat":[236],"product_tag":[],"class_list":{"0":"post-1016872","1":"product","2":"type-product","3":"status-publish","4":"has-post-thumbnail","6":"product_cat-materiaux-devaporation","8":"first","9":"instock","10":"shipping-taxable","11":"product-type-variable"},"acf":[],"_links":{"self":[{"href":"https:\/\/vimaterial.de\/fr\/wp-json\/wp\/v2\/product\/1016872","targetHints":{"allow":["GET"]}}],"collection":[{"href":"https:\/\/vimaterial.de\/fr\/wp-json\/wp\/v2\/product"}],"about":[{"href":"https:\/\/vimaterial.de\/fr\/wp-json\/wp\/v2\/types\/product"}],"replies":[{"embeddable":true,"href":"https:\/\/vimaterial.de\/fr\/wp-json\/wp\/v2\/comments?post=1016872"}],"wp:featuredmedia":[{"embeddable":true,"href":"https:\/\/vimaterial.de\/fr\/wp-json\/wp\/v2\/media\/1003131"}],"wp:attachment":[{"href":"https:\/\/vimaterial.de\/fr\/wp-json\/wp\/v2\/media?parent=1016872"}],"wp:term":[{"taxonomy":"product_brand","embeddable":true,"href":"https:\/\/vimaterial.de\/fr\/wp-json\/wp\/v2\/product_brand?post=1016872"},{"taxonomy":"product_cat","embeddable":true,"href":"https:\/\/vimaterial.de\/fr\/wp-json\/wp\/v2\/product_cat?post=1016872"},{"taxonomy":"product_tag","embeddable":true,"href":"https:\/\/vimaterial.de\/fr\/wp-json\/wp\/v2\/product_tag?post=1016872"}],"curies":[{"name":"wp","href":"https:\/\/api.w.org\/{rel}","templated":true}]}}