{"id":1016865,"date":"2024-06-17T14:59:31","date_gmt":"2024-06-17T06:59:31","guid":{"rendered":"https:\/\/vimaterial.de\/product\/seleniure-de-cuivre-et-de-germanium-2\/"},"modified":"2025-04-10T17:38:52","modified_gmt":"2025-04-10T09:38:52","slug":"seleniure-de-cuivre-et-de-germanium-2","status":"publish","type":"product","link":"https:\/\/vimaterial.de\/fr\/product\/seleniure-de-cuivre-et-de-germanium-2\/","title":{"rendered":"S\u00e9l\u00e9niure de cuivre et de germanium"},"content":{"rendered":"<p>La poudre de <a href=\"https:\/\/vimaterial.de\/fr\/product\/seleniure-de-cuivre-et-de-germanium\/\"><span style=\"color: #0000ff;\">s\u00e9l\u00e9niure de cuivre et de germanium <\/span><\/a>est une poudre de compos\u00e9 inorganique avec une composition chimique sp\u00e9cifique, une formule mol\u00e9culaire CuGeSe, un aspect poudreux, insoluble dans l\u2019eau et un poids mol\u00e9culaire de 215,12. Il est principalement utilis\u00e9 dans la recherche scientifique, l\u2019\u00e9lectronique et d\u2019autres domaines.<\/p>\n<p>VIMATERIAL fournit de la poudre de s\u00e9l\u00e9niure de cuivre et de germanium, qui peut personnaliser le rapport et les sp\u00e9cifications du produit. Notre poudre de s\u00e9l\u00e9niure de cuivre et de germanium a une puret\u00e9 \u00e9lev\u00e9e, des performances de produit stables et une fiabilit\u00e9 de produit \u00e9lev\u00e9e. Si vous en avez besoin, veuillez <a href=\"https:\/\/vimaterial.de\/fr\/contact\/\"><span style=\"color: #0000ff;\">nous contacter<\/span><\/a> d\u00e8s que possible.<\/p>\n<h2><span style=\"font-size: 14pt;\">Propri\u00e9t\u00e9s physiques<\/span><\/h2>\n<p>Formule mol\u00e9culaire : CuGeSe<\/p>\n<p>La masse mol\u00e9culaire est de 215,12<\/p>\n<p>Apparence\u00a0: g\u00e9n\u00e9ralement poudre gris-noir<\/p>\n<p>Densit\u00e9 : environ 5,45 g\/cm\u00b3<\/p>\n<p>Point de fusion : environ 850\u00b0C<\/p>\n<p>Structure cristalline : appartient au syst\u00e8me t\u00e9tragonal<\/p>\n<h2><span style=\"font-size: 14pt;\">Applications<\/span><\/h2>\n<p>Domaine de la micro\u00e9lectronique\u00a0: Il peut \u00eatre utilis\u00e9 pour pr\u00e9parer des mat\u00e9riaux semi-conducteurs \u00e0 haute performance et fournir une base pour la fabrication de dispositifs micro\u00e9lectroniques.<\/p>\n<p>Domaine de l\u2019opto\u00e9lectronique : Ses propri\u00e9t\u00e9s optiques uniques en font un mat\u00e9riau cl\u00e9 dans les dispositifs opto\u00e9lectroniques, utilis\u00e9 pour fabriquer des photod\u00e9tecteurs, des diodes \u00e9lectroluminescentes, etc.<\/p>\n<p>Champ d\u2019\u00e9nergie : Dans les dispositifs de conversion d\u2019\u00e9nergie tels que les cellules solaires, il contribue \u00e0 am\u00e9liorer l\u2019efficacit\u00e9 de la conversion photo\u00e9lectrique et \u00e0 soutenir le d\u00e9veloppement et l\u2019utilisation de nouvelles \u00e9nergies.<\/p>\n<h2><span style=\"font-size: 14pt;\">Contr\u00f4le qualit\u00e9<\/span><\/h2>\n<p><span style=\"color: #0000ff;\"><a style=\"color: #0000ff;\" href=\"https:\/\/vimaterial.de\/fr\/controle-qualite\/\">Chaque lot<\/a><\/span> de produits fait l\u2019objet d\u2019un processus de contr\u00f4le de qualit\u00e9 strict. Nous fournirons des \u00e9chantillons aux clients pour qu\u2019ils r\u00e9inspectent chaque lot, et nous aiderons \u00e9galement les clients \u00e0 d\u00e9signer des agences d\u2019inspection tierces pour l\u2019inspection.<\/p>\n<h2><span style=\"font-size: 14pt;\">Emballage et stockage<\/span><\/h2>\n<p>La poudre de s\u00e9l\u00e9niure de cuivre et de germanium est emball\u00e9e dans des sacs sous vide \u00e0 double couche ou des bouteilles sous vide \u00e0 double couche. Les petits paquets sont pris en charge.<\/p>\n<p>La poudre de s\u00e9l\u00e9niure de cuivre et de germanium doit \u00eatre stock\u00e9e dans un environnement frais, sec et bien ventil\u00e9, scell\u00e9 pour \u00e9viter l\u2019humidit\u00e9 et l\u2019oxydation, et \u00e0 l\u2019abri du feu et des sources de chaleur. Dans le m\u00eame temps, il doit \u00eatre stock\u00e9 \u00e0 l\u2019\u00e9cart des substances corrosives fortes telles que les acides et les alcalis forts.<\/p>\n","protected":false},"excerpt":{"rendered":"<p>La poudre de <a href=\"https:\/\/vimaterial.de\/fr\/product\/seleniure-de-cuivre-et-de-germanium\/\"><span style=\"color: #0000ff;\">s\u00e9l\u00e9niure de cuivre et de germanium <\/span><\/a>est une poudre de compos\u00e9 inorganique avec une composition chimique sp\u00e9cifique, une formule mol\u00e9culaire CuGeSe, un aspect poudreux, insoluble dans l\u2019eau et un poids mol\u00e9culaire de 215,12. Il est principalement utilis\u00e9 dans la recherche scientifique, l\u2019\u00e9lectronique et d\u2019autres domaines.<\/p>\n<p>VIMATERIAL fournit de la poudre de s\u00e9l\u00e9niure de cuivre et de germanium, qui peut personnaliser le rapport et les sp\u00e9cifications du produit. Notre poudre de s\u00e9l\u00e9niure de cuivre et de germanium a une puret\u00e9 \u00e9lev\u00e9e, des performances de produit stables et une fiabilit\u00e9 de produit \u00e9lev\u00e9e. Si vous en avez besoin, veuillez <a href=\"https:\/\/vimaterial.de\/fr\/contact\/\"><span style=\"color: #0000ff;\">nous contacter<\/span><\/a> d\u00e8s que possible.<\/p>\n","protected":false},"featured_media":1003140,"comment_status":"open","ping_status":"closed","template":"","meta":{"_acf_changed":false},"product_brand":[],"product_cat":[238],"product_tag":[],"class_list":{"0":"post-1016865","1":"product","2":"type-product","3":"status-publish","4":"has-post-thumbnail","6":"product_cat-materiaux-de-chalcogenure","8":"first","9":"instock","10":"shipping-taxable","11":"product-type-variable"},"acf":[],"_links":{"self":[{"href":"https:\/\/vimaterial.de\/fr\/wp-json\/wp\/v2\/product\/1016865","targetHints":{"allow":["GET"]}}],"collection":[{"href":"https:\/\/vimaterial.de\/fr\/wp-json\/wp\/v2\/product"}],"about":[{"href":"https:\/\/vimaterial.de\/fr\/wp-json\/wp\/v2\/types\/product"}],"replies":[{"embeddable":true,"href":"https:\/\/vimaterial.de\/fr\/wp-json\/wp\/v2\/comments?post=1016865"}],"wp:featuredmedia":[{"embeddable":true,"href":"https:\/\/vimaterial.de\/fr\/wp-json\/wp\/v2\/media\/1003140"}],"wp:attachment":[{"href":"https:\/\/vimaterial.de\/fr\/wp-json\/wp\/v2\/media?parent=1016865"}],"wp:term":[{"taxonomy":"product_brand","embeddable":true,"href":"https:\/\/vimaterial.de\/fr\/wp-json\/wp\/v2\/product_brand?post=1016865"},{"taxonomy":"product_cat","embeddable":true,"href":"https:\/\/vimaterial.de\/fr\/wp-json\/wp\/v2\/product_cat?post=1016865"},{"taxonomy":"product_tag","embeddable":true,"href":"https:\/\/vimaterial.de\/fr\/wp-json\/wp\/v2\/product_tag?post=1016865"}],"curies":[{"name":"wp","href":"https:\/\/api.w.org\/{rel}","templated":true}]}}