{"id":1016859,"date":"2024-06-17T14:59:27","date_gmt":"2024-06-17T06:59:27","guid":{"rendered":"https:\/\/vimaterial.de\/product\/seleniure-de-cuivre-et-de-germanium\/"},"modified":"2025-04-10T17:46:25","modified_gmt":"2025-04-10T09:46:25","slug":"seleniure-de-cuivre-et-de-germanium","status":"publish","type":"product","link":"https:\/\/vimaterial.de\/fr\/product\/seleniure-de-cuivre-et-de-germanium\/","title":{"rendered":"S\u00e9l\u00e9niure de cuivre et de germanium"},"content":{"rendered":"<p>Les granules de <span style=\"color: #0000ff;\"><a style=\"color: #0000ff;\" href=\"https:\/\/vimaterial.de\/fr\/product\/seleniure-de-cuivre-et-de-germanium-2\/\">s\u00e9l\u00e9niure de cuivre et de germanium<\/a><\/span> sont une sorte de particules compos\u00e9es de cuivre, de germanium et de s\u00e9l\u00e9nium, g\u00e9n\u00e9ralement noires ou grises, et sont des mat\u00e9riaux granulaires ayant une valeur d\u2019application potentielle dans l\u2019opto\u00e9lectronique, les semi-conducteurs et d\u2019autres domaines.<\/p>\n<p>Les granul\u00e9s de s\u00e9l\u00e9niure de cuivre et de germanium fournis par VIMATERIAL sont d\u2019une grande puret\u00e9, d\u2019une petite quantit\u00e9 minimale de commande et d\u2019un emballage personnalisable. Nous avons une \u00e9quipe technique professionnelle. Si vous avez besoin d\u2019une assistance technique, n\u2019h\u00e9sitez pas \u00e0 <span style=\"color: #0000ff;\"><a style=\"color: #0000ff;\" href=\"https:\/\/vimaterial.de\/fr\/contact\/\">nous contacter<\/a>.<\/span><\/p>\n<h2><span style=\"font-size: 14pt;\">Propri\u00e9t\u00e9s physiques<\/span><\/h2>\n<p>Formule mol\u00e9culaire : CuGeSe<\/p>\n<p>Poids mol\u00e9culaire : 215,12 g\/mol<\/p>\n<p>Apparence\u00a0: G\u00e9n\u00e9ralement des granules noirs ou gris<\/p>\n<p>Densit\u00e9 : 5,57 g\/cc<\/p>\n<p>Point de fusion : 757\u00b0C<\/p>\n<p>Structure cristalline : Structure chalcopyrite avec syst\u00e8me t\u00e9tragonal.<\/p>\n<h2><span style=\"font-size: 14pt;\">Applications<\/span><\/h2>\n<p>Champ photovolta\u00efque\u00a0: Il peut \u00eatre utilis\u00e9 comme mat\u00e9riau de couche d\u2019absorption pour pr\u00e9parer des cellules solaires \u00e0 couche mince afin d\u2019am\u00e9liorer l\u2019efficacit\u00e9 de la conversion photo\u00e9lectrique.<\/p>\n<p>Domaine des semi-conducteurs : Il s\u2019agit d\u2019un mat\u00e9riau semi-conducteur potentiel qui peut \u00eatre utilis\u00e9 pour fabriquer des dispositifs \u00e9lectroniques haute performance tels que des transistors et des circuits int\u00e9gr\u00e9s.<\/p>\n<p>Champ opto\u00e9lectronique : Il peut \u00eatre utilis\u00e9 pour pr\u00e9parer des dispositifs photo\u00e9lectriques tels que des photod\u00e9tecteurs et des capteurs de lumi\u00e8re pour d\u00e9tecter et convertir des signaux lumineux.<\/p>\n<p>Champ optique : En raison de ses propri\u00e9t\u00e9s optiques particuli\u00e8res, il peut \u00eatre utilis\u00e9 pour fabriquer des lentilles optiques, des lentilles et d\u2019autres composants optiques, et est utilis\u00e9 dans les instruments et \u00e9quipements optiques.<\/p>\n<h2><span style=\"font-size: 14pt;\">Contr\u00f4le qualit\u00e9<\/span><\/h2>\n<p><span style=\"color: #0000ff;\"><a style=\"color: #0000ff;\" href=\"https:\/\/vimaterial.de\/fr\/controle-qualite\/\">Chaque lot<\/a><\/span> de produits fait l\u2019objet d\u2019un processus de contr\u00f4le de qualit\u00e9 strict. Nous fournirons des \u00e9chantillons aux clients pour qu\u2019ils puissent r\u00e9inspecter chaque lot, et nous aiderons \u00e9galement les clients \u00e0 d\u00e9signer des agences de test tierces pour les tests.<\/p>\n<h2><span style=\"font-size: 14pt;\">Emballage et stockage<\/span><\/h2>\n<p>Les granul\u00e9s de s\u00e9l\u00e9niure de cuivre et de germanium sont emball\u00e9s dans des sacs sous vide \u00e0 double couche ou des bouteilles sous vide \u00e0 double couche, et de petits emballages peuvent \u00eatre fournis.<br \/>\nLes granul\u00e9s de s\u00e9l\u00e9niure de cuivre et de germanium doivent \u00eatre stock\u00e9s dans des r\u00e9cipients secs et scell\u00e9s dans un environnement frais et sombre, \u00e0 l\u2019abri des oxydants et des substances corrosives telles que les acides, afin d\u2019\u00e9viter l\u2019humidit\u00e9, l\u2019oxydation et la corrosion chimique.<\/p>\n","protected":false},"excerpt":{"rendered":"<p>Les granules de <span style=\"color: #0000ff;\"><a style=\"color: #0000ff;\" href=\"https:\/\/vimaterial.de\/fr\/product\/seleniure-de-cuivre-et-de-germanium-2\/\">s\u00e9l\u00e9niure de cuivre et de germanium<\/a><\/span> sont une sorte de particules compos\u00e9es de cuivre, de germanium et de s\u00e9l\u00e9nium, g\u00e9n\u00e9ralement noires ou grises, et sont des mat\u00e9riaux granulaires ayant une valeur d\u2019application potentielle dans l\u2019opto\u00e9lectronique, les semi-conducteurs et d\u2019autres domaines.<\/p>\n<p>Les granul\u00e9s de s\u00e9l\u00e9niure de cuivre et de germanium fournis par VIMATERIAL sont d\u2019une grande puret\u00e9, d\u2019une petite quantit\u00e9 minimale de commande et d\u2019un emballage personnalisable. Nous avons une \u00e9quipe technique professionnelle. Si vous avez besoin d\u2019une assistance technique, n\u2019h\u00e9sitez pas \u00e0 <span style=\"color: #0000ff;\"><a style=\"color: #0000ff;\" href=\"https:\/\/vimaterial.de\/fr\/contact\/\">nous contacter<\/a>.<\/span><\/p>\n","protected":false},"featured_media":1003140,"comment_status":"open","ping_status":"closed","template":"","meta":{"_acf_changed":false},"product_brand":[],"product_cat":[236],"product_tag":[],"class_list":{"0":"post-1016859","1":"product","2":"type-product","3":"status-publish","4":"has-post-thumbnail","6":"product_cat-materiaux-devaporation","8":"first","9":"instock","10":"shipping-taxable","11":"product-type-variable"},"acf":[],"_links":{"self":[{"href":"https:\/\/vimaterial.de\/fr\/wp-json\/wp\/v2\/product\/1016859","targetHints":{"allow":["GET"]}}],"collection":[{"href":"https:\/\/vimaterial.de\/fr\/wp-json\/wp\/v2\/product"}],"about":[{"href":"https:\/\/vimaterial.de\/fr\/wp-json\/wp\/v2\/types\/product"}],"replies":[{"embeddable":true,"href":"https:\/\/vimaterial.de\/fr\/wp-json\/wp\/v2\/comments?post=1016859"}],"wp:featuredmedia":[{"embeddable":true,"href":"https:\/\/vimaterial.de\/fr\/wp-json\/wp\/v2\/media\/1003140"}],"wp:attachment":[{"href":"https:\/\/vimaterial.de\/fr\/wp-json\/wp\/v2\/media?parent=1016859"}],"wp:term":[{"taxonomy":"product_brand","embeddable":true,"href":"https:\/\/vimaterial.de\/fr\/wp-json\/wp\/v2\/product_brand?post=1016859"},{"taxonomy":"product_cat","embeddable":true,"href":"https:\/\/vimaterial.de\/fr\/wp-json\/wp\/v2\/product_cat?post=1016859"},{"taxonomy":"product_tag","embeddable":true,"href":"https:\/\/vimaterial.de\/fr\/wp-json\/wp\/v2\/product_tag?post=1016859"}],"curies":[{"name":"wp","href":"https:\/\/api.w.org\/{rel}","templated":true}]}}