{"id":1016848,"date":"2024-06-17T14:59:31","date_gmt":"2024-06-17T06:59:31","guid":{"rendered":"https:\/\/vimaterial.de\/product\/iodure-de-cuivre-i-3\/"},"modified":"2025-04-10T16:49:55","modified_gmt":"2025-04-10T08:49:55","slug":"iodure-de-cuivre-i-3","status":"publish","type":"product","link":"https:\/\/vimaterial.de\/fr\/product\/iodure-de-cuivre-i-3\/","title":{"rendered":"Iodure de cuivre (I)"},"content":{"rendered":"<p><span style=\"color: #0000ff;\"><a style=\"color: #0000ff;\" href=\"https:\/\/vimaterial.de\/fr\/product\/iodure-de-cuivre-i-2\/\">Les granules d\u2019iodure de cuivre (I)<\/a><\/span> sont des compos\u00e9s inorganiques insolubles dans l\u2019eau, blancs \u00e0 jaune clair, principalement utilis\u00e9s comme catalyseurs de synth\u00e8se organique, mat\u00e9riaux photosensibles, mat\u00e9riaux \u00e9lectroniques et pr\u00e9parations pharmaceutiques.<\/p>\n<p>Les granul\u00e9s d\u2019iodure de cuivre (I) fournis par VIMATERIAL sont de haute puret\u00e9 et peuvent supporter de petites commandes par lots. L\u2019emballage est \u00e9galement un petit emballage. Le stock est suffisant. Si vous en avez besoin, veuillez <span style=\"color: #0000ff;\"><a style=\"color: #0000ff;\" href=\"https:\/\/vimaterial.de\/fr\/contact\/\">nous contacter<\/a><\/span> d\u00e8s que possible.<\/p>\n<h2><span style=\"font-size: 14pt;\">Propri\u00e9t\u00e9s physiques<\/span><\/h2>\n<p>Formule analytique : CuI<\/p>\n<p>Poids mol\u00e9culaire : 190,45<\/p>\n<p>Aspect : solide blanc \u00e0 jaune clair, g\u00e9n\u00e9ralement blanc cass\u00e9<\/p>\n<p>Densit\u00e9 : 5,67 g\/cm\u00b3<\/p>\n<p>Point de fusion : 606 \u00b0C<\/p>\n<p>Point d\u2019\u00e9bullition : 1290 \u00b0C<\/p>\n<p>Structure cristalline : en dessous de 390\u00b0C, il adopte une structure de blende de zinc, les ions sont coordonn\u00e9s t\u00e9tra\u00e9driques et la longueur de la liaison Cu-I est de 2,338 \u00c5 ; entre 390\u00b0C et 440\u00b0C, il adopte une structure de wurtzite\u00a0; au-dessus de 440 \u00b0C, il adopte lors de l\u2019utilisation de la structure de sel gemme.<\/p>\n<h2><span style=\"font-size: 14pt;\">Applications<\/span><\/h2>\n<p>Champ de synth\u00e8se organique : en tant que catalyseur, il est utilis\u00e9 pour catalyser la r\u00e9action de conversion des hydrocarbures bromoaromatiques en iodures correspondants.<\/p>\n<p>Champ des mat\u00e9riaux photosensibles\u00a0: c\u2019est un composant pour la pr\u00e9paration d\u2019un film photosensible, d\u2019une batterie photosensible, etc., qui peut g\u00e9n\u00e9rer du courant ou se d\u00e9velopper sous la lumi\u00e8re.<\/p>\n<p>Domaine des mat\u00e9riaux \u00e9lectroniques : il peut \u00eatre utilis\u00e9 pour pr\u00e9parer des mat\u00e9riaux semi-conducteurs, des films conducteurs, etc., avec une excellente conductivit\u00e9 et stabilit\u00e9.<\/p>\n<p>Domaine de la pr\u00e9paration pharmaceutique : il peut \u00eatre utilis\u00e9 pour pr\u00e9parer des m\u00e9dicaments antibact\u00e9riens, d\u00e9sinfectants, etc., et jouer des effets antibact\u00e9riens et antioxydants.<\/p>\n<h2><span style=\"font-size: 14pt;\">Contr\u00f4le qualit\u00e9<\/span><\/h2>\n<p><span style=\"color: #0000ff;\"><a style=\"color: #0000ff;\" href=\"https:\/\/vimaterial.de\/fr\/controle-qualite\/\">Chaque lot<\/a><\/span> de produits fait l\u2019objet d\u2019un processus de contr\u00f4le de qualit\u00e9 strict. Nous fournirons des \u00e9chantillons aux clients pour qu\u2019ils r\u00e9examinent chaque lot, et nous aiderons \u00e9galement les clients \u00e0 d\u00e9signer des agences d\u2019inspection tierces pour l\u2019inspection.<\/p>\n<h2><span style=\"font-size: 14pt;\">Emballage et stockage<\/span><\/h2>\n<p>Les granul\u00e9s d\u2019iodure de cuivre (I) sont emball\u00e9s dans des sacs sous vide \u00e0 double couche ou des bouteilles sous vide \u00e0 double couche. De petits forfaits sont disponibles.<br \/>\nLes granules d\u2019iodure de cuivre (I) doivent \u00eatre entrepos\u00e9s dans un environnement frais, sec, \u00e0 l\u2019abri de la lumi\u00e8re et bien scell\u00e9. Ils doivent \u00eatre stock\u00e9s s\u00e9par\u00e9ment des oxydants forts, des acides forts et d\u2019autres produits chimiques, et doivent \u00eatre tenus \u00e0 l\u2019\u00e9cart du feu et des sources de chaleur.<\/p>\n","protected":false},"excerpt":{"rendered":"<p><span style=\"color: #0000ff;\"><a style=\"color: #0000ff;\" href=\"https:\/\/vimaterial.de\/fr\/product\/iodure-de-cuivre-i-2\/\">Les granules d\u2019iodure de cuivre (I)<\/a><\/span> sont des compos\u00e9s inorganiques insolubles dans l\u2019eau, blancs \u00e0 jaune clair, principalement utilis\u00e9s comme catalyseurs de synth\u00e8se organique, mat\u00e9riaux photosensibles, mat\u00e9riaux \u00e9lectroniques et pr\u00e9parations pharmaceutiques.<\/p>\n<p>Les granul\u00e9s d\u2019iodure de cuivre (I) fournis par VIMATERIAL sont de haute puret\u00e9 et peuvent supporter de petites commandes par lots. L\u2019emballage est \u00e9galement un petit emballage. Le stock est suffisant. Si vous en avez besoin, veuillez <span style=\"color: #0000ff;\"><a style=\"color: #0000ff;\" href=\"https:\/\/vimaterial.de\/fr\/contact\/\">nous contacter<\/a><\/span> d\u00e8s que possible.<\/p>\n","protected":false},"featured_media":1003149,"comment_status":"open","ping_status":"closed","template":"","meta":{"_acf_changed":false},"product_brand":[],"product_cat":[236],"product_tag":[],"class_list":{"0":"post-1016848","1":"product","2":"type-product","3":"status-publish","4":"has-post-thumbnail","6":"product_cat-materiaux-devaporation","8":"first","9":"instock","10":"shipping-taxable","11":"purchasable","12":"product-type-variable"},"acf":[],"_links":{"self":[{"href":"https:\/\/vimaterial.de\/fr\/wp-json\/wp\/v2\/product\/1016848","targetHints":{"allow":["GET"]}}],"collection":[{"href":"https:\/\/vimaterial.de\/fr\/wp-json\/wp\/v2\/product"}],"about":[{"href":"https:\/\/vimaterial.de\/fr\/wp-json\/wp\/v2\/types\/product"}],"replies":[{"embeddable":true,"href":"https:\/\/vimaterial.de\/fr\/wp-json\/wp\/v2\/comments?post=1016848"}],"wp:featuredmedia":[{"embeddable":true,"href":"https:\/\/vimaterial.de\/fr\/wp-json\/wp\/v2\/media\/1003149"}],"wp:attachment":[{"href":"https:\/\/vimaterial.de\/fr\/wp-json\/wp\/v2\/media?parent=1016848"}],"wp:term":[{"taxonomy":"product_brand","embeddable":true,"href":"https:\/\/vimaterial.de\/fr\/wp-json\/wp\/v2\/product_brand?post=1016848"},{"taxonomy":"product_cat","embeddable":true,"href":"https:\/\/vimaterial.de\/fr\/wp-json\/wp\/v2\/product_cat?post=1016848"},{"taxonomy":"product_tag","embeddable":true,"href":"https:\/\/vimaterial.de\/fr\/wp-json\/wp\/v2\/product_tag?post=1016848"}],"curies":[{"name":"wp","href":"https:\/\/api.w.org\/{rel}","templated":true}]}}