{"id":1016835,"date":"2024-06-17T14:59:32","date_gmt":"2024-06-17T06:59:32","guid":{"rendered":"https:\/\/vimaterial.de\/product\/iodure-de-cuivre-i-2\/"},"modified":"2025-04-10T16:24:06","modified_gmt":"2025-04-10T08:24:06","slug":"iodure-de-cuivre-i-2","status":"publish","type":"product","link":"https:\/\/vimaterial.de\/fr\/product\/iodure-de-cuivre-i-2\/","title":{"rendered":"Iodure de cuivre (I)"},"content":{"rendered":"<p>La cible de pulv\u00e9risation \u00e0 <span style=\"color: #0000ff;\"><a style=\"color: #0000ff;\" href=\"https:\/\/vimaterial.de\/fr\/product\/iodure-de-cuivre-i-3\/\">l\u2019iodure de cuivre (I)<\/a><\/span> est un mat\u00e9riau cible de pulv\u00e9risation \u00e0 base d\u2019iodure de cuivre, qui est utilis\u00e9 dans la pulv\u00e9risation cathodique magn\u00e9tron et d\u2019autres techniques de rev\u00eatement pour d\u00e9poser des films minces d\u2019iodure de cuivre sur le substrat, et a des applications potentielles dans les domaines de l\u2019optique et de l\u2019\u00e9lectronique.<\/p>\n<p>VIMATERIAL fournit du cuivre (I) Cible de pulv\u00e9risation \u00e0 l\u2019iodure, haute puret\u00e9 et bonne plan\u00e9it\u00e9, finition de surface \u00e9lev\u00e9e, nous pouvons \u00e9galement fournir un service de reliure, nous avons une \u00e9quipe technique professionnelle, particuli\u00e8rement dou\u00e9e pour faire une vari\u00e9t\u00e9 de cibles de compos\u00e9s, si vous avez besoin de <span style=\"color: #0000ff;\"><a style=\"color: #0000ff;\" href=\"https:\/\/vimaterial.de\/fr\/contact\/\">nous contacter<\/a><\/span>.<\/p>\n<h2><span style=\"font-size: 14pt;\">Propri\u00e9t\u00e9s physiques<\/span><\/h2>\n<p>Formule mol\u00e9culaire : CuI<\/p>\n<p>Poids mol\u00e9culaire : 190,45<\/p>\n<p>Apparence\u00a0: Poudre blanc cass\u00e9<\/p>\n<p>Densit\u00e9 : 5,62 g\/mL \u00e0 25 \u00b0C<\/p>\n<p>Point de fusion : 605 \u00b0C<\/p>\n<p>Point d\u2019\u00e9bullition : 1290 \u00b0C<\/p>\n<p>Structure cristalline : Structure cristalline ionique typique<\/p>\n<h2><span style=\"font-size: 14pt;\">Applications<\/span><\/h2>\n<p>Dispositifs \u00e9lectroniques : Utilis\u00e9s dans la pr\u00e9paration de films conducteurs et d\u2019\u00e9lectrodes dans les appareils \u00e9lectroniques pour am\u00e9liorer les propri\u00e9t\u00e9s \u00e9lectriques des appareils.<\/p>\n<p>Champ des semi-conducteurs : utilis\u00e9 comme couche barri\u00e8re dans le processus de fabrication des puces semi-conductrices et comme mat\u00e9riau pour l\u2019encapsulation des couches de c\u00e2blage m\u00e9tallique, affectant la vitesse de transmission et la stabilit\u00e9 de la puce.<\/p>\n<p>Champ photovolta\u00efque : Il est utilis\u00e9 dans l\u2019\u00e9lectrode arri\u00e8re des cellules solaires \u00e0 couche mince et dans la couche conductrice des cellules \u00e0 h\u00e9t\u00e9rojonction, ce qui contribue \u00e0 am\u00e9liorer les performances des cellules.<\/p>\n<p>Champ d\u2019affichage \u00e0 \u00e9cran plat\u00a0: peut \u00eatre utilis\u00e9 dans la pr\u00e9paration d\u2019\u00e9crans plats dans l\u2019\u00e9lectrode m\u00e9tallique, l\u2019\u00e9lectrode conductrice transparente et d\u2019autres couches de film, pour assurer l\u2019uniformit\u00e9 de la couche de film de grande surface, am\u00e9liorer la qualit\u00e9 de l\u2019affichage.<\/p>\n<p>Champ optique : il peut \u00eatre utilis\u00e9 dans le rev\u00eatement de composants optiques, tels que la pr\u00e9paration de film d\u2019am\u00e9lioration de la transmittance, de film r\u00e9fl\u00e9chissant, etc., pour am\u00e9liorer les performances optiques des composants optiques.<\/p>\n<p>Champ du capteur : il peut \u00eatre utilis\u00e9 comme mat\u00e9riau de rev\u00eatement \u00e0 la surface des \u00e9l\u00e9ments sensibles du capteur pour am\u00e9liorer les performances de r\u00e9ponse du capteur \u00e0 des substances sp\u00e9cifiques ou \u00e0 des quantit\u00e9s physiques, et am\u00e9liorer la sensibilit\u00e9 et la stabilit\u00e9 du capteur.<\/p>\n<h2><span style=\"font-size: 14pt;\">Contr\u00f4le de la qualit\u00e9<\/span><\/h2>\n<p><span style=\"color: #0000ff;\"><a style=\"color: #0000ff;\" href=\"https:\/\/vimaterial.de\/fr\/controle-qualite\/\">Chaque lot<\/a> <\/span>de produits a un processus de contr\u00f4le de qualit\u00e9 strict, nous fournirons des \u00e9chantillons de chaque lot aux clients pour qu\u2019ils les r\u00e9inspectent, mais nous aiderons \u00e9galement les clients \u00e0 sp\u00e9cifier l\u2019inspection de l\u2019organisme d\u2019inspection par une tierce partie.<\/p>\n<h2><span style=\"font-size: 14pt;\">Emballage et stockage<\/span><\/h2>\n<p>Les cibles de pulv\u00e9risation \u00e0 l\u2019iodure de cuivre (I) sont emball\u00e9es dans des sacs sous vide doubles.<\/p>\n<p>Les cibles de pulv\u00e9risation \u00e0 l\u2019iodure de cuivre (I) doivent \u00eatre scell\u00e9es et stock\u00e9es dans un endroit frais, sec et \u00e0 l\u2019abri de la lumi\u00e8re, \u00e0 l\u2019abri du feu, des agents oxydants, des acides forts et des alcalis.<\/p>\n","protected":false},"excerpt":{"rendered":"<p>La cible de pulv\u00e9risation \u00e0 <span style=\"color: #0000ff;\"><a style=\"color: #0000ff;\" href=\"https:\/\/vimaterial.de\/fr\/product\/iodure-de-cuivre-i-3\/\">l\u2019iodure de cuivre (I)<\/a><\/span> est un mat\u00e9riau cible de pulv\u00e9risation \u00e0 base d\u2019iodure de cuivre, qui est utilis\u00e9 dans la pulv\u00e9risation cathodique magn\u00e9tron et d\u2019autres techniques de rev\u00eatement pour d\u00e9poser des films minces d\u2019iodure de cuivre sur le substrat, et a des applications potentielles dans les domaines de l\u2019optique et de l\u2019\u00e9lectronique.<\/p>\n<p>VIMATERIAL fournit du cuivre (I) Cible de pulv\u00e9risation \u00e0 l\u2019iodure, haute puret\u00e9 et bonne plan\u00e9it\u00e9, finition de surface \u00e9lev\u00e9e, nous pouvons \u00e9galement fournir un service de reliure, nous avons une \u00e9quipe technique professionnelle, particuli\u00e8rement dou\u00e9e pour faire une vari\u00e9t\u00e9 de cibles de compos\u00e9s, si vous avez besoin de <span style=\"color: #0000ff;\"><a style=\"color: #0000ff;\" href=\"https:\/\/vimaterial.de\/fr\/contact\/\">nous contacter<\/a><\/span>.<\/p>\n","protected":false},"featured_media":1003163,"comment_status":"open","ping_status":"closed","template":"","meta":{"_acf_changed":false},"product_brand":[],"product_cat":[235],"product_tag":[],"class_list":{"0":"post-1016835","1":"product","2":"type-product","3":"status-publish","4":"has-post-thumbnail","6":"product_cat-cibles-de-pulverisation-planaire","8":"first","9":"instock","10":"shipping-taxable","11":"product-type-variable"},"acf":[],"_links":{"self":[{"href":"https:\/\/vimaterial.de\/fr\/wp-json\/wp\/v2\/product\/1016835","targetHints":{"allow":["GET"]}}],"collection":[{"href":"https:\/\/vimaterial.de\/fr\/wp-json\/wp\/v2\/product"}],"about":[{"href":"https:\/\/vimaterial.de\/fr\/wp-json\/wp\/v2\/types\/product"}],"replies":[{"embeddable":true,"href":"https:\/\/vimaterial.de\/fr\/wp-json\/wp\/v2\/comments?post=1016835"}],"wp:featuredmedia":[{"embeddable":true,"href":"https:\/\/vimaterial.de\/fr\/wp-json\/wp\/v2\/media\/1003163"}],"wp:attachment":[{"href":"https:\/\/vimaterial.de\/fr\/wp-json\/wp\/v2\/media?parent=1016835"}],"wp:term":[{"taxonomy":"product_brand","embeddable":true,"href":"https:\/\/vimaterial.de\/fr\/wp-json\/wp\/v2\/product_brand?post=1016835"},{"taxonomy":"product_cat","embeddable":true,"href":"https:\/\/vimaterial.de\/fr\/wp-json\/wp\/v2\/product_cat?post=1016835"},{"taxonomy":"product_tag","embeddable":true,"href":"https:\/\/vimaterial.de\/fr\/wp-json\/wp\/v2\/product_tag?post=1016835"}],"curies":[{"name":"wp","href":"https:\/\/api.w.org\/{rel}","templated":true}]}}