{"id":1016827,"date":"2024-06-17T14:59:31","date_gmt":"2024-06-17T06:59:31","guid":{"rendered":"https:\/\/vimaterial.de\/product\/iodure-de-cuivre-i\/"},"modified":"2025-04-10T16:35:28","modified_gmt":"2025-04-10T08:35:28","slug":"iodure-de-cuivre-i","status":"publish","type":"product","link":"https:\/\/vimaterial.de\/fr\/product\/iodure-de-cuivre-i\/","title":{"rendered":"Iodure de cuivre (I)"},"content":{"rendered":"<p><a href=\"https:\/\/vimaterial.de\/fr\/product\/iodure-de-cuivre-i-2\/\"><span style=\"color: #0000ff;\">La poudre d\u2019iodure de cuivre (I)<\/span><\/a> est une poudre cristalline cubique blanche ou blanc cass\u00e9 avec une formule chimique de CuI et un poids mol\u00e9culaire de 190,45. Il est sensible \u00e0 l\u2019air et \u00e0 l\u2019humidit\u00e9 et peut \u00eatre utilis\u00e9 comme catalyseur de synth\u00e8se organique.<\/p>\n<p>La poudre d\u2019iodure de cuivre (I) fournie par VIMATERIAL a une grande puret\u00e9, une petite quantit\u00e9 minimale de commande et un petit emballage. Il peut \u00eatre personnalis\u00e9 en fonction de vos besoins. Nous avons une \u00e9quipe technique professionnelle. Si vous avez des questions, n\u2019h\u00e9sitez pas \u00e0 <span style=\"color: #0000ff;\"><a style=\"color: #0000ff;\" href=\"https:\/\/vimaterial.de\/fr\/contact\/\">nous contacter.<\/a><\/span><\/p>\n<h2><span style=\"font-size: 14pt;\">Propri\u00e9t\u00e9s physiques<\/span><\/h2>\n<p>Formule mol\u00e9culaire : CuI<\/p>\n<p>Poids mol\u00e9culaire : 190,45<\/p>\n<p>Apparence\u00a0: Poudre g\u00e9n\u00e9ralement blanche ou blanc cass\u00e9<\/p>\n<p>Densit\u00e9 : 5,62 g\/cm\u00b3<\/p>\n<p>Point de fusion : 605\u00b0C<\/p>\n<p>Point d\u2019\u00e9bullition : 1290\u00b0C<\/p>\n<p>Structure cristalline : \u00c0 temp\u00e9rature ambiante et en dessous de 390\u00b0C, il s\u2019agit d\u2019une structure cubique de sphal\u00e9rite (\u03b3-CuI), les ions sont coordonn\u00e9es t\u00e9tra\u00e9driques et la longueur de la liaison Cu-I est de 2,338 \u00c5 ; \u00e0 390\u00b0C \u00e0 440\u00b0C entre 440\u00b0C et 440\u00b0C, il s\u2019agit d\u2019une structure de wurtzite (\u03b2-CuI) ; au-dessus de 440\u00b0C, il s\u2019agit d\u2019une structure de sel gemme (\u03b1-C)<\/p>\n<h2><span style=\"font-size: 14pt;\">Applications<\/span><\/h2>\n<p>Champ de synth\u00e8se organique : utilis\u00e9 comme catalyseur dans les r\u00e9actions organiques telles que la r\u00e9action d\u2019Ullmann et le couplage Sonogashira, et peut \u00e9galement \u00eatre utilis\u00e9 dans la synth\u00e8se d\u2019iodures aromatiques et vinyliques.<\/p>\n<p>Domaine de l\u2019opto\u00e9lectronique : utilis\u00e9 comme couche d\u2019injection de trous efficace dans les diodes \u00e9lectroluminescentes organiques pour am\u00e9liorer les performances et l\u2019efficacit\u00e9 du dispositif ; Utilis\u00e9 comme mat\u00e9riau semi-conducteur de type P dans le d\u00e9veloppement de dispositifs opto\u00e9lectroniques tels que les cellules solaires, il permet de construire des cellules solaires efficaces et rentables.<\/p>\n<p>Domaine des mat\u00e9riaux polym\u00e8res : utilis\u00e9 comme additif dans les polym\u00e8res pour am\u00e9liorer leurs propri\u00e9t\u00e9s thermiques et m\u00e9caniques, jouer un r\u00f4le ignifuge et am\u00e9liorer la stabilit\u00e9 globale des polym\u00e8res.<\/p>\n<p>Champ antifouling marin : parce qu\u2019il peut inhiber la croissance des organismes marins tels que les algues et les balanes, il est \u00e9tudi\u00e9 pour une utilisation dans les rev\u00eatements antifouling marins et devrait remplacer les compos\u00e9s antifouling toxiques traditionnels.<\/p>\n<h2><span style=\"font-size: 14pt;\">Contr\u00f4le qualit\u00e9<\/span><\/h2>\n<p><span style=\"color: #0000ff;\"><a style=\"color: #0000ff;\" href=\"https:\/\/vimaterial.de\/fr\/controle-qualite\/\">Chaque lot <\/a><\/span>de produits fait l\u2019objet d\u2019un processus de contr\u00f4le de qualit\u00e9 strict. Nous fournirons des \u00e9chantillons aux clients pour qu\u2019ils r\u00e9inspectent chaque lot, et nous aiderons \u00e9galement les clients \u00e0 d\u00e9signer des agences d\u2019inspection tierces pour l\u2019inspection.<\/p>\n<h2><span style=\"font-size: 14pt;\">Emballage et stockage<\/span><\/h2>\n<p>La poudre d\u2019iodure de cuivre (I) est emball\u00e9e dans des sacs sous vide \u00e0 double couche ou des bouteilles sous vide \u00e0 double couche. De petits forfaits sont disponibles.<br \/>\nLes granules d\u2019iodure de cuivre (I) doivent \u00eatre entrepos\u00e9s dans un environnement frais, sec, \u00e0 l\u2019abri de la lumi\u00e8re et bien scell\u00e9. Ils doivent \u00eatre tenus \u00e0 l\u2019\u00e9cart des oxydants forts, des acides forts et d\u2019autres produits chimiques, ainsi que du feu et des sources de chaleur.<\/p>\n","protected":false},"excerpt":{"rendered":"<p><a href=\"https:\/\/vimaterial.de\/fr\/product\/iodure-de-cuivre-i-2\/\"><span style=\"color: #0000ff;\">La poudre d\u2019iodure de cuivre (I)<\/span><\/a> est une poudre cristalline cubique blanche ou blanc cass\u00e9 avec une formule chimique de CuI et un poids mol\u00e9culaire de 190,45. Il est sensible \u00e0 l\u2019air et \u00e0 l\u2019humidit\u00e9 et peut \u00eatre utilis\u00e9 comme catalyseur de synth\u00e8se organique.<\/p>\n<p>La poudre d\u2019iodure de cuivre (I) fournie par VIMATERIAL a une grande puret\u00e9, une petite quantit\u00e9 minimale de commande et un petit emballage. Il peut \u00eatre personnalis\u00e9 en fonction de vos besoins. Nous avons une \u00e9quipe technique professionnelle. Si vous avez des questions, n\u2019h\u00e9sitez pas \u00e0 <span style=\"color: #0000ff;\"><a style=\"color: #0000ff;\" href=\"https:\/\/vimaterial.de\/fr\/contact\/\">nous contacter.<\/a><\/span><\/p>\n","protected":false},"featured_media":1003156,"comment_status":"open","ping_status":"closed","template":"","meta":{"_acf_changed":false},"product_brand":[],"product_cat":[239],"product_tag":[],"class_list":{"0":"post-1016827","1":"product","2":"type-product","3":"status-publish","4":"has-post-thumbnail","6":"product_cat-materiaux-halogenes","8":"first","9":"instock","10":"shipping-taxable","11":"purchasable","12":"product-type-variable"},"acf":[],"_links":{"self":[{"href":"https:\/\/vimaterial.de\/fr\/wp-json\/wp\/v2\/product\/1016827","targetHints":{"allow":["GET"]}}],"collection":[{"href":"https:\/\/vimaterial.de\/fr\/wp-json\/wp\/v2\/product"}],"about":[{"href":"https:\/\/vimaterial.de\/fr\/wp-json\/wp\/v2\/types\/product"}],"replies":[{"embeddable":true,"href":"https:\/\/vimaterial.de\/fr\/wp-json\/wp\/v2\/comments?post=1016827"}],"wp:featuredmedia":[{"embeddable":true,"href":"https:\/\/vimaterial.de\/fr\/wp-json\/wp\/v2\/media\/1003156"}],"wp:attachment":[{"href":"https:\/\/vimaterial.de\/fr\/wp-json\/wp\/v2\/media?parent=1016827"}],"wp:term":[{"taxonomy":"product_brand","embeddable":true,"href":"https:\/\/vimaterial.de\/fr\/wp-json\/wp\/v2\/product_brand?post=1016827"},{"taxonomy":"product_cat","embeddable":true,"href":"https:\/\/vimaterial.de\/fr\/wp-json\/wp\/v2\/product_cat?post=1016827"},{"taxonomy":"product_tag","embeddable":true,"href":"https:\/\/vimaterial.de\/fr\/wp-json\/wp\/v2\/product_tag?post=1016827"}],"curies":[{"name":"wp","href":"https:\/\/api.w.org\/{rel}","templated":true}]}}