{"id":1016809,"date":"2024-06-17T14:59:33","date_gmt":"2024-06-17T06:59:33","guid":{"rendered":"https:\/\/vimaterial.de\/product\/alliage-de-cuivre-et-dindium\/"},"modified":"2025-04-10T16:10:43","modified_gmt":"2025-04-10T08:10:43","slug":"alliage-de-cuivre-et-dindium","status":"publish","type":"product","link":"https:\/\/vimaterial.de\/fr\/product\/alliage-de-cuivre-et-dindium\/","title":{"rendered":"Alliage de cuivre et d\u2019indium"},"content":{"rendered":"<p><a href=\"https:\/\/vimaterial.de\/fr\/product\/alliage-de-cuivre-et-dindium-2\/\"><span style=\"color: #0000ff;\">La <span style=\"color: #000000;\">poudre<\/span> d\u2019alliage de cuivre et d&#8217;indium<\/span><\/a> est une poudre d\u2019alliage compos\u00e9e de cuivre et d\u2019indium avec une bonne conductivit\u00e9 \u00e9lectrique, une stabilit\u00e9 thermique et un point de fusion bas, qui peut \u00eatre utilis\u00e9e dans la pr\u00e9paration de mat\u00e9riaux pour l\u2019\u00e9lectronique, les semi-conducteurs et d\u2019autres domaines.<\/p>\n<p>VImaterial fournit une poudre d\u2019alliage de cuivre et d\u2019inium de haute puret\u00e9 et de haute qualit\u00e9, cette poudre a une grande puret\u00e9, la taille des particules du produit peut \u00eatre s\u00e9lectionn\u00e9e parmi une vari\u00e9t\u00e9 d\u2019options, nous avons un \u00e9quipement mature, un personnel stable, un contr\u00f4le de qualit\u00e9 strict, nous avons \u00e9galement une \u00e9quipe technique professionnelle, peut \u00eatre personnalis\u00e9 \u00e0 la proportion du mat\u00e9riau pour \u00e9viter vos soucis, Nous avons un prix bas, veuillez <span style=\"color: #0000ff;\"><a style=\"color: #0000ff;\" href=\"https:\/\/vimaterial.de\/fr\/contact\/\">nous contacter<\/a><\/span> rapidement.<\/p>\n<h2><span style=\"font-size: 14pt;\">Caract\u00e9ristiques physiques<\/span><\/h2>\n<p>Formule mol\u00e9culaire : CuIn<\/p>\n<p>Poids mol\u00e9culaire : environ 178,36 g\/mol<\/p>\n<p>Apparence\u00a0: g\u00e9n\u00e9ralement gris ou poudre m\u00e9tallis\u00e9e gris-noir<\/p>\n<p>Point de fusion : le micron est g\u00e9n\u00e9ralement compris entre 540 et 640 \u00b0C<\/p>\n<p>Structure cristalline : Les structures cristallines courantes comprennent la structure cubique centr\u00e9e sur la face.<\/p>\n<h2><span style=\"font-size: 14pt;\">Applications<\/span><\/h2>\n<p>Champ d\u2019\u00e9nergie solaire\u00a0: en tant que l\u2019une des cibles de base des mat\u00e9riaux d\u2019\u00e9nergie solaire \u00e0 couche mince CIG (Copper Indium Gallium Selenide) et CIGS (Copper Indium Gallium Selenide), il est utilis\u00e9 dans la fabrication d\u2019\u00e9lectrodes, de couches absorbantes et d\u2019autres composants de cellules solaires, ce qui peut am\u00e9liorer efficacement l\u2019efficacit\u00e9 de la conversion photo\u00e9lectrique.<\/p>\n<p>Domaine \u00e9lectrique et \u00e9lectronique : utilis\u00e9 dans la fabrication de g\u00e9n\u00e9rateurs, de jeux de barres, de c\u00e2bles, d\u2019appareillages de commutation, de transformateurs et d\u2019autres \u00e9quipements \u00e9lectriques, pour assurer le fonctionnement efficace et stable de l\u2019\u00e9quipement.<\/p>\n<p>Domaine de l\u2019impression 3D : Il peut \u00eatre utilis\u00e9 comme mati\u00e8re premi\u00e8re pour l\u2019impression 3D afin de fabriquer des composants \u00e9lectroniques ou des pi\u00e8ces aux propri\u00e9t\u00e9s sp\u00e9cifiques et aux formes complexes.<\/p>\n<p>Recherche scientifique : En tant que mat\u00e9riau important dans les exp\u00e9riences de recherche scientifique, il est utilis\u00e9 pour \u00e9tudier les propri\u00e9t\u00e9s physiques et chimiques des alliages cuivre-indium et pour d\u00e9velopper de nouveaux mat\u00e9riaux et applications d\u2019alliage.<\/p>\n<h2><span style=\"font-size: 14pt;\">Contr\u00f4le de la qualit\u00e9<\/span><\/h2>\n<p><span style=\"color: #0000ff;\"><a style=\"color: #0000ff;\" href=\"https:\/\/vimaterial.de\/fr\/controle-qualite\/\">Chaque lot<\/a> <\/span>de produits doit \u00eatre inspect\u00e9 pour la taille et la composition des particules, et nous pouvons \u00e9galement fournir des \u00e9chantillons aux clients pour qu\u2019ils les r\u00e9inspectent. Si vous avez besoin d\u2019un organisme d\u2019inspection tiers pour inspecter, nous vous soutenons \u00e9galement.<\/p>\n<h2><span style=\"font-size: 14pt;\">Emballage et stockage<\/span><\/h2>\n<p>Les poudres d\u2019alliage de cuivre et d\u2019indium sont g\u00e9n\u00e9ralement disponibles dans des sacs \u00e0 double vide ou des bouteilles \u00e0 double vide.<br \/>\nLes poudres d\u2019alliage de cuivre et d\u2019indium doivent \u00eatre stock\u00e9es dans un environnement sec, frais, bien ventil\u00e9 et bien scell\u00e9 pour \u00e9viter l\u2019humidit\u00e9 et l\u2019oxydation, \u00e0 l\u2019abri du feu et des agents oxydants puissants, et de pr\u00e9f\u00e9rence sous la protection d\u2019un gaz inerte.<\/p>\n<p>&nbsp;<\/p>\n","protected":false},"excerpt":{"rendered":"<p>La poudre d\u2019alliage de cuivre et d\u2019indium est une poudre d\u2019alliage compos\u00e9e de cuivre et d\u2019indium avec une bonne conductivit\u00e9 \u00e9lectrique, une stabilit\u00e9 thermique et un point de fusion bas, qui peut \u00eatre utilis\u00e9e dans la pr\u00e9paration de mat\u00e9riaux pour l\u2019\u00e9lectronique, les semi-conducteurs et d\u2019autres domaines.<\/p>\n","protected":false},"featured_media":1003172,"comment_status":"open","ping_status":"closed","template":"","meta":{"_acf_changed":false},"product_brand":[],"product_cat":[250],"product_tag":[],"class_list":{"0":"post-1016809","1":"product","2":"type-product","3":"status-publish","4":"has-post-thumbnail","6":"product_cat-poudre-de-metal-pur-et-dalliage","8":"first","9":"instock","10":"shipping-taxable","11":"product-type-variable"},"acf":[],"_links":{"self":[{"href":"https:\/\/vimaterial.de\/fr\/wp-json\/wp\/v2\/product\/1016809","targetHints":{"allow":["GET"]}}],"collection":[{"href":"https:\/\/vimaterial.de\/fr\/wp-json\/wp\/v2\/product"}],"about":[{"href":"https:\/\/vimaterial.de\/fr\/wp-json\/wp\/v2\/types\/product"}],"replies":[{"embeddable":true,"href":"https:\/\/vimaterial.de\/fr\/wp-json\/wp\/v2\/comments?post=1016809"}],"wp:featuredmedia":[{"embeddable":true,"href":"https:\/\/vimaterial.de\/fr\/wp-json\/wp\/v2\/media\/1003172"}],"wp:attachment":[{"href":"https:\/\/vimaterial.de\/fr\/wp-json\/wp\/v2\/media?parent=1016809"}],"wp:term":[{"taxonomy":"product_brand","embeddable":true,"href":"https:\/\/vimaterial.de\/fr\/wp-json\/wp\/v2\/product_brand?post=1016809"},{"taxonomy":"product_cat","embeddable":true,"href":"https:\/\/vimaterial.de\/fr\/wp-json\/wp\/v2\/product_cat?post=1016809"},{"taxonomy":"product_tag","embeddable":true,"href":"https:\/\/vimaterial.de\/fr\/wp-json\/wp\/v2\/product_tag?post=1016809"}],"curies":[{"name":"wp","href":"https:\/\/api.w.org\/{rel}","templated":true}]}}