{"id":1016774,"date":"2024-06-17T14:59:35","date_gmt":"2024-06-17T06:59:35","guid":{"rendered":"https:\/\/vimaterial.de\/product\/seleniure-de-cuivre-dindium-et-de-gallium-cigs-2\/"},"modified":"2025-04-08T18:23:31","modified_gmt":"2025-04-08T10:23:31","slug":"seleniure-de-cuivre-dindium-et-de-gallium-cigs-2","status":"publish","type":"product","link":"https:\/\/vimaterial.de\/fr\/product\/seleniure-de-cuivre-dindium-et-de-gallium-cigs-2\/","title":{"rendered":"S\u00e9l\u00e9niure de cuivre, d\u2019indium et de gallium (CIGS)"},"content":{"rendered":"<p>La cible de pulv\u00e9risation de <span style=\"color: #0000ff;\"><a style=\"color: #0000ff;\" href=\"https:\/\/vimaterial.de\/fr\/product\/seleniure-de-cuivre-dindium-et-de-gallium-cigs\/\">s\u00e9l\u00e9niure de cuivre, d&#8217;indium et de gallium<\/a><\/span> est un mat\u00e9riau cl\u00e9 pour la technologie de rev\u00eatement de pulv\u00e9risation magn\u00e9tron avec une puret\u00e9 \u00e9lev\u00e9e et un rapport de composition sp\u00e9cifique, qui a des applications importantes dans les cellules photovolta\u00efques, les dispositifs \u00e9lectroniques et d\u2019autres domaines.<\/p>\n<p>VImaterial est en mesure de fournir des cibles de pulv\u00e9risation de s\u00e9l\u00e9niure de cuivre, d\u2019indium et de gallium de haute puret\u00e9 et de haute qualit\u00e9 avec des ratios personnalis\u00e9s pour la production par notre \u00e9quipe technique d\u00e9di\u00e9e. Nos cibles ont une excellente plan\u00e9it\u00e9 de surface et une excellente finition et nous pouvons \u00e9galement fournir un service de reliure. Si vous avez des questions, n\u2019h\u00e9sitez pas \u00e0 <span style=\"color: #0000ff;\"><a style=\"color: #0000ff;\" href=\"https:\/\/vimaterial.de\/fr\/contact\/\">nous contacter<\/a><\/span>.<\/p>\n<h2><span style=\"font-size: 14pt;\">Propri\u00e9t\u00e9s physiques<\/span><\/h2>\n<p>Formule mol\u00e9culaire : CuInGaSe<\/p>\n<p>Apparence\u00a0: Cible g\u00e9n\u00e9ralement grise, la surface a un certain \u00e9clat m\u00e9tallique, une texture relativement cassante.<\/p>\n<p>Densit\u00e9\u00a0: environ 5,7-5,9g \/ cm3<\/p>\n<p>Structure cristalline : appartient au syst\u00e8me cristallin t\u00e9tragonal, avec une structure similaire \u00e0 la chalcopyrite.<\/p>\n<h2><span style=\"font-size: 14pt;\">Applications<\/span><\/h2>\n<p>Champ photovolta\u00efque\u00a0: utilis\u00e9 dans la pr\u00e9paration de la couche d\u2019absorption de cellule solaire \u00e0 couche mince de s\u00e9l\u00e9niure de cuivre, d\u2019indium et de gallium, peut am\u00e9liorer l\u2019efficacit\u00e9 de conversion photo\u00e9lectrique de la cellule.<\/p>\n<p>Domaine des semi-conducteurs : Dans la fabrication de circuits int\u00e9gr\u00e9s, il peut \u00eatre utilis\u00e9 pour fabriquer des \u00e9lectrodes d\u2019interconnexion et de contact haute performance afin d\u2019assurer le fonctionnement efficace et stable des circuits.<\/p>\n<p>Champ d\u2019affichage : Dans la production de transistors \u00e0 couche mince pour les \u00e9crans \u00e0 cristaux liquides et les \u00e9crans \u00e0 diodes \u00e9lectroluminescentes organiques (OLED), il est utilis\u00e9 pour produire des couches semi-conductrices haute performance afin d\u2019assurer le fonctionnement fiable de l\u2019\u00e9cran.<\/p>\n<p>Champ des dispositifs opto\u00e9lectroniques : peut \u00eatre utilis\u00e9 dans la fabrication de diodes \u00e9lectroluminescentes et de diodes laser et d\u2019autres dispositifs opto\u00e9lectroniques, afin d\u2019am\u00e9liorer les performances du dispositif.<\/p>\n<p>La R&amp;D des batteries \u00e9nerg\u00e9tiques, qui contribue \u00e0 am\u00e9liorer la densit\u00e9 \u00e9nerg\u00e9tique et les performances de charge\/d\u00e9charge des batteries.<\/p>\n<h2><span style=\"font-size: 14pt;\">Contr\u00f4le qualit\u00e9<\/span><\/h2>\n<p><span style=\"color: #0000ff;\"><a style=\"color: #0000ff;\" href=\"https:\/\/vimaterial.de\/fr\/controle-qualite\/\">Chaque lot<\/a> <\/span>de produits sera inspect\u00e9, notre processus de production dispose d\u2019un syst\u00e8me de contr\u00f4le de qualit\u00e9 strict, des mati\u00e8res premi\u00e8res \u00e0 l\u2019inspection finale, chaque lien de production dispose d\u2019une auto-inspection et d\u2019une r\u00e9inspection, et d\u2019une inspection IPQC. Nous fournissons \u00e9galement des \u00e9chantillons aux clients pour qu\u2019ils les r\u00e9inspectent, si le client dispose d\u2019un organisme d\u2019inspection d\u00e9sign\u00e9, nous soutenons \u00e9galement l\u2019inspection par un tiers et \u00e9mettons des rapports d\u2019inspection.<\/p>\n<h2><span style=\"font-size: 14pt;\">Emballage et stockage<\/span><\/h2>\n<p>Les cibles de pulv\u00e9risation cathodique de s\u00e9l\u00e9niure de cuivre, d\u2019indium et de gallium sont g\u00e9n\u00e9ralement emball\u00e9es dans des sacs sous vide doubles.<br \/>\nLes cibles de pulv\u00e9risation de s\u00e9l\u00e9niure de cuivre, d\u2019indium et de gallium doivent \u00eatre stock\u00e9es dans un environnement sec, frais, bien ventil\u00e9 \u00e0 l\u2019abri de la lumi\u00e8re, dans des emballages scell\u00e9s pour \u00e9viter l\u2019humidit\u00e9 et l\u2019oxydation, tout en \u00e9vitant tout contact avec des substances corrosives telles que les acides et les alcalis, et \u00e0 l\u2019abri des temp\u00e9ratures \u00e9lev\u00e9es et des \u00e9ventuelles collisions m\u00e9caniques, afin de maintenir l\u2019int\u00e9grit\u00e9 et la stabilit\u00e9 chimique de la cible.<\/p>\n","protected":false},"excerpt":{"rendered":"<p>La cible de pulv\u00e9risation de <span style=\"color: #0000ff;\"><a style=\"color: #0000ff;\" href=\"https:\/\/vimaterial.de\/fr\/product\/seleniure-de-cuivre-dindium-et-de-gallium-cigs\/\">s\u00e9l\u00e9niure de cuivre, d&#8217;indium et de gallium<\/a><\/span> est un mat\u00e9riau cl\u00e9 pour la technologie de rev\u00eatement de pulv\u00e9risation magn\u00e9tron avec une puret\u00e9 \u00e9lev\u00e9e et un rapport de composition sp\u00e9cifique, qui a des applications importantes dans les cellules photovolta\u00efques, les dispositifs \u00e9lectroniques et d\u2019autres domaines.<\/p>\n<p>VImaterial est en mesure de fournir des cibles de pulv\u00e9risation de s\u00e9l\u00e9niure de cuivre, d\u2019indium et de gallium de haute puret\u00e9 et de haute qualit\u00e9 avec des ratios personnalis\u00e9s pour la production par notre \u00e9quipe technique d\u00e9di\u00e9e. Nos cibles ont une excellente plan\u00e9it\u00e9 de surface et une excellente finition et nous pouvons \u00e9galement fournir un service de reliure. Si vous avez des questions, n\u2019h\u00e9sitez pas \u00e0 <span style=\"color: #0000ff;\"><a style=\"color: #0000ff;\" href=\"https:\/\/vimaterial.de\/fr\/contact\/\">nous contacter<\/a><\/span>.<\/p>\n","protected":false},"featured_media":1003203,"comment_status":"open","ping_status":"closed","template":"","meta":{"_acf_changed":false},"product_brand":[],"product_cat":[235],"product_tag":[],"class_list":{"0":"post-1016774","1":"product","2":"type-product","3":"status-publish","4":"has-post-thumbnail","6":"product_cat-cibles-de-pulverisation-planaire","8":"first","9":"instock","10":"shipping-taxable","11":"product-type-variable"},"acf":[],"_links":{"self":[{"href":"https:\/\/vimaterial.de\/fr\/wp-json\/wp\/v2\/product\/1016774","targetHints":{"allow":["GET"]}}],"collection":[{"href":"https:\/\/vimaterial.de\/fr\/wp-json\/wp\/v2\/product"}],"about":[{"href":"https:\/\/vimaterial.de\/fr\/wp-json\/wp\/v2\/types\/product"}],"replies":[{"embeddable":true,"href":"https:\/\/vimaterial.de\/fr\/wp-json\/wp\/v2\/comments?post=1016774"}],"wp:featuredmedia":[{"embeddable":true,"href":"https:\/\/vimaterial.de\/fr\/wp-json\/wp\/v2\/media\/1003203"}],"wp:attachment":[{"href":"https:\/\/vimaterial.de\/fr\/wp-json\/wp\/v2\/media?parent=1016774"}],"wp:term":[{"taxonomy":"product_brand","embeddable":true,"href":"https:\/\/vimaterial.de\/fr\/wp-json\/wp\/v2\/product_brand?post=1016774"},{"taxonomy":"product_cat","embeddable":true,"href":"https:\/\/vimaterial.de\/fr\/wp-json\/wp\/v2\/product_cat?post=1016774"},{"taxonomy":"product_tag","embeddable":true,"href":"https:\/\/vimaterial.de\/fr\/wp-json\/wp\/v2\/product_tag?post=1016774"}],"curies":[{"name":"wp","href":"https:\/\/api.w.org\/{rel}","templated":true}]}}