{"id":1016761,"date":"2024-06-17T14:59:35","date_gmt":"2024-06-17T06:59:35","guid":{"rendered":"https:\/\/vimaterial.de\/product\/seleniure-de-cuivre-dindium-et-de-gallium-cigs\/"},"modified":"2025-04-10T14:46:10","modified_gmt":"2025-04-10T06:46:10","slug":"seleniure-de-cuivre-dindium-et-de-gallium-cigs","status":"publish","type":"product","link":"https:\/\/vimaterial.de\/fr\/product\/seleniure-de-cuivre-dindium-et-de-gallium-cigs\/","title":{"rendered":"S\u00e9l\u00e9niure de cuivre, d\u2019indium et de gallium (CIGS)"},"content":{"rendered":"<p>La poudre de <span style=\"color: #0000ff;\"><a style=\"color: #0000ff;\" href=\"https:\/\/vimaterial.de\/fr\/product\/seleniure-de-cuivre-dindium-et-de-gallium-cigs-2\/\">s\u00e9l\u00e9niure de cuivre, d&#8217;indium et de gallium<\/a><\/span> a un aspect gris argent\u00e9, une structure cristalline t\u00e9tragonale, une formule chimique CuInGaSe, une densit\u00e9 de 5,7 g \/ cm\u00b3, un point de fusion de 990 \u00e0 1070 \u00b0C, insoluble dans l\u2019eau, principalement utilis\u00e9e dans les cellules solaires et d\u2019autres domaines des mat\u00e9riaux de poudre semi-conducteurs multi-compos\u00e9s.<\/p>\n<p>VImaterial peut fournir une poudre de s\u00e9l\u00e9niure de cuivre, d\u2019indium et de gallium de haute puret\u00e9 et de haute qualit\u00e9, nous avons une \u00e9quipe technique professionnelle, peut \u00eatre personnalis\u00e9e en fonction du rapport de production. Nos produits sont disponibles en petits emballages, en petites quantit\u00e9s de d\u00e9part et en stock, ce qui \u00e9limine le besoin de longs d\u00e9lais de livraison et de co\u00fbts \u00e9lev\u00e9s. <span style=\"color: #0000ff;\"><a style=\"color: #0000ff;\" href=\"https:\/\/vimaterial.de\/fr\/contact\/\"> Contactez-nous.<\/a><\/span><\/p>\n<h2><span style=\"font-size: 14pt;\">Propri\u00e9t\u00e9s physiques<\/span><\/h2>\n<p>Formule mol\u00e9culaire : CuInGaSe<\/p>\n<p>Apparence\u00a0: poudre gris-noir<\/p>\n<p>Densit\u00e9 : environ 5,7 g\/cm\u00b3.<\/p>\n<p>Point de fusion : 990-1070\u00b0C<\/p>\n<p>Structure cristalline : Syst\u00e8me cristallin t\u00e9tragonal, avec structure cristalline de chalcopyrite.<\/p>\n<h2><span style=\"font-size: 14pt;\">Applications<\/span><\/h2>\n<p>Photovolta\u00efque : La poudre de s\u00e9l\u00e9niure de cuivre, d\u2019indium et de gallium est un mat\u00e9riau cl\u00e9 dans la fabrication de cellules solaires et peut \u00eatre utilis\u00e9e pour produire des panneaux solaires tr\u00e8s efficaces et flexibles.<\/p>\n<p>A\u00e9rospatiale : Le rendement \u00e9lev\u00e9 et la l\u00e9g\u00e8ret\u00e9 des cellules solaires fabriqu\u00e9es \u00e0 partir de cette poudre en font une source d\u2019\u00e9nergie id\u00e9ale pour les drones et les engins spatiaux, prolongeant leur dur\u00e9e de vie et leur temps de voyage.<\/p>\n<p>\u00c9lectronique : En tant que mat\u00e9riau semi-conducteur, les poudres de s\u00e9l\u00e9niure de cuivre, d\u2019indium et de gallium sont utilis\u00e9es dans la fabrication de dispositifs \u00e9lectroniques haute performance tels que les transistors et les circuits int\u00e9gr\u00e9s.<\/p>\n<p>Stockage d\u2019\u00e9nergie : Il peut \u00eatre utilis\u00e9 dans la recherche et le d\u00e9veloppement de nouvelles batteries de stockage d\u2019\u00e9nergie, ce qui peut aider \u00e0 am\u00e9liorer la densit\u00e9 d\u2019\u00e9nergie et les performances de charge\/d\u00e9charge des batteries.<\/p>\n<h2><span style=\"font-size: 14pt;\">Contr\u00f4le qualit\u00e9<\/span><\/h2>\n<p><span style=\"color: #0000ff;\"><a style=\"color: #0000ff;\" href=\"https:\/\/vimaterial.de\/fr\/controle-qualite\/\"><span style=\"color: #0000ff;\">Chaque lot<\/span><\/a><\/span> de produits sera inspect\u00e9, notre processus de production dispose d\u2019un syst\u00e8me de contr\u00f4le de qualit\u00e9 strict, des mati\u00e8res premi\u00e8res \u00e0 l\u2019inspection finale, chaque lien de production dispose d\u2019une auto-inspection et d\u2019une r\u00e9inspection, et d\u2019une inspection IPQC. Nous fournissons \u00e9galement des \u00e9chantillons aux clients pour qu\u2019ils les r\u00e9inspectent, si le client dispose d\u2019un organisme d\u2019inspection d\u00e9sign\u00e9, nous soutenons \u00e9galement l\u2019inspection par un tiers et \u00e9mettons des rapports d\u2019inspection.<\/p>\n<h2><span style=\"font-size: 14pt;\">Emballage et stockage<\/span><\/h2>\n<p>Les poudres de s\u00e9l\u00e9niure de cuivre, d\u2019indium et de gallium sont g\u00e9n\u00e9ralement fournies dans des sacs ou des bouteilles sous vide doubles<\/p>\n<p>Les granul\u00e9s de sulfure de cuivre et d\u2019indium doivent \u00eatre stock\u00e9s dans un environnement sec, frais et bien ventil\u00e9 dans des r\u00e9cipients scell\u00e9s \u00e0 l\u2019abri de l\u2019humidit\u00e9, de la lumi\u00e8re, de la chaleur et des substances corrosives pour \u00e9viter l\u2019oxydation, la d\u00e9liquescence ou l\u2019alt\u00e9ration de la structure chimique et pour s\u2019assurer qu\u2019ils ne sont pas expos\u00e9s \u00e0 l\u2019humidit\u00e9.<\/p>\n<p>Cela emp\u00eache l\u2019oxydation, la d\u00e9liquescence ou les modifications de la structure chimique et garantit la stabilit\u00e9 des propri\u00e9t\u00e9s.<\/p>\n","protected":false},"excerpt":{"rendered":"<p>La poudre de <span style=\"color: #0000ff;\"><a style=\"color: #0000ff;\" href=\"https:\/\/vimaterial.de\/fr\/product\/seleniure-de-cuivre-dindium-et-de-gallium-cigs-2\/\">s\u00e9l\u00e9niure de cuivre, d&#8217;indium et de gallium<\/a><\/span> a un aspect gris argent\u00e9, une structure cristalline t\u00e9tragonale, une formule chimique CuInGaSe, une densit\u00e9 de 5,7 g \/ cm\u00b3, un point de fusion de 990 \u00e0 1070 \u00b0C, insoluble dans l\u2019eau, principalement utilis\u00e9e dans les cellules solaires et d\u2019autres domaines des mat\u00e9riaux de poudre semi-conducteurs multi-compos\u00e9s.<\/p>\n<p>&nbsp;<\/p>\n<p>VImaterial peut fournir une poudre de s\u00e9l\u00e9niure de cuivre, d\u2019indium et de gallium de haute puret\u00e9 et de haute qualit\u00e9, nous avons une \u00e9quipe technique professionnelle, peut \u00eatre personnalis\u00e9e en fonction du rapport de production.<\/p>\n<p>&nbsp;<\/p>\n<p>Nos produits sont disponibles en petits emballages, en petites quantit\u00e9s de d\u00e9part et en stock, ce qui \u00e9limine le besoin de longs d\u00e9lais de livraison et de co\u00fbts \u00e9lev\u00e9s. <span style=\"color: #0000ff;\"><a style=\"color: #0000ff;\" href=\"https:\/\/vimaterial.de\/fr\/contact\/\"> Contactez-nous.<\/a><\/span><\/p>\n","protected":false},"featured_media":1003196,"comment_status":"open","ping_status":"closed","template":"","meta":{"_acf_changed":false},"product_brand":[],"product_cat":[238],"product_tag":[],"class_list":{"0":"post-1016761","1":"product","2":"type-product","3":"status-publish","4":"has-post-thumbnail","6":"product_cat-materiaux-de-chalcogenure","8":"first","9":"instock","10":"shipping-taxable","11":"product-type-variable"},"acf":[],"_links":{"self":[{"href":"https:\/\/vimaterial.de\/fr\/wp-json\/wp\/v2\/product\/1016761","targetHints":{"allow":["GET"]}}],"collection":[{"href":"https:\/\/vimaterial.de\/fr\/wp-json\/wp\/v2\/product"}],"about":[{"href":"https:\/\/vimaterial.de\/fr\/wp-json\/wp\/v2\/types\/product"}],"replies":[{"embeddable":true,"href":"https:\/\/vimaterial.de\/fr\/wp-json\/wp\/v2\/comments?post=1016761"}],"wp:featuredmedia":[{"embeddable":true,"href":"https:\/\/vimaterial.de\/fr\/wp-json\/wp\/v2\/media\/1003196"}],"wp:attachment":[{"href":"https:\/\/vimaterial.de\/fr\/wp-json\/wp\/v2\/media?parent=1016761"}],"wp:term":[{"taxonomy":"product_brand","embeddable":true,"href":"https:\/\/vimaterial.de\/fr\/wp-json\/wp\/v2\/product_brand?post=1016761"},{"taxonomy":"product_cat","embeddable":true,"href":"https:\/\/vimaterial.de\/fr\/wp-json\/wp\/v2\/product_cat?post=1016761"},{"taxonomy":"product_tag","embeddable":true,"href":"https:\/\/vimaterial.de\/fr\/wp-json\/wp\/v2\/product_tag?post=1016761"}],"curies":[{"name":"wp","href":"https:\/\/api.w.org\/{rel}","templated":true}]}}