{"id":1016743,"date":"2024-06-17T15:00:39","date_gmt":"2024-06-17T07:00:39","guid":{"rendered":"https:\/\/vimaterial.de\/product\/sulfure-de-cuivre-et-dindium-2\/"},"modified":"2025-04-08T17:31:35","modified_gmt":"2025-04-08T09:31:35","slug":"sulfure-de-cuivre-et-dindium-2","status":"publish","type":"product","link":"https:\/\/vimaterial.de\/fr\/product\/sulfure-de-cuivre-et-dindium-2\/","title":{"rendered":"Sulfure de cuivre et d\u2019indium"},"content":{"rendered":"<p><span style=\"color: #3366ff;\"><a style=\"color: #3366ff;\" href=\"https:\/\/vimaterial.de\/fr\/product\/sulfure-de-cuivre-et-dindium\/\">Sulfure de cuivre et d&#8217;indium<\/a> <\/span>La poudre est une poudre compos\u00e9e de cuivre, d\u2019indium et de soufre, g\u00e9n\u00e9ralement de couleur noire ou gris fonc\u00e9, elle a des applications importantes dans le domaine des cellules solaires, des mat\u00e9riaux photovolta\u00efques et d\u2019autres domaines, c\u2019est un mat\u00e9riau semi-conducteur avec de bonnes propri\u00e9t\u00e9s photovolta\u00efques.<\/p>\n<p>VImaterial produit de la poudre de sulfure de cuivre et d\u2019indium \u00e0 un prix bon march\u00e9 et d\u2019une grande puret\u00e9, ce produit est souvent utilis\u00e9 dans la production d\u2019excellentes propri\u00e9t\u00e9s opto\u00e9lectroniques, notre soci\u00e9t\u00e9 commence \u00e0 partir d\u2019une petite quantit\u00e9, le produit est emball\u00e9 dans de petits emballages, qui peuvent \u00eatre utilis\u00e9s pour vos exp\u00e9riences, nous avons une \u00e9quipe technique professionnelle, si vous avez des questions, veuillez <span style=\"color: #3366ff;\"><a style=\"color: #3366ff;\" href=\"https:\/\/vimaterial.de\/fr\/contact\/\">nous contacter<\/a><\/span>.<\/p>\n<h2><span style=\"font-size: 14pt;\">Propri\u00e9t\u00e9s physiques<\/span><\/h2>\n<p>Formule mol\u00e9culaire : CuInS2<\/p>\n<p>Poids mol\u00e9culaire : environ 242,5<\/p>\n<p>Aspect : g\u00e9n\u00e9ralement noir ou poudre gris fonc\u00e9<\/p>\n<p>Point de fusion : 1127\u00b0C-1145\u00b0C<\/p>\n<p>Point d\u2019\u00e9bullition : 1354\u00b0C<\/p>\n<p>Structure cristalline : appartient au syst\u00e8me cristallin t\u00e9tragonal<\/p>\n<h2><span style=\"font-size: 14pt;\">Applications<\/span><\/h2>\n<p>Champ de cellules solaires\u00a0: en tant que mat\u00e9riau de couche d\u2019absorption dans la cellule solaire \u00e0 couche mince, il peut absorber efficacement l\u2019\u00e9nergie solaire et la convertir en \u00e9lectricit\u00e9.<\/p>\n<p>Opto\u00e9lectronique : utilis\u00e9e dans la fabrication de diodes \u00e9lectroluminescentes et de technologies d\u2019affichage, offrant la possibilit\u00e9 d\u2019un \u00e9clairage \u00e9conome en \u00e9nergie et d\u2019affichages couleur de haute qualit\u00e9.<\/p>\n<p>Micro\u00e9lectronique : en tant que couche active dans les transistors \u00e0 couche mince, elle joue un r\u00f4le important dans la r\u00e9alisation de hautes performances et la miniaturisation des dispositifs \u00e9lectroniques.<\/p>\n<p>Photod\u00e9tection : Il peut \u00eatre utilis\u00e9 pour fabriquer des photod\u00e9tecteurs, qui peuvent d\u00e9tecter la lumi\u00e8re dans une large gamme de longueurs d\u2019onde, r\u00e9alisant ainsi la d\u00e9tection et la conversion de signaux lumineux.<\/p>\n<h2><span style=\"font-size: 14pt;\">Contr\u00f4le qualit\u00e9<\/span><\/h2>\n<p><span style=\"color: #3366ff;\"><a style=\"color: #3366ff;\" href=\"https:\/\/vimaterial.de\/fr\/controle-qualite\/\">Chaque lot <\/a><\/span>de produits sera inspect\u00e9 pour le dosage, nous effectuons un contr\u00f4le de qualit\u00e9 strict, des mati\u00e8res premi\u00e8res \u00e0 l\u2019inspection finale, et nous pouvons fournir des \u00e9chantillons pour la r\u00e9inspection des clients. Si les clients ont des exigences particuli\u00e8res, nous pouvons \u00e9galement faire appel \u00e0 des organismes d\u2019inspection tiers pour effectuer des inspections et \u00e9mettre des rapports d\u2019inspection.<\/p>\n<h2><span style=\"font-size: 14pt;\">Emballage et stockage<\/span><\/h2>\n<p>Les poudres de sulfure de cuivre et d\u2019indium sont g\u00e9n\u00e9ralement emball\u00e9es dans des sacs sous vide doubles ou des bouteilles sous vide, les poudres de sulfure de cuivre et d\u2019indium doivent \u00eatre stock\u00e9es dans un environnement sec, frais et bien ventil\u00e9, en \u00e9vitant l\u2019humidit\u00e9, l\u2019oxydation et le contact avec des substances corrosives telles que les acides et les alcalis, et doivent \u00eatre herm\u00e9tiquement scell\u00e9es et tenues \u00e0 l\u2019\u00e9cart des sources de chaleur et d\u2019inflammation, afin d\u2019\u00e9viter les modifications de leurs propri\u00e9t\u00e9s physiques et chimiques. Changement.<\/p>\n","protected":false},"excerpt":{"rendered":"<p><span style=\"color: #3366ff;\"><a style=\"color: #3366ff;\" href=\"https:\/\/vimaterial.de\/fr\/product\/sulfure-de-cuivre-et-dindium\/\">Sulfure de cuivre et d&#8217;indium<\/a> <\/span>La poudre est une poudre compos\u00e9e de cuivre, d\u2019indium et de soufre, g\u00e9n\u00e9ralement de couleur noire ou gris fonc\u00e9, elle a des applications importantes dans le domaine des cellules solaires, des mat\u00e9riaux photovolta\u00efques et d\u2019autres domaines, c\u2019est un mat\u00e9riau semi-conducteur avec de bonnes propri\u00e9t\u00e9s photovolta\u00efques.<\/p>\n<p>VImaterial produit de la poudre de sulfure de cuivre et d\u2019indium \u00e0 un prix bon march\u00e9 et d\u2019une grande puret\u00e9, ce produit est souvent utilis\u00e9 dans la production d\u2019excellentes propri\u00e9t\u00e9s opto\u00e9lectroniques, notre soci\u00e9t\u00e9 commence \u00e0 partir d\u2019une petite quantit\u00e9, le produit est emball\u00e9 dans de petits emballages, qui peuvent \u00eatre utilis\u00e9s pour vos exp\u00e9riences, nous avons une \u00e9quipe technique professionnelle, si vous avez des questions, veuillez <span style=\"color: #3366ff;\"><a style=\"color: #3366ff;\" href=\"https:\/\/vimaterial.de\/fr\/contact\/\">nous contacter<\/a><\/span>.<\/p>\n","protected":false},"featured_media":1003215,"comment_status":"open","ping_status":"closed","template":"","meta":{"_acf_changed":false},"product_brand":[],"product_cat":[238],"product_tag":[],"class_list":{"0":"post-1016743","1":"product","2":"type-product","3":"status-publish","4":"has-post-thumbnail","6":"product_cat-materiaux-de-chalcogenure","8":"first","9":"instock","10":"shipping-taxable","11":"product-type-variable"},"acf":[],"_links":{"self":[{"href":"https:\/\/vimaterial.de\/fr\/wp-json\/wp\/v2\/product\/1016743","targetHints":{"allow":["GET"]}}],"collection":[{"href":"https:\/\/vimaterial.de\/fr\/wp-json\/wp\/v2\/product"}],"about":[{"href":"https:\/\/vimaterial.de\/fr\/wp-json\/wp\/v2\/types\/product"}],"replies":[{"embeddable":true,"href":"https:\/\/vimaterial.de\/fr\/wp-json\/wp\/v2\/comments?post=1016743"}],"wp:featuredmedia":[{"embeddable":true,"href":"https:\/\/vimaterial.de\/fr\/wp-json\/wp\/v2\/media\/1003215"}],"wp:attachment":[{"href":"https:\/\/vimaterial.de\/fr\/wp-json\/wp\/v2\/media?parent=1016743"}],"wp:term":[{"taxonomy":"product_brand","embeddable":true,"href":"https:\/\/vimaterial.de\/fr\/wp-json\/wp\/v2\/product_brand?post=1016743"},{"taxonomy":"product_cat","embeddable":true,"href":"https:\/\/vimaterial.de\/fr\/wp-json\/wp\/v2\/product_cat?post=1016743"},{"taxonomy":"product_tag","embeddable":true,"href":"https:\/\/vimaterial.de\/fr\/wp-json\/wp\/v2\/product_tag?post=1016743"}],"curies":[{"name":"wp","href":"https:\/\/api.w.org\/{rel}","templated":true}]}}