{"id":1016728,"date":"2024-06-17T15:00:39","date_gmt":"2024-06-17T07:00:39","guid":{"rendered":"https:\/\/vimaterial.de\/product\/seleniure-de-cuivre-et-dindium-2\/"},"modified":"2025-04-08T15:55:53","modified_gmt":"2025-04-08T07:55:53","slug":"seleniure-de-cuivre-et-dindium-2","status":"publish","type":"product","link":"https:\/\/vimaterial.de\/fr\/product\/seleniure-de-cuivre-et-dindium-2\/","title":{"rendered":"S\u00e9l\u00e9niure de cuivre et d\u2019indium"},"content":{"rendered":"<p>La poudre de <span style=\"color: #0000ff;\"><a style=\"color: #0000ff;\" href=\"https:\/\/vimaterial.de\/fr\/product\/sulfure-de-cuivre-et-dindium-2\/\">s\u00e9l\u00e9niure de cuivre et d&#8217;indium<\/a><\/span> est une sorte de fines particules solides aux propri\u00e9t\u00e9s physicochimiques sp\u00e9cifiques compos\u00e9es de trois \u00e9l\u00e9ments : le cuivre, l\u2019indium et le s\u00e9l\u00e9nium, qui ont des applications importantes dans les cellules solaires et d\u2019autres domaines.<\/p>\n<p>VImaterial dispose d\u2019une \u00e9quipe de techniciens sp\u00e9cialis\u00e9s qui peuvent contr\u00f4ler avec pr\u00e9cision le rapport entre le cuivre, l\u2019indium et le s\u00e9l\u00e9nium dans les granul\u00e9s de s\u00e9l\u00e9niure de cuivre et d\u2019indium afin de garantir une puret\u00e9 et une stabilit\u00e9 \u00e9lev\u00e9es. Nous sommes en mesure de personnaliser la taille et la forme des particules en fonction de vos besoins, alors <a href=\"https:\/\/vimaterial.de\/fr\/contact\/\"><span style=\"color: #0000ff;\">n\u2019h\u00e9sitez pas \u00e0 nous contacter<\/span><\/a> si vous avez des questions.<\/p>\n<h2><span style=\"font-size: 14pt;\">Propri\u00e9t\u00e9s physiques<\/span><\/h2>\n<p>Formule mol\u00e9culaire : CuInSe\u2082<\/p>\n<p>Poids mol\u00e9culaire : environ 337,29200<\/p>\n<p>Aspect : G\u00e9n\u00e9ralement noir ou gris poudreux solide.<\/p>\n<p>Densit\u00e9 : environ 5,7 g\/cm\u00b3.<\/p>\n<p>Point de fusion : environ 1070\u00b0C-990\u00b0C.<\/p>\n<p>Structure cristalline : Structure cristalline de chalcopyrite avec syst\u00e8me cristallin t\u00e9tragonal.<\/p>\n<h2><span style=\"font-size: 14pt;\">Applications<\/span><\/h2>\n<p>Champ d\u2019\u00e9nergie solaire : C\u2019est le mat\u00e9riau cl\u00e9 pour la production de cellules solaires \u00e0 couche mince \u00e0 haut rendement, qui peuvent convertir efficacement la lumi\u00e8re du soleil en \u00e9lectricit\u00e9.<\/p>\n<p>Opto\u00e9lectronique : Les particules de s\u00e9l\u00e9niure de cuivre et d\u2019indium sont utilis\u00e9es dans les photod\u00e9tecteurs, les capteurs de lumi\u00e8re et d\u2019autres dispositifs opto\u00e9lectroniques, o\u00f9 leur capacit\u00e9 \u00e0 absorber et \u00e0 convertir les signaux lumineux les rend id\u00e9ales pour une utilisation dans de telles applications.<\/p>\n<p>Technologie d\u2019affichage : Les particules de s\u00e9l\u00e9niure de cuivre et d\u2019indium sont parfois utilis\u00e9es pour fabriquer des transistors \u00e0 couche mince, un composant cl\u00e9 des \u00e9crans \u00e0 cristaux liquides et des \u00e9crans \u00e0 diodes \u00e9lectroluminescentes organiques.<\/p>\n<p>Rev\u00eatements \u00e9nerg\u00e9tiques : peuvent \u00eatre utilis\u00e9s pour produire des rev\u00eatements avec des propri\u00e9t\u00e9s \u00e9lectroniques ou optiques sp\u00e9cifiques pour une vari\u00e9t\u00e9 de dispositifs optiques avanc\u00e9s tels que les fen\u00eatres \u00e9conomes en \u00e9nergie.<\/p>\n<h2><span style=\"font-size: 14pt;\">Contr\u00f4le qualit\u00e9<\/span><\/h2>\n<p><span style=\"color: #0000ff;\"><a style=\"color: #0000ff;\" href=\"https:\/\/vimaterial.de\/fr\/controle-qualite\/\">Chaque lot<\/a><\/span> de produits sera inspect\u00e9, notre processus de production dispose d\u2019un syst\u00e8me de contr\u00f4le de qualit\u00e9 strict, des mati\u00e8res premi\u00e8res \u00e0 l\u2019inspection finale, chaque lien de production dispose d\u2019une auto-inspection et d\u2019une r\u00e9inspection, et d\u2019une inspection IPQC. Nous fournissons \u00e9galement des \u00e9chantillons aux clients pour qu\u2019ils les r\u00e9inspectent, si le client dispose d\u2019un organisme d\u2019inspection d\u00e9sign\u00e9, nous soutenons \u00e9galement l\u2019inspection par un tiers et \u00e9mettons des rapports d\u2019inspection.<\/p>\n<h2><span style=\"font-size: 14pt;\">Emballage et stockage<\/span><\/h2>\n<p>Les pastilles de s\u00e9l\u00e9niure de cuivre et d\u2019indium doivent \u00eatre stock\u00e9es dans un environnement sec, frais et bien ventil\u00e9, scell\u00e9 pour \u00e9viter l\u2019humidit\u00e9 et l\u2019oxydation, et isol\u00e9 des substances corrosives telles que les acides et les alcalis, et \u00e9vit\u00e9 de l\u2019irradiation prolong\u00e9e de la lumi\u00e8re vive et \u00e0 haute temp\u00e9rature. Il doit \u00e9galement \u00eatre prot\u00e9g\u00e9 d\u2019une exposition prolong\u00e9e \u00e0 une lumi\u00e8re vive et \u00e0 des temp\u00e9ratures \u00e9lev\u00e9es pour garantir que les propri\u00e9t\u00e9s chimiques et physiques des granul\u00e9s restent stables.<\/p>\n","protected":false},"excerpt":{"rendered":"<p>La poudre de <span style=\"color: #0000ff;\"><a style=\"color: #0000ff;\" href=\"https:\/\/vimaterial.de\/fr\/product\/sulfure-de-cuivre-et-dindium-2\/\">s\u00e9l\u00e9niure de cuivre et d&#8217;indium<\/a><\/span> est une sorte de fines particules solides aux propri\u00e9t\u00e9s physicochimiques sp\u00e9cifiques compos\u00e9es de trois \u00e9l\u00e9ments : le cuivre, l\u2019indium et le s\u00e9l\u00e9nium, qui ont des applications importantes dans les cellules solaires et d\u2019autres domaines.<\/p>\n<p>VImaterial dispose d\u2019une \u00e9quipe de techniciens sp\u00e9cialis\u00e9s qui peuvent contr\u00f4ler avec pr\u00e9cision le rapport entre le cuivre, l\u2019indium et le s\u00e9l\u00e9nium dans les granul\u00e9s de s\u00e9l\u00e9niure de cuivre et d\u2019indium afin de garantir une puret\u00e9 et une stabilit\u00e9 \u00e9lev\u00e9es. Nous sommes en mesure de personnaliser la taille et la forme des particules en fonction de vos besoins, alors <a href=\"https:\/\/vimaterial.de\/fr\/contact\/\"><span style=\"color: #0000ff;\">n\u2019h\u00e9sitez pas \u00e0 nous contacter<\/span><\/a> si vous avez des questions.<\/p>\n","protected":false},"featured_media":1003225,"comment_status":"open","ping_status":"closed","template":"","meta":{"_acf_changed":false},"product_brand":[],"product_cat":[236],"product_tag":[],"class_list":{"0":"post-1016728","1":"product","2":"type-product","3":"status-publish","4":"has-post-thumbnail","6":"product_cat-materiaux-devaporation","8":"first","9":"instock","10":"shipping-taxable","11":"product-type-variable"},"acf":[],"_links":{"self":[{"href":"https:\/\/vimaterial.de\/fr\/wp-json\/wp\/v2\/product\/1016728","targetHints":{"allow":["GET"]}}],"collection":[{"href":"https:\/\/vimaterial.de\/fr\/wp-json\/wp\/v2\/product"}],"about":[{"href":"https:\/\/vimaterial.de\/fr\/wp-json\/wp\/v2\/types\/product"}],"replies":[{"embeddable":true,"href":"https:\/\/vimaterial.de\/fr\/wp-json\/wp\/v2\/comments?post=1016728"}],"wp:featuredmedia":[{"embeddable":true,"href":"https:\/\/vimaterial.de\/fr\/wp-json\/wp\/v2\/media\/1003225"}],"wp:attachment":[{"href":"https:\/\/vimaterial.de\/fr\/wp-json\/wp\/v2\/media?parent=1016728"}],"wp:term":[{"taxonomy":"product_brand","embeddable":true,"href":"https:\/\/vimaterial.de\/fr\/wp-json\/wp\/v2\/product_brand?post=1016728"},{"taxonomy":"product_cat","embeddable":true,"href":"https:\/\/vimaterial.de\/fr\/wp-json\/wp\/v2\/product_cat?post=1016728"},{"taxonomy":"product_tag","embeddable":true,"href":"https:\/\/vimaterial.de\/fr\/wp-json\/wp\/v2\/product_tag?post=1016728"}],"curies":[{"name":"wp","href":"https:\/\/api.w.org\/{rel}","templated":true}]}}