{"id":1016715,"date":"2024-06-17T15:00:43","date_gmt":"2024-06-17T07:00:43","guid":{"rendered":"https:\/\/vimaterial.de\/product\/alliage-de-cuivre-et-de-nickel-2\/"},"modified":"2025-04-02T13:14:16","modified_gmt":"2025-04-02T05:14:16","slug":"alliage-de-cuivre-et-de-nickel-2","status":"publish","type":"product","link":"https:\/\/vimaterial.de\/fr\/product\/alliage-de-cuivre-et-de-nickel-2\/","title":{"rendered":"Alliage de cuivre et de nickel"},"content":{"rendered":"<p><span style=\"color: #0000ff;\"><a style=\"color: #0000ff;\" href=\"https:\/\/vimaterial.de\/fr\/product\/alliage-de-cuivre-et-de-nickel-3\/\">La poudre d\u2019alliage de cuivre et de nickel<\/a><\/span> est une sorte de poudre d\u2019alliage compos\u00e9e de cuivre et de nickel, avec une bonne r\u00e9sistance \u00e0 la corrosion, une r\u00e9sistance \u00e0 l\u2019usure, une conductivit\u00e9 \u00e9lectrique et d\u2019autres caract\u00e9ristiques, peut \u00eatre utilis\u00e9e dans le domaine de l\u2019\u00e9lectronique, de l\u2019industrie chimique, de l\u2019a\u00e9rospatiale, de l\u2019ing\u00e9nierie maritime et d\u2019autres domaines.<\/p>\n<p><span style=\"font-size: 12pt;\">VIMATERIAL produit de la poudre d\u2019alliage cuivre-nickel d\u2019une grande puret\u00e9 et d\u2019une excellente qualit\u00e9, nous pouvons produire selon le rapport des exigences du client et fournir de petits paquets de produits, notre soci\u00e9t\u00e9 dispose d\u2019une \u00e9quipe technique professionnelle, d\u2019un stock suffisant, si vous avez des questions \u00e0 cet \u00e9gard, vous pouvez <a href=\"https:\/\/vimaterial.de\/fr\/contact\/\"><span style=\"color: #0000ff;\">nous contacter<\/span><\/a>.<\/span><\/p>\n<h2><span style=\"font-size: 14pt;\">Propri\u00e9t\u00e9s physiques<\/span><\/h2>\n<p>Formule mol\u00e9culaire : CuNi<\/p>\n<p>Apparence\u00a0: L\u2019alliage de cuivre et de nickel est g\u00e9n\u00e9ralement une poudre gris clair.<\/p>\n<p>Structure cristalline : Dans la plupart des cas, l\u2019alliage de cuivre-nickel maintient une structure cubique centr\u00e9e sur la face, ce qui conf\u00e8re \u00e0 l\u2019alliage une bonne ductilit\u00e9, une bonne t\u00e9nacit\u00e9, une bonne conductivit\u00e9 \u00e9lectrique et d\u2019autres propri\u00e9t\u00e9s physiques.<\/p>\n<h2><span style=\"font-size: 14pt;\">Applications<\/span><\/h2>\n<p>A\u00e9rospatiale : Utilis\u00e9 dans la fabrication d\u2019aubes en superalliage, de disques de turbine et d\u2019autres composants cl\u00e9s des moteurs d\u2019avion pour assurer un fonctionnement stable dans des environnements difficiles tels que les temp\u00e9ratures et les pressions \u00e9lev\u00e9es.<\/p>\n<p>Domaine \u00e9lectronique : en tant que mat\u00e9riau d\u2019emballage \u00e9lectronique, il peut \u00eatre utilis\u00e9 pour r\u00e9soudre les probl\u00e8mes de gestion thermique et de blindage \u00e9lectromagn\u00e9tique des \u00e9quipements \u00e9lectroniques, et am\u00e9liorer la dissipation thermique et les performances \u00e9lectriques des puces.<\/p>\n<p>Champ d\u2019\u00e9nergie : Il peut \u00eatre utilis\u00e9 pour la pr\u00e9paration de tubes de four \u00e0 haute temp\u00e9rature et d\u2019\u00e9changeurs de chaleur et d\u2019autres composants d\u2019\u00e9quipement cl\u00e9s pour assurer le fonctionnement stable de l\u2019\u00e9quipement d\u2019\u00e9nergie \u00e0 haute temp\u00e9rature et \u00e0 haute pression.<\/p>\n<p>Domaine chimique : fabrication de r\u00e9acteurs r\u00e9sistants \u00e0 la corrosion, de pipelines, de vannes et d\u2019autres pi\u00e8ces de machines chimiques pour r\u00e9sister aux milieux corrosifs et prolonger la dur\u00e9e de vie des \u00e9quipements.<\/p>\n<p>Domaine de l\u2019ing\u00e9nierie maritime : fabrication de conduites d\u2019eau de mer, d\u2019\u00e9changeurs de chaleur, de condenseurs et d\u2019autres composants cl\u00e9s des syst\u00e8mes d\u2019eau de mer pour r\u00e9sister \u00e0 l\u2019\u00e9rosion de l\u2019eau de mer et r\u00e9duire les co\u00fbts de maintenance.<\/p>\n<h2><span style=\"font-size: 14pt;\">Contr\u00f4le qualit\u00e9<\/span><\/h2>\n<p><a href=\"https:\/\/vimaterial.de\/fr\/controle-qualite\/\"><span style=\"color: #0000ff;\">Chaque lot<\/span><\/a> de produits sera inspect\u00e9 par les ingr\u00e9dients, nous effectuons un contr\u00f4le de qualit\u00e9 strict, des mati\u00e8res premi\u00e8res \u00e0 l\u2019inspection finale, et pouvons fournir des \u00e9chantillons aux clients pour qu\u2019ils les r\u00e9inspectent. Si les clients ont des exigences particuli\u00e8res, nous pouvons \u00e9galement envoyer un organisme d\u2019inspection tiers pour effectuer l\u2019inspection et \u00e9mettre un rapport d\u2019inspection.<\/p>\n<h2><span style=\"font-size: 14pt;\">Emballage et stockage<\/span><\/h2>\n<p>Les cibles de pulv\u00e9risation en alliage de cuivre-nickel sont g\u00e9n\u00e9ralement emball\u00e9es dans des sacs sous vide doubles.<\/p>\n<p>Les cibles de pulv\u00e9risation en alliage de cuivre-nickel doivent \u00eatre stock\u00e9es dans un environnement sec, propre et bien ventil\u00e9 avec une temp\u00e9rature et une humidit\u00e9 relativement stables, en \u00e9vitant que les cibles ne soient heurt\u00e9es et ray\u00e9es, et en les emp\u00eachant d\u2019\u00eatre oxyd\u00e9es, amorties et contamin\u00e9es par des substances corrosives telles que l\u2019acide et l\u2019alcali, et il est pr\u00e9f\u00e9rable d\u2019utiliser des emballages scell\u00e9s ou de les placer sur les \u00e9tag\u00e8res avec des mesures de protection.<\/p>\n","protected":false},"excerpt":{"rendered":"<p><span style=\"color: #0000ff;\"><a style=\"color: #0000ff;\" href=\"https:\/\/vimaterial.de\/fr\/product\/alliage-de-cuivre-et-de-nickel-3\/\">La poudre d\u2019alliage de cuivre et de nickel<\/a><\/span> est une sorte de poudre d\u2019alliage compos\u00e9e de cuivre et de nickel, avec une bonne r\u00e9sistance \u00e0 la corrosion, une r\u00e9sistance \u00e0 l\u2019usure, une conductivit\u00e9 \u00e9lectrique et d\u2019autres caract\u00e9ristiques, peut \u00eatre utilis\u00e9e dans le domaine de l\u2019\u00e9lectronique, de l\u2019industrie chimique, de l\u2019a\u00e9rospatiale, de l\u2019ing\u00e9nierie maritime et d\u2019autres domaines.<\/p>\n<p><span style=\"font-size: 12pt;\">VIMATERIAL produit de la poudre d\u2019alliage cuivre-nickel d\u2019une grande puret\u00e9 et d\u2019une excellente qualit\u00e9, nous pouvons produire selon le rapport des exigences du client et fournir de petits paquets de produits, notre soci\u00e9t\u00e9 dispose d\u2019une \u00e9quipe technique professionnelle, d\u2019un stock suffisant, si vous avez des questions \u00e0 cet \u00e9gard, vous pouvez <a href=\"https:\/\/vimaterial.de\/fr\/contact\/\"><span style=\"color: #0000ff;\">nous contacter<\/span><\/a>.<\/span><\/p>\n","protected":false},"featured_media":1003235,"comment_status":"open","ping_status":"closed","template":"","meta":{"_acf_changed":false},"product_brand":[],"product_cat":[250],"product_tag":[],"class_list":{"0":"post-1016715","1":"product","2":"type-product","3":"status-publish","4":"has-post-thumbnail","6":"product_cat-poudre-de-metal-pur-et-dalliage","8":"first","9":"instock","10":"shipping-taxable","11":"purchasable","12":"product-type-variable"},"acf":[],"_links":{"self":[{"href":"https:\/\/vimaterial.de\/fr\/wp-json\/wp\/v2\/product\/1016715","targetHints":{"allow":["GET"]}}],"collection":[{"href":"https:\/\/vimaterial.de\/fr\/wp-json\/wp\/v2\/product"}],"about":[{"href":"https:\/\/vimaterial.de\/fr\/wp-json\/wp\/v2\/types\/product"}],"replies":[{"embeddable":true,"href":"https:\/\/vimaterial.de\/fr\/wp-json\/wp\/v2\/comments?post=1016715"}],"wp:featuredmedia":[{"embeddable":true,"href":"https:\/\/vimaterial.de\/fr\/wp-json\/wp\/v2\/media\/1003235"}],"wp:attachment":[{"href":"https:\/\/vimaterial.de\/fr\/wp-json\/wp\/v2\/media?parent=1016715"}],"wp:term":[{"taxonomy":"product_brand","embeddable":true,"href":"https:\/\/vimaterial.de\/fr\/wp-json\/wp\/v2\/product_brand?post=1016715"},{"taxonomy":"product_cat","embeddable":true,"href":"https:\/\/vimaterial.de\/fr\/wp-json\/wp\/v2\/product_cat?post=1016715"},{"taxonomy":"product_tag","embeddable":true,"href":"https:\/\/vimaterial.de\/fr\/wp-json\/wp\/v2\/product_tag?post=1016715"}],"curies":[{"name":"wp","href":"https:\/\/api.w.org\/{rel}","templated":true}]}}