{"id":1016710,"date":"2024-06-17T15:00:43","date_gmt":"2024-06-17T07:00:43","guid":{"rendered":"https:\/\/vimaterial.de\/product\/seleniure-de-cuivre-et-dindium\/"},"modified":"2025-04-08T13:27:58","modified_gmt":"2025-04-08T05:27:58","slug":"seleniure-de-cuivre-et-dindium","status":"publish","type":"product","link":"https:\/\/vimaterial.de\/fr\/product\/seleniure-de-cuivre-et-dindium\/","title":{"rendered":"S\u00e9l\u00e9niure de cuivre et d\u2019indium"},"content":{"rendered":"<p>La poudre de <span style=\"color: #0000ff;\"><a style=\"color: #0000ff;\" href=\"https:\/\/vimaterial.de\/fr\/product\/seleniure-de-cuivre-et-dindium-2\/\">s\u00e9l\u00e9niure de cuivre et d&#8217;indium<\/a> <\/span>est une poudre solide noire de formule mol\u00e9culaire CuInSe\u2082 et de poids mol\u00e9culaire de 336,284, qui est principalement utilis\u00e9e dans les domaines des cellules solaires, des photod\u00e9tecteurs et de l\u2019imagerie thermique.<\/p>\n<p>La poudre de s\u00e9l\u00e9niure de cuivre et d\u2019indium de VIMATERIAL est une poudre noire de haute puret\u00e9 \u00e0 99,999\u00a0%. Notre poudre de s\u00e9l\u00e9niure de cuivre et d\u2019indium est d\u2019une puret\u00e9 et d\u2019une qualit\u00e9 \u00e9lev\u00e9es et peut \u00eatre personnalis\u00e9e en petites quantit\u00e9s pour r\u00e9pondre \u00e0 vos besoins. Nous fournissons une \u00e9quipe professionnelle de R &amp; D, vous pouvez <span style=\"color: #0000ff;\"><a style=\"color: #0000ff;\" href=\"https:\/\/vimaterial.de\/fr\/contact\/\">nous contacter<\/a><\/span> si vous avez des questions.<\/p>\n<h2><span style=\"font-size: 14pt;\">Propri\u00e9t\u00e9s physiques<\/span><\/h2>\n<p>Formule mol\u00e9culaire : CuInSe\u2082<\/p>\n<p>Poids mol\u00e9culaire : 336,284<\/p>\n<p>Apparence\u00a0: g\u00e9n\u00e9ralement poudre noire<\/p>\n<p>Densit\u00e9 : environ 5,77 g\/cc<\/p>\n<p>Point de fusion : environ 1327\u00b0C<\/p>\n<p>Structure cristalline : Structure t\u00e9tragonale de chalcopyrite<\/p>\n<h2><span style=\"font-size: 14pt;\">Applications<\/span><\/h2>\n<p>\u00c9nergie solaire\u00a0: La poudre de s\u00e9l\u00e9niure de cuivre et d\u2019indium est un mat\u00e9riau cl\u00e9 dans la fabrication de cellules solaires \u00e0 couche mince, qui peuvent convertir efficacement la lumi\u00e8re du soleil en \u00e9lectricit\u00e9.<\/p>\n<p>Thermo\u00e9lectricit\u00e9\u00a0: En tant que mat\u00e9riau thermo\u00e9lectrique, il peut \u00eatre utilis\u00e9 pour la production d\u2019\u00e9nergie par diff\u00e9rence de temp\u00e9rature, r\u00e9alisant la conversion mutuelle de l\u2019\u00e9nergie thermique et de l\u2019\u00e9nergie \u00e9lectrique, et appliqu\u00e9 \u00e0 la r\u00e9cup\u00e9ration de la chaleur r\u00e9siduelle.<\/p>\n<p>Champ des dispositifs opto\u00e9lectroniques : Sur la base de ses propri\u00e9t\u00e9s semi-conductrices, il peut \u00eatre utilis\u00e9 pour fabriquer des photod\u00e9tecteurs pour d\u00e9tecter la lumi\u00e8re infrarouge et proche infrarouge, qui joue un r\u00f4le dans le domaine de la communication et de la surveillance de l\u2019environnement.<\/p>\n<p>Champ optique infrarouge : la poudre a une bonne transmission de la lumi\u00e8re dans la bande infrarouge, peut \u00eatre utilis\u00e9e pour fabriquer des fen\u00eatres infrarouges, des lentilles et d\u2019autres composants optiques, utilis\u00e9s dans les cam\u00e9ras d\u2019imagerie thermique et d\u2019autres \u00e9quipements.<\/p>\n<p>Champ d\u2019imagerie thermique : C\u2019est un mat\u00e9riau important pour les cam\u00e9ras et les capteurs d\u2019imagerie thermique, qui aide \u00e0 visualiser les motifs thermiques et les diff\u00e9rences de temp\u00e9rature, et est utilis\u00e9 pour la s\u00e9curit\u00e9 et l\u2019inspection industrielle.<\/p>\n<p>Recherche sur les mat\u00e9riaux : Il s\u2019agit d\u2019un objet important pour les scientifiques des mat\u00e9riaux qui \u00e9tudient les mat\u00e9riaux avanc\u00e9s, et est utilis\u00e9 pour explorer les propri\u00e9t\u00e9s \u00e9lectroniques et d\u00e9velopper de nouveaux compos\u00e9s avec de nouvelles caract\u00e9ristiques.<\/p>\n<h2><span style=\"font-size: 14pt;\">Contr\u00f4le de la qualit\u00e9<\/span><\/h2>\n<p><span style=\"color: #0000ff;\"><a style=\"color: #0000ff;\" href=\"https:\/\/vimaterial.de\/fr\/controle-qualite\/\">La<\/a> <\/span>composition, la taille des particules et d\u2019autres caract\u00e9ristiques seront analys\u00e9es pour chaque lot de produits, un rapport d\u2019inspection sera d\u00e9livr\u00e9 et des \u00e9chantillons de chaque lot de produits seront fournis aux clients pour une nouvelle inspection. Une inspection par un tiers est \u00e9galement disponible sur demande.<\/p>\n<h2><span style=\"font-size: 14pt;\">Emballage et stockage<\/span><\/h2>\n<p>Nous utilisons des sacs sous vide doubles ou des bouteilles sous vide doubles avec une taille d\u2019emballage minimale de 50 g. Des forfaits plus petits sont \u00e9galement disponibles en fonction de vos besoins.<\/p>\n<p>La poudre de s\u00e9l\u00e9niure de cuivre et d\u2019indium doit \u00eatre stock\u00e9e dans un environnement sec, frais, \u00e9tanche \u00e0 la lumi\u00e8re et bien scell\u00e9 pour \u00e9viter l\u2019humidit\u00e9, l\u2019oxydation et \u00e0 l\u2019abri du feu et des sources de chaleur, et en m\u00eame temps doit \u00eatre prot\u00e9g\u00e9e des dommages m\u00e9caniques et du contact avec des substances incompatibles conform\u00e9ment aux exigences pour le stockage de produits chimiques dangereux.<\/p>\n","protected":false},"excerpt":{"rendered":"<p>La poudre de <span style=\"color: #0000ff;\"><a style=\"color: #0000ff;\" href=\"https:\/\/vimaterial.de\/fr\/product\/seleniure-de-cuivre-et-dindium-2\/\">s\u00e9l\u00e9niure de cuivre et d&#8217;indium<\/a> <\/span>est une poudre solide noire de formule mol\u00e9culaire CuInSe\u2082 et de poids mol\u00e9culaire de 336,284, qui est principalement utilis\u00e9e dans les domaines des cellules solaires, des photod\u00e9tecteurs et de l\u2019imagerie thermique.<\/p>\n<p>La poudre de s\u00e9l\u00e9niure de cuivre et d\u2019indium de VIMATERIAL est une poudre noire de haute puret\u00e9 \u00e0 99,999\u00a0%. Notre poudre de s\u00e9l\u00e9niure de cuivre et d\u2019indium est d\u2019une puret\u00e9 et d\u2019une qualit\u00e9 \u00e9lev\u00e9es et peut \u00eatre personnalis\u00e9e en petites quantit\u00e9s pour r\u00e9pondre \u00e0 vos besoins. Nous fournissons une \u00e9quipe professionnelle de R &amp; D, vous pouvez <span style=\"color: #0000ff;\"><a style=\"color: #0000ff;\" href=\"https:\/\/vimaterial.de\/fr\/contact\/\">nous contacter<\/a><\/span> si vous avez des questions.<\/p>\n","protected":false},"featured_media":1003225,"comment_status":"open","ping_status":"closed","template":"","meta":{"_acf_changed":false},"product_brand":[],"product_cat":[238],"product_tag":[],"class_list":{"0":"post-1016710","1":"product","2":"type-product","3":"status-publish","4":"has-post-thumbnail","6":"product_cat-materiaux-de-chalcogenure","8":"first","9":"instock","10":"shipping-taxable","11":"product-type-variable"},"acf":[],"_links":{"self":[{"href":"https:\/\/vimaterial.de\/fr\/wp-json\/wp\/v2\/product\/1016710","targetHints":{"allow":["GET"]}}],"collection":[{"href":"https:\/\/vimaterial.de\/fr\/wp-json\/wp\/v2\/product"}],"about":[{"href":"https:\/\/vimaterial.de\/fr\/wp-json\/wp\/v2\/types\/product"}],"replies":[{"embeddable":true,"href":"https:\/\/vimaterial.de\/fr\/wp-json\/wp\/v2\/comments?post=1016710"}],"wp:featuredmedia":[{"embeddable":true,"href":"https:\/\/vimaterial.de\/fr\/wp-json\/wp\/v2\/media\/1003225"}],"wp:attachment":[{"href":"https:\/\/vimaterial.de\/fr\/wp-json\/wp\/v2\/media?parent=1016710"}],"wp:term":[{"taxonomy":"product_brand","embeddable":true,"href":"https:\/\/vimaterial.de\/fr\/wp-json\/wp\/v2\/product_brand?post=1016710"},{"taxonomy":"product_cat","embeddable":true,"href":"https:\/\/vimaterial.de\/fr\/wp-json\/wp\/v2\/product_cat?post=1016710"},{"taxonomy":"product_tag","embeddable":true,"href":"https:\/\/vimaterial.de\/fr\/wp-json\/wp\/v2\/product_tag?post=1016710"}],"curies":[{"name":"wp","href":"https:\/\/api.w.org\/{rel}","templated":true}]}}