{"id":1016662,"date":"2024-06-17T15:00:46","date_gmt":"2024-06-17T07:00:46","guid":{"rendered":"https:\/\/vimaterial.de\/product\/oxyde-de-cuivre-ii-2\/"},"modified":"2024-07-17T12:36:50","modified_gmt":"2024-07-17T04:36:50","slug":"oxyde-de-cuivre-ii-2","status":"publish","type":"product","link":"https:\/\/vimaterial.de\/fr\/product\/oxyde-de-cuivre-ii-2\/","title":{"rendered":"Oxyde cuivrique (II)"},"content":{"rendered":"<p>Caract\u00e9ristiqueL\u2019oxyde de cuivre(II) ou oxyde cuivrique est le compos\u00e9 inorganique de formule CuO. Solide noir, c\u2019est l\u2019un des deux oxydes stables du cuivre, l\u2019autre \u00e9tant le Cu2O ou oxyde cuivreux. En tant que min\u00e9ral, il est connu sous le nom de t\u00e9norite. C\u2019est un produit de l\u2019extraction du cuivre et le pr\u00e9curseur de nombreux autres produits et compos\u00e9s chimiques contenant du cuivre. Formule chimique&nbsp;:CuOMmasse ol\u00e9aire&nbsp;:79.545 g\/molApparence&nbsp;:poudre noire \u00e0 bruneDensit\u00e9&nbsp;:6.315 g\/cm3Point de fusion&nbsp;:1 326 \u00b0C (2 419 \u00b0F&nbsp;; 1 599 K)Point d\u2019\u00e9bullition&nbsp;:2 000 \u00b0C (3 630 \u00b0F&nbsp;; 2 270 K)Solubilit\u00e9 dans l\u2019eau&nbsp;:insoluble\u00c9cart de bande&nbsp;:1.2 eVMensibilit\u00e9 magn\u00e9tique (\u03c7)&nbsp;:+238.9\u00b710\u22126 cm3\/molIndice de r\u00e9fraction (nD)&nbsp;:2.63Structure cristalline&nbsp;:monoclinique, mS8ApplicationEn tant que produit important de l\u2019extraction du cuivre, l\u2019oxyde de cuivre(II) est le point de d\u00e9part de la production d\u2019autres sels de cuivre. Par exemple, de nombreux produits de pr\u00e9servation du bois sont produits \u00e0 partir d\u2019oxyde de cuivre. L\u2019oxyde cuivrique est utilis\u00e9 comme pigment dans la c\u00e9ramique pour produire des \u00e9maux bleus, rouges et verts, et parfois gris, roses ou noirs. Il est \u00e9galement utilis\u00e9 \u00e0 tort comme compl\u00e9ment alimentaire dans l\u2019alimentation animale. En raison de la faible bioactivit\u00e9, le cuivre est absorb\u00e9 de mani\u00e8re n\u00e9gligeable. Il est \u00e9galement utilis\u00e9 pour le soudage avec des alliages de cuivre. Une \u00e9lectrode d\u2019oxyde de cuivre faisait partie du premier type de batterie connu sous le nom de pile Edison-Lalande. L\u2019oxyde de cuivre a \u00e9galement \u00e9t\u00e9 utilis\u00e9 dans un type de batterie au lithium<\/p>\n","protected":false},"excerpt":{"rendered":"<p>Caract\u00e9ristiqueL\u2019oxyde de cuivre(II) ou oxyde cuivrique est le compos\u00e9 inorganique de formule CuO. Solide noir, c\u2019est l\u2019un des deux oxydes stables du cuivre, l\u2019autre \u00e9tant le Cu2O ou oxyde cuivreux. En tant que min\u00e9ral, il est connu sous le nom de t\u00e9norite. C\u2019est un produit de l\u2019extraction du cuivre et le pr\u00e9curseur de nombreux autres [&hellip;]<\/p>\n","protected":false},"featured_media":1003269,"comment_status":"open","ping_status":"closed","template":"","meta":{"_acf_changed":false},"product_brand":[],"product_cat":[235],"product_tag":[],"class_list":{"0":"post-1016662","1":"product","2":"type-product","3":"status-publish","4":"has-post-thumbnail","6":"product_cat-cibles-de-pulverisation-planaire","8":"first","9":"instock","10":"shipping-taxable","11":"purchasable","12":"product-type-variable"},"acf":[],"_links":{"self":[{"href":"https:\/\/vimaterial.de\/fr\/wp-json\/wp\/v2\/product\/1016662","targetHints":{"allow":["GET"]}}],"collection":[{"href":"https:\/\/vimaterial.de\/fr\/wp-json\/wp\/v2\/product"}],"about":[{"href":"https:\/\/vimaterial.de\/fr\/wp-json\/wp\/v2\/types\/product"}],"replies":[{"embeddable":true,"href":"https:\/\/vimaterial.de\/fr\/wp-json\/wp\/v2\/comments?post=1016662"}],"wp:featuredmedia":[{"embeddable":true,"href":"https:\/\/vimaterial.de\/fr\/wp-json\/wp\/v2\/media\/1003269"}],"wp:attachment":[{"href":"https:\/\/vimaterial.de\/fr\/wp-json\/wp\/v2\/media?parent=1016662"}],"wp:term":[{"taxonomy":"product_brand","embeddable":true,"href":"https:\/\/vimaterial.de\/fr\/wp-json\/wp\/v2\/product_brand?post=1016662"},{"taxonomy":"product_cat","embeddable":true,"href":"https:\/\/vimaterial.de\/fr\/wp-json\/wp\/v2\/product_cat?post=1016662"},{"taxonomy":"product_tag","embeddable":true,"href":"https:\/\/vimaterial.de\/fr\/wp-json\/wp\/v2\/product_tag?post=1016662"}],"curies":[{"name":"wp","href":"https:\/\/api.w.org\/{rel}","templated":true}]}}