{"id":1016658,"date":"2024-06-17T15:00:45","date_gmt":"2024-06-17T07:00:45","guid":{"rendered":"https:\/\/vimaterial.de\/product\/oxyde-de-cuivre-ii\/"},"modified":"2025-04-02T10:24:59","modified_gmt":"2025-04-02T02:24:59","slug":"oxyde-de-cuivre-ii","status":"publish","type":"product","link":"https:\/\/vimaterial.de\/fr\/product\/oxyde-de-cuivre-ii\/","title":{"rendered":"Oxyde cuivrique (II)"},"content":{"rendered":"<p><span style=\"color: #0000ff;\"><a style=\"color: #0000ff;\" href=\"https:\/\/vimaterial.de\/fr\/product\/oxyde-de-cuivre-ii-2\/\">Oxyde cuivrique (II)<\/a><\/span>La poudre est un cristal monoclinique noir ou une poudre cristalline amorphe noire \u00e0 noir brun\u00e2tre, insoluble dans l\u2019eau et l\u2019alcool, soluble dans les acides dilu\u00e9s, etc. Il a une large gamme d\u2019applications comme r\u00e9actif analytique, agent oxydant, catalyseur, et est \u00e9galement utilis\u00e9 dans la coloration de la c\u00e9ramique et du verre, la fabrication de batteries, la d\u00e9sulfuration du p\u00e9trole, le soudage et d\u2019autres domaines.<\/p>\n<p>VIMATERIAL produit de la poudre d\u2019oxyde cuivrique (II) avec une puret\u00e9 allant de 99,9 % \u00e0 99,995 %, de la nanopoudre \u00e0 la poudre micronis\u00e9e. Notre contr\u00f4le de qualit\u00e9 est tr\u00e8s strict, avec des contr\u00f4les de qualit\u00e9 complets sur chaque lot et chaque produit. Car toutes les mati\u00e8res premi\u00e8res peuvent \u00eatre retrac\u00e9es jusqu\u2019\u00e0 la cause profonde. <a href=\"https:\/\/vimaterial.de\/fr\/contact\/\"><span style=\"color: #0000ff;\">Contactez-nous.<\/span><\/a><\/p>\n<h2><span style=\"font-size: 14pt;\">Propri\u00e9t\u00e9s physiques<\/span><\/h2>\n<p>Formule mol\u00e9culaire : CuO<\/p>\n<p>Poids mol\u00e9culaire : 79,545 g\/mol<\/p>\n<p>Apparence\u00a0: G\u00e9n\u00e9ralement cristal monoclinique noir ou poudre cristalline amorphe noire \u00e0 noir brun\u00e2tre.<\/p>\n<p>Densit\u00e9 : 6,315 g\/cm\u00b3<\/p>\n<p>Point de fusion : 1326\u00b0C.<\/p>\n<p>Point d\u2019\u00e9bullition : 2000\u00b0C.<\/p>\n<p>Structure cristalline : Monoclinique.<\/p>\n<h2><span style=\"font-size: 14pt;\">Composition chimique <\/span><\/h2>\n<table style=\"border-collapse: collapse; width: 100%; height: 72px;\">\n<tbody>\n<tr style=\"height: 24px;\">\n<td style=\"width: 11.1111%; height: 24px; text-align: center;\" colspan=\"9\"><strong>composition de l\u2019oxyde cuivrique (II) (\u00a0% en poids)<\/strong><\/td>\n<\/tr>\n<tr style=\"height: 24px;\">\n<td style=\"width: 11.1111%; height: 24px; text-align: center;\">CuO<\/td>\n<td style=\"width: 11.1111%; height: 24px; text-align: center;\">Fe<\/td>\n<td style=\"width: 11.1111%; height: 24px; text-align: center;\">Ni<\/td>\n<td style=\"width: 11.1111%; height: 24px; text-align: center;\">Al<\/td>\n<td style=\"width: 11.1111%; height: 24px; text-align: center;\">Zn<\/td>\n<td style=\"width: 11.1111%; height: 24px; text-align: center;\">Mg<\/td>\n<td style=\"width: 11.1111%; height: 24px; text-align: center;\">Mn<\/td>\n<td style=\"width: 11.1111%; height: 24px; text-align: center;\">Cr<\/td>\n<td style=\"width: 11.1111%; height: 24px; text-align: center;\">Cd<\/td>\n<\/tr>\n<tr style=\"height: 24px;\">\n<td style=\"width: 11.1111%; height: 24px; text-align: center;\">99.99<\/td>\n<td style=\"width: 11.1111%; height: 24px; text-align: center;\">0.002<\/td>\n<td style=\"width: 11.1111%; height: 24px; text-align: center;\">0.001<\/td>\n<td style=\"width: 11.1111%; height: 24px; text-align: center;\">0.001<\/td>\n<td style=\"width: 11.1111%; height: 24px; text-align: center;\">0.001<\/td>\n<td style=\"width: 11.1111%; height: 24px; text-align: center;\">0.0008<\/td>\n<td style=\"width: 11.1111%; height: 24px; text-align: center;\">0.0003<\/td>\n<td style=\"width: 11.1111%; height: 24px; text-align: center;\">0.00001<\/td>\n<td style=\"width: 11.1111%; height: 24px; text-align: center;\">0.0001<\/td>\n<\/tr>\n<\/tbody>\n<\/table>\n<p>&nbsp;<\/p>\n<h2><span style=\"font-size: 14pt;\">Applications<\/span><\/h2>\n<p>Industrie des batteries : C\u2019est l\u2019une des mati\u00e8res premi\u00e8res les plus importantes pour la fabrication de batteries, par exemple, elle joue un r\u00f4le dans les batteries zinc-cuivre.<\/p>\n<p>Industrie p\u00e9trochimique : en tant que d\u00e9sulfurateur de p\u00e9trole, \u00e9liminant efficacement le soufre dans le p\u00e9trole.<\/p>\n<p>Champ catalytique : couramment utilis\u00e9 comme catalyseur pour les r\u00e9actions de synth\u00e8se organique, comme dans l\u2019oxydation des alcools comme catalyseur.<\/p>\n<p>Mat\u00e9riaux \u00e9lectroniques : peuvent \u00eatre utilis\u00e9s pour pr\u00e9parer des mat\u00e9riaux semi-conducteurs, des mat\u00e9riaux supraconducteurs, etc., avec des propri\u00e9t\u00e9s \u00e9lectriques uniques.<\/p>\n<p>Champ optique : comme agent de polissage du verre optique, utilis\u00e9 pour am\u00e9liorer la qualit\u00e9 de surface et les propri\u00e9t\u00e9s optiques du verre optique.<\/p>\n<h2><span style=\"font-size: 14pt;\">Contr\u00f4le de la qualit\u00e9<\/span><\/h2>\n<p><span style=\"color: #0000ff;\"><a style=\"color: #0000ff;\" href=\"https:\/\/vimaterial.de\/fr\/controle-qualite\/\">La<\/a><\/span> composition, la taille des particules et d\u2019autres caract\u00e9ristiques seront analys\u00e9es pour chaque lot de produits, un rapport d\u2019inspection sera d\u00e9livr\u00e9 et des \u00e9chantillons de chaque lot de produits seront fournis aux clients pour une nouvelle inspection. Une inspection par un tiers est \u00e9galement disponible sur demande.<\/p>\n<h2><span style=\"font-size: 14pt;\">Emballage et stockage<\/span><\/h2>\n<p>Nous utilisons des sacs sous vide double ou des bouteilles sous vide double d\u2019une capacit\u00e9 minimale de 50g.<\/p>\n<p>Les poudres d\u2019oxyde cuivrique (II) doivent \u00eatre stock\u00e9es dans un environnement sec et bien ventil\u00e9, \u00e0 l\u2019abri du feu, de la chaleur et des acides, et doivent \u00eatre scell\u00e9es pour \u00e9viter l\u2019humidit\u00e9 et le contact avec d\u2019autres substances potentiellement r\u00e9actives, ainsi qu\u2019\u00e9tiquet\u00e9es et prot\u00e9g\u00e9es conform\u00e9ment aux r\u00e9glementations de s\u00e9curit\u00e9 en vigueur.<\/p>\n","protected":false},"excerpt":{"rendered":"<p><span style=\"color: #0000ff;\"><a style=\"color: #0000ff;\" href=\"https:\/\/vimaterial.de\/fr\/product\/oxyde-de-cuivre-ii-2\/\">Oxyde cuivrique (II)<\/a><\/span>La poudre est un cristal monoclinique noir ou une poudre cristalline amorphe noire \u00e0 noir brun\u00e2tre, insoluble dans l\u2019eau et l\u2019alcool, soluble dans les acides dilu\u00e9s, etc.<\/p>\n<p>Il a une large gamme d\u2019applications comme r\u00e9actif analytique, agent oxydant, catalyseur, et est \u00e9galement utilis\u00e9 dans la coloration de la c\u00e9ramique et du verre, la fabrication de batteries, la d\u00e9sulfuration du p\u00e9trole, le soudage et d\u2019autres domaines.<\/p>\n<p>&nbsp;<\/p>\n<p>VIMATERIAL produit de la poudre d\u2019oxyde cuivrique (II) avec une puret\u00e9 allant de 99,9 % \u00e0 99,995 %, de la nanopoudre \u00e0 la poudre micronis\u00e9e. Notre contr\u00f4le de qualit\u00e9 est tr\u00e8s strict, avec des contr\u00f4les de qualit\u00e9 complets sur chaque lot et chaque produit.<\/p>\n<p>Car toutes les mati\u00e8res premi\u00e8res peuvent \u00eatre retrac\u00e9es jusqu\u2019\u00e0 la cause profonde. <a href=\"https:\/\/vimaterial.de\/fr\/contact\/\"><span style=\"color: #0000ff;\">Contactez-nous.<\/span><\/a><\/p>\n","protected":false},"featured_media":1003260,"comment_status":"open","ping_status":"closed","template":"","meta":{"_acf_changed":false},"product_brand":[],"product_cat":[243],"product_tag":[],"class_list":{"0":"post-1016658","1":"product","2":"type-product","3":"status-publish","4":"has-post-thumbnail","6":"product_cat-materiaux-oxydes-hydroxydes","8":"first","9":"instock","10":"shipping-taxable","11":"purchasable","12":"product-type-variable"},"acf":[],"_links":{"self":[{"href":"https:\/\/vimaterial.de\/fr\/wp-json\/wp\/v2\/product\/1016658","targetHints":{"allow":["GET"]}}],"collection":[{"href":"https:\/\/vimaterial.de\/fr\/wp-json\/wp\/v2\/product"}],"about":[{"href":"https:\/\/vimaterial.de\/fr\/wp-json\/wp\/v2\/types\/product"}],"replies":[{"embeddable":true,"href":"https:\/\/vimaterial.de\/fr\/wp-json\/wp\/v2\/comments?post=1016658"}],"wp:featuredmedia":[{"embeddable":true,"href":"https:\/\/vimaterial.de\/fr\/wp-json\/wp\/v2\/media\/1003260"}],"wp:attachment":[{"href":"https:\/\/vimaterial.de\/fr\/wp-json\/wp\/v2\/media?parent=1016658"}],"wp:term":[{"taxonomy":"product_brand","embeddable":true,"href":"https:\/\/vimaterial.de\/fr\/wp-json\/wp\/v2\/product_brand?post=1016658"},{"taxonomy":"product_cat","embeddable":true,"href":"https:\/\/vimaterial.de\/fr\/wp-json\/wp\/v2\/product_cat?post=1016658"},{"taxonomy":"product_tag","embeddable":true,"href":"https:\/\/vimaterial.de\/fr\/wp-json\/wp\/v2\/product_tag?post=1016658"}],"curies":[{"name":"wp","href":"https:\/\/api.w.org\/{rel}","templated":true}]}}