{"id":1016607,"date":"2024-06-17T15:00:47","date_gmt":"2024-06-17T07:00:47","guid":{"rendered":"https:\/\/vimaterial.de\/product\/seleniure-de-cuivre-7\/"},"modified":"2025-04-02T09:12:25","modified_gmt":"2025-04-02T01:12:25","slug":"seleniure-de-cuivre-7","status":"publish","type":"product","link":"https:\/\/vimaterial.de\/fr\/product\/seleniure-de-cuivre-7\/","title":{"rendered":"S\u00e9l\u00e9niure de cuivre"},"content":{"rendered":"<p>Les granul\u00e9s de <span style=\"color: #0000ff;\"><a style=\"color: #0000ff;\" href=\"https:\/\/vimaterial.de\/en\/product\/copper-selenide-6\/\">s\u00e9l\u00e9niure de cuivre<\/a> <\/span>sont des compos\u00e9s inorganiques compos\u00e9s de particules de cuivre et de s\u00e9l\u00e9nium avec divers rapports st\u0153chiom\u00e9triques et structures cristallines, et leur couleur et leurs propri\u00e9t\u00e9s \u00e9lectriques varient en fonction de la composition et de la structure, qui ont des applications potentielles dans les domaines du photovolta\u00efque et de la thermo\u00e9lectricit\u00e9.<\/p>\n<p>VIMATERIAL fournit des granul\u00e9s de s\u00e9l\u00e9niure de cuivre de haute puret\u00e9 avec une puret\u00e9 de 99,999 %, nos granul\u00e9s se caract\u00e9risent par une puret\u00e9 \u00e9lev\u00e9e, une bonne duret\u00e9 et de faibles impuret\u00e9s dans le produit, nous soutenons la personnalisation de petits lots. Nous avons de nombreuses ann\u00e9es d\u2019exp\u00e9rience dans les mat\u00e9riaux chimiques inorganiques, veuillez<span style=\"color: #0000ff;\"><a style=\"color: #0000ff;\" href=\"https:\/\/vimaterial.de\/fr\/contact\/\"> nous contacter<\/a><\/span> pour vos besoins ou vos demandes techniques.<\/p>\n<h2><span style=\"font-size: 14pt;\">Propri\u00e9t\u00e9s physiques<\/span><\/h2>\n<p>Formule mol\u00e9culaire : CuSe<\/p>\n<p>Poids mol\u00e9culaire : 142,51 g\/mol<\/p>\n<p>Apparence : cristaux bleu-noir en forme d\u2019aiguille ou floconneux<\/p>\n<p>Densit\u00e9 : 5,99 g\/cc<\/p>\n<p>Point de fusion : Temp\u00e9rature de d\u00e9composition 550\u00b0C<\/p>\n<p>Structure cristalline : structure hexagonale d\u00e9form\u00e9e en cuivre-bleu<\/p>\n<h2><span style=\"font-size: 14pt;\">Applications<\/span><\/h2>\n<p>Champ de cellules solaires\u00a0: Il peut \u00eatre utilis\u00e9 pour le dopage et la passivation de la couche absorbante de la cellule solaire CdTe afin d\u2019am\u00e9liorer les performances de la cellule.<\/p>\n<p>Photovolta\u00efque : Les particules CuSe peuvent \u00eatre utilis\u00e9es dans la fabrication de dispositifs opto\u00e9lectroniques en raison de leurs propri\u00e9t\u00e9s photovolta\u00efques extraordinaires.<\/p>\n<p>Champ des piles \u00e0 combustible : en tant que bon mat\u00e9riau semi-conducteur de type p, il peut \u00eatre utilis\u00e9 pour pr\u00e9parer des mat\u00e9riaux d\u2019\u00e9lectrode pour les piles \u00e0 combustible.<\/p>\n<h2><span style=\"font-size: 14pt;\">Contr\u00f4le qualit\u00e9<\/span><\/h2>\n<p><a href=\"https:\/\/vimaterial.de\/fr\/controle-qualite\/\"><span style=\"color: #0000ff;\">Chaque lot <\/span><\/a>est soumis \u00e0 des normes strictes de contr\u00f4le de la qualit\u00e9, avec des enregistrements de donn\u00e9es parfaits et un m\u00e9canisme complet de tra\u00e7abilit\u00e9 des produits. Chaque lot de nos produits peut fournir des \u00e9chantillons aux clients pour qu\u2019ils les r\u00e9inspectent.<\/p>\n<h2><span style=\"font-size: 14pt;\">Emballage et stockage<\/span><\/h2>\n<p>Les granul\u00e9s de s\u00e9l\u00e9niure de cuivre sont emball\u00e9s dans des sacs ou des bouteilles sous vide doubles, et l\u2019unit\u00e9 d\u2019emballage minimale est de 100 g.<\/p>\n<p>Les granules de s\u00e9l\u00e9niure de cuivre doivent \u00eatre stock\u00e9s dans un environnement sec, frais et bien ventil\u00e9, herm\u00e9tiquement scell\u00e9s, \u00e0 l\u2019abri de l\u2019air, de l\u2019eau, des acides et des agents oxydants puissants, et \u00e0 l\u2019\u00e9cart des sources de chaleur et d\u2019inflammation pour pr\u00e9venir l\u2019oxydation, l\u2019humidit\u00e9 et les r\u00e9actions chimiques qui pourraient alt\u00e9rer ses propri\u00e9t\u00e9s.<\/p>\n","protected":false},"excerpt":{"rendered":"<p>Les granul\u00e9s de <span style=\"color: #0000ff;\"><a style=\"color: #0000ff;\" href=\"https:\/\/vimaterial.de\/en\/product\/copper-selenide-6\/\">s\u00e9l\u00e9niure de cuivre<\/a> <\/span>sont des compos\u00e9s inorganiques compos\u00e9s de particules de cuivre et de s\u00e9l\u00e9nium avec divers rapports st\u0153chiom\u00e9triques et structures cristallines, et leur couleur et leurs propri\u00e9t\u00e9s \u00e9lectriques varient en fonction de la composition et de la structure, qui ont des applications potentielles dans les domaines du photovolta\u00efque et de la thermo\u00e9lectricit\u00e9.<\/p>\n<p>VIMATERIAL fournit des granul\u00e9s de s\u00e9l\u00e9niure de cuivre de haute puret\u00e9 avec une puret\u00e9 de 99,999 %, nos granul\u00e9s se caract\u00e9risent par une puret\u00e9 \u00e9lev\u00e9e, une bonne duret\u00e9 et de faibles impuret\u00e9s dans le produit, nous soutenons la personnalisation de petits lots. Nous avons de nombreuses ann\u00e9es d\u2019exp\u00e9rience dans les mat\u00e9riaux chimiques inorganiques, veuillez<span style=\"color: #0000ff;\"><a style=\"color: #0000ff;\" href=\"https:\/\/vimaterial.de\/fr\/contact\/\"> nous contacter<\/a><\/span> pour vos besoins ou vos demandes techniques.<\/p>\n","protected":false},"featured_media":1003292,"comment_status":"open","ping_status":"closed","template":"","meta":{"_acf_changed":false},"product_brand":[],"product_cat":[236],"product_tag":[],"class_list":{"0":"post-1016607","1":"product","2":"type-product","3":"status-publish","4":"has-post-thumbnail","6":"product_cat-materiaux-devaporation","8":"first","9":"instock","10":"shipping-taxable","11":"product-type-variable"},"acf":[],"_links":{"self":[{"href":"https:\/\/vimaterial.de\/fr\/wp-json\/wp\/v2\/product\/1016607","targetHints":{"allow":["GET"]}}],"collection":[{"href":"https:\/\/vimaterial.de\/fr\/wp-json\/wp\/v2\/product"}],"about":[{"href":"https:\/\/vimaterial.de\/fr\/wp-json\/wp\/v2\/types\/product"}],"replies":[{"embeddable":true,"href":"https:\/\/vimaterial.de\/fr\/wp-json\/wp\/v2\/comments?post=1016607"}],"wp:featuredmedia":[{"embeddable":true,"href":"https:\/\/vimaterial.de\/fr\/wp-json\/wp\/v2\/media\/1003292"}],"wp:attachment":[{"href":"https:\/\/vimaterial.de\/fr\/wp-json\/wp\/v2\/media?parent=1016607"}],"wp:term":[{"taxonomy":"product_brand","embeddable":true,"href":"https:\/\/vimaterial.de\/fr\/wp-json\/wp\/v2\/product_brand?post=1016607"},{"taxonomy":"product_cat","embeddable":true,"href":"https:\/\/vimaterial.de\/fr\/wp-json\/wp\/v2\/product_cat?post=1016607"},{"taxonomy":"product_tag","embeddable":true,"href":"https:\/\/vimaterial.de\/fr\/wp-json\/wp\/v2\/product_tag?post=1016607"}],"curies":[{"name":"wp","href":"https:\/\/api.w.org\/{rel}","templated":true}]}}