{"id":1016591,"date":"2024-06-17T15:00:49","date_gmt":"2024-06-17T07:00:49","guid":{"rendered":"https:\/\/vimaterial.de\/product\/seleniure-de-cuivre-6\/"},"modified":"2025-04-02T08:57:23","modified_gmt":"2025-04-02T00:57:23","slug":"seleniure-de-cuivre-6","status":"publish","type":"product","link":"https:\/\/vimaterial.de\/fr\/product\/seleniure-de-cuivre-6\/","title":{"rendered":"S\u00e9l\u00e9niure de cuivre"},"content":{"rendered":"<p>La cible de pulv\u00e9risation cathodique au <span style=\"color: #0000ff;\"><a style=\"color: #0000ff;\" href=\"https:\/\/vimaterial.de\/fr\/product\/seleniure-de-cuivre-5\/\">s\u00e9l\u00e9niure de cuivre<\/a><\/span> est un mat\u00e9riau compos\u00e9 de cuivre et de s\u00e9l\u00e9nium utilis\u00e9 dans la pulv\u00e9risation cathodique magn\u00e9tron et d\u2019autres proc\u00e9d\u00e9s de rev\u00eatement pour pr\u00e9parer des films minces aux propri\u00e9t\u00e9s sp\u00e9cifiques, qui ont des applications importantes dans les semi-conducteurs, le photovolta\u00efque et d\u2019autres domaines.<\/p>\n<p>VIMATERIAL fournit des cibles de pulv\u00e9risation de s\u00e9l\u00e9niure de cuivre de haute puret\u00e9, nous sommes un fournisseur professionnel de mati\u00e8res premi\u00e8res chimiques inorganiques, nos cibles se caract\u00e9risent par une grande puret\u00e9, une bonne plan\u00e9it\u00e9 de surface, des performances de produit stables et une bonne consistance du produit. Nous soutenons le service personnalis\u00e9 et le service de reliure, si vous avez des probl\u00e8mes techniques, veuillez <span style=\"color: #0000ff;\"><a style=\"color: #0000ff;\" href=\"https:\/\/vimaterial.de\/fr\/contact\/\">nous contacter.<\/a><\/span><\/p>\n<h2><span style=\"font-size: 14pt;\">Caract\u00e9ristiques physiques<\/span><\/h2>\n<p>Formule mol\u00e9culaire : CuSe<\/p>\n<p>Poids mol\u00e9culaire : 142,5<\/p>\n<p>Apparence\u00a0: couleur bleu-noir<\/p>\n<p>Densit\u00e9 : 5,99 g\/mL (25\u00b0C)<\/p>\n<p>Point de fusion : 550\u00b0C<\/p>\n<h2><span style=\"font-size: 14pt;\">Applications<\/span><\/h2>\n<p>Champ photovolta\u00efque\u00a0: Largement utilis\u00e9 dans la fabrication de cellules solaires, le film mince d\u00e9pos\u00e9 sur le substrat gr\u00e2ce \u00e0 la technologie de pulv\u00e9risation cathodique peut \u00eatre utilis\u00e9 comme mat\u00e9riau de couche absorbante, absorbant efficacement la lumi\u00e8re du soleil, am\u00e9liorant l\u2019efficacit\u00e9 de la conversion photo\u00e9lectrique et aidant au d\u00e9veloppement de la technologie de production d\u2019\u00e9nergie solaire photovolta\u00efque.<\/p>\n<p>Domaine des semi-conducteurs\u00a0: Dans le processus de production de dispositifs \u00e0 semi-conducteurs, la cible de pulv\u00e9risation peut d\u00e9poser un film mince avec des propri\u00e9t\u00e9s \u00e9lectriques sp\u00e9cifiques, qui est utilis\u00e9 pour fabriquer une partie de la couche fonctionnelle de la puce semi-conductrice, telle que la formation de la jonction p-n, pour fournir un canal appropri\u00e9 pour la conduction et le contr\u00f4le des \u00e9lectrons, et pour am\u00e9liorer les performances des dispositifs \u00e0 semi-conducteurs.<\/p>\n<p>Opto\u00e9lectronique : Utilis\u00e9s comme couche cl\u00e9 dans la pr\u00e9paration de dispositifs opto\u00e9lectroniques tels que les photod\u00e9tecteurs et les diodes \u00e9lectroluminescentes, les films de s\u00e9l\u00e9niure de cuivre d\u00e9pos\u00e9s optimisent l\u2019absorption, l\u2019\u00e9mission et la conversion de la lumi\u00e8re dans les dispositifs opto\u00e9lectroniques, par exemple, en am\u00e9liorant la sensibilit\u00e9 des photod\u00e9tecteurs \u00e0 des longueurs d\u2019onde sp\u00e9cifiques de la lumi\u00e8re.<\/p>\n<p>\u00c9lectronique : Dans la fabrication de dispositifs \u00e9lectroniques, les couches minces d\u00e9pos\u00e9es par cette cible de pulv\u00e9risation peuvent am\u00e9liorer les propri\u00e9t\u00e9s de contact et \u00e9lectriques des composants \u00e9lectroniques, et peuvent \u00eatre utilis\u00e9es comme \u00e9lectrode ou mat\u00e9riaux de connexion pour am\u00e9liorer l\u2019efficacit\u00e9 et la stabilit\u00e9 du transfert de courant dans les dispositifs \u00e9lectroniques.<\/p>\n<h2><span style=\"font-size: 14pt;\">Contr\u00f4le de la qualit\u00e9<\/span><\/h2>\n<p><span style=\"color: #0000ff;\"><a style=\"color: #0000ff;\" href=\"https:\/\/vimaterial.de\/fr\/controle-qualite\/\">Chaque lot<\/a><\/span> de produits a un syst\u00e8me de qualit\u00e9 strict pour garantir que les dossiers d\u2019inspection complets, tous les produits d\u00e9part usine peuvent \u00eatre trac\u00e9s, et fournira des \u00e9chantillons au client apr\u00e8s l\u2019usine, pour que les clients puissent les r\u00e9inspecter. Nous avons une bonne consistance du produit et une reproductibilit\u00e9 \u00e9lev\u00e9e du produit.<\/p>\n<h2><span style=\"font-size: 14pt;\">Emballage et stockage<\/span><\/h2>\n<p>Les cibles de pulv\u00e9risation de s\u00e9l\u00e9niure de cuivre sont g\u00e9n\u00e9ralement prot\u00e9g\u00e9es par un double ensachage sous vide suivi d\u2019un emballage en bo\u00eete.<\/p>\n<p>Les cibles de pulv\u00e9risation de s\u00e9l\u00e9niure de cuivre doivent \u00eatre stock\u00e9es dans un environnement sec, frais, bien ventil\u00e9 et \u00e9tanche \u00e0 la lumi\u00e8re, scell\u00e9es pour \u00e9viter l\u2019humidit\u00e9 et l\u2019oxydation, \u00e9viter les collisions m\u00e9caniques de la cible, et en m\u00eame temps la tenir \u00e0 l\u2019\u00e9cart des sources d\u2019inflammation, des sources de chaleur et des substances chimiquement actives pour assurer les performances et la qualit\u00e9 de la cible.<\/p>\n","protected":false},"excerpt":{"rendered":"<p>La cible de pulv\u00e9risation cathodique au <span style=\"color: #0000ff;\"><a style=\"color: #0000ff;\" href=\"https:\/\/vimaterial.de\/fr\/product\/seleniure-de-cuivre-5\/\">s\u00e9l\u00e9niure de cuivre<\/a><\/span> est un mat\u00e9riau compos\u00e9 de cuivre et de s\u00e9l\u00e9nium utilis\u00e9 dans la pulv\u00e9risation cathodique magn\u00e9tron et d\u2019autres proc\u00e9d\u00e9s de rev\u00eatement pour pr\u00e9parer des films minces aux propri\u00e9t\u00e9s sp\u00e9cifiques, qui ont des applications importantes dans les semi-conducteurs, le photovolta\u00efque et d\u2019autres domaines.<\/p>\n<p>VIMATERIAL fournit des cibles de pulv\u00e9risation de s\u00e9l\u00e9niure de cuivre de haute puret\u00e9, nous sommes un fournisseur professionnel de mati\u00e8res premi\u00e8res chimiques inorganiques, nos cibles se caract\u00e9risent par une grande puret\u00e9, une bonne plan\u00e9it\u00e9 de surface, des performances de produit stables et une bonne consistance du produit. Nous soutenons le service personnalis\u00e9 et le service de reliure, si vous avez des probl\u00e8mes techniques, veuillez <span style=\"color: #0000ff;\"><a style=\"color: #0000ff;\" href=\"https:\/\/vimaterial.de\/fr\/contact\/\">nous contacter.<\/a><\/span><\/p>\n","protected":false},"featured_media":1003306,"comment_status":"open","ping_status":"closed","template":"","meta":{"_acf_changed":false},"product_brand":[],"product_cat":[235],"product_tag":[],"class_list":{"0":"post-1016591","1":"product","2":"type-product","3":"status-publish","4":"has-post-thumbnail","6":"product_cat-cibles-de-pulverisation-planaire","8":"first","9":"instock","10":"shipping-taxable","11":"product-type-variable"},"acf":[],"_links":{"self":[{"href":"https:\/\/vimaterial.de\/fr\/wp-json\/wp\/v2\/product\/1016591","targetHints":{"allow":["GET"]}}],"collection":[{"href":"https:\/\/vimaterial.de\/fr\/wp-json\/wp\/v2\/product"}],"about":[{"href":"https:\/\/vimaterial.de\/fr\/wp-json\/wp\/v2\/types\/product"}],"replies":[{"embeddable":true,"href":"https:\/\/vimaterial.de\/fr\/wp-json\/wp\/v2\/comments?post=1016591"}],"wp:featuredmedia":[{"embeddable":true,"href":"https:\/\/vimaterial.de\/fr\/wp-json\/wp\/v2\/media\/1003306"}],"wp:attachment":[{"href":"https:\/\/vimaterial.de\/fr\/wp-json\/wp\/v2\/media?parent=1016591"}],"wp:term":[{"taxonomy":"product_brand","embeddable":true,"href":"https:\/\/vimaterial.de\/fr\/wp-json\/wp\/v2\/product_brand?post=1016591"},{"taxonomy":"product_cat","embeddable":true,"href":"https:\/\/vimaterial.de\/fr\/wp-json\/wp\/v2\/product_cat?post=1016591"},{"taxonomy":"product_tag","embeddable":true,"href":"https:\/\/vimaterial.de\/fr\/wp-json\/wp\/v2\/product_tag?post=1016591"}],"curies":[{"name":"wp","href":"https:\/\/api.w.org\/{rel}","templated":true}]}}