{"id":1016583,"date":"2024-06-17T15:00:48","date_gmt":"2024-06-17T07:00:48","guid":{"rendered":"https:\/\/vimaterial.de\/product\/seleniure-de-cuivre-5\/"},"modified":"2025-04-02T09:04:57","modified_gmt":"2025-04-02T01:04:57","slug":"seleniure-de-cuivre-5","status":"publish","type":"product","link":"https:\/\/vimaterial.de\/fr\/product\/seleniure-de-cuivre-5\/","title":{"rendered":"S\u00e9l\u00e9niure de cuivre"},"content":{"rendered":"<p><span style=\"color: #0000ff;\"><a style=\"color: #0000ff;\" href=\"https:\/\/vimaterial.de\/fr\/product\/seleniure-de-cuivre-6\/\">La poudre de s\u00e9l\u00e9niure de cuivre<\/a> <\/span>est une poudre compos\u00e9e semi-conductrice, de couleur bleu fonc\u00e9 ou noire, de cuivre et de s\u00e9l\u00e9nium, avec une vari\u00e9t\u00e9 d\u2019applications.<\/p>\n<p>VIMATERIAL propose des poudres de s\u00e9l\u00e9niure de cuivre de haute puret\u00e9 avec une puret\u00e9 de 99,999\u00a0%. Nos poudres se caract\u00e9risent par une taille de particule uniforme, une puret\u00e9 \u00e9lev\u00e9e et des performances de produit stables, et nos services incluent la personnalisation des sp\u00e9cifications du produit en petites quantit\u00e9s. Nous avons de nombreuses ann\u00e9es d\u2019exp\u00e9rience dans les mat\u00e9riaux chimiques inorganiques, veuillez<span style=\"color: #0000ff;\"><a style=\"color: #0000ff;\" href=\"https:\/\/vimaterial.de\/fr\/contact\/\"> nous contacter<\/a><\/span> pour vos besoins ou vos demandes techniques.<\/p>\n<h2><span style=\"font-size: 14pt;\">Propri\u00e9t\u00e9s physiques<\/span><\/h2>\n<p>Formule mol\u00e9culaire : CuSe<\/p>\n<p>Poids mol\u00e9culaire : 142,5<\/p>\n<p>Apparence\u00a0: couleur bleu-noir<\/p>\n<p>Structure cristalline : Des cristaux lamellaires hexagonaux, mais instables, \u00e0 temp\u00e9rature ambiante, m\u00e9langent de la poudre de cuivre et du s\u00e9l\u00e9nium, la compression peut former des cristaux orthorhombiques \u00e0 basse pression et des cristaux cubiques \u00e0 haute pression.<\/p>\n<h2><span style=\"font-size: 14pt;\">Applications<\/span><\/h2>\n<p>Champ opto\u00e9lectronique : il peut \u00eatre utilis\u00e9 pour pr\u00e9parer des photod\u00e9tecteurs, dont les propri\u00e9t\u00e9s photo\u00e9lectriques uniques aident \u00e0 convertir les signaux optiques en signaux \u00e9lectriques, jouant un r\u00f4le important dans les communications optiques et la d\u00e9tection optique.<\/p>\n<p>Cellules solaires\u00a0: Les poudres CuSe peuvent \u00eatre utilis\u00e9es comme couche absorbante dans les cellules solaires \u00e0 couche mince, en utilisant leurs propri\u00e9t\u00e9s d\u2019absorption de la lumi\u00e8re pour am\u00e9liorer l\u2019efficacit\u00e9 de conversion photo\u00e9lectrique des cellules.<\/p>\n<p>Thermo\u00e9lectricit\u00e9\u00a0: En ajoutant de la poudre CuSe aux mat\u00e9riaux thermo\u00e9lectriques, l\u2019effet thermo\u00e9lectrique peut r\u00e9aliser la conversion mutuelle entre la chaleur et l\u2019\u00e9lectricit\u00e9, qui peut \u00eatre utilis\u00e9e dans la r\u00e9cup\u00e9ration de la chaleur r\u00e9siduelle.<\/p>\n<p>Champ catalytique : en tant que catalyseur dans certaines r\u00e9actions chimiques (telles que la r\u00e9action de synth\u00e8se organique), il peut r\u00e9duire l\u2019\u00e9nergie d\u2019activation de la r\u00e9action, acc\u00e9l\u00e9rer la vitesse de r\u00e9action et am\u00e9liorer l\u2019efficacit\u00e9 de la r\u00e9action.<\/p>\n<h2><span style=\"font-size: 14pt;\">Contr\u00f4le qualit\u00e9<\/span><\/h2>\n<p><span style=\"color: #0000ff;\"><a style=\"color: #0000ff;\" href=\"https:\/\/vimaterial.de\/fr\/controle-qualite\/\">Chaque lot<\/a><\/span> est soumis \u00e0 des normes strictes de contr\u00f4le de la qualit\u00e9, avec des enregistrements de donn\u00e9es parfaits et un m\u00e9canisme complet de tra\u00e7abilit\u00e9 des produits. Chaque lot de nos produits peut fournir des \u00e9chantillons aux clients pour qu\u2019ils les r\u00e9inspectent.<\/p>\n<h2><span style=\"font-size: 14pt;\">Emballage et stockage<\/span><\/h2>\n<p>Les poudres de s\u00e9l\u00e9niure de cuivre sont emball\u00e9es dans des bouteilles \u00e0 double vide ou des sacs sous vide doubles. L\u2019unit\u00e9 d\u2019emballage minimale est de 100g.<\/p>\n<p>La poudre de s\u00e9l\u00e9niure de cuivre doit \u00eatre stock\u00e9e dans un environnement sec, frais et bien ventil\u00e9, emball\u00e9e scell\u00e9e, \u00e9viter tout contact avec des agents oxydants puissants, des acides et d\u2019autres substances pouvant avoir des r\u00e9actions chimiques, et en m\u00eame temps doit \u00eatre tenue \u00e0 l\u2019\u00e9cart des sources d\u2019inflammation et de chaleur, pour \u00e9viter qu\u2019elle ne se d\u00e9t\u00e9riore en raison de l\u2019humidit\u00e9, de l\u2019oxydation ou d\u2019autres r\u00e9actions chimiques.<\/p>\n","protected":false},"excerpt":{"rendered":"<p><span style=\"color: #0000ff;\"><a style=\"color: #0000ff;\" href=\"https:\/\/vimaterial.de\/fr\/product\/seleniure-de-cuivre-6\/\">La poudre de s\u00e9l\u00e9niure de cuivre<\/a> <\/span>est une poudre compos\u00e9e semi-conductrice, de couleur bleu fonc\u00e9 ou noire, de cuivre et de s\u00e9l\u00e9nium, avec une vari\u00e9t\u00e9 d\u2019applications.<\/p>\n<p>VIMATERIAL propose des poudres de s\u00e9l\u00e9niure de cuivre de haute puret\u00e9 avec une puret\u00e9 de 99,999\u00a0%. Nos poudres se caract\u00e9risent par une taille de particule uniforme, une puret\u00e9 \u00e9lev\u00e9e et des performances de produit stables, et nos services incluent la personnalisation des sp\u00e9cifications du produit en petites quantit\u00e9s. Nous avons de nombreuses ann\u00e9es d\u2019exp\u00e9rience dans les mat\u00e9riaux chimiques inorganiques, veuillez<span style=\"color: #0000ff;\"><a style=\"color: #0000ff;\" href=\"https:\/\/vimaterial.de\/fr\/contact\/\"> nous contacter<\/a><\/span> pour vos besoins ou vos demandes techniques.<\/p>\n","protected":false},"featured_media":1003299,"comment_status":"open","ping_status":"closed","template":"","meta":{"_acf_changed":false},"product_brand":[],"product_cat":[238],"product_tag":[],"class_list":{"0":"post-1016583","1":"product","2":"type-product","3":"status-publish","4":"has-post-thumbnail","6":"product_cat-materiaux-de-chalcogenure","8":"first","9":"instock","10":"shipping-taxable","11":"product-type-variable"},"acf":[],"_links":{"self":[{"href":"https:\/\/vimaterial.de\/fr\/wp-json\/wp\/v2\/product\/1016583","targetHints":{"allow":["GET"]}}],"collection":[{"href":"https:\/\/vimaterial.de\/fr\/wp-json\/wp\/v2\/product"}],"about":[{"href":"https:\/\/vimaterial.de\/fr\/wp-json\/wp\/v2\/types\/product"}],"replies":[{"embeddable":true,"href":"https:\/\/vimaterial.de\/fr\/wp-json\/wp\/v2\/comments?post=1016583"}],"wp:featuredmedia":[{"embeddable":true,"href":"https:\/\/vimaterial.de\/fr\/wp-json\/wp\/v2\/media\/1003299"}],"wp:attachment":[{"href":"https:\/\/vimaterial.de\/fr\/wp-json\/wp\/v2\/media?parent=1016583"}],"wp:term":[{"taxonomy":"product_brand","embeddable":true,"href":"https:\/\/vimaterial.de\/fr\/wp-json\/wp\/v2\/product_brand?post=1016583"},{"taxonomy":"product_cat","embeddable":true,"href":"https:\/\/vimaterial.de\/fr\/wp-json\/wp\/v2\/product_cat?post=1016583"},{"taxonomy":"product_tag","embeddable":true,"href":"https:\/\/vimaterial.de\/fr\/wp-json\/wp\/v2\/product_tag?post=1016583"}],"curies":[{"name":"wp","href":"https:\/\/api.w.org\/{rel}","templated":true}]}}