{"id":1016573,"date":"2024-06-17T15:02:06","date_gmt":"2024-06-17T07:02:06","guid":{"rendered":"https:\/\/vimaterial.de\/product\/cuivre-oxyde-de-silicium-2\/"},"modified":"2025-04-01T11:13:33","modified_gmt":"2025-04-01T03:13:33","slug":"cuivre-oxyde-de-silicium-2","status":"publish","type":"product","link":"https:\/\/vimaterial.de\/fr\/product\/cuivre-oxyde-de-silicium-2\/","title":{"rendered":"Cuivre Oxyde de silicium"},"content":{"rendered":"<p><span style=\"color: #0000ff;\"><a style=\"color: #0000ff;\" href=\"https:\/\/vimaterial.de\/fr\/product\/cuivre-oxyde-de-silicium\/\">La cible de pulv\u00e9risation d\u2019oxyde de cuivre et de silicium<\/a><\/span> est une sorte de cible de pulv\u00e9risation compos\u00e9e de cuivre, de silicium et d\u2019oxyg\u00e8ne, qui est utilis\u00e9e pour la pr\u00e9paration de mat\u00e9riaux \u00e0 couche mince pertinents par pulv\u00e9risation magn\u00e9tron et d\u2019autres techniques, et a des applications importantes dans l\u2019\u00e9lectronique, l\u2019optique et d\u2019autres domaines.<\/p>\n<p>VIMATERIAL fournit des cibles de pulv\u00e9risation d\u2019oxyde de silicium de cuivre de haute puret\u00e9, nous sommes un fournisseur professionnel de mati\u00e8res premi\u00e8res chimiques inorganiques, nos cibles de pulv\u00e9risation sont caract\u00e9ris\u00e9es par une puret\u00e9 \u00e9lev\u00e9e, une bonne plan\u00e9it\u00e9 de surface, des performances de produit stables et une bonne consistance du produit. Nous soutenons le service personnalis\u00e9 et le service de reliure, si vous avez des probl\u00e8mes techniques, veuillez<span style=\"color: #0000ff;\"><a style=\"color: #0000ff;\" href=\"https:\/\/vimaterial.de\/fr\/contact\/\"> nous contacter<\/a><\/span>.<\/p>\n<h2><span style=\"font-size: 14pt;\">Caract\u00e9ristiques physiques<\/span><\/h2>\n<p>Formule mol\u00e9culaire : CuSiO\u2083<\/p>\n<p>Poids mol\u00e9culaire : 143,63<\/p>\n<p>Apparence : g\u00e9n\u00e9ralement poudre bleue ou bleu-vert<\/p>\n<p>Densit\u00e9 : environ 3,8 g\/cm\u00b3.<\/p>\n<p>Structure cristalline : appartient au syst\u00e8me cristallin orthorhombique, sa structure cristalline d\u2019ions cuivre, d\u2019ions silicium et d\u2019ions oxyg\u00e8ne conform\u00e9ment \u00e0 une certaine disposition spatiale pour former une structure de r\u00e9seau cristallin stable, le t\u00e9tra\u00e8dre de silicium et d\u2019oxyg\u00e8ne est l\u2019unit\u00e9 structurelle de base, les ions cuivre sont distribu\u00e9s dans la distribution de ses interactions environnantes avec la formation du cristal global.<\/p>\n<h2><span style=\"font-size: 14pt;\">Applications<\/span><\/h2>\n<p>Domaine \u00e9lectronique\u00a0: Utilis\u00e9 dans la fabrication de dispositifs \u00e9lectroniques, il peut jouer un r\u00f4le dans le d\u00e9p\u00f4t de la couche isolante des puces de circuit int\u00e9gr\u00e9, le film form\u00e9 par pulv\u00e9risation peut fournir de bonnes propri\u00e9t\u00e9s di\u00e9lectriques, ce qui contribue \u00e0 am\u00e9liorer les performances et la stabilit\u00e9 de la puce.<\/p>\n<p>Champ optique\u00a0: Dans le rev\u00eatement optique, il peut \u00eatre utilis\u00e9 pour la pr\u00e9paration de lentilles et de filtres optiques, etc. Le film d\u2019oxyde de cuivre et de silicium d\u00e9pos\u00e9 peut ajuster l\u2019indice de r\u00e9fraction et la transmittance des composants optiques, r\u00e9duire efficacement la lumi\u00e8re r\u00e9fl\u00e9chie, augmenter la transmission de la lumi\u00e8re et am\u00e9liorer la qualit\u00e9 d\u2019image du syst\u00e8me optique.<\/p>\n<p>Champ photovolta\u00efque : Dans la fabrication de cellules solaires, il peut \u00eatre utilis\u00e9 comme mat\u00e9riau de couche tampon potentielle. Le film mince CuSiO\u2083 form\u00e9 par pulv\u00e9risation cathodique permet d\u2019am\u00e9liorer les performances interfaciales de la cellule, d\u2019augmenter l\u2019efficacit\u00e9 de la conversion photovolta\u00efque et, en m\u00eame temps, d\u2019am\u00e9liorer la r\u00e9sistance de la cellule aux facteurs environnementaux.<\/p>\n<p>Champ des semi-conducteurs : En tant que mat\u00e9riau \u00e0 couche mince dans le processus de semi-conducteurs, il est appliqu\u00e9 dans la couche de passivation ou la structure de c\u00e2blage multicouche des puces semi-conductrices, ce qui peut am\u00e9liorer la r\u00e9sistance \u00e0 la corrosion et les performances \u00e9lectriques de la puce, et pr\u00e9server la fiabilit\u00e9 et la dur\u00e9e de vie des dispositifs \u00e0 semi-conducteurs.<\/p>\n<h2><span style=\"font-size: 14pt;\">Contr\u00f4le de la qualit\u00e9<\/span><\/h2>\n<p><span style=\"color: #0000ff;\"><a style=\"color: #0000ff;\" href=\"https:\/\/vimaterial.de\/fr\/controle-qualite\/\">Chaque lot<\/a><\/span> de produits a un syst\u00e8me de qualit\u00e9 strict pour garantir que les dossiers d\u2019inspection complets, tous les produits d\u00e9part usine peuvent \u00eatre trac\u00e9s, et fournira des \u00e9chantillons au client apr\u00e8s l\u2019usine, pour que les clients puissent les r\u00e9inspecter. Nous avons une bonne consistance du produit et une reproductibilit\u00e9 \u00e9lev\u00e9e du produit.<\/p>\n<h2><span style=\"font-size: 14pt;\">Emballage et stockage<\/span><\/h2>\n<p>Les cibles de pulv\u00e9risation \u00e0 l\u2019oxyde de cuivre et de silicium sont g\u00e9n\u00e9ralement prot\u00e9g\u00e9es par des sacs sous vide doubles suivis de bo\u00eetes.<\/p>\n<p>Les cibles de pulv\u00e9risation d\u2019oxyde de cuivre et de silicium doivent \u00eatre stock\u00e9es dans un environnement sec, frais et bien ventil\u00e9 pour \u00e9viter l\u2019humidit\u00e9 et l\u2019oxydation, et pour les emp\u00eacher d\u2019entrer en contact avec des substances corrosives telles que les acides et les alcalis, et en m\u00eame temps, nous devons nous assurer que la temp\u00e9rature de l\u2019environnement de stockage est stable, pour \u00e9viter les dommages physiques aux cibles dus aux changements de temp\u00e9rature, et nous devrions prendre de bonnes mesures pour \u00e9viter la poussi\u00e8re.<\/p>\n","protected":false},"excerpt":{"rendered":"<p>Cuivre Oxyde de silicium est une cible de pulv\u00e9risation multicomposante renfermant des proportions contr\u00f4l\u00e9es de cuivre, de silicium et d&#8217;oxyg\u00e8ne. Cette cible est sp\u00e9cialement con\u00e7ue pour la fabrication de couches minces de mat\u00e9riaux fonctionnels via des techniques de pulv\u00e9risation magn\u00e9tron et autres m\u00e9thodes physiques de d\u00e9p\u00f4t. Dot\u00e9e d&#8217;excellentes propri\u00e9t\u00e9s \u00e9lectroniques et optiques, elle trouve des applications importantes dans divers secteurs technologiques, notamment l&#8217;\u00e9lectronique haute performance, l&#8217;opto\u00e9lectronique et la micro\u00e9lectronique.<\/p>\n<p>VIMATERIAL fournit des cibles de pulv\u00e9risation d\u2019oxyde de silicium de cuivre de haute puret\u00e9, nous sommes un fournisseur professionnel de mati\u00e8res premi\u00e8res chimiques inorganiques, nos cibles de pulv\u00e9risation sont caract\u00e9ris\u00e9es par une puret\u00e9 \u00e9lev\u00e9e, une bonne plan\u00e9it\u00e9 de surface, des performances de produit stables et une bonne consistance du produit. Nous soutenons le service personnalis\u00e9 et le service de reliure, si vous avez des probl\u00e8mes techniques, veuillez<span style=\"color: #0000ff;\"><a style=\"color: #0000ff;\" href=\"https:\/\/vimaterial.de\/fr\/contact\/\"> nous contacter<\/a><\/span>.<\/p>\n","protected":false},"featured_media":1003315,"comment_status":"open","ping_status":"closed","template":"","meta":{"_acf_changed":false},"product_brand":[],"product_cat":[235],"product_tag":[],"class_list":{"0":"post-1016573","1":"product","2":"type-product","3":"status-publish","4":"has-post-thumbnail","6":"product_cat-cibles-de-pulverisation-planaire","8":"first","9":"instock","10":"shipping-taxable","11":"product-type-variable"},"acf":[],"_links":{"self":[{"href":"https:\/\/vimaterial.de\/fr\/wp-json\/wp\/v2\/product\/1016573","targetHints":{"allow":["GET"]}}],"collection":[{"href":"https:\/\/vimaterial.de\/fr\/wp-json\/wp\/v2\/product"}],"about":[{"href":"https:\/\/vimaterial.de\/fr\/wp-json\/wp\/v2\/types\/product"}],"replies":[{"embeddable":true,"href":"https:\/\/vimaterial.de\/fr\/wp-json\/wp\/v2\/comments?post=1016573"}],"wp:featuredmedia":[{"embeddable":true,"href":"https:\/\/vimaterial.de\/fr\/wp-json\/wp\/v2\/media\/1003315"}],"wp:attachment":[{"href":"https:\/\/vimaterial.de\/fr\/wp-json\/wp\/v2\/media?parent=1016573"}],"wp:term":[{"taxonomy":"product_brand","embeddable":true,"href":"https:\/\/vimaterial.de\/fr\/wp-json\/wp\/v2\/product_brand?post=1016573"},{"taxonomy":"product_cat","embeddable":true,"href":"https:\/\/vimaterial.de\/fr\/wp-json\/wp\/v2\/product_cat?post=1016573"},{"taxonomy":"product_tag","embeddable":true,"href":"https:\/\/vimaterial.de\/fr\/wp-json\/wp\/v2\/product_tag?post=1016573"}],"curies":[{"name":"wp","href":"https:\/\/api.w.org\/{rel}","templated":true}]}}