{"id":1016563,"date":"2024-06-17T15:00:50","date_gmt":"2024-06-17T07:00:50","guid":{"rendered":"https:\/\/vimaterial.de\/product\/cuivre-oxyde-de-silicium\/"},"modified":"2025-04-01T11:28:36","modified_gmt":"2025-04-01T03:28:36","slug":"cuivre-oxyde-de-silicium","status":"publish","type":"product","link":"https:\/\/vimaterial.de\/fr\/product\/cuivre-oxyde-de-silicium\/","title":{"rendered":"Cuivre Oxyde de silicium"},"content":{"rendered":"<p>Les granules <span style=\"color: #0000ff;\"><a style=\"color: #0000ff;\" href=\"https:\/\/vimaterial.de\/fr\/product\/cuivre-oxyde-de-silicium-2\/\">d\u2019oxyde de cuivre et de silicium <\/a><\/span>sont des substances granulaires contenant des \u00e9l\u00e9ments de cuivre, de silicium et d\u2019oxyg\u00e8ne, dont l\u2019apparence peut varier en fonction de la proportion des composants et d\u2019autres facteurs, et ont une certaine densit\u00e9, avec une structure cristalline complexe, qui joue un r\u00f4le important en tant que mati\u00e8re premi\u00e8re ou mat\u00e9riau fonctionnel dans les domaines de l\u2019\u00e9lectronique, l\u2019optique et ainsi de suite.<\/p>\n<p>VIMATERIAL fournit des granul\u00e9s d\u2019oxyde de silicium de cuivre de haute puret\u00e9, nous sommes un fournisseur professionnel de mati\u00e8res premi\u00e8res chimiques inorganiques, nos particules se caract\u00e9risent par une grande puret\u00e9, une taille de particule personnalisable, des performances de produit stables et une bonne consistance du produit. Nous prenons en charge le service personnalis\u00e9 et la commande en petits lots, si vous avez des questions techniques, veuillez <span style=\"color: #0000ff;\"><a style=\"color: #0000ff;\" href=\"https:\/\/vimaterial.de\/fr\/contact\/\">nous contacter<\/a><\/span>.<\/p>\n<h2><span style=\"font-size: 14pt;\">Caract\u00e9ristiques physiques<\/span><\/h2>\n<p>Formule mol\u00e9culaire : CuSiO\u2083<\/p>\n<p>Poids mol\u00e9culaire : 143,63<\/p>\n<p>Apparence : g\u00e9n\u00e9ralement poudre bleue ou bleu-vert<\/p>\n<p>Densit\u00e9 : environ 3,8 g\/cm\u00b3.<\/p>\n<p>Structure cristalline : appartient au syst\u00e8me cristallin orthorhombique, sa structure cristalline d\u2019ions cuivre, d\u2019ions silicium et d\u2019ions oxyg\u00e8ne conform\u00e9ment \u00e0 une certaine disposition spatiale pour former une structure de r\u00e9seau cristallin stable, le t\u00e9tra\u00e8dre de silicium et d\u2019oxyg\u00e8ne est l\u2019unit\u00e9 structurelle de base, les ions cuivre sont distribu\u00e9s dans la distribution de ses interactions environnantes avec la formation du cristal global.<\/p>\n<h2><span style=\"font-size: 14pt;\">Applications<\/span><\/h2>\n<p>\u00c9lectronique : Les granul\u00e9s d\u2019oxyde de cuivre et de silicium peuvent \u00eatre utilis\u00e9s pour la pr\u00e9paration des mat\u00e9riaux d\u2019\u00e9lectrode dans les composants \u00e9lectroniques afin d\u2019am\u00e9liorer les performances et la stabilit\u00e9 des dispositifs \u00e9lectroniques.<\/p>\n<p>Champ optique : en tant qu\u2019additif pour les mat\u00e9riaux optiques, il peut am\u00e9liorer l\u2019indice de r\u00e9fraction et la transmission de la lumi\u00e8re des mat\u00e9riaux optiques, et est utilis\u00e9 dans la fabrication de lentilles optiques et de fibres optiques.<\/p>\n<p>Champ d\u2019\u00e9nergie : il peut \u00eatre appliqu\u00e9 aux batteries lithium-ion et \u00e0 d\u2019autres dispositifs de stockage d\u2019\u00e9nergie pour am\u00e9liorer les performances de charge et de d\u00e9charge et la dur\u00e9e de vie de la batterie.<\/p>\n<p>Domaine de la science des mat\u00e9riaux\u00a0: ajout\u00e9 \u00e0 la c\u00e9ramique, au verre et \u00e0 d\u2019autres mat\u00e9riaux, il peut am\u00e9liorer les propri\u00e9t\u00e9s m\u00e9caniques, la duret\u00e9 et la r\u00e9sistance \u00e0 l\u2019usure du mat\u00e9riau, et am\u00e9liorer la qualit\u00e9 et la dur\u00e9e de vie du mat\u00e9riau.<\/p>\n<p>Domaine biom\u00e9dical : Ses propri\u00e9t\u00e9s physicochimiques uniques le rendent potentiellement utile dans les biocapteurs, les vecteurs de m\u00e9dicaments, etc., qui peuvent aider au diagnostic et au traitement des maladies.<\/p>\n<h2><span style=\"font-size: 14pt;\">Contr\u00f4le de la qualit\u00e9<\/span><\/h2>\n<p><span style=\"color: #0000ff;\"><a style=\"color: #0000ff;\" href=\"https:\/\/vimaterial.de\/fr\/controle-qualite\/\">Chaque lot<\/a><\/span> de produits a un syst\u00e8me de qualit\u00e9 strict pour garantir que les dossiers d\u2019inspection complets, tous les produits d\u00e9part usine peuvent \u00eatre trac\u00e9s, et fournira des \u00e9chantillons au client apr\u00e8s l\u2019usine, pour que les clients puissent les r\u00e9inspecter. Nous avons une bonne consistance du produit et une reproductibilit\u00e9 \u00e9lev\u00e9e du produit.<\/p>\n<h2><span style=\"font-size: 14pt;\">Emballage et stockage<\/span><\/h2>\n<p>Les granul\u00e9s d\u2019oxyde de cuivre et de silicium sont g\u00e9n\u00e9ralement emball\u00e9s dans des sacs ou des bouteilles sous vide doubles, et la sp\u00e9cification d\u2019emballage minimale est de 100 g \/ bouteille.<\/p>\n<p>Les granul\u00e9s d\u2019oxyde de cuivre et de silicium doivent \u00eatre stock\u00e9s dans un environnement sec, frais et bien ventil\u00e9, scell\u00e9s pour \u00e9viter l\u2019humidit\u00e9, l\u2019oxydation ou l\u2019adsorption des impuret\u00e9s, et doivent \u00eatre \u00e9vit\u00e9s des collisions m\u00e9caniques violentes et des changements de temp\u00e9rature, et tenus \u00e0 l\u2019\u00e9cart des acides et des alcalis forts et d\u2019autres substances qui peuvent avoir des r\u00e9actions chimiques avec eux.<\/p>\n","protected":false},"excerpt":{"rendered":"<p>Cuivre Oxyde de silicium, sous forme granulaires, est un mat\u00e9riau multicomposant constitu\u00e9 de cuivre, silicium et oxyg\u00e8ne dans des proportions ajustables. Sa morphologie et l&#8217;apparence peuvent varier en fonction de la composition chimique et des param\u00e8tres de pr\u00e9paration, offrant une densit\u00e9 contr\u00f4l\u00e9e et une structure cristalline complexe associ\u00e9e \u00e0 une microstructure particuli\u00e8re. Dot\u00e9 d&#8217;excellentes propri\u00e9t\u00e9s \u00e9lectroniques et optiques, ce mat\u00e9riau joue un r\u00f4le cl\u00e9 dans l&#8217;industrie comme mati\u00e8re premi\u00e8re pour la synth\u00e8se de composants fonctionnels, notamment dans les domaines de l&#8217;\u00e9lectronique, de l&#8217;optique, de l&#8217;\u00e9nergie et des nanotechnologies.<\/p>\n<p>VIMATERIAL fournit des granul\u00e9s d\u2019oxyde de silicium de cuivre de haute puret\u00e9, nous sommes un fournisseur professionnel de mati\u00e8res premi\u00e8res chimiques inorganiques, nos particules se caract\u00e9risent par une grande puret\u00e9, une taille de particule personnalisable, des performances de produit stables et une bonne consistance du produit.<\/p>\n<p>Nous prenons en charge le service personnalis\u00e9 et la commande en petits lots, si vous avez des questions techniques, veuillez <span style=\"color: #0000ff;\"><a style=\"color: #0000ff;\" href=\"https:\/\/vimaterial.de\/fr\/contact\/\">nous contacter<\/a><\/span>.<\/p>\n","protected":false},"featured_media":1003315,"comment_status":"open","ping_status":"closed","template":"","meta":{"_acf_changed":false},"product_brand":[],"product_cat":[236],"product_tag":[],"class_list":{"0":"post-1016563","1":"product","2":"type-product","3":"status-publish","4":"has-post-thumbnail","6":"product_cat-materiaux-devaporation","8":"first","9":"instock","10":"shipping-taxable","11":"product-type-variable"},"acf":[],"_links":{"self":[{"href":"https:\/\/vimaterial.de\/fr\/wp-json\/wp\/v2\/product\/1016563","targetHints":{"allow":["GET"]}}],"collection":[{"href":"https:\/\/vimaterial.de\/fr\/wp-json\/wp\/v2\/product"}],"about":[{"href":"https:\/\/vimaterial.de\/fr\/wp-json\/wp\/v2\/types\/product"}],"replies":[{"embeddable":true,"href":"https:\/\/vimaterial.de\/fr\/wp-json\/wp\/v2\/comments?post=1016563"}],"wp:featuredmedia":[{"embeddable":true,"href":"https:\/\/vimaterial.de\/fr\/wp-json\/wp\/v2\/media\/1003315"}],"wp:attachment":[{"href":"https:\/\/vimaterial.de\/fr\/wp-json\/wp\/v2\/media?parent=1016563"}],"wp:term":[{"taxonomy":"product_brand","embeddable":true,"href":"https:\/\/vimaterial.de\/fr\/wp-json\/wp\/v2\/product_brand?post=1016563"},{"taxonomy":"product_cat","embeddable":true,"href":"https:\/\/vimaterial.de\/fr\/wp-json\/wp\/v2\/product_cat?post=1016563"},{"taxonomy":"product_tag","embeddable":true,"href":"https:\/\/vimaterial.de\/fr\/wp-json\/wp\/v2\/product_tag?post=1016563"}],"curies":[{"name":"wp","href":"https:\/\/api.w.org\/{rel}","templated":true}]}}