{"id":1016531,"date":"2024-06-17T15:02:08","date_gmt":"2024-06-17T07:02:08","guid":{"rendered":"https:\/\/vimaterial.de\/product\/sulfate-de-cuivre-2\/"},"modified":"2025-03-31T17:56:37","modified_gmt":"2025-03-31T09:56:37","slug":"sulfate-de-cuivre-2","status":"publish","type":"product","link":"https:\/\/vimaterial.de\/fr\/product\/sulfate-de-cuivre-2\/","title":{"rendered":"Sulfate de cuivre"},"content":{"rendered":"<p><span style=\"color: #0000ff;\"><a style=\"color: #0000ff;\" href=\"https:\/\/vimaterial.de\/en\/product\/copper-sulfate\/\">Sulfate de cuivre<\/a> <\/span>La poudre est une poudre cristalline bleue contenant des ions cuivre, des ions sulfate et de l\u2019eau de cristallisation. Il a une certaine densit\u00e9 et perd de l\u2019eau de cristallisation progressivement lorsqu\u2019il est chauff\u00e9 et est utilis\u00e9 dans de nombreux domaines tels que l\u2019agriculture, l\u2019industrie chimique, la m\u00e9decine, etc. Il est facilement soluble dans l\u2019eau et la solution aqueuse est de couleur bleue.<\/p>\n<p>VIMATERIAL fournit de la poudre de sulfate de cuivre de haute puret\u00e9, nous sommes un fournisseur professionnel de mati\u00e8res premi\u00e8res chimiques inorganiques, nous soutenons la commande de petits lots, nous soutenons \u00e9galement la personnalisation du produit et les exp\u00e9riences, si vous avez des probl\u00e8mes techniques, veuillez <span style=\"color: #0000ff;\"><a style=\"color: #0000ff;\" href=\"https:\/\/vimaterial.de\/fr\/contact\/\">nous contacter.<\/a><\/span><\/p>\n<h2><span style=\"font-size: 14pt;\">Caract\u00e9ristiques physiques<\/span><\/h2>\n<p>Formule mol\u00e9culaire : CuSO\u2084-5H\u2082O<\/p>\n<p>Poids mol\u00e9culaire : 249,685 g\/mol<\/p>\n<p>Apparence\u00a0: poudre cristalline bleue ou poudre cristalline granulaire bleue<\/p>\n<p>Densit\u00e9 : 2,286 g\/mL<\/p>\n<p>Point de fusion : Perd quatre mol\u00e9cules d\u2019eau de cristallisation \u00e0 110 \u00b0C, perd toute l\u2019eau de cristallisation \u00e0 150 \u00b0C au profit du sulfate de cuivre anhydre.<\/p>\n<p>Point d\u2019\u00e9bullition : chauff\u00e9 \u00e0 650 \u00b0C, il peut \u00eatre d\u00e9compos\u00e9 en oxyde de cuivre, en dioxyde de soufre et en oxyg\u00e8ne.<\/p>\n<p>Structure cristalline : appartient au syst\u00e8me cristallin triclinique, dans sa structure cristalline, les ions cuivre et les ions sulfate sont combin\u00e9s par liaison ionique, et les mol\u00e9cules d\u2019eau sont connect\u00e9es aux ions cuivre et aux ions sulfate par liaison hydrog\u00e8ne, formant une structure de r\u00e9seau tridimensionnelle complexe.<\/p>\n<h2><span style=\"font-size: 14pt;\">Applications<\/span><\/h2>\n<p>Domaine chimique\u00a0: Dans l\u2019industrie de la galvanoplastie, il s\u2019agit d\u2019une mati\u00e8re premi\u00e8re importante pour le placage de cuivre, qui peut fournir une couche de placage de cuivre uniforme pour les objets plaqu\u00e9s\u00a0; Dans la pr\u00e9paration des pigments, sa couleur bleue peut \u00eatre utilis\u00e9e pour fabriquer des pigments pour les peintures, les peintures et d\u2019autres domaines.<\/p>\n<p>M\u00e9dicament\u00a0: Il peut \u00eatre utilis\u00e9 comme \u00e9m\u00e9tique, en utilisant ses propri\u00e9t\u00e9s chimiques pour stimuler l\u2019estomac humain \u00e0 produire une r\u00e9action de vomissement\u00a0; Il peut \u00e9galement \u00eatre utilis\u00e9 pour traiter certaines maladies li\u00e9es \u00e0 une carence en cuivre, en compl\u00e9tant les \u00e9l\u00e9ments de cuivre n\u00e9cessaires au corps humain.<\/p>\n<p>Laboratoire : en tant que r\u00e9actif chimique courant pour la pr\u00e9paration d\u2019autres compos\u00e9s de cuivre, ou en tant que substance standard dans les exp\u00e9riences de chimie analytique pour l\u2019analyse quantitative et qualitative des ions cuivre.<\/p>\n<h2><span style=\"font-size: 14pt;\">Contr\u00f4le de la qualit\u00e9<\/span><\/h2>\n<p><span style=\"color: #0000ff;\"><a style=\"color: #0000ff;\" href=\"https:\/\/vimaterial.de\/fr\/controle-qualite\/\">Chaque lot<\/a> <\/span>de produits a un syst\u00e8me de qualit\u00e9 strict pour garantir que les dossiers d\u2019inspection complets, tous les produits d\u00e9part usine peuvent \u00eatre trac\u00e9s, et fournira des \u00e9chantillons au client apr\u00e8s l\u2019usine, pour que les clients puissent les r\u00e9inspecter. Nous avons une bonne consistance du produit et une reproductibilit\u00e9 \u00e9lev\u00e9e du produit.<\/p>\n<h2><span style=\"font-size: 14pt;\">Emballage et stockage<\/span><\/h2>\n<p>Les poudres de sulfate de cuivre sont g\u00e9n\u00e9ralement emball\u00e9es dans des bouteilles \u00e0 double vide. L\u2019unit\u00e9 d\u2019emballage minimale est de 100 g\/bouteille.<\/p>\n<p>Les poudres de sulfate de cuivre doivent \u00eatre stock\u00e9es dans un environnement sec, frais et bien ventil\u00e9, scell\u00e9es pour \u00e9viter tout contact avec l\u2019air humide et la d\u00e9liquescence, et \u00e0 l\u2019\u00e9cart des sources d\u2019inflammation, de chaleur et d\u2019alcali pour \u00e9viter la d\u00e9t\u00e9rioration due \u00e0 la r\u00e9action chimique.<\/p>\n<p>&nbsp;<\/p>\n","protected":false},"excerpt":{"rendered":"<p><span style=\"color: #0000ff;\"><a style=\"color: #0000ff;\" href=\"https:\/\/vimaterial.de\/en\/product\/copper-sulfate\/\">Sulfate de cuivre<\/a> <\/span>La poudre est une poudre cristalline bleue contenant des ions cuivre, des ions sulfate et de l\u2019eau de cristallisation. Il a une certaine densit\u00e9 et perd de l\u2019eau de cristallisation progressivement lorsqu\u2019il est chauff\u00e9 et est utilis\u00e9 dans de nombreux domaines tels que l\u2019agriculture, l\u2019industrie chimique, la m\u00e9decine, etc. Il est facilement soluble dans l\u2019eau et la solution aqueuse est de couleur bleue.<\/p>\n<p>VIMATERIAL fournit de la poudre de sulfate de cuivre de haute puret\u00e9, nous sommes un fournisseur professionnel de mati\u00e8res premi\u00e8res chimiques inorganiques, nous soutenons la commande de petits lots, nous soutenons \u00e9galement la personnalisation du produit et les exp\u00e9riences, si vous avez des probl\u00e8mes techniques, veuillez <span style=\"color: #0000ff;\"><a style=\"color: #0000ff;\" href=\"https:\/\/vimaterial.de\/fr\/contact\/\">nous contacter.<\/a><\/span><\/p>\n","protected":false},"featured_media":1003341,"comment_status":"open","ping_status":"closed","template":"","meta":{"_acf_changed":false},"product_brand":[],"product_cat":[244],"product_tag":[],"class_list":{"0":"post-1016531","1":"product","2":"type-product","3":"status-publish","4":"has-post-thumbnail","6":"product_cat-autres-materiaux","8":"first","9":"instock","10":"shipping-taxable","11":"purchasable","12":"product-type-variable"},"acf":[],"_links":{"self":[{"href":"https:\/\/vimaterial.de\/fr\/wp-json\/wp\/v2\/product\/1016531","targetHints":{"allow":["GET"]}}],"collection":[{"href":"https:\/\/vimaterial.de\/fr\/wp-json\/wp\/v2\/product"}],"about":[{"href":"https:\/\/vimaterial.de\/fr\/wp-json\/wp\/v2\/types\/product"}],"replies":[{"embeddable":true,"href":"https:\/\/vimaterial.de\/fr\/wp-json\/wp\/v2\/comments?post=1016531"}],"wp:featuredmedia":[{"embeddable":true,"href":"https:\/\/vimaterial.de\/fr\/wp-json\/wp\/v2\/media\/1003341"}],"wp:attachment":[{"href":"https:\/\/vimaterial.de\/fr\/wp-json\/wp\/v2\/media?parent=1016531"}],"wp:term":[{"taxonomy":"product_brand","embeddable":true,"href":"https:\/\/vimaterial.de\/fr\/wp-json\/wp\/v2\/product_brand?post=1016531"},{"taxonomy":"product_cat","embeddable":true,"href":"https:\/\/vimaterial.de\/fr\/wp-json\/wp\/v2\/product_cat?post=1016531"},{"taxonomy":"product_tag","embeddable":true,"href":"https:\/\/vimaterial.de\/fr\/wp-json\/wp\/v2\/product_tag?post=1016531"}],"curies":[{"name":"wp","href":"https:\/\/api.w.org\/{rel}","templated":true}]}}