{"id":1016528,"date":"2024-06-17T15:02:07","date_gmt":"2024-06-17T07:02:07","guid":{"rendered":"https:\/\/vimaterial.de\/product\/sulfate-de-cuivre\/"},"modified":"2025-03-31T18:18:07","modified_gmt":"2025-03-31T10:18:07","slug":"sulfate-de-cuivre","status":"publish","type":"product","link":"https:\/\/vimaterial.de\/fr\/product\/sulfate-de-cuivre\/","title":{"rendered":"Sulfate de cuivre"},"content":{"rendered":"<p><span style=\"color: #0000ff;\"><a style=\"color: #0000ff;\" href=\"https:\/\/vimaterial.de\/fr\/product\/sulfate-de-cuivre-2\/\">Les<\/a><\/span> granules de sulfate de cuivre sont une sorte de particules de sulfate de cuivre de couleur bleue avec de l\u2019eau cristalline, avec une forme cristalline r\u00e9guli\u00e8re, une densit\u00e9 relativement fixe, facilement soluble dans l\u2019eau, et subiront des changements physicochimiques sous la chaleur et d\u2019autres conditions, ce qui est largement utilis\u00e9 dans de nombreux domaines tels que l\u2019industrie chimique, l\u2019agriculture, etc.<\/p>\n<p>VIMATERIAL fournit des granul\u00e9s dhttps:\/\/vimaterial.de\/en\/product\/copper-sulfate-2\/e sulfate de cuivre de haute puret\u00e9, nous sommes un fournisseur professionnel de mati\u00e8res premi\u00e8res chimiques inorganiques, nos granul\u00e9s se caract\u00e9risent par une grande puret\u00e9, des performances de produit stables et une bonne consistance du produit. Nous soutenons un service personnalis\u00e9, si vous avez des probl\u00e8mes techniques, veuillez <span style=\"color: #0000ff;\"><a style=\"color: #0000ff;\" href=\"https:\/\/vimaterial.de\/fr\/contact\/\">nous contacter.<\/a><\/span><\/p>\n<h2><span style=\"font-size: 14pt;\">Caract\u00e9ristiques physiques<\/span><\/h2>\n<p>Formule mol\u00e9culaire : CuSO\u2084-5H\u2082O<\/p>\n<p>Poids mol\u00e9culaire : 249,685<\/p>\n<p>Apparence\u00a0: poudre cristalline bleue ou cristal en vrac bleu fonc\u00e9 avec propri\u00e9t\u00e9 translucide et \u00e9clat vitreux.<\/p>\n<p>Densit\u00e9 : 2,284 g\/cm\u00b3.<\/p>\n<p>Point de fusion : 110\u00b0C.<\/p>\n<p>Point d\u2019\u00e9bullition : 330\u00b0C.<\/p>\n<p>Structure cristalline : CuSO\u2084\u30fb5H\u2082O Dans la structure cristalline, l\u2019ion Cu est coordonn\u00e9 octa\u00e9driquement, entour\u00e9 de quatre H\u2082O et de deux O. Le cinqui\u00e8me H\u2082O et les deux O sont entour\u00e9s par l\u2019ion Cu. Le cinqui\u00e8me H\u2082O est reli\u00e9 aux deux H\u2082O de l\u2019octa\u00e8dre Cu\u00b2\u207a et aux deux O de l\u2019octa\u00e8dre SO\u2084\u00b2- dans une forme t\u00e9tra\u00e9drique, qui agit comme un tampon dans la structure.<\/p>\n<h2><span style=\"font-size: 14pt;\">Applications<\/span><\/h2>\n<p>Domaine chimique\u00a0: Dans l\u2019industrie de la galvanoplastie, c\u2019est une mati\u00e8re premi\u00e8re importante pour le placage de cuivre, gr\u00e2ce au processus d\u2019\u00e9lectrolyse, il peut produire des ions de cuivre d\u00e9pos\u00e9s \u00e0 la surface des pi\u00e8ces plaqu\u00e9es, formant une couche de placage de cuivre uniforme.<\/p>\n<p>Domaine pharmaceutique\u00a0: Il peut \u00eatre utilis\u00e9 pour pr\u00e9parer des m\u00e9dicaments contenant du cuivre pour le traitement de certaines maladies caus\u00e9es par une carence en cuivre, et peut \u00e9galement \u00eatre utilis\u00e9 comme \u00e9m\u00e9tique, l\u2019utilisant pour stimuler l\u2019estomac et les intestins \u00e0 produire une r\u00e9action de vomissement \u00e0 la d\u00e9sintoxication.<\/p>\n<p>Terrain de laboratoire\u00a0: C\u2019est un r\u00e9actif chimique couramment utilis\u00e9 pour la pr\u00e9paration d\u2019autres compos\u00e9s de cuivre, tels que la synth\u00e8se de la pr\u00e9cipitation d\u2019hydroxyde de cuivre par des r\u00e9actions chimiques\u00a0; Dans les exp\u00e9riences de chimie analytique, il est \u00e9galement utilis\u00e9 pour l\u2019analyse quantitative li\u00e9e aux ions cuivre.<\/p>\n<h2><span style=\"font-size: 14pt;\">Contr\u00f4le de la qualit\u00e9<\/span><\/h2>\n<p><span style=\"color: #0000ff;\"><a style=\"color: #0000ff;\" href=\"https:\/\/vimaterial.de\/fr\/controle-qualite\/\">Chaque lot<\/a><\/span> de produits a un syst\u00e8me de qualit\u00e9 strict pour garantir que les dossiers d\u2019inspection complets, tous les produits d\u00e9part usine peuvent \u00eatre trac\u00e9s, et fournira des \u00e9chantillons au client apr\u00e8s l\u2019usine, pour que les clients puissent les r\u00e9inspecter. Nous avons une bonne consistance du produit et une reproductibilit\u00e9 \u00e9lev\u00e9e du produit.<\/p>\n<h2><span style=\"font-size: 14pt;\">Emballage et stockage<\/span><\/h2>\n<p>Les granul\u00e9s de sulfate de cuivre sont g\u00e9n\u00e9ralement emball\u00e9s dans des sacs ou des bouteilles \u00e0 double vide.<\/p>\n<p>Les granul\u00e9s de sulfate de cuivre doivent \u00eatre stock\u00e9s dans un endroit sec, frais et bien ventil\u00e9, scell\u00e9s, \u00e0 l\u2019abri du feu et des sources de chaleur, \u00e9viter tout contact avec des substances alcalines et les prot\u00e9ger de l\u2019humidit\u00e9.<\/p>\n","protected":false},"excerpt":{"rendered":"<p><span style=\"color: #0000ff;\"><a style=\"color: #0000ff;\" href=\"https:\/\/vimaterial.de\/fr\/product\/sulfate-de-cuivre-2\/\">Les<\/a><\/span> granules de sulfate de cuivre sont une sorte de particules de sulfate de cuivre de couleur bleue avec de l\u2019eau cristalline, avec une forme cristalline r\u00e9guli\u00e8re, une densit\u00e9 relativement fixe, facilement soluble dans l\u2019eau, et subiront des changements physicochimiques sous la chaleur et d\u2019autres conditions, ce qui est largement utilis\u00e9 dans de nombreux domaines tels que l\u2019industrie chimique, l\u2019agriculture, etc.<\/p>\n<p>VIMATERIAL fournit des granul\u00e9s dhttps:\/\/vimaterial.de\/en\/product\/copper-sulfate-2\/e sulfate de cuivre de haute puret\u00e9, nous sommes un fournisseur professionnel de mati\u00e8res premi\u00e8res chimiques inorganiques, nos granul\u00e9s se caract\u00e9risent par une grande puret\u00e9, des performances de produit stables et une bonne consistance du produit. Nous soutenons un service personnalis\u00e9, si vous avez des probl\u00e8mes techniques, veuillez <span style=\"color: #0000ff;\"><a style=\"color: #0000ff;\" href=\"https:\/\/vimaterial.de\/fr\/contact\/\">nous contacter.<\/a><\/span><\/p>\n<p>&nbsp;<\/p>\n","protected":false},"featured_media":1003334,"comment_status":"open","ping_status":"closed","template":"","meta":{"_acf_changed":false},"product_brand":[],"product_cat":[236],"product_tag":[],"class_list":{"0":"post-1016528","1":"product","2":"type-product","3":"status-publish","4":"has-post-thumbnail","6":"product_cat-materiaux-devaporation","8":"first","9":"instock","10":"shipping-taxable","11":"purchasable","12":"product-type-variable"},"acf":[],"_links":{"self":[{"href":"https:\/\/vimaterial.de\/fr\/wp-json\/wp\/v2\/product\/1016528","targetHints":{"allow":["GET"]}}],"collection":[{"href":"https:\/\/vimaterial.de\/fr\/wp-json\/wp\/v2\/product"}],"about":[{"href":"https:\/\/vimaterial.de\/fr\/wp-json\/wp\/v2\/types\/product"}],"replies":[{"embeddable":true,"href":"https:\/\/vimaterial.de\/fr\/wp-json\/wp\/v2\/comments?post=1016528"}],"wp:featuredmedia":[{"embeddable":true,"href":"https:\/\/vimaterial.de\/fr\/wp-json\/wp\/v2\/media\/1003334"}],"wp:attachment":[{"href":"https:\/\/vimaterial.de\/fr\/wp-json\/wp\/v2\/media?parent=1016528"}],"wp:term":[{"taxonomy":"product_brand","embeddable":true,"href":"https:\/\/vimaterial.de\/fr\/wp-json\/wp\/v2\/product_brand?post=1016528"},{"taxonomy":"product_cat","embeddable":true,"href":"https:\/\/vimaterial.de\/fr\/wp-json\/wp\/v2\/product_cat?post=1016528"},{"taxonomy":"product_tag","embeddable":true,"href":"https:\/\/vimaterial.de\/fr\/wp-json\/wp\/v2\/product_tag?post=1016528"}],"curies":[{"name":"wp","href":"https:\/\/api.w.org\/{rel}","templated":true}]}}