{"id":1016517,"date":"2024-06-17T15:02:12","date_gmt":"2024-06-17T07:02:12","guid":{"rendered":"https:\/\/vimaterial.de\/product\/tellurure-de-cuivre-3\/"},"modified":"2025-03-31T17:05:32","modified_gmt":"2025-03-31T09:05:32","slug":"tellurure-de-cuivre-3","status":"publish","type":"product","link":"https:\/\/vimaterial.de\/fr\/product\/tellurure-de-cuivre-3\/","title":{"rendered":"Tellurure de cuivre"},"content":{"rendered":"<p>La cible de pulv\u00e9risation au <span style=\"color: #0000ff;\"><a style=\"color: #0000ff;\" href=\"https:\/\/vimaterial.de\/fr\/product\/tellurure-de-cuivre-2\/\">tellurure de cuivre<\/a><\/span> est un mat\u00e9riau utilis\u00e9 dans la technologie de d\u00e9p\u00f4t physique en phase vapeur, qui se compose principalement de cuivre et de tellure. Le tellurure de cuivre peut \u00eatre d\u00e9pos\u00e9 \u00e0 la surface du substrat par le processus de pulv\u00e9risation, et il est utilis\u00e9 pour pr\u00e9parer divers films minces contenant des composants de tellurure de cuivre, comme dans les domaines des dispositifs \u00e0 semi-conducteurs, des dispositifs opto\u00e9lectroniques, etc.<\/p>\n<p>VIMATERIAL fournit des cibles de pulv\u00e9risation cathodique en cuivre tellurure de haute puret\u00e9 avec une puret\u00e9 \u00e9lev\u00e9e, une plan\u00e9it\u00e9 \u00e9lev\u00e9e, une surface propre, une faible teneur en impuret\u00e9s, des performances fiables, un service personnalis\u00e9 et un service de liaison, veuillez <span style=\"color: #0000ff;\"><a style=\"color: #0000ff;\" href=\"https:\/\/vimaterial.de\/fr\/contact\/\">nous contacter\u00a0!<\/a><\/span><\/p>\n<h2><span style=\"font-size: 14pt;\">Caract\u00e9ristiques physiques<\/span><\/h2>\n<p>Formule mol\u00e9culaire : CuTe<\/p>\n<p>Poids mol\u00e9culaire : 191,1<\/p>\n<p>Apparence\u00a0: G\u00e9n\u00e9ralement noir solide<\/p>\n<p>Densit\u00e9 : 7,1 g\/cm\u00b3<\/p>\n<h2><span style=\"font-size: 14pt;\">Applications<\/span><\/h2>\n<p>Domaine des semi-conducteurs : Il peut \u00eatre utilis\u00e9 dans la fabrication de dispositifs \u00e0 semi-conducteurs pour former des films minces fonctionnels sp\u00e9cifiques par un processus de rev\u00eatement par pulv\u00e9risation cathodique, fournissant un support mat\u00e9riel cl\u00e9 pour les \u00e9lectrodes et les lignes d\u2019interconnexion des puces semi-conductrices.<\/p>\n<p>Champ photovolta\u00efque\u00a0: Dans les cellules solaires, en particulier les cellules solaires \u00e0 couche mince, il peut \u00eatre utilis\u00e9 pour pr\u00e9parer des couches fonctionnelles telles que des \u00e9lectrodes ou des couches absorbantes, ce qui contribue \u00e0 am\u00e9liorer l\u2019efficacit\u00e9 de conversion photo\u00e9lectrique de la batterie.<\/p>\n<p>Dispositifs \u00e9lectroniques : Il peut \u00eatre utilis\u00e9 dans la fabrication de divers types de dispositifs de contr\u00f4le \u00e9lectronique, tels que des transistors, des circuits int\u00e9gr\u00e9s, etc., pour fournir des mat\u00e9riaux \u00e0 couche mince pr\u00e9cis et uniformes afin d\u2019assurer les hautes performances et la stabilit\u00e9 de l\u2019appareil.<\/p>\n<p>Domaine des dispositifs opto\u00e9lectroniques\u00a0: dans la fabrication de diodes \u00e9lectroluminescentes (LED), les diodes laser et autres dispositifs opto\u00e9lectroniques, peuvent \u00eatre utilis\u00e9s pour former des \u00e9lectrodes, une couche r\u00e9fl\u00e9chissante et d\u2019autres structures, jouent un r\u00f4le important dans l\u2019\u00e9mission et la transmission de la lumi\u00e8re pour am\u00e9liorer les performances d\u2019\u00e9mission de lumi\u00e8re et l\u2019efficacit\u00e9 du dispositif.<\/p>\n<p>Champ d\u2019affichage\u00a0: Dans la fabrication d\u2019un \u00e9cran \u00e0 cristaux liquides (LCD), d\u2019un affichage \u00e0 diodes \u00e9lectroluminescentes organiques (OLED) et d\u2019autres panneaux d\u2019affichage, les cibles de pulv\u00e9risation CuTe peuvent \u00eatre utilis\u00e9es pour former un film conducteur transparent, des \u00e9lectrodes, etc., pour assurer le fonctionnement normal du panneau d\u2019affichage et un bon effet d\u2019affichage.<\/p>\n<h2><span style=\"font-size: 14pt;\">Contr\u00f4le de la qualit\u00e9<\/span><\/h2>\n<p><span style=\"color: #0000ff;\"><a style=\"color: #0000ff;\" href=\"https:\/\/vimaterial.de\/fr\/controle-qualite\/\">Chaque lot<\/a> <\/span>de produits a un syst\u00e8me de qualit\u00e9 strict pour garantir que les dossiers d\u2019inspection complets, tous les produits d\u00e9part usine peuvent \u00eatre trac\u00e9s, et fournira des \u00e9chantillons au client apr\u00e8s l\u2019usine, pour que les clients puissent les r\u00e9inspecter. Nous avons une bonne consistance du produit et une reproductibilit\u00e9 \u00e9lev\u00e9e du produit.<\/p>\n<h2><span style=\"font-size: 14pt;\">Emballage et stockage<\/span><\/h2>\n<p>Les cibles de pulv\u00e9risation en cuivre Telluride sont emball\u00e9es dans des sacs sous vide doubles, puis mises en bo\u00eete pour la protection.<\/p>\n<p>Les cibles de pulv\u00e9risation au tellurure de cuivre doivent \u00eatre stock\u00e9es dans un environnement sec et propre \u00e0 une temp\u00e9rature de 15 \u00e0 25 degr\u00e9s Celsius et \u00e0 une humidit\u00e9 relative de 30 \u00e0 50 %, emball\u00e9es dans des emballages scell\u00e9s sous vide ou \u00e0 gaz inerte, plac\u00e9es sur des supports de stockage m\u00e9talliques qui ont \u00e9t\u00e9 trait\u00e9s pour \u00e9viter la rouille, et \u00e9vit\u00e9es de l\u2019empilement et du contact avec des r\u00e9actifs chimiques, sources d\u2019eau et sources de chaleur.<\/p>\n","protected":false},"excerpt":{"rendered":"<p>La cible de pulv\u00e9risation au <span style=\"color: #0000ff;\"><a style=\"color: #0000ff;\" href=\"https:\/\/vimaterial.de\/fr\/product\/tellurure-de-cuivre-2\/\">tellurure de cuivre<\/a><\/span> est un mat\u00e9riau utilis\u00e9 dans la technologie de d\u00e9p\u00f4t physique en phase vapeur, qui se compose principalement de cuivre et de tellure. Le tellurure de cuivre peut \u00eatre d\u00e9pos\u00e9 \u00e0 la surface du substrat par le processus de pulv\u00e9risation, et il est utilis\u00e9 pour pr\u00e9parer divers films minces contenant des composants de tellurure de cuivre, comme dans les domaines des dispositifs \u00e0 semi-conducteurs, des dispositifs opto\u00e9lectroniques, etc.<\/p>\n<p>VIMATERIAL fournit des cibles de pulv\u00e9risation cathodique en cuivre tellurure de haute puret\u00e9 avec une puret\u00e9 \u00e9lev\u00e9e, une plan\u00e9it\u00e9 \u00e9lev\u00e9e, une surface propre, une faible teneur en impuret\u00e9s, des performances fiables, un service personnalis\u00e9 et un service de liaison, veuillez <span style=\"color: #0000ff;\"><a style=\"color: #0000ff;\" href=\"https:\/\/vimaterial.de\/fr\/contact\/\">nous contacter\u00a0!<\/a><\/span><\/p>\n","protected":false},"featured_media":1003348,"comment_status":"open","ping_status":"closed","template":"","meta":{"_acf_changed":false},"product_brand":[],"product_cat":[235],"product_tag":[],"class_list":{"0":"post-1016517","1":"product","2":"type-product","3":"status-publish","4":"has-post-thumbnail","6":"product_cat-cibles-de-pulverisation-planaire","8":"first","9":"instock","10":"shipping-taxable","11":"product-type-variable"},"acf":[],"_links":{"self":[{"href":"https:\/\/vimaterial.de\/fr\/wp-json\/wp\/v2\/product\/1016517","targetHints":{"allow":["GET"]}}],"collection":[{"href":"https:\/\/vimaterial.de\/fr\/wp-json\/wp\/v2\/product"}],"about":[{"href":"https:\/\/vimaterial.de\/fr\/wp-json\/wp\/v2\/types\/product"}],"replies":[{"embeddable":true,"href":"https:\/\/vimaterial.de\/fr\/wp-json\/wp\/v2\/comments?post=1016517"}],"wp:featuredmedia":[{"embeddable":true,"href":"https:\/\/vimaterial.de\/fr\/wp-json\/wp\/v2\/media\/1003348"}],"wp:attachment":[{"href":"https:\/\/vimaterial.de\/fr\/wp-json\/wp\/v2\/media?parent=1016517"}],"wp:term":[{"taxonomy":"product_brand","embeddable":true,"href":"https:\/\/vimaterial.de\/fr\/wp-json\/wp\/v2\/product_brand?post=1016517"},{"taxonomy":"product_cat","embeddable":true,"href":"https:\/\/vimaterial.de\/fr\/wp-json\/wp\/v2\/product_cat?post=1016517"},{"taxonomy":"product_tag","embeddable":true,"href":"https:\/\/vimaterial.de\/fr\/wp-json\/wp\/v2\/product_tag?post=1016517"}],"curies":[{"name":"wp","href":"https:\/\/api.w.org\/{rel}","templated":true}]}}