{"id":1016511,"date":"2024-06-17T15:02:09","date_gmt":"2024-06-17T07:02:09","guid":{"rendered":"https:\/\/vimaterial.de\/product\/tellurure-de-cuivre-2\/"},"modified":"2025-03-31T17:31:10","modified_gmt":"2025-03-31T09:31:10","slug":"tellurure-de-cuivre-2","status":"publish","type":"product","link":"https:\/\/vimaterial.de\/fr\/product\/tellurure-de-cuivre-2\/","title":{"rendered":"Tellurure de cuivre"},"content":{"rendered":"<p>La poudre de <span style=\"color: #0000ff;\"><a style=\"color: #0000ff;\" href=\"https:\/\/vimaterial.de\/fr\/product\/tellurure-de-cuivre-3\/\">tellurure de cuivre<\/a><\/span> est une poudre compos\u00e9e de cuivre et de tellure, g\u00e9n\u00e9ralement sous forme de fines particules, la couleur peut varier en fonction de la proportion des ingr\u00e9dients et d\u2019autres facteurs, avec un certain degr\u00e9 de stabilit\u00e9 chimique, et a un certain nombre d\u2019applications dans le domaine de l\u2019\u00e9lectronique, des mat\u00e9riaux opto\u00e9lectroniques et d\u2019autres domaines de valeur.<\/p>\n<p>VIMATERIAL fournit de la poudre de tellurure de cuivre de haute puret\u00e9, nous sommes un fournisseur professionnel de mati\u00e8res premi\u00e8res chimiques inorganiques, nous prenons en charge les commandes de petits lots, soutenons \u00e9galement la personnalisation des produits et les exp\u00e9riences, si vous avez des probl\u00e8mes techniques, veuillez<span style=\"color: #0000ff;\"><a style=\"color: #0000ff;\" href=\"https:\/\/vimaterial.de\/fr\/contact\/\"> nous contacter.<\/a><\/span><\/p>\n<h2><span style=\"font-size: 14pt;\">Caract\u00e9ristiques physiques<\/span><\/h2>\n<p>Formule mol\u00e9culaire : CuTe<\/p>\n<p>Poids mol\u00e9culaire : 191,1<\/p>\n<p>Apparence\u00a0: G\u00e9n\u00e9ralement sous forme de poudre bleu-noir.<\/p>\n<p>Densit\u00e9 : 7,1 g\/cm\u00b3<\/p>\n<p>Structure cristalline : montrer une structure de couche claire<\/p>\n<h2><span style=\"font-size: 14pt;\">Applications<\/span><\/h2>\n<p>Champ photovolta\u00efque : En tant que composant cl\u00e9 des nouveaux mat\u00e9riaux photovolta\u00efques, il peut \u00eatre utilis\u00e9 dans la pr\u00e9paration de cellules solaires \u00e0 haut rendement, contribuant ainsi \u00e0 am\u00e9liorer l\u2019efficacit\u00e9 de la conversion photo\u00e9lectrique.<\/p>\n<p>Mat\u00e9riaux \u00e9lectroniques : Dans la fabrication de dispositifs \u00e9lectroniques, il peut \u00eatre utilis\u00e9 pour fabriquer des composants semi-conducteurs sp\u00e9ciaux, offrant la possibilit\u00e9 de r\u00e9aliser une conception de circuit hautement int\u00e9gr\u00e9e et performante.<\/p>\n<p>Champ thermo\u00e9lectrique : en tant que composant des mat\u00e9riaux thermo\u00e9lectriques, il peut r\u00e9aliser la conversion efficace de l\u2019\u00e9nergie thermique et de l\u2019\u00e9nergie \u00e9lectrique, et a des perspectives d\u2019application potentielles dans le recyclage de la chaleur r\u00e9siduelle.<\/p>\n<p>Dispositifs opto\u00e9lectroniques : Gr\u00e2ce \u00e0 ses propri\u00e9t\u00e9s opto\u00e9lectroniques uniques, la poudre peut \u00eatre utilis\u00e9e dans la fabrication de photod\u00e9tecteurs, de capteurs photo\u00e9lectriques et d\u2019autres dispositifs opto\u00e9lectroniques, afin d\u2019am\u00e9liorer la capacit\u00e9 de l\u2019appareil \u00e0 d\u00e9tecter et \u00e0 convertir des signaux optiques.<\/p>\n<h2><span style=\"font-size: 14pt;\">Contr\u00f4le de la qualit\u00e9<\/span><\/h2>\n<p><span style=\"color: #0000ff;\"><a style=\"color: #0000ff;\" href=\"https:\/\/vimaterial.de\/en\/quality-cohttps:\/\/vimaterial.de\/fr\/controle-qualite\/ntrol\/\">Chaque lot<\/a><\/span> de produits a un syst\u00e8me de qualit\u00e9 strict pour garantir que les dossiers d\u2019inspection complets, tous les produits d\u00e9part usine peuvent \u00eatre trac\u00e9s, et fournira des \u00e9chantillons au client apr\u00e8s l\u2019usine, pour que les clients puissent les r\u00e9inspecter. Nous avons une bonne consistance du produit et une reproductibilit\u00e9 \u00e9lev\u00e9e du produit.<\/p>\n<h2><span style=\"font-size: 14pt;\">Emballage et stockage<\/span><\/h2>\n<p>La poudre de tellurure de cuivre est g\u00e9n\u00e9ralement emball\u00e9e dans des sacs ou des bouteilles sous vide doubles. L\u2019unit\u00e9 d\u2019emballage minimale est de 100 g\/sac (bouteille).<\/p>\n<p>La poudre de tellurure de cuivre doit \u00eatre stock\u00e9e dans un environnement sec, frais, bien ventil\u00e9 et \u00e9tanche \u00e0 la lumi\u00e8re, scell\u00e9e et emball\u00e9e de mani\u00e8re \u00e0 l\u2019isoler de l\u2019air, de l\u2019humidit\u00e9 et de la lumi\u00e8re forte, et en m\u00eame temps, elle doit \u00eatre conserv\u00e9e \u00e0 l\u2019abri du feu, de la chaleur et des agents oxydants puissants, afin d\u2019\u00e9viter qu\u2019elle ne s\u2019oxyde, ne se d\u00e9liquesque ou ne se d\u00e9t\u00e9riore \u00e0 la suite d\u2019autres r\u00e9actions chimiques.<\/p>\n","protected":false},"excerpt":{"rendered":"<p>La poudre de <span style=\"color: #0000ff;\"><a style=\"color: #0000ff;\" href=\"https:\/\/vimaterial.de\/fr\/product\/tellurure-de-cuivre-3\/\">tellurure de cuivre<\/a><\/span> est une poudre compos\u00e9e de cuivre et de tellure, g\u00e9n\u00e9ralement sous forme de fines particules, la couleur peut varier en fonction de la proportion des ingr\u00e9dients et d\u2019autres facteurs, avec un certain degr\u00e9 de stabilit\u00e9 chimique, et a un certain nombre d\u2019applications dans le domaine de l\u2019\u00e9lectronique, des mat\u00e9riaux opto\u00e9lectroniques et d\u2019autres domaines de valeur.<\/p>\n<p>VIMATERIAL fournit de la poudre de tellurure de cuivre de haute puret\u00e9, nous sommes un fournisseur professionnel de mati\u00e8res premi\u00e8res chimiques inorganiques, nous prenons en charge les commandes de petits lots, soutenons \u00e9galement la personnalisation des produits et les exp\u00e9riences, si vous avez des probl\u00e8mes techniques, veuillez<span style=\"color: #0000ff;\"><a style=\"color: #0000ff;\" href=\"https:\/\/vimaterial.de\/fr\/contact\/\"> nous contacter.<\/a><\/span><\/p>\n","protected":false},"featured_media":1003348,"comment_status":"open","ping_status":"closed","template":"","meta":{"_acf_changed":false},"product_brand":[],"product_cat":[238],"product_tag":[],"class_list":{"0":"post-1016511","1":"product","2":"type-product","3":"status-publish","4":"has-post-thumbnail","6":"product_cat-materiaux-de-chalcogenure","8":"first","9":"instock","10":"shipping-taxable","11":"product-type-variable"},"acf":[],"_links":{"self":[{"href":"https:\/\/vimaterial.de\/fr\/wp-json\/wp\/v2\/product\/1016511","targetHints":{"allow":["GET"]}}],"collection":[{"href":"https:\/\/vimaterial.de\/fr\/wp-json\/wp\/v2\/product"}],"about":[{"href":"https:\/\/vimaterial.de\/fr\/wp-json\/wp\/v2\/types\/product"}],"replies":[{"embeddable":true,"href":"https:\/\/vimaterial.de\/fr\/wp-json\/wp\/v2\/comments?post=1016511"}],"wp:featuredmedia":[{"embeddable":true,"href":"https:\/\/vimaterial.de\/fr\/wp-json\/wp\/v2\/media\/1003348"}],"wp:attachment":[{"href":"https:\/\/vimaterial.de\/fr\/wp-json\/wp\/v2\/media?parent=1016511"}],"wp:term":[{"taxonomy":"product_brand","embeddable":true,"href":"https:\/\/vimaterial.de\/fr\/wp-json\/wp\/v2\/product_brand?post=1016511"},{"taxonomy":"product_cat","embeddable":true,"href":"https:\/\/vimaterial.de\/fr\/wp-json\/wp\/v2\/product_cat?post=1016511"},{"taxonomy":"product_tag","embeddable":true,"href":"https:\/\/vimaterial.de\/fr\/wp-json\/wp\/v2\/product_tag?post=1016511"}],"curies":[{"name":"wp","href":"https:\/\/api.w.org\/{rel}","templated":true}]}}