{"id":1016464,"date":"2024-06-17T15:03:04","date_gmt":"2024-06-17T07:03:04","guid":{"rendered":"https:\/\/vimaterial.de\/product\/titanate-de-cuivre-oxyde-de-cuivre-et-de-titane-2\/"},"modified":"2025-03-27T17:54:46","modified_gmt":"2025-03-27T09:54:46","slug":"titanate-de-cuivre-oxyde-de-cuivre-et-de-titane-2","status":"publish","type":"product","link":"https:\/\/vimaterial.de\/fr\/product\/titanate-de-cuivre-oxyde-de-cuivre-et-de-titane-2\/","title":{"rendered":"Titanate de cuivre (oxyde de titane de cuivre)"},"content":{"rendered":"<p><span style=\"font-family: arial, helvetica, sans-serif; font-size: 12pt;\">La cible en titanate de cuivre est une cible c\u00e9ramique importante, sa structure cristalline est plus complexe, avec des groupes d\u2019espace et des param\u00e8tres cellulaires sp\u00e9cifiques, etc. Ces caract\u00e9ristiques microstructurales d\u00e9terminent ses propri\u00e9t\u00e9s macroscopiques et ses domaines d\u2019application. <\/span><\/p>\n<p><span style=\"font-family: arial, helvetica, sans-serif; font-size: 12pt;\">VIMATERIAL peut fournir une cible en titanate de cuivre dans divers emballages et sp\u00e9cifications, la cible en titanate de cuivre produite par notre soci\u00e9t\u00e9 se caract\u00e9rise par une grande puret\u00e9 et une excellente qualit\u00e9, et la r\u00e9ponse de nos clients \u00e0 ce produit est tr\u00e8s bonne. Le titanate de cuivre a une constante di\u00e9lectrique \u00e9lev\u00e9e et une faible perte di\u00e9lectrique, ce qui joue un r\u00f4le indispensable dans la production industrielle pratique. Le titanate de cuivre a une constante di\u00e9lectrique \u00e9lev\u00e9e et une faible perte di\u00e9lectrique, ce qui le rend indispensable dans la production industrielle pratique. <\/span><\/p>\n<p><span style=\"color: #0000ff; font-family: arial, helvetica, sans-serif; font-size: 12pt;\"><a style=\"color: #0000ff;\" href=\"https:\/\/vimaterial.de\/fr\/contact\/\">Contactez-nous.<\/a><\/span><\/p>\n<h2><span style=\"font-family: arial, helvetica, sans-serif; font-size: 14pt;\">Propri\u00e9t\u00e9s physiques\u00a0:<\/span><\/h2>\n<p><span style=\"font-family: arial, helvetica, sans-serif; font-size: 12pt;\">Formule mol\u00e9culaire : CuTiO\u2083<\/span><\/p>\n<p><span style=\"font-family: arial, helvetica, sans-serif; font-size: 12pt;\">Poids mol\u00e9culaire : 159,41<\/span><\/p>\n<p><span style=\"font-family: arial, helvetica, sans-serif; font-size: 12pt;\">Aspect : poudre cristalline vert clair \u00e0 gris fonc\u00e9, cible de pulv\u00e9risation ou solide sous diverses formes.<\/span><\/p>\n<h2><span style=\"font-family: arial, helvetica, sans-serif; font-size: 14pt;\">Applications:<\/span><\/h2>\n<p><span style=\"font-family: arial, helvetica, sans-serif; font-size: 12pt;\">Dispositifs \u00e9lectroniques\u00a0: Dans la fabrication de semi-conducteurs, la cible en titanate de cuivre peut \u00eatre utilis\u00e9e pour pr\u00e9parer des condensateurs haute performance, des r\u00e9sistances et d\u2019autres composants passifs afin d\u2019am\u00e9liorer les performances et l\u2019int\u00e9gration des circuits int\u00e9gr\u00e9s\u00a0; Il peut \u00e9galement \u00eatre utilis\u00e9 dans la fabrication d\u2019appareils \u00e0 micro-ondes, de filtres de station de base de communication, etc., pour r\u00e9pondre \u00e0 la demande de dispositifs \u00e9lectroniques haute fr\u00e9quence et haute performance pour la communication \u00e0 haut d\u00e9bit et le traitement des donn\u00e9es.<\/span><\/p>\n<p><span style=\"font-family: arial, helvetica, sans-serif; font-size: 12pt;\">Stockage de l\u2019\u00e9nergie : Avec le d\u00e9veloppement de nouvelles technologies \u00e9nerg\u00e9tiques, le titanate de cuivre pr\u00e9sente \u00e9galement un certain potentiel d\u2019application dans le domaine du stockage de l\u2019\u00e9nergie, tels que les batteries lithium-ion, les supercondensateurs et autres mat\u00e9riaux d\u2019\u00e9lectrode, sa structure et ses performances uniques pour aider \u00e0 am\u00e9liorer les performances de charge et de d\u00e9charge de la batterie, la dur\u00e9e de vie et la densit\u00e9 \u00e9nerg\u00e9tique, pour les v\u00e9hicules \u00e0 \u00e9nergie nouvelle, le stockage d\u2019\u00e9nergie renouvelable et d\u2019autres supports techniques.<\/span><\/p>\n<h2><span style=\"font-family: arial, helvetica, sans-serif; font-size: 14pt;\">Emballage et stockage :<\/span><\/h2>\n<p><span style=\"font-family: arial, helvetica, sans-serif; font-size: 12pt;\">L\u2019emballage et le stockage des mat\u00e9riaux cibles seront effectu\u00e9s en stricte conformit\u00e9 avec les exigences pertinentes, en s\u00e9lectionnant des mat\u00e9riaux d\u2019emballage et des conditions de stockage appropri\u00e9s, en adoptant des m\u00e9thodes de stockage scientifiques et raisonnables, et en effectuant des inspections et un entretien r\u00e9guliers, afin de garantir que la qualit\u00e9 et les performances des mat\u00e9riaux cibles sont stables, prolongent leur dur\u00e9e de vie et r\u00e9pondent aux besoins de la production et de la recherche scientifique.<\/span><\/p>\n<h2><span style=\"font-family: arial, helvetica, sans-serif; font-size: 14pt;\">Contr\u00f4le qualit\u00e9:<\/span><\/h2>\n<p><span style=\"font-family: arial, helvetica, sans-serif; font-size: 12pt;\">Chaque lot de marchandises est accompagn\u00e9 d\u2019un certificat d\u2019authenticit\u00e9 et d\u2019un rapport d\u2019analyse, les marchandises sont toutes qualifi\u00e9es, soyez assur\u00e9 que la commande.<\/span><\/p>\n","protected":false},"excerpt":{"rendered":"<p><span style=\"font-family: arial, helvetica, sans-serif; font-size: 12pt;\">La cible en titanate de cuivre est une cible c\u00e9ramique importante, sa structure cristalline est plus complexe, avec des groupes d\u2019espace et des param\u00e8tres cellulaires sp\u00e9cifiques, etc. Ces caract\u00e9ristiques microstructurales d\u00e9terminent ses propri\u00e9t\u00e9s macroscopiques et ses domaines d\u2019application. <\/span><\/p>\n<p>&nbsp;<\/p>\n","protected":false},"featured_media":1003382,"comment_status":"open","ping_status":"closed","template":"","meta":{"_acf_changed":false},"product_brand":[],"product_cat":[235],"product_tag":[],"class_list":{"0":"post-1016464","1":"product","2":"type-product","3":"status-publish","4":"has-post-thumbnail","6":"product_cat-cibles-de-pulverisation-planaire","8":"first","9":"instock","10":"shipping-taxable","11":"product-type-variable"},"acf":[],"_links":{"self":[{"href":"https:\/\/vimaterial.de\/fr\/wp-json\/wp\/v2\/product\/1016464","targetHints":{"allow":["GET"]}}],"collection":[{"href":"https:\/\/vimaterial.de\/fr\/wp-json\/wp\/v2\/product"}],"about":[{"href":"https:\/\/vimaterial.de\/fr\/wp-json\/wp\/v2\/types\/product"}],"replies":[{"embeddable":true,"href":"https:\/\/vimaterial.de\/fr\/wp-json\/wp\/v2\/comments?post=1016464"}],"wp:featuredmedia":[{"embeddable":true,"href":"https:\/\/vimaterial.de\/fr\/wp-json\/wp\/v2\/media\/1003382"}],"wp:attachment":[{"href":"https:\/\/vimaterial.de\/fr\/wp-json\/wp\/v2\/media?parent=1016464"}],"wp:term":[{"taxonomy":"product_brand","embeddable":true,"href":"https:\/\/vimaterial.de\/fr\/wp-json\/wp\/v2\/product_brand?post=1016464"},{"taxonomy":"product_cat","embeddable":true,"href":"https:\/\/vimaterial.de\/fr\/wp-json\/wp\/v2\/product_cat?post=1016464"},{"taxonomy":"product_tag","embeddable":true,"href":"https:\/\/vimaterial.de\/fr\/wp-json\/wp\/v2\/product_tag?post=1016464"}],"curies":[{"name":"wp","href":"https:\/\/api.w.org\/{rel}","templated":true}]}}