{"id":1016455,"date":"2024-06-17T15:02:14","date_gmt":"2024-06-17T07:02:14","guid":{"rendered":"https:\/\/vimaterial.de\/product\/titanate-de-cuivre-oxyde-de-cuivre-et-de-titane\/"},"modified":"2025-03-28T11:29:45","modified_gmt":"2025-03-28T03:29:45","slug":"titanate-de-cuivre-oxyde-de-cuivre-et-de-titane","status":"publish","type":"product","link":"https:\/\/vimaterial.de\/fr\/product\/titanate-de-cuivre-oxyde-de-cuivre-et-de-titane\/","title":{"rendered":"Titanate de cuivre (oxyde de titane de cuivre)"},"content":{"rendered":"<p><a href=\"https:\/\/vimaterial.de\/fr\/product\/titanate-de-cuivre-oxyde-de-cuivre-et-de-titane-2\/\"><span style=\"color: #0000ff;\">La poudre de titanate de cuivre<\/span><\/a> est une poudre cristalline de couleur vert clair \u00e0 gris fonc\u00e9, de formule mol\u00e9culaire CuTiO\u2083, de poids mol\u00e9culaire 159,41, qui peut \u00eatre appliqu\u00e9e dans la c\u00e9ramique, l\u2019industrie chimique et d\u2019autres domaines, tels que utilis\u00e9s dans la fabrication de condensateurs c\u00e9ramiques \u00e0 constantes di\u00e9lectriques \u00e9lev\u00e9es et comme mat\u00e9riaux photocatalytiques.<\/p>\n<p>La puret\u00e9 de la poudre de titanate de cuivre produite par VIMATERIAL peut \u00eatre de 99,9\u00a0%, nous produisons une poudre de bonne qualit\u00e9 avec une grande puret\u00e9. Ce produit a une bonne conductivit\u00e9 \u00e9lectrique et thermique et peut transmettre rapidement le courant et la chaleur. Nous avons une \u00e9quipe technique professionnelle, veuillez <span style=\"color: #0000ff;\"><a style=\"color: #0000ff;\" href=\"https:\/\/vimaterial.de\/fr\/contact\/\">nous contacter<\/a><\/span> si vous en avez besoin.<\/p>\n<h2><span style=\"font-size: 14pt;\">Propri\u00e9t\u00e9s physiques<\/span><\/h2>\n<p>Formule mol\u00e9culaire : CuTiO\u2083<\/p>\n<p>Poids mol\u00e9culaire : 159,41<\/p>\n<p>Apparence\u00a0: poudre cristalline vert clair \u00e0 gris fonc\u00e9<\/p>\n<h2><span style=\"font-size: 14pt;\">Composition chimique<\/span><\/h2>\n<table style=\"border-collapse: collapse; width: 100%; height: 104px;\">\n<tbody>\n<tr style=\"height: 56px;\">\n<td style=\"width: 11.1111%; height: 56px;\" colspan=\"9\">\n<p style=\"text-align: center;\"><strong><span style=\"font-size: 14pt;\">Impuret\u00e9 de 99,9\u00a0% de titanate de cuivre (\u00a0% en poids)<\/span><\/strong><\/p>\n<\/td>\n<\/tr>\n<tr style=\"height: 24px;\">\n<td style=\"width: 11.1111%; height: 24px; text-align: center;\"><strong>Fe<\/strong><\/td>\n<td style=\"width: 11.1111%; height: 24px; text-align: center;\"><strong>Ni<\/strong><\/td>\n<td style=\"width: 11.1111%; height: 24px; text-align: center;\"><strong>Cr<\/strong><\/td>\n<td style=\"width: 11.1111%; height: 24px; text-align: center;\"><strong>Mn<\/strong><\/td>\n<td style=\"width: 11.1111%; height: 24px; text-align: center;\"><strong>Al<\/strong><\/td>\n<td style=\"width: 11.1111%; height: 24px; text-align: center;\"><strong>Zn<\/strong><\/td>\n<td style=\"width: 11.1111%; height: 24px; text-align: center;\"><strong>Mg<\/strong><\/td>\n<td style=\"width: 11.1111%; height: 24px; text-align: center;\"><strong>Pb<\/strong><\/td>\n<td style=\"width: 11.1111%; height: 24px; text-align: center;\"><strong>Cd<\/strong><\/td>\n<\/tr>\n<tr style=\"height: 24px;\">\n<td style=\"width: 11.1111%; height: 24px; text-align: center;\">0.03<\/td>\n<td style=\"width: 11.1111%; height: 24px; text-align: center;\">0.02<\/td>\n<td style=\"width: 11.1111%; height: 24px; text-align: center;\">0.003<\/td>\n<td style=\"width: 11.1111%; height: 24px; text-align: center;\">0.003<\/td>\n<td style=\"width: 11.1111%; height: 24px; text-align: center;\">0.003<\/td>\n<td style=\"width: 11.1111%; height: 24px; text-align: center;\">0.003<\/td>\n<td style=\"width: 11.1111%; height: 24px; text-align: center;\">0.004<\/td>\n<td style=\"width: 11.1111%; height: 24px; text-align: center;\">0.0003<\/td>\n<td style=\"width: 11.1111%; height: 24px; text-align: center;\">0.0001<\/td>\n<\/tr>\n<\/tbody>\n<\/table>\n<h2><span style=\"font-size: 14pt;\">Applications<\/span><\/h2>\n<p>\u00c9lectronique : Les poudres de titanate de cuivre sont utilis\u00e9es dans la fabrication de composants \u00e9lectroniques, tels que des condensateurs, des r\u00e9sistances, etc., pour am\u00e9liorer les performances et l\u2019efficacit\u00e9 des \u00e9quipements \u00e9lectroniques en raison de leurs excellentes propri\u00e9t\u00e9s \u00e9lectriques.<\/p>\n<p>\u00c9nergie : Dans l\u2019industrie des batteries \u00e0 \u00e9nergie nouvelle, la poudre peut \u00eatre utilis\u00e9e comme mat\u00e9riau d\u2019\u00e9lectrode ou additif pour am\u00e9liorer les performances et l\u2019efficacit\u00e9 de charge\/d\u00e9charge des batteries.<\/p>\n<p>A\u00e9rospatiale\u00a0: Sa l\u00e9g\u00e8ret\u00e9, sa haute r\u00e9sistance, sa r\u00e9sistance aux hautes temp\u00e9ratures et d\u2019autres caract\u00e9ristiques le rendent adapt\u00e9 \u00e0 la fabrication de composants a\u00e9rospatiaux, tels que des ailes d\u2019avion, des pi\u00e8ces de moteur, etc., qui peuvent assurer les performances tout en r\u00e9duisant le poids.<\/p>\n<p>Domaine automobile\u00a0: il peut \u00eatre utilis\u00e9 pour fabriquer des pi\u00e8ces de moteur automobile, des pi\u00e8ces de syst\u00e8me de freinage et des pi\u00e8ces de structure de carrosserie, etc., pour am\u00e9liorer les performances, la s\u00e9curit\u00e9 et l\u2019\u00e9conomie de carburant des automobiles.<\/p>\n<p>Domaine m\u00e9dical : En raison de sa bonne biocompatibilit\u00e9 et de ses propri\u00e9t\u00e9s antimicrobiennes, il peut \u00eatre utilis\u00e9 dans la fabrication de dispositifs m\u00e9dicaux, tels que des outils chirurgicaux, des implants, etc., pour r\u00e9duire le risque d\u2019infection.<\/p>\n<p>Domaine c\u00e9ramique\u00a0: en tant qu\u2019additif pour les mat\u00e9riaux c\u00e9ramiques, il peut am\u00e9liorer les propri\u00e9t\u00e9s \u00e9lectriques, m\u00e9caniques et thermiques des c\u00e9ramiques, et est utilis\u00e9 dans la fabrication de produits c\u00e9ramiques \u00e0 haute performance, tels que les condensateurs c\u00e9ramiques, les c\u00e9ramiques pi\u00e9zo\u00e9lectriques.<\/p>\n<h2><span style=\"font-size: 14pt;\">Contr\u00f4le de la qualit\u00e9<\/span><\/h2>\n<p><span style=\"color: #0000ff;\"><a style=\"color: #0000ff;\" href=\"https:\/\/vimaterial.de\/fr\/controle-qualite\/\">La<\/a><\/span> composition, la taille des particules et d\u2019autres caract\u00e9ristiques seront analys\u00e9es pour chaque lot de produits, un rapport d\u2019inspection sera d\u00e9livr\u00e9 et des \u00e9chantillons de chaque lot de produits seront fournis aux clients pour une nouvelle inspection. Une inspection par un tiers est \u00e9galement disponible sur demande.<\/p>\n<h2><span style=\"font-size: 14pt;\">Emballage et stockage<\/span><\/h2>\n<p>Nous utilisons des sacs sous vide double ou des bouteilles sous vide double d\u2019une capacit\u00e9 minimale de 50g.<\/p>\n<p>La poudre de titanate de cuivre doit \u00eatre stock\u00e9e dans un environnement sec, frais et bien ventil\u00e9, scell\u00e9e et prot\u00e9g\u00e9e de l\u2019humidit\u00e9 et du contact avec des acides forts, des alcalis et d\u2019autres substances corrosives fortes, ainsi qu\u2019\u00e0 l\u2019\u00e9cart des sources d\u2019inflammation et de chaleur pour \u00e9viter la d\u00e9t\u00e9rioration et le danger.<\/p>\n","protected":false},"excerpt":{"rendered":"<p><a href=\"https:\/\/vimaterial.de\/fr\/product\/titanate-de-cuivre-oxyde-de-cuivre-et-de-titane-2\/\"><span style=\"color: #0000ff;\">La poudre de titanate de cuivre<\/span><\/a> est une poudre cristalline de couleur vert clair \u00e0 gris fonc\u00e9, de formule mol\u00e9culaire CuTiO\u2083, de poids mol\u00e9culaire 159,41, qui peut \u00eatre appliqu\u00e9e dans la c\u00e9ramique, l\u2019industrie chimique et d\u2019autres domaines, tels que utilis\u00e9s dans la fabrication de condensateurs c\u00e9ramiques \u00e0 constantes di\u00e9lectriques \u00e9lev\u00e9es et comme mat\u00e9riaux photocatalytiques.<\/p>\n<p>La puret\u00e9 de la poudre de titanate de cuivre produite par VIMATERIAL peut \u00eatre de 99,9\u00a0%, nous produisons une poudre de bonne qualit\u00e9 avec une grande puret\u00e9. Ce produit a une bonne conductivit\u00e9 \u00e9lectrique et thermique et peut transmettre rapidement le courant et la chaleur. Nous avons une \u00e9quipe technique professionnelle, veuillez <span style=\"color: #0000ff;\"><a style=\"color: #0000ff;\" href=\"https:\/\/vimaterial.de\/fr\/contact\/\">nous contacter<\/a><\/span> si vous en avez besoin.<\/p>\n","protected":false},"featured_media":1003382,"comment_status":"open","ping_status":"closed","template":"","meta":{"_acf_changed":false},"product_brand":[],"product_cat":[244],"product_tag":[],"class_list":{"0":"post-1016455","1":"product","2":"type-product","3":"status-publish","4":"has-post-thumbnail","6":"product_cat-autres-materiaux","8":"first","9":"instock","10":"shipping-taxable","11":"product-type-variable"},"acf":[],"_links":{"self":[{"href":"https:\/\/vimaterial.de\/fr\/wp-json\/wp\/v2\/product\/1016455","targetHints":{"allow":["GET"]}}],"collection":[{"href":"https:\/\/vimaterial.de\/fr\/wp-json\/wp\/v2\/product"}],"about":[{"href":"https:\/\/vimaterial.de\/fr\/wp-json\/wp\/v2\/types\/product"}],"replies":[{"embeddable":true,"href":"https:\/\/vimaterial.de\/fr\/wp-json\/wp\/v2\/comments?post=1016455"}],"wp:featuredmedia":[{"embeddable":true,"href":"https:\/\/vimaterial.de\/fr\/wp-json\/wp\/v2\/media\/1003382"}],"wp:attachment":[{"href":"https:\/\/vimaterial.de\/fr\/wp-json\/wp\/v2\/media?parent=1016455"}],"wp:term":[{"taxonomy":"product_brand","embeddable":true,"href":"https:\/\/vimaterial.de\/fr\/wp-json\/wp\/v2\/product_brand?post=1016455"},{"taxonomy":"product_cat","embeddable":true,"href":"https:\/\/vimaterial.de\/fr\/wp-json\/wp\/v2\/product_cat?post=1016455"},{"taxonomy":"product_tag","embeddable":true,"href":"https:\/\/vimaterial.de\/fr\/wp-json\/wp\/v2\/product_tag?post=1016455"}],"curies":[{"name":"wp","href":"https:\/\/api.w.org\/{rel}","templated":true}]}}