{"id":1016438,"date":"2024-06-17T15:03:04","date_gmt":"2024-06-17T07:03:04","guid":{"rendered":"https:\/\/vimaterial.de\/product\/cuivre-zinc-laiton\/"},"modified":"2025-03-27T17:48:20","modified_gmt":"2025-03-27T09:48:20","slug":"cuivre-zinc-laiton","status":"publish","type":"product","link":"https:\/\/vimaterial.de\/fr\/product\/cuivre-zinc-laiton\/","title":{"rendered":"Cuivre Zinc (Laiton)"},"content":{"rendered":"<p><span style=\"font-family: arial, helvetica, sans-serif;\">Cuivre Zinc. Les cibles de cuivre et de zinc sont des cibles d&#8217;alliage ayant le cuivre et le zinc comme composants principaux. Le mat\u00e9riau des cibles ordinaires en laiton est compos\u00e9 de cuivre et de zinc, deux m\u00e9taux. Cependant, dans les cibles sp\u00e9ciales en laiton, d&#8217;autres \u00e9l\u00e9ments d&#8217;alliage sont ajout\u00e9s en plus du cuivre et du zinc.<\/span><\/p>\n<p><span style=\"font-family: arial, helvetica, sans-serif; font-size: 12pt;\">VIMATERIAL peut fournir une vari\u00e9t\u00e9 d\u2019emballages et de sp\u00e9cifications de la cible de cuivre zinc, notre soci\u00e9t\u00e9 le produit avec une grande puret\u00e9, d\u2019excellentes caract\u00e9ristiques de qualit\u00e9, nos clients r\u00e9pondent \u00e0 la qualit\u00e9 du produit sont tr\u00e8s bonnes. Il a une bonne conductivit\u00e9 \u00e9lectrique et une conductivit\u00e9 thermique, dans la production industrielle r\u00e9elle a un r\u00f4le indispensable.<\/span><\/p>\n<p><span style=\"color: #0000ff; font-family: arial, helvetica, sans-serif; font-size: 12pt;\"><a style=\"color: #0000ff;\" href=\"https:\/\/vimaterial.de\/fr\/contact\/\">Contactez-nous.<\/a><\/span><\/p>\n<h2><span style=\"font-family: arial, helvetica, sans-serif; font-size: 12pt;\">Applications:<\/span><\/h2>\n<p><span style=\"font-family: arial, helvetica, sans-serif; font-size: 12pt;\">Champ d\u2019information \u00e9lectronique : Il peut \u00eatre utilis\u00e9 pour la pulv\u00e9risation cathodique magn\u00e9tron afin de pr\u00e9parer des films minces conducteurs et des mat\u00e9riaux d\u2019\u00e9lectrode.<\/span><\/p>\n<p><span style=\"font-family: arial, helvetica, sans-serif; font-size: 12pt;\">Champ optique\u00a0: le film mince pr\u00e9par\u00e9 par une cible en laiton a la performance de r\u00e9guler la r\u00e9flexion et l\u2019absorption de la lumi\u00e8re dans une certaine mesure, ce qui peut \u00eatre utilis\u00e9 pour la pr\u00e9paration de films optiques, de filtres et d\u2019autres composants optiques, appliqu\u00e9s aux instruments optiques, aux communications optiques et \u00e0 d\u2019autres domaines.<\/span><\/p>\n<p><span style=\"font-family: arial, helvetica, sans-serif; font-size: 12pt;\">Champ d\u2019\u00e9nergie\u00a0: comme dans les cellules solaires, les alliages de certains \u00e9l\u00e9ments ou leurs compos\u00e9s peuvent \u00eatre utilis\u00e9s comme catalyseurs ou mat\u00e9riaux d\u2019\u00e9lectrode, impliqu\u00e9s dans le processus de conversion photo\u00e9lectrique des cellules solaires, aident \u00e0 am\u00e9liorer les performances et l\u2019efficacit\u00e9 de la batterie.<\/span><\/p>\n<h2><span style=\"font-family: arial, helvetica, sans-serif; font-size: 12pt;\">Emballage et stockage :<\/span><\/h2>\n<p><span style=\"font-family: arial, helvetica, sans-serif;\">La cible de pulv\u00e9risation en cuivre et zinc est emball\u00e9e apr\u00e8s un double ensachage sous vide et emball\u00e9e dans un carton ext\u00e9rieur pour assurer la s\u00e9curit\u00e9 du transport.<\/span><\/p>\n<p><span style=\"font-family: arial, helvetica, sans-serif;\">Les cibles de cuivre et de zinc doivent \u00eatre stock\u00e9es dans un environnement sec, propre, \u00e0 une temp\u00e9rature appropri\u00e9e et dans un environnement gazeux non corrosif, ainsi que dans un emballage scell\u00e9 pour \u00e9viter l\u2019oxydation, la pollution et l\u2019humidit\u00e9.<\/span><\/p>\n<h2><span style=\"font-family: arial, helvetica, sans-serif; font-size: 12pt;\">Contr\u00f4le qualit\u00e9:<\/span><\/h2>\n<p><span style=\"font-family: arial, helvetica, sans-serif; font-size: 12pt;\">Chaque lot de marchandises est accompagn\u00e9 d\u2019un certificat d\u2019authenticit\u00e9 et d\u2019un rapport d\u2019analyse, les marchandises sont toutes qualifi\u00e9es, soyez assur\u00e9 que la commande.<\/span><\/p>\n","protected":false},"excerpt":{"rendered":"<p>Cuivre Zinc. Les cibles de cuivre et de zinc sont des cibles d&#8217;alliage ayant le cuivre et le zinc comme composants principaux. Le mat\u00e9riau des cibles ordinaires en laiton est compos\u00e9 de cuivre et de zinc, deux m\u00e9taux. Cependant, dans les cibles sp\u00e9ciales en laiton, d&#8217;autres \u00e9l\u00e9ments d&#8217;alliage sont ajout\u00e9s en plus du cuivre et du zinc.<\/p>\n<p><span style=\"font-family: arial, helvetica, sans-serif; font-size: 12pt;\">VIMATERIAL peut fournir une vari\u00e9t\u00e9 d\u2019emballages et de sp\u00e9cifications de la cible de cuivre zinc, notre soci\u00e9t\u00e9 le produit avec une grande puret\u00e9, d\u2019excellentes caract\u00e9ristiques de qualit\u00e9, nos clients r\u00e9pondent \u00e0 la qualit\u00e9 du produit sont tr\u00e8s bonnes. Il a une bonne conductivit\u00e9 \u00e9lectrique et une conductivit\u00e9 thermique, dans la production industrielle r\u00e9elle a un r\u00f4le indispensable.<\/span><\/p>\n","protected":false},"featured_media":1003395,"comment_status":"open","ping_status":"closed","template":"","meta":{"_acf_changed":false},"product_brand":[],"product_cat":[235],"product_tag":[],"class_list":{"0":"post-1016438","1":"product","2":"type-product","3":"status-publish","4":"has-post-thumbnail","6":"product_cat-cibles-de-pulverisation-planaire","8":"first","9":"instock","10":"shipping-taxable","11":"product-type-variable"},"acf":[],"_links":{"self":[{"href":"https:\/\/vimaterial.de\/fr\/wp-json\/wp\/v2\/product\/1016438","targetHints":{"allow":["GET"]}}],"collection":[{"href":"https:\/\/vimaterial.de\/fr\/wp-json\/wp\/v2\/product"}],"about":[{"href":"https:\/\/vimaterial.de\/fr\/wp-json\/wp\/v2\/types\/product"}],"replies":[{"embeddable":true,"href":"https:\/\/vimaterial.de\/fr\/wp-json\/wp\/v2\/comments?post=1016438"}],"wp:featuredmedia":[{"embeddable":true,"href":"https:\/\/vimaterial.de\/fr\/wp-json\/wp\/v2\/media\/1003395"}],"wp:attachment":[{"href":"https:\/\/vimaterial.de\/fr\/wp-json\/wp\/v2\/media?parent=1016438"}],"wp:term":[{"taxonomy":"product_brand","embeddable":true,"href":"https:\/\/vimaterial.de\/fr\/wp-json\/wp\/v2\/product_brand?post=1016438"},{"taxonomy":"product_cat","embeddable":true,"href":"https:\/\/vimaterial.de\/fr\/wp-json\/wp\/v2\/product_cat?post=1016438"},{"taxonomy":"product_tag","embeddable":true,"href":"https:\/\/vimaterial.de\/fr\/wp-json\/wp\/v2\/product_tag?post=1016438"}],"curies":[{"name":"wp","href":"https:\/\/api.w.org\/{rel}","templated":true}]}}