{"id":1016423,"date":"2024-06-17T15:03:05","date_gmt":"2024-06-17T07:03:05","guid":{"rendered":"https:\/\/vimaterial.de\/product\/alliage-de-cuivre-et-de-zirconium-2\/"},"modified":"2025-03-27T17:26:31","modified_gmt":"2025-03-27T09:26:31","slug":"alliage-de-cuivre-et-de-zirconium-2","status":"publish","type":"product","link":"https:\/\/vimaterial.de\/fr\/product\/alliage-de-cuivre-et-de-zirconium-2\/","title":{"rendered":"Alliage de cuivre et de zirconium"},"content":{"rendered":"<p><span style=\"font-family: arial, helvetica, sans-serif; font-size: 12pt;\">Alliage de cuivre et de zirconium : Un type sp\u00e9cial de bronze dans lequel le zirconium est le principal \u00e9l\u00e9ment d\u2019alliage. Une petite quantit\u00e9 de zirconium est parfois ajout\u00e9e pour augmenter la r\u00e9sistance. Les marques courantes sont QZr0.2 et QZr0.4. Bonne r\u00e9sistance thermique et r\u00e9sistance au fluage, bonne plasticit\u00e9 et conductivit\u00e9 \u00e0 haute temp\u00e9rature.<\/span><\/p>\n<p><span style=\"font-family: arial, helvetica, sans-serif; font-size: 12pt;\">VIMATERIAL peut fournir des granul\u00e9s d\u2019alliage de cuivre et de zirconium dans divers emballages et sp\u00e9cifications, notre soci\u00e9t\u00e9 produit des granul\u00e9s d\u2019alliage de cuivre et de zirconium de haute puret\u00e9 et d\u2019excellente qualit\u00e9, nos clients ont une tr\u00e8s bonne r\u00e9ponse \u00e0 la qualit\u00e9 du produit. L\u2019alliage de cuivre et de zirconium a un fort oxydant et les additifs peuvent am\u00e9liorer les propri\u00e9t\u00e9s du mat\u00e9riau. L\u2019alliage de cuivre et de zirconium a de fortes propri\u00e9t\u00e9s oxydantes et peut \u00eatre utilis\u00e9 comme additif pour am\u00e9liorer les propri\u00e9t\u00e9s du mat\u00e9riau, qui joue un r\u00f4le indispensable dans la production industrielle pratique. <\/span><\/p>\n<p><span style=\"font-family: arial, helvetica, sans-serif; font-size: 12pt; color: #0000ff;\"><a style=\"color: #0000ff;\" href=\"https:\/\/vimaterial.de\/fr\/contact\/\">Contactez-nous.<\/a><\/span><\/p>\n<h2><span style=\"font-family: arial, helvetica, sans-serif; font-size: 14pt;\">Propri\u00e9t\u00e9s physiques\u00a0:<\/span><\/h2>\n<p><span style=\"font-family: arial, helvetica, sans-serif; font-size: 12pt;\">Alliage de cuivre et de zirconium : Un type sp\u00e9cial de bronze dans lequel le zirconium est le principal \u00e9l\u00e9ment d\u2019alliage. est un alliage, il n\u2019y a pas de formule mol\u00e9culaire fixe, ses principaux composants sont le cuivre (Cu) et le zirconium (Zr). <\/span><\/p>\n<p><span style=\"font-family: arial, helvetica, sans-serif; font-size: 12pt;\">Apparence\u00a0: g\u00e9n\u00e9ralement lustr\u00e9 m\u00e9tallique blanc gris\u00e2tre.<\/span><\/p>\n<p><span style=\"font-family: arial, helvetica, sans-serif; font-size: 12pt;\">Densit\u00e9 : varie en fonction de la proportion de composants, g\u00e9n\u00e9ralement autour de 7,5 &#8211; 8,5 g\/cm\u00b3. Par exemple, la densit\u00e9 de l\u2019alliage Cu-10Zr est d\u2019environ 7,82 g\/cm\u00b3. <\/span><\/p>\n<p><span style=\"font-family: arial, helvetica, sans-serif; font-size: 12pt;\">Point de fusion : le point de fusion du cuivre est d\u2019environ 1083 \u00b0C, le point de fusion du zirconium est d\u2019environ 1852 \u00b0C, le point de fusion de l\u2019alliage cuivre-zirconium est entre les deux et augmente avec l\u2019augmentation de la teneur en zirconium, comme le point de fusion de l\u2019alliage Cu-10Zr est d\u2019environ 1050 \u00b0C.<\/span><\/p>\n<p><span style=\"font-family: arial, helvetica, sans-serif; font-size: 12pt;\">Point d\u2019\u00e9bullition : Le point d\u2019\u00e9bullition du cuivre est d\u2019environ 2567 \u00b0C, le point d\u2019\u00e9bullition du zirconium est d\u2019environ 4377 \u00b0C et le point d\u2019\u00e9bullition de l\u2019alliage cuivre-zirconium se situe \u00e9galement dans cette plage, qui varie en fonction de la composition.<\/span><\/p>\n<p><span style=\"font-family: arial, helvetica, sans-serif; font-size: 12pt;\">Structure cristalline : Le cuivre a une structure cubique centr\u00e9e sur la face et le zirconium a une structure hexagonale dense \u00e0 temp\u00e9rature ambiante. La structure cristalline des alliages cuivre-zirconium est complexe et varie en fonction de facteurs tels que la composition et le traitement. D\u2019une mani\u00e8re g\u00e9n\u00e9rale, lorsque la teneur en zirconium est faible, les atomes de zirconium peuvent \u00eatre solidement dissous dans le r\u00e9seau de cuivre, la formation d\u2019une solution solide \u00e0 base de cuivre, \u00e0 ce moment-l\u00e0, l\u2019alliage conserve encore la structure cubique centr\u00e9e sur la face ; lorsque la teneur en zirconium est plus \u00e9lev\u00e9e, une vari\u00e9t\u00e9 de compos\u00e9s interm\u00e9talliques peuvent former des phases, telles que CuZr, CuZr\u2082 et ainsi de suite, ces compos\u00e9s interm\u00e9talliques ont leur propre structure cristalline unique, CuZr pour la structure cubique centr\u00e9e sur le corps, CuZr\u2082 pour la structure quadrilat\u00e9rale. CuZr\u2082 est t\u00e9tragonal, etc. <\/span><\/p>\n<p><span style=\"font-family: arial, helvetica, sans-serif; font-size: 12pt;\">Poids mol\u00e9culaire : Le poids mol\u00e9culaire exact ne peut pas \u00eatre d\u00e9termin\u00e9 en raison de l\u2019incertitude de la composition, si le contenu sp\u00e9cifique du cuivre et du zirconium est connu, il peut \u00eatre calcul\u00e9 en fonction des poids atomiques des deux, le poids atomique du cuivre est d\u2019environ 63,55 et le poids atomique du zirconium est d\u2019environ 91,22. Par exemple, la masse mol\u00e9culaire d\u2019un alliage de Cu-10Zr peut \u00eatre estim\u00e9e \u00e0 63,55\u00d70,9 + 91,22\u00d70,1 = 66,32. <\/span><\/p>\n<h2><span style=\"font-family: arial, helvetica, sans-serif; font-size: 14pt;\">Applications:<\/span><\/h2>\n<p><span style=\"font-family: arial, helvetica, sans-serif; font-size: 12pt;\">C\u00e2bles et fils : en raison de la conductivit\u00e9 \u00e9lev\u00e9e des alliages cuivre-zirconium, ils sont largement utilis\u00e9s dans la fabrication de c\u00e2bles et de fils haute performance, en particulier dans les applications n\u00e9cessitant une conductivit\u00e9 et une durabilit\u00e9 \u00e9lev\u00e9es.<\/span><\/p>\n<p><span style=\"font-family: arial, helvetica, sans-serif; font-size: 12pt;\">Connecteurs \u00e9lectriques : Utilis\u00e9s dans la fabrication d\u2019une vari\u00e9t\u00e9 de connecteurs \u00e9lectriques, tels que des fiches, des prises, des bornes, etc.<\/span><\/p>\n<p><span style=\"font-family: arial, helvetica, sans-serif; font-size: 12pt;\">Commutateurs : Dans les commutateurs \u00e9lectriques, les alliages cuivre-zirconium peuvent \u00eatre utilis\u00e9s pour fabriquer des contacts et d\u2019autres composants cl\u00e9s.<\/span><\/p>\n<p><span style=\"font-family: arial, helvetica, sans-serif; font-size: 12pt;\">Composants \u00e9lectroniques : tels que les cadres de connexion et les contacts haute tension dans le processus de fabrication des semi-conducteurs, la conductivit\u00e9 \u00e9lev\u00e9e et la r\u00e9sistance mod\u00e9r\u00e9e de l\u2019alliage cuivre-zirconium peuvent r\u00e9pondre aux exigences de ces composants dans les \u00e9quipements \u00e9lectroniques de haute pr\u00e9cision et de haute fiabilit\u00e9, afin d\u2019assurer la transmission pr\u00e9cise des signaux \u00e9lectroniques et le fonctionnement normal de l\u2019\u00e9quipement.<\/span><\/p>\n<h2><span style=\"font-family: arial, helvetica, sans-serif; font-size: 14pt;\">Emballage et stockage :<\/span><\/h2>\n<p><span style=\"font-family: arial, helvetica, sans-serif; font-size: 12pt;\">L\u2019emballage peut \u00eatre individualis\u00e9. Nous s\u00e9lectionnerons le mat\u00e9riau d\u2019emballage appropri\u00e9 en fonction de la nature du mat\u00e9riau granulaire. <\/span><\/p>\n<p><span style=\"font-family: arial, helvetica, sans-serif;\">Les granul\u00e9s d\u2019alliage de cuivre et de zirconium sont emball\u00e9s dans des cartons apr\u00e8s un double embouteillage sous vide.<\/span><\/p>\n<p><span style=\"font-family: arial, helvetica, sans-serif;\">Les granul\u00e9s d\u2019alliage de cuivre et de zirconium doivent \u00eatre stock\u00e9s dans un endroit sec, frais et ventil\u00e9, scell\u00e9 pour \u00e9viter l\u2019humidit\u00e9, l\u2019oxydation et le contact avec d\u2019autres substances corrosives. <\/span><\/p>\n<h2><span style=\"font-family: arial, helvetica, sans-serif; font-size: 14pt;\">Contr\u00f4le qualit\u00e9:<\/span><\/h2>\n<p><span style=\"font-family: arial, helvetica, sans-serif; font-size: 12pt;\">Chaque lot de marchandises est accompagn\u00e9 d\u2019un COA et d\u2019un rapport d\u2019analyse, les marchandises sont toutes qualifi\u00e9es, n\u2019h\u00e9sitez pas \u00e0 commander.<\/span><\/p>\n","protected":false},"excerpt":{"rendered":"<p><span style=\"font-family: arial, helvetica, sans-serif; font-size: 12pt;\">Alliage de cuivre et de zirconium : Un type sp\u00e9cial de bronze dans lequel le zirconium est le principal \u00e9l\u00e9ment d\u2019alliage. Une petite quantit\u00e9 de zirconium est parfois ajout\u00e9e pour augmenter la r\u00e9sistance. Les marques courantes sont QZr0.2 et QZr0.4. Bonne r\u00e9sistance thermique et r\u00e9sistance au fluage, bonne plasticit\u00e9 et conductivit\u00e9 \u00e0 haute temp\u00e9rature.<\/span><\/p>\n<p><span style=\"font-family: arial, helvetica, sans-serif; font-size: 12pt;\">VIMATERIAL peut fournir des granul\u00e9s d\u2019alliage de cuivre et de zirconium dans divers emballages et sp\u00e9cifications, notre soci\u00e9t\u00e9 produit des granul\u00e9s d\u2019alliage de cuivre et de zirconium de haute puret\u00e9 et d\u2019excellente qualit\u00e9, nos clients ont une tr\u00e8s bonne r\u00e9ponse \u00e0 la qualit\u00e9 du produit. L\u2019alliage de cuivre et de zirconium a un fort oxydant et les additifs peuvent am\u00e9liorer les propri\u00e9t\u00e9s du mat\u00e9riau. L\u2019alliage de cuivre et de zirconium a de fortes propri\u00e9t\u00e9s oxydantes et peut \u00eatre utilis\u00e9 comme additif pour am\u00e9liorer les propri\u00e9t\u00e9s du mat\u00e9riau, qui joue un r\u00f4le indispensable dans la production industrielle pratique. <\/span><\/p>\n","protected":false},"featured_media":1003403,"comment_status":"open","ping_status":"closed","template":"","meta":{"_acf_changed":false},"product_brand":[],"product_cat":[236],"product_tag":[],"class_list":{"0":"post-1016423","1":"product","2":"type-product","3":"status-publish","4":"has-post-thumbnail","6":"product_cat-materiaux-devaporation","8":"first","9":"instock","10":"shipping-taxable","11":"product-type-variable"},"acf":[],"_links":{"self":[{"href":"https:\/\/vimaterial.de\/fr\/wp-json\/wp\/v2\/product\/1016423","targetHints":{"allow":["GET"]}}],"collection":[{"href":"https:\/\/vimaterial.de\/fr\/wp-json\/wp\/v2\/product"}],"about":[{"href":"https:\/\/vimaterial.de\/fr\/wp-json\/wp\/v2\/types\/product"}],"replies":[{"embeddable":true,"href":"https:\/\/vimaterial.de\/fr\/wp-json\/wp\/v2\/comments?post=1016423"}],"wp:featuredmedia":[{"embeddable":true,"href":"https:\/\/vimaterial.de\/fr\/wp-json\/wp\/v2\/media\/1003403"}],"wp:attachment":[{"href":"https:\/\/vimaterial.de\/fr\/wp-json\/wp\/v2\/media?parent=1016423"}],"wp:term":[{"taxonomy":"product_brand","embeddable":true,"href":"https:\/\/vimaterial.de\/fr\/wp-json\/wp\/v2\/product_brand?post=1016423"},{"taxonomy":"product_cat","embeddable":true,"href":"https:\/\/vimaterial.de\/fr\/wp-json\/wp\/v2\/product_cat?post=1016423"},{"taxonomy":"product_tag","embeddable":true,"href":"https:\/\/vimaterial.de\/fr\/wp-json\/wp\/v2\/product_tag?post=1016423"}],"curies":[{"name":"wp","href":"https:\/\/api.w.org\/{rel}","templated":true}]}}