{"id":1016332,"date":"2024-06-17T15:03:08","date_gmt":"2024-06-17T07:03:08","guid":{"rendered":"https:\/\/vimaterial.de\/product\/zinc-metal-2\/"},"modified":"2025-03-27T17:00:08","modified_gmt":"2025-03-27T09:00:08","slug":"zinc-metal-2","status":"publish","type":"product","link":"https:\/\/vimaterial.de\/fr\/product\/zinc-metal-2\/","title":{"rendered":"Zinc m\u00e9tal"},"content":{"rendered":"<p><span style=\"font-family: arial, helvetica, sans-serif; font-size: 12pt;\">La tige m\u00e9tallique de zinc est un m\u00e9tal de transition blanc bleut\u00e9, brillant et antimagn\u00e9tique. Il est l\u00e9g\u00e8rement moins dense que le fer et a une structure cristalline hexagonale.<\/span><\/p>\n<p><span style=\"font-family: arial, helvetica, sans-serif; font-size: 12pt;\">VIMATERIAL peut fournir des tiges de zinc m\u00e9tal dans divers emballages et sp\u00e9cifications. Les tiges m\u00e9talliques de zinc produites par notre soci\u00e9t\u00e9 se caract\u00e9risent par une grande puret\u00e9 et une excellente qualit\u00e9, et nos clients ont r\u00e9agi tr\u00e8s favorablement \u00e0 la qualit\u00e9 de ce produit. Le zinc est chimiquement plus actif et joue un r\u00f4le indispensable dans la production industrielle. <\/span><\/p>\n<p><span style=\"color: #0000ff; font-family: arial, helvetica, sans-serif; font-size: 12pt;\"><a style=\"color: #0000ff;\" href=\"https:\/\/vimaterial.de\/fr\/contact\/\">Contactez-nous.<\/a><\/span><\/p>\n<h2><span style=\"font-family: arial, helvetica, sans-serif; font-size: 14pt;\">Propri\u00e9t\u00e9s physiques\u00a0:<\/span><\/h2>\n<p><span style=\"font-family: arial, helvetica, sans-serif; font-size: 12pt;\">Formule mol\u00e9culaire : Zn.<\/span><\/p>\n<p><span style=\"font-family: arial, helvetica, sans-serif; font-size: 12pt;\">Poids mol\u00e9culaire : 65,39.<\/span><\/p>\n<p><span style=\"font-family: arial, helvetica, sans-serif; font-size: 12pt;\">Apparence\u00a0:gris argent\u00e9<\/span><\/p>\n<p><span style=\"font-family: arial, helvetica, sans-serif; font-size: 12pt;\">Point de fusion :692,68 K (419,53 \u00b0C, 787,15 \u00b0F)<\/span><\/p>\n<p><span style=\"font-family: arial, helvetica, sans-serif; font-size: 12pt;\">Point d\u2019\u00e9bullition : 1180 K (907 \u00b0C, 1665 \u00b0F)<\/span><\/p>\n<p><span style=\"font-family: arial, helvetica, sans-serif; font-size: 12pt;\">Densit\u00e9 (pr\u00e8s de r.t.):7,14 g\/cm3 <\/span><\/p>\n<p><span style=\"font-family: arial, helvetica, sans-serif; font-size: 12pt;\">Structure cristalline\u00a0: syst\u00e8me de cristaux hexagonaux serr\u00e9s.<\/span><\/p>\n<h2><span style=\"font-family: arial, helvetica, sans-serif; font-size: 14pt;\">Application:<\/span><\/h2>\n<p><span style=\"font-family: arial, helvetica, sans-serif; font-size: 12pt;\">C\u2019est un m\u00e9tal irrempla\u00e7able et tr\u00e8s important dans la fabrication des batteries. Diff\u00e9rents types d\u2019alliages de zinc \u00e0 basse temp\u00e9rature peuvent \u00eatre form\u00e9s en ajoutant d\u2019autres \u00e9l\u00e9ments.<\/span><\/p>\n<p><span style=\"font-family: arial, helvetica, sans-serif; font-size: 12pt;\">De nombreux alliages en contiennent. Le laiton, par exemple, est un alliage de zinc et de cuivre. D\u2019autres m\u00e9taux qui peuvent former des alliages binaires avec le zinc comprennent l\u2019aluminium, l\u2019antimoine, l\u2019argent, l\u2019\u00e9tain, le magn\u00e9sium, le cobalt, le nickel, le tellure, le cadmium, le plomb, le titane et le sodium.<\/span><\/p>\n<h2><span style=\"font-family: arial, helvetica, sans-serif; font-size: 14pt;\">Emballage et stockage :<\/span><\/h2>\n<p>Les pointes de zinc sont emball\u00e9es sous vide, puis emball\u00e9es dans des caisses en bois pour assurer un transport en toute s\u00e9curit\u00e9.<\/p>\n<p>Les tiges de zinc doivent \u00eatre stock\u00e9es dans un environnement sec, frais et ventil\u00e9, scell\u00e9 contre l\u2019humidit\u00e9 et \u00e0 l\u2019abri des substances corrosives pour \u00e9viter l\u2019oxydation et la contamination.<\/p>\n<h2><span style=\"font-family: arial, helvetica, sans-serif; font-size: 14pt;\">Contr\u00f4le qualit\u00e9:<\/span><\/h2>\n<p><span style=\"font-family: arial, helvetica, sans-serif; font-size: 12pt;\">Chaque lot de marchandises est accompagn\u00e9 d\u2019un certificat d\u2019authenticit\u00e9 et d\u2019un rapport d\u2019analyse, les marchandises sont toutes qualifi\u00e9es, soyez assur\u00e9 que la commande.<\/span><\/p>\n","protected":false},"excerpt":{"rendered":"<p><span style=\"font-family: arial, helvetica, sans-serif; font-size: 12pt;\">Le zinc m\u00e9tallique est un m\u00e9tal de transition blanc bleut\u00e9, brillant, anti-magn\u00e9tique. Il est l\u00e9g\u00e8rement moins dense que le fer et a une structure cristalline hexagonale.<\/span><\/p>\n<p><span style=\"font-family: arial, helvetica, sans-serif; font-size: 12pt;\">VIMATERIAL peut fournir des tiges de zinc m\u00e9tal dans divers emballages et sp\u00e9cifications. Les tiges m\u00e9talliques de zinc produites par notre soci\u00e9t\u00e9 se caract\u00e9risent par une grande puret\u00e9 et une excellente qualit\u00e9, et nos clients ont r\u00e9agi tr\u00e8s favorablement \u00e0 la qualit\u00e9 de ce produit. Le zinc est chimiquement plus actif et joue un r\u00f4le indispensable dans la production industrielle. <\/span><\/p>\n","protected":false},"featured_media":1003442,"comment_status":"open","ping_status":"closed","template":"","meta":{"_acf_changed":false},"product_brand":[],"product_cat":[245],"product_tag":[],"class_list":{"0":"post-1016332","1":"product","2":"type-product","3":"status-publish","4":"has-post-thumbnail","6":"product_cat-profil-fr","8":"first","9":"instock","10":"shipping-taxable","11":"purchasable","12":"product-type-variable"},"acf":[],"_links":{"self":[{"href":"https:\/\/vimaterial.de\/fr\/wp-json\/wp\/v2\/product\/1016332","targetHints":{"allow":["GET"]}}],"collection":[{"href":"https:\/\/vimaterial.de\/fr\/wp-json\/wp\/v2\/product"}],"about":[{"href":"https:\/\/vimaterial.de\/fr\/wp-json\/wp\/v2\/types\/product"}],"replies":[{"embeddable":true,"href":"https:\/\/vimaterial.de\/fr\/wp-json\/wp\/v2\/comments?post=1016332"}],"wp:featuredmedia":[{"embeddable":true,"href":"https:\/\/vimaterial.de\/fr\/wp-json\/wp\/v2\/media\/1003442"}],"wp:attachment":[{"href":"https:\/\/vimaterial.de\/fr\/wp-json\/wp\/v2\/media?parent=1016332"}],"wp:term":[{"taxonomy":"product_brand","embeddable":true,"href":"https:\/\/vimaterial.de\/fr\/wp-json\/wp\/v2\/product_brand?post=1016332"},{"taxonomy":"product_cat","embeddable":true,"href":"https:\/\/vimaterial.de\/fr\/wp-json\/wp\/v2\/product_cat?post=1016332"},{"taxonomy":"product_tag","embeddable":true,"href":"https:\/\/vimaterial.de\/fr\/wp-json\/wp\/v2\/product_tag?post=1016332"}],"curies":[{"name":"wp","href":"https:\/\/api.w.org\/{rel}","templated":true}]}}