{"id":1016235,"date":"2024-06-17T14:49:24","date_gmt":"2024-06-17T06:49:24","guid":{"rendered":"https:\/\/vimaterial.de\/product\/oxyde-de-nickel-4\/"},"modified":"2025-04-15T18:04:46","modified_gmt":"2025-04-15T10:04:46","slug":"oxyde-de-nickel-4","status":"publish","type":"product","link":"https:\/\/vimaterial.de\/fr\/product\/oxyde-de-nickel-4\/","title":{"rendered":"Oxyde de nickel"},"content":{"rendered":"<p><span style=\"color: #0000ff;\"><a style=\"color: #0000ff;\" href=\"https:\/\/vimaterial.de\/en\/product\/nickel-oxide-3\/\">La poudre d\u2019oxyde de nickel<\/a><\/span> est une poudre compos\u00e9e principalement de nickel et d\u2019oxyg\u00e8ne avec une bonne stabilit\u00e9 chimique, des propri\u00e9t\u00e9s catalytiques et semi-conductrices, qui joue un r\u00f4le cl\u00e9 dans les mat\u00e9riaux de batterie, les catalyseurs, les pigments c\u00e9ramiques et de nombreux autres domaines.<\/p>\n<p>VIAMTERIAL fournit des poudres d\u2019oxyde de nickel. Nos poudres se caract\u00e9risent par une grande puret\u00e9, une taille de particule uniforme, une bonne fluidit\u00e9, un bon compactage et une stabilit\u00e9 chimique, et nous prenons en charge l\u2019emballage et la commande de petits lots. Nous avons une \u00e9quipe technique professionnelle de recherche et d\u00e9veloppement, acceptons la personnalisation et l\u2019exp\u00e9rimentation du produit, veuillez<span style=\"color: #0000ff;\"><a style=\"color: #0000ff;\" href=\"https:\/\/vimaterial.de\/en\/contact-us\/\"> nous contacter.<\/a><\/span>  <\/p>\n<h2><span style=\"font-size: 14pt;\">Propri\u00e9t\u00e9s physiques<\/span><\/h2>\n<p>Formule mol\u00e9culaire : Ni2O3<\/p>\n<p>Poids mol\u00e9culaire : environ 165,38<\/p>\n<p>Apparence&nbsp;: g\u00e9n\u00e9ralement poudre noire<\/p>\n<p>Densit\u00e9 : environ 4,83 g\/cm\u00b3.<\/p>\n<p>Point de fusion : Se d\u00e9compose en oxyde de nickel (NiO) et en oxyg\u00e8ne \u00e0 environ 600\u00b0C.<\/p>\n<p>Structure cristalline : Appartient au syst\u00e8me cristallin hexagonal, dans lequel les atomes de nickel et d\u2019oxyg\u00e8ne sont distribu\u00e9s selon une disposition spatiale sp\u00e9cifique, ce qui a une influence importante sur ses propri\u00e9t\u00e9s physiques et chimiques.<\/p>\n<h2><span style=\"font-size: 14pt;\">Applications<\/span><\/h2>\n<p>Mat\u00e9riaux de la batterie : Les poudres d\u2019oxyde de nickel sont utilis\u00e9es comme additifs dans les mat\u00e9riaux de cathode de batterie au lithium pour am\u00e9liorer les performances de charge et de d\u00e9charge de la batterie et la stabilit\u00e9 du cycle, augmentant l\u2019endurance de la batterie et contribuant au d\u00e9veloppement de nouvelles \u00e9nergies, d\u2019automobiles et d\u2019appareils \u00e9lectroniques.<\/p>\n<p>Champ catalytique&nbsp;: Dans la r\u00e9action catalytique, en tant que catalyseur, il peut acc\u00e9l\u00e9rer le processus de r\u00e9action chimique, am\u00e9liorer l\u2019efficacit\u00e9 de la r\u00e9action et la s\u00e9lectivit\u00e9, et est largement utilis\u00e9 dans les domaines du traitement des gaz r\u00e9siduaires industriels et de la synth\u00e8se organique, ce qui peut r\u00e9duire le co\u00fbt de production et les \u00e9missions de polluants environnementaux.<\/p>\n<p>C\u00e9ramique&nbsp;: En tant que composant cl\u00e9 des pigments c\u00e9ramiques et de l\u2019\u00e9mail de couleur, la poudre Ni\u2082O\u2083 peut donner aux produits c\u00e9ramiques des couleurs riches et lumineuses et une bonne brillance, am\u00e9liorer la valeur artistique et la comp\u00e9titivit\u00e9 du march\u00e9 des produits c\u00e9ramiques et r\u00e9pondre aux besoins de cr\u00e9ation d\u00e9corative et artistique.<\/p>\n<h2><span style=\"font-size: 14pt;\">Contr\u00f4le de la qualit\u00e9<\/span><\/h2>\n<p><span style=\"color: #0000ff;\"><a style=\"color: #0000ff;\" href=\"https:\/\/vimaterial.de\/en\/quality-control\/\">Le contr\u00f4le de la qualit\u00e9<\/a><\/span> de chaque lot de produits est effectu\u00e9 tout au long du processus d\u2019approvisionnement en mati\u00e8res premi\u00e8res, de production et de traitement, de test et d\u2019inspection, et d\u2019emballage, en suivant strictement les normes internationales et les normes industrielles. Nous disposons d\u2019un \u00e9quipement de test avanc\u00e9, d\u2019une \u00e9quipe de contr\u00f4le qualit\u00e9 professionnelle et d\u2019un syst\u00e8me de contr\u00f4le de qualit\u00e9 strict pour garantir la qualit\u00e9 du produit. <\/p>\n<h2><span style=\"font-size: 14pt;\">Emballage et stockage<\/span><\/h2>\n<p>Les poudres d\u2019oxyde de nickel sont emball\u00e9es dans des sacs \u00e0 double vide ou des bouteilles \u00e0 double vide avec des cartons ext\u00e9rieurs.<\/p>\n<p>Les poudres d\u2019oxyde de nickel doivent \u00eatre stock\u00e9es dans un environnement sec, frais et bien ventil\u00e9, scell\u00e9es pour \u00e9viter l\u2019humidit\u00e9, le contact avec des substances corrosives telles que les acides ou les alcalis, et \u00e0 l\u2019\u00e9cart des sources d\u2019inflammation et des agents oxydants puissants, et correctement plac\u00e9es conform\u00e9ment aux r\u00e9glementations sur le stockage des produits chimiques.<\/p>\n","protected":false},"excerpt":{"rendered":"<p><span style=\"color: #0000ff;\"><a style=\"color: #0000ff;\" href=\"https:\/\/vimaterial.de\/en\/product\/nickel-oxide-3\/\">La poudre d\u2019oxyde de nickel<\/a><\/span> est une poudre compos\u00e9e principalement de nickel et d\u2019oxyg\u00e8ne avec une bonne stabilit\u00e9 chimique, des propri\u00e9t\u00e9s catalytiques et semi-conductrices, qui joue un r\u00f4le cl\u00e9 dans les mat\u00e9riaux de batterie, les catalyseurs, les pigments c\u00e9ramiques et de nombreux autres domaines.<\/p>\n","protected":false},"featured_media":1002432,"comment_status":"open","ping_status":"closed","template":"","meta":{"_acf_changed":false},"product_brand":[],"product_cat":[243],"product_tag":[],"class_list":{"0":"post-1016235","1":"product","2":"type-product","3":"status-publish","4":"has-post-thumbnail","6":"product_cat-materiaux-oxydes-hydroxydes","8":"first","9":"instock","10":"shipping-taxable","11":"product-type-variable"},"acf":[],"_links":{"self":[{"href":"https:\/\/vimaterial.de\/fr\/wp-json\/wp\/v2\/product\/1016235","targetHints":{"allow":["GET"]}}],"collection":[{"href":"https:\/\/vimaterial.de\/fr\/wp-json\/wp\/v2\/product"}],"about":[{"href":"https:\/\/vimaterial.de\/fr\/wp-json\/wp\/v2\/types\/product"}],"replies":[{"embeddable":true,"href":"https:\/\/vimaterial.de\/fr\/wp-json\/wp\/v2\/comments?post=1016235"}],"wp:featuredmedia":[{"embeddable":true,"href":"https:\/\/vimaterial.de\/fr\/wp-json\/wp\/v2\/media\/1002432"}],"wp:attachment":[{"href":"https:\/\/vimaterial.de\/fr\/wp-json\/wp\/v2\/media?parent=1016235"}],"wp:term":[{"taxonomy":"product_brand","embeddable":true,"href":"https:\/\/vimaterial.de\/fr\/wp-json\/wp\/v2\/product_brand?post=1016235"},{"taxonomy":"product_cat","embeddable":true,"href":"https:\/\/vimaterial.de\/fr\/wp-json\/wp\/v2\/product_cat?post=1016235"},{"taxonomy":"product_tag","embeddable":true,"href":"https:\/\/vimaterial.de\/fr\/wp-json\/wp\/v2\/product_tag?post=1016235"}],"curies":[{"name":"wp","href":"https:\/\/api.w.org\/{rel}","templated":true}]}}