{"id":1016230,"date":"2024-06-17T14:49:24","date_gmt":"2024-06-17T06:49:24","guid":{"rendered":"https:\/\/vimaterial.de\/product\/borure-de-nickel-3\/"},"modified":"2025-04-15T18:06:53","modified_gmt":"2025-04-15T10:06:53","slug":"borure-de-nickel-3","status":"publish","type":"product","link":"https:\/\/vimaterial.de\/fr\/product\/borure-de-nickel-3\/","title":{"rendered":"Borure de nickel"},"content":{"rendered":"<p>Les cibles de pulv\u00e9risation <span style=\"color: #0000ff;\"><a style=\"color: #0000ff;\" href=\"https:\/\/vimaterial.de\/en\/product\/nickel-boride\/\">Nickel Boride<\/a> <\/span>sont un alliage de nickel et de bore avec un aspect m\u00e9tallique gris argent\u00e9, une duret\u00e9 \u00e9lev\u00e9e et une r\u00e9sistance \u00e0 l\u2019usure. Ils sont utilis\u00e9s dans le processus de rev\u00eatement par pulv\u00e9risation cathodique pour d\u00e9poser des films minces avec d\u2019excellentes propri\u00e9t\u00e9s sur le substrat, et conviennent \u00e0 une utilisation dans des applications \u00e9lectroniques et m\u00e9caniques. <\/p>\n<p>VIMATERIAL fournit des cibles de pulv\u00e9risation Nickel Boride. Nos cibles de pulv\u00e9risation Nickel Boride se caract\u00e9risent par une excellente homog\u00e9n\u00e9it\u00e9 de composition, une puret\u00e9 ultra-\u00e9lev\u00e9e et une excellente stabilit\u00e9 de pulv\u00e9risation, et nous pouvons \u00e9galement fournir des services de liaison de cibles. Nous avons une \u00e9quipe de R &amp; D professionnelle et pouvons accepter la personnalisation et les exp\u00e9riences, veuillez<span style=\"color: #0000ff;\"><a style=\"color: #0000ff;\" href=\"https:\/\/vimaterial.de\/en\/contact-us\/\"> nous contacter.<\/a><\/span>  <\/p>\n<h2><span style=\"font-size: 14pt;\">Propri\u00e9t\u00e9s physiques<\/span><\/h2>\n<p>Formule mol\u00e9culaire : Ni\u2082B<\/p>\n<p>Poids mol\u00e9culaire : environ 128,19<\/p>\n<p>Apparence&nbsp;: G\u00e9n\u00e9ralement gris ou noir solide, solide avec un \u00e9clat m\u00e9tallique<\/p>\n<p>Densit\u00e9 : environ 7,3 &#8211; 7,5 g\/cm\u00b3.<\/p>\n<p>Point de fusion : environ 1200 &#8211; 1300\u00b0C.<\/p>\n<p>Point d\u2019\u00e9bullition : g\u00e9n\u00e9ralement autour de 2000 &#8211; 2500\u00b0C<\/p>\n<p>Structure cristalline&nbsp;: syst\u00e8me cristallin hexagonal, les atomes de bore sont situ\u00e9s dans l\u2019espace du r\u00e9seau form\u00e9 par des atomes de nickel, cette structure conf\u00e8re au mat\u00e9riau une duret\u00e9 et une r\u00e9sistance \u00e0 l\u2019usure \u00e9lev\u00e9es.<\/p>\n<h2><span style=\"font-size: 14pt;\">Applications<\/span><\/h2>\n<p>Champ \u00e9lectronique : Les cibles de pulv\u00e9risation Ni\u2082B peuvent \u00eatre utilis\u00e9es pour le rev\u00eatement des mat\u00e9riaux d\u2019\u00e9lectrode dans la fabrication de puces \u00e9lectroniques, pour am\u00e9liorer la conductivit\u00e9 et la stabilit\u00e9 des \u00e9lectrodes et pour assurer le fonctionnement efficace des puces.<\/p>\n<p>Domaine de la fabrication m\u00e9canique : Dans le traitement des pi\u00e8ces m\u00e9caniques, la cible peut d\u00e9poser des rev\u00eatements r\u00e9sistants \u00e0 l\u2019usure \u00e0 la surface des pi\u00e8ces, r\u00e9duisant efficacement l\u2019usure des pi\u00e8ces et prolongeant leur dur\u00e9e de vie.<\/p>\n<p>Industrie automobile : la cible de pulv\u00e9risation Ni\u2082B est appliqu\u00e9e sur des pi\u00e8ces cl\u00e9s des moteurs automobiles pour am\u00e9liorer la r\u00e9sistance des pi\u00e8ces \u00e0 l\u2019abrasion et \u00e0 la corrosion \u00e0 haute temp\u00e9rature, et aider \u00e0 optimiser les performances et la fiabilit\u00e9 automobiles.<\/p>\n<p>\u00c9nergie : Dans la pr\u00e9paration des \u00e9lectrodes pour les batteries \u00e0 \u00e9nergie nouvelle, les cibles de pulv\u00e9risation Ni\u2082B peuvent aider \u00e0 am\u00e9liorer l\u2019activit\u00e9 catalytique et la dur\u00e9e de vie des \u00e9lectrodes, et promouvoir les progr\u00e8s de la technologie de stockage d\u2019\u00e9nergie.<\/p>\n<h2><span style=\"font-size: 14pt;\">Contr\u00f4le de la qualit\u00e9<\/span><\/h2>\n<p><span style=\"color: #0000ff;\"><a style=\"color: #0000ff;\" href=\"https:\/\/vimaterial.de\/en\/quality-control\/\">Nos produits<\/a><\/span> sont mis en \u0153uvre le syst\u00e8me de gestion de la qualit\u00e9 le plus strict, les mat\u00e9riaux entrants, le processus, l\u2019inspection finale, l\u2019inspection d\u2019usine ont des normes d\u2019inspection strictes, pour le traitement non qualifi\u00e9 utilisera des mesures d\u2019isolation strictes pour \u00e9viter le flux de produits non conformes dans le processus suivant, selon les exigences du client fournira aux clients des \u00e9chantillons pour que les clients puissent les r\u00e9inspecter.<\/p>\n<h2><span style=\"font-size: 14pt;\">Emballage et stockage<\/span><\/h2>\n<p>Les cibles de pulv\u00e9risation Nickel Boride sont emball\u00e9es dans des sacs sous vide doubles et des cartons.<\/p>\n<p>Les cibles de pulv\u00e9risation de borure de nickel doivent \u00eatre stock\u00e9es dans un environnement sec, frais et bien ventil\u00e9, en \u00e9vitant le contact avec des substances corrosives, en pr\u00e9venant l\u2019humidit\u00e9 et l\u2019oxydation, et en \u00e9vitant en m\u00eame temps les collisions physiques et l\u2019extrusion pour garantir que ses performances et sa qualit\u00e9 ne sont pas endommag\u00e9es.<\/p>\n","protected":false},"excerpt":{"rendered":"<p>Les cibles de pulv\u00e9risation Nickel Boride sont un alliage de nickel et de bore avec un aspect m\u00e9tallique gris argent\u00e9, une duret\u00e9 \u00e9lev\u00e9e et une r\u00e9sistance \u00e0 l\u2019usure. Ils sont utilis\u00e9s dans le processus de rev\u00eatement par pulv\u00e9risation cathodique pour d\u00e9poser des films minces avec d\u2019excellentes propri\u00e9t\u00e9s sur le substrat, et conviennent \u00e0 une utilisation [&hellip;]<\/p>\n","protected":false},"featured_media":1002138,"comment_status":"open","ping_status":"closed","template":"","meta":{"_acf_changed":false},"product_brand":[],"product_cat":[235],"product_tag":[],"class_list":{"0":"post-1016230","1":"product","2":"type-product","3":"status-publish","4":"has-post-thumbnail","6":"product_cat-cibles-de-pulverisation-planaire","8":"first","9":"instock","10":"shipping-taxable","11":"product-type-variable"},"acf":[],"_links":{"self":[{"href":"https:\/\/vimaterial.de\/fr\/wp-json\/wp\/v2\/product\/1016230","targetHints":{"allow":["GET"]}}],"collection":[{"href":"https:\/\/vimaterial.de\/fr\/wp-json\/wp\/v2\/product"}],"about":[{"href":"https:\/\/vimaterial.de\/fr\/wp-json\/wp\/v2\/types\/product"}],"replies":[{"embeddable":true,"href":"https:\/\/vimaterial.de\/fr\/wp-json\/wp\/v2\/comments?post=1016230"}],"wp:featuredmedia":[{"embeddable":true,"href":"https:\/\/vimaterial.de\/fr\/wp-json\/wp\/v2\/media\/1002138"}],"wp:attachment":[{"href":"https:\/\/vimaterial.de\/fr\/wp-json\/wp\/v2\/media?parent=1016230"}],"wp:term":[{"taxonomy":"product_brand","embeddable":true,"href":"https:\/\/vimaterial.de\/fr\/wp-json\/wp\/v2\/product_brand?post=1016230"},{"taxonomy":"product_cat","embeddable":true,"href":"https:\/\/vimaterial.de\/fr\/wp-json\/wp\/v2\/product_cat?post=1016230"},{"taxonomy":"product_tag","embeddable":true,"href":"https:\/\/vimaterial.de\/fr\/wp-json\/wp\/v2\/product_tag?post=1016230"}],"curies":[{"name":"wp","href":"https:\/\/api.w.org\/{rel}","templated":true}]}}