{"id":1016207,"date":"2024-06-17T14:49:25","date_gmt":"2024-06-17T06:49:25","guid":{"rendered":"https:\/\/vimaterial.de\/product\/phosphure-de-nickel\/"},"modified":"2024-10-14T13:51:37","modified_gmt":"2024-10-14T05:51:37","slug":"phosphure-de-nickel","status":"publish","type":"product","link":"https:\/\/vimaterial.de\/fr\/product\/phosphure-de-nickel\/","title":{"rendered":"Phosphure de nickel"},"content":{"rendered":"<p>La poudre de phosphure de nickel est une poudre de compos\u00e9 inorganique importante.<\/p>\n<p>&nbsp;<\/p>\n<p>Informations de base :<\/p>\n<p>&nbsp;<\/p>\n<p>Formule chimique\u00a0: Ni\u2082P<\/p>\n<p>Num\u00e9ro CAS\u00a0: 12035-64-2<\/p>\n<p>Poids mol\u00e9culaire\u00a0: 148.369<\/p>\n<p>Apparence\u00a0: G\u00e9n\u00e9ralement poudre grise ou solide feuillet\u00e9, inodore.<\/p>\n<p>Densit\u00e9\u00a0: La densit\u00e9 relative est d\u2019environ 7,330 g \/ cm\u00b3.<\/p>\n<p>Point de fusion : point de fusion \u00e9lev\u00e9, environ 1112\u00b0C.<\/p>\n<p>&nbsp;<\/p>\n<p>M\u00e9thode de pr\u00e9paration :<\/p>\n<p>&nbsp;<\/p>\n<p>Les compos\u00e9s contenant du nickel sont g\u00e9n\u00e9ralement utilis\u00e9s comme mati\u00e8res premi\u00e8res pour r\u00e9agir avec les r\u00e9actifs de phosphatation afin de pr\u00e9parer la poudre de phosphure de nickel. Par exemple, la solution aqueuse contenant du nickel est d\u2019abord pr\u00e9trait\u00e9e, le pH de la solution est ajust\u00e9, le r\u00e9gulateur alcalin est ajout\u00e9 pour pr\u00e9parer une solution alcaline de pr\u00e9-r\u00e9action, la poudre de pr\u00e9curseur de la source de nickel est recueillie par lavage et centrifugation apr\u00e8s chauffage de la r\u00e9action, puis le pr\u00e9curseur de la source de nickel et le r\u00e9actif de phosphatation sont calcin\u00e9s sous la protection d\u2019un gaz inerte pour obtenir du phosphure de nickel.<\/p>\n<p>&nbsp;<\/p>\n<p>Domaine d\u2019application :<\/p>\n<p>&nbsp;<\/p>\n<p>Catalyseur : En raison de sa structure \u00e9lectronique unique et de ses propri\u00e9t\u00e9s chimiques, la poudre Ni\u2082P peut \u00eatre utilis\u00e9e comme catalyseur dans une vari\u00e9t\u00e9 de r\u00e9actions chimiques, telles que la r\u00e9action d\u2019hydrog\u00e9nation, la r\u00e9action de d\u00e9shydrog\u00e9nation.<\/p>\n<p>&nbsp;<\/p>\n<p>Am\u00e9liorateur de mat\u00e9riau : Dans le domaine des mat\u00e9riaux composites, la poudre de phosphure de nickel peut \u00eatre ajout\u00e9e \u00e0 d\u2019autres mat\u00e9riaux en tant qu\u2019exhausteur pour am\u00e9liorer la duret\u00e9, la r\u00e9sistance, la r\u00e9sistance \u00e0 l\u2019usure et d\u2019autres propri\u00e9t\u00e9s du mat\u00e9riau.<\/p>\n<p>&nbsp;<\/p>\n<p>Mat\u00e9riaux des batteries : Dans le domaine des batteries, la poudre Ni\u2082P peut \u00eatre utilis\u00e9e pour pr\u00e9parer des mat\u00e9riaux d\u2019\u00e9lectrode, tels que des mat\u00e9riaux d\u2019\u00e9lectrode n\u00e9gative pour les batteries lithium-ion, ce qui peut am\u00e9liorer les performances \u00e9lectrochimiques des batteries.<\/p>\n","protected":false},"excerpt":{"rendered":"<p>La poudre de phosphure de nickel est une poudre de compos\u00e9 inorganique importante.<\/p>\n<p>Catalyseur : En raison de sa structure \u00e9lectronique unique et de ses propri\u00e9t\u00e9s chimiques, la poudre Ni\u2082P peut \u00eatre utilis\u00e9e comme catalyseur dans une vari\u00e9t\u00e9 de r\u00e9actions chimiques, telles que la r\u00e9action d\u2019hydrog\u00e9nation, la r\u00e9action de d\u00e9shydrog\u00e9nation.<\/p>\n<p>Am\u00e9liorateur de mat\u00e9riau : Dans le domaine des mat\u00e9riaux composites, la poudre de phosphure de nickel peut \u00eatre ajout\u00e9e \u00e0 d\u2019autres mat\u00e9riaux en tant qu\u2019exhausteur pour am\u00e9liorer la duret\u00e9, la r\u00e9sistance, la r\u00e9sistance \u00e0 l\u2019usure et d\u2019autres propri\u00e9t\u00e9s du mat\u00e9riau.<\/p>\n<p>&nbsp;<\/p>\n","protected":false},"featured_media":1002439,"comment_status":"open","ping_status":"closed","template":"","meta":{"_acf_changed":false},"product_brand":[],"product_cat":[251],"product_tag":[],"class_list":{"0":"post-1016207","1":"product","2":"type-product","3":"status-publish","4":"has-post-thumbnail","6":"product_cat-materiaux-phosphores","8":"first","9":"instock","10":"shipping-taxable","11":"product-type-variable"},"acf":[],"_links":{"self":[{"href":"https:\/\/vimaterial.de\/fr\/wp-json\/wp\/v2\/product\/1016207","targetHints":{"allow":["GET"]}}],"collection":[{"href":"https:\/\/vimaterial.de\/fr\/wp-json\/wp\/v2\/product"}],"about":[{"href":"https:\/\/vimaterial.de\/fr\/wp-json\/wp\/v2\/types\/product"}],"replies":[{"embeddable":true,"href":"https:\/\/vimaterial.de\/fr\/wp-json\/wp\/v2\/comments?post=1016207"}],"wp:featuredmedia":[{"embeddable":true,"href":"https:\/\/vimaterial.de\/fr\/wp-json\/wp\/v2\/media\/1002439"}],"wp:attachment":[{"href":"https:\/\/vimaterial.de\/fr\/wp-json\/wp\/v2\/media?parent=1016207"}],"wp:term":[{"taxonomy":"product_brand","embeddable":true,"href":"https:\/\/vimaterial.de\/fr\/wp-json\/wp\/v2\/product_brand?post=1016207"},{"taxonomy":"product_cat","embeddable":true,"href":"https:\/\/vimaterial.de\/fr\/wp-json\/wp\/v2\/product_cat?post=1016207"},{"taxonomy":"product_tag","embeddable":true,"href":"https:\/\/vimaterial.de\/fr\/wp-json\/wp\/v2\/product_tag?post=1016207"}],"curies":[{"name":"wp","href":"https:\/\/api.w.org\/{rel}","templated":true}]}}