{"id":1016190,"date":"2024-06-17T14:49:29","date_gmt":"2024-06-17T06:49:29","guid":{"rendered":"https:\/\/vimaterial.de\/product\/aluminure-de-nickel\/"},"modified":"2026-03-10T13:40:41","modified_gmt":"2026-03-10T05:40:41","slug":"nickel-aluminure","status":"publish","type":"product","link":"https:\/\/vimaterial.de\/fr\/product\/nickel-aluminure\/","title":{"rendered":"Nickel-aluminure"},"content":{"rendered":"<h2 data-section-id=\"1wqxxvu\" data-start=\"117\" data-end=\"159\"><span style=\"font-size: 14pt;\"><span style=\"color: #0000ff;\"><a style=\"color: #0000ff;\" href=\"https:\/\/vimaterial.de\/fr\/search\/?type=element&#038;keyword=NiAl\">Nickel-aluminure<\/a>\u00a0<\/span>Powder (Ni\u2083Al) Overview<\/span><\/h2>\n<p data-start=\"161\" data-end=\"630\">La <strong data-start=\"164\" data-end=\"204\">poudre d\u2019aluminure de nickel (Ni\u2083Al)<\/strong> est un compos\u00e9 interm\u00e9tallique haute performance connu pour son excellente r\u00e9sistance m\u00e9canique \u00e0 haute temp\u00e9rature, sa r\u00e9sistance \u00e0 l\u2019oxydation et sa densit\u00e9 plus faible par rapport aux alliages traditionnels \u00e0 base de nickel. Gr\u00e2ce \u00e0 sa structure cristalline ordonn\u00e9e et \u00e0 la forte liaison Ni\u2013Al, le Ni\u2083Al pr\u00e9sente une excellente stabilit\u00e9 m\u00e9canique et une bonne r\u00e9sistance \u00e0 la corrosion dans des environnements exigeants.<\/p>\n<p data-start=\"632\" data-end=\"986\">La poudre de Ni\u2083Al est largement utilis\u00e9e dans les <strong data-start=\"683\" data-end=\"834\">mat\u00e9riaux structuraux avanc\u00e9s, la fabrication additive, les rev\u00eatements par projection thermique et les composants fonctionnant \u00e0 haute temp\u00e9rature<\/strong>. Elle est particuli\u00e8rement appr\u00e9ci\u00e9e dans les applications n\u00e9cessitant <strong data-start=\"906\" data-end=\"985\">une r\u00e9sistance \u00e0 l\u2019oxydation et une int\u00e9grit\u00e9 m\u00e9canique \u00e0 haute temp\u00e9rature<\/strong>.<\/p>\n<p data-start=\"988\" data-end=\"1294\">Chez <span class=\"hover:entity-accent entity-underline inline cursor-pointer align-baseline\"><span class=\"whitespace-normal\">VI HALBLEITERMATERIAL GmbH<\/span><\/span>, nous fournissons de la poudre Ni\u2083Al de haute puret\u00e9 avec une distribution granulom\u00e9trique contr\u00f4l\u00e9e et une composition chimique stable, garantissant des performances fiables pour la recherche, la fabrication industrielle et le d\u00e9veloppement de mat\u00e9riaux avanc\u00e9s.<\/p>\n<h2><span style=\"font-size: 14pt;\">Propri\u00e9t\u00e9s physiques<\/span><\/h2>\n<table class=\"w-fit min-w-(--thread-content-width)\" data-start=\"1324\" data-end=\"1791\">\n<thead data-start=\"1324\" data-end=\"1346\">\n<tr data-start=\"1324\" data-end=\"1346\">\n<th class=\"\" style=\"text-align: center;\" data-start=\"1324\" data-end=\"1336\" data-col-size=\"sm\">Propri\u00e9t\u00e9<\/th>\n<th class=\"\" style=\"text-align: center;\" data-start=\"1336\" data-end=\"1346\" data-col-size=\"md\">Valeur<\/th>\n<\/tr>\n<\/thead>\n<tbody data-start=\"1357\" data-end=\"1791\">\n<tr data-start=\"1357\" data-end=\"1406\">\n<td style=\"text-align: center;\" data-start=\"1357\" data-end=\"1374\" data-col-size=\"sm\">Nom du produit<\/td>\n<td style=\"text-align: center;\" data-start=\"1374\" data-end=\"1406\" data-col-size=\"md\">Poudre d\u2019aluminure de nickel<\/td>\n<\/tr>\n<tr data-start=\"1407\" data-end=\"1435\">\n<td style=\"text-align: center;\" data-start=\"1407\" data-end=\"1426\" data-col-size=\"sm\">Formule chimique<\/td>\n<td style=\"text-align: center;\" data-start=\"1426\" data-end=\"1435\" data-col-size=\"md\">Ni\u2083Al<\/td>\n<\/tr>\n<tr data-start=\"1436\" data-end=\"1463\">\n<td style=\"text-align: center;\" data-start=\"1436\" data-end=\"1449\" data-col-size=\"sm\">Num\u00e9ro CAS<\/td>\n<td style=\"text-align: center;\" data-start=\"1449\" data-end=\"1463\" data-col-size=\"md\">12003-81-5<\/td>\n<\/tr>\n<tr data-start=\"1464\" data-end=\"1500\">\n<td style=\"text-align: center;\" data-start=\"1464\" data-end=\"1484\" data-col-size=\"sm\">Masse mol\u00e9culaire<\/td>\n<td style=\"text-align: center;\" data-start=\"1484\" data-end=\"1500\" data-col-size=\"md\">204.34 g\/mol<\/td>\n<\/tr>\n<tr data-start=\"1501\" data-end=\"1540\">\n<td style=\"text-align: center;\" data-start=\"1501\" data-end=\"1513\" data-col-size=\"sm\">Apparence<\/td>\n<td style=\"text-align: center;\" data-start=\"1513\" data-end=\"1540\" data-col-size=\"md\">Poudre m\u00e9tallique grise<\/td>\n<\/tr>\n<tr data-start=\"1541\" data-end=\"1585\">\n<td style=\"text-align: center;\" data-start=\"1541\" data-end=\"1550\" data-col-size=\"sm\">Puret\u00e9<\/td>\n<td style=\"text-align: center;\" data-start=\"1550\" data-end=\"1585\" data-col-size=\"md\">99 % \u2013 99.9 % (personnalisable)<\/td>\n<\/tr>\n<tr data-start=\"1586\" data-end=\"1656\">\n<td style=\"text-align: center;\" data-start=\"1586\" data-end=\"1610\" data-col-size=\"sm\">Taille des particules<\/td>\n<td style=\"text-align: center;\" data-start=\"1610\" data-end=\"1656\" data-col-size=\"md\">1\u20135 \u03bcm, 5\u201325 \u03bcm, 15\u201345 \u03bcm, personnalisable<\/td>\n<\/tr>\n<tr data-start=\"1657\" data-end=\"1681\">\n<td style=\"text-align: center;\" data-start=\"1657\" data-end=\"1667\" data-col-size=\"sm\">Densit\u00e9<\/td>\n<td style=\"text-align: center;\" data-start=\"1667\" data-end=\"1681\" data-col-size=\"md\">~7.4 g\/cm\u00b3<\/td>\n<\/tr>\n<tr data-start=\"1682\" data-end=\"1712\">\n<td style=\"text-align: center;\" data-start=\"1682\" data-end=\"1700\" data-col-size=\"sm\">Point de fusion<\/td>\n<td style=\"text-align: center;\" data-start=\"1700\" data-end=\"1712\" data-col-size=\"md\">~1395 \u00b0C<\/td>\n<\/tr>\n<tr data-start=\"1713\" data-end=\"1791\">\n<td style=\"text-align: center;\" data-start=\"1713\" data-end=\"1737\" data-col-size=\"sm\">Structure cristalline<\/td>\n<td style=\"text-align: center;\" data-start=\"1737\" data-end=\"1791\" data-col-size=\"md\">Structure interm\u00e9tallique ordonn\u00e9e (structure L1\u2082)<\/td>\n<\/tr>\n<\/tbody>\n<\/table>\n<h2 data-section-id=\"12cplkw\" data-start=\"1798\" data-end=\"1845\"><span style=\"font-size: 14pt;\">Production Process of Nickel Aluminide Powder<\/span><\/h2>\n<p data-start=\"1847\" data-end=\"1986\">La poudre de nickel-aluminium (Ni\u2083Al) de haute puret\u00e9 de notre soci\u00e9t\u00e9 est principalement produite par <strong data-start=\"1950\" data-end=\"1985\">un proc\u00e9d\u00e9 d\u2019atomisation au gaz<\/strong>.<\/p>\n<h3 data-section-id=\"onac65\" data-start=\"1988\" data-end=\"1998\"><span style=\"font-size: 12pt;\">Steps<\/span>:<\/h3>\n<p data-start=\"2000\" data-end=\"2480\"><strong data-start=\"2000\" data-end=\"2006\">1.<\/strong> Tout d\u2019abord, des mati\u00e8res premi\u00e8res de nickel et d\u2019aluminium de haute puret\u00e9 sont fondues sous vide. Ces \u00e9l\u00e9ments sont fondus et alli\u00e9s dans un <strong data-start=\"2152\" data-end=\"2212\">four \u00e0 induction sous vide ou dans une atmosph\u00e8re inerte<\/strong>, garantissant un contr\u00f4le pr\u00e9cis de la composition et minimisant la contamination par l\u2019oxyg\u00e8ne ou d\u2019autres impuret\u00e9s. Pendant le processus de fusion, la composition de l\u2019alliage est soigneusement homog\u00e9n\u00e9is\u00e9e afin d\u2019obtenir une phase interm\u00e9tallique stable de Ni\u2083Al.<\/p>\n<p data-start=\"2482\" data-end=\"2910\"><strong data-start=\"2482\" data-end=\"2488\">2.<\/strong> Une fois que la fusion de l\u2019alliage atteint la temp\u00e9rature requise et une homog\u00e9n\u00e9it\u00e9 chimique ad\u00e9quate, l\u2019alliage fondu Ni\u2083Al est achemin\u00e9 vers une <strong data-start=\"2638\" data-end=\"2660\">buse d\u2019atomisation<\/strong>. Le flux de m\u00e9tal liquide est ensuite atomis\u00e9 dans la chambre d\u2019atomisation par un <strong data-start=\"2744\" data-end=\"2805\">gaz inerte \u00e0 haute pression (g\u00e9n\u00e9ralement argon ou azote)<\/strong>. L\u2019\u00e9nergie cin\u00e9tique \u00e9lev\u00e9e du flux de gaz fragmente le m\u00e9tal fondu en de nombreuses fines gouttelettes.<\/p>\n<p data-start=\"2912\" data-end=\"3240\"><strong data-start=\"2912\" data-end=\"2918\">3.<\/strong> Ces gouttelettes se solidifient rapidement dans la <strong data-start=\"2970\" data-end=\"2992\">tour d\u2019atomisation<\/strong>. Sous l\u2019effet de la tension superficielle pendant la solidification, les particules adoptent naturellement une <strong data-start=\"3104\" data-end=\"3129\">morphologie sph\u00e9rique<\/strong>, ce qui am\u00e9liore consid\u00e9rablement la fluidit\u00e9 et la densit\u00e9 d\u2019empilement par rapport aux poudres irr\u00e9guli\u00e8res.<\/p>\n<p data-start=\"3242\" data-end=\"3375\"><strong data-start=\"3242\" data-end=\"3248\">4.<\/strong> Apr\u00e8s l\u2019atomisation, la poudre est collect\u00e9e dans des conditions contr\u00f4l\u00e9es et subit les \u00e9tapes de post-traitement suivantes :<\/p>\n<ul data-start=\"3377\" data-end=\"3608\">\n<li data-section-id=\"11idail\" data-start=\"3377\" data-end=\"3436\">\n<p data-start=\"3379\" data-end=\"3436\">Tamisage de la poudre et classification granulom\u00e9trique<\/p>\n<\/li>\n<li data-section-id=\"vnw0zr\" data-start=\"3437\" data-end=\"3496\">\n<p data-start=\"3439\" data-end=\"3496\">\u00c9limination des particules trop grosses ou irr\u00e9guli\u00e8res<\/p>\n<\/li>\n<li data-section-id=\"1f0rfim\" data-start=\"3497\" data-end=\"3540\">\n<p data-start=\"3499\" data-end=\"3540\">V\u00e9rification de la composition chimique<\/p>\n<\/li>\n<li data-section-id=\"c0lw2v\" data-start=\"3541\" data-end=\"3608\">\n<p data-start=\"3543\" data-end=\"3608\">Analyse de la morphologie et de la distribution granulom\u00e9trique<\/p>\n<\/li>\n<\/ul>\n<p data-start=\"3610\" data-end=\"3715\">Cette m\u00e9thode de production permet d\u2019obtenir une poudre Ni\u2083Al pr\u00e9sentant les caract\u00e9ristiques suivantes :<\/p>\n<ol data-start=\"3717\" data-end=\"3920\">\n<li data-section-id=\"z5em3j\" data-start=\"3717\" data-end=\"3743\">\n<p data-start=\"3720\" data-end=\"3743\">Haute puret\u00e9 chimique<\/p>\n<\/li>\n<li data-section-id=\"130ro9f\" data-start=\"3744\" data-end=\"3794\">\n<p data-start=\"3747\" data-end=\"3794\">Composition de phase interm\u00e9tallique uniforme<\/p>\n<\/li>\n<li data-section-id=\"6ez6tr\" data-start=\"3795\" data-end=\"3836\">\n<p data-start=\"3798\" data-end=\"3836\">Morphologie de particules sph\u00e9riques<\/p>\n<\/li>\n<li data-section-id=\"1m3sm3x\" data-start=\"3837\" data-end=\"3874\">\n<p data-start=\"3840\" data-end=\"3874\">Excellente fluidit\u00e9 de la poudre<\/p>\n<\/li>\n<li data-section-id=\"1lfdjpw\" data-start=\"3875\" data-end=\"3920\">\n<p data-start=\"3878\" data-end=\"3920\">Distribution granulom\u00e9trique contr\u00f4lable<\/p>\n<\/li>\n<\/ol>\n<p data-start=\"3922\" data-end=\"4003\">Chez <span class=\"hover:entity-accent entity-underline inline cursor-pointer align-baseline\"><span class=\"whitespace-normal\">VI HALBLEITERMATERIAL GmbH<\/span><\/span>, un contr\u00f4le qualit\u00e9 strict garantit :<\/p>\n<p data-start=\"4005\" data-end=\"4112\">distribution granulom\u00e9trique contr\u00f4l\u00e9e<br data-start=\"4043\" data-end=\"4046\" \/>mati\u00e8res premi\u00e8res de haute puret\u00e9<br data-start=\"4080\" data-end=\"4083\" \/>composition de phase stable<\/p>\n<h2 data-section-id=\"17m076p\" data-start=\"4119\" data-end=\"4160\"><span style=\"font-size: 14pt;\">Applications of Nickel Aluminide Powder<\/span><\/h2>\n<p data-start=\"4162\" data-end=\"4467\"><strong data-start=\"4162\" data-end=\"4180\">A\u00e9ronautique :<\/strong> Les poudres d\u2019aluminure de nickel sont utilis\u00e9es pour la fabrication des <strong data-start=\"4254\" data-end=\"4327\">aubes de turbine des moteurs d\u2019avion et d\u2019autres composants critiques<\/strong>, o\u00f9 leurs performances \u00e0 haute temp\u00e9rature am\u00e9liorent l\u2019efficacit\u00e9 et la fiabilit\u00e9 des moteurs et optimisent les performances des a\u00e9ronefs.<\/p>\n<p data-start=\"4469\" data-end=\"4810\"><strong data-start=\"4469\" data-end=\"4495\">Industrie automobile :<\/strong> Les poudres Ni\u2083Al sont utilis\u00e9es dans les <strong data-start=\"4538\" data-end=\"4627\">pi\u00e8ces r\u00e9sistantes \u00e0 la chaleur des moteurs automobiles et des syst\u00e8mes d\u2019\u00e9chappement<\/strong>, am\u00e9liorant la r\u00e9sistance thermique et la r\u00e9sistance \u00e0 la corrosion, tout en contribuant \u00e0 l\u2019all\u00e8gement des v\u00e9hicules et \u00e0 la r\u00e9duction de la consommation d\u2019\u00e9nergie et des \u00e9missions.<\/p>\n<p data-start=\"4812\" data-end=\"5130\"><strong data-start=\"4812\" data-end=\"4853\">\u00c9nergie et production d\u2019\u00e9lectricit\u00e9 :<\/strong> Elles sont utilis\u00e9es dans les <strong data-start=\"4884\" data-end=\"4967\">aubes de turbines \u00e0 gaz et les conduites de chaudi\u00e8res de centrales \u00e9lectriques<\/strong>, garantissant le fonctionnement stable des \u00e9quipements \u00e0 haute temp\u00e9rature et haute pression et am\u00e9liorant l\u2019efficacit\u00e9 et la s\u00e9curit\u00e9 de la conversion d\u2019\u00e9nergie.<\/p>\n<p data-start=\"5132\" data-end=\"5395\"><strong data-start=\"5132\" data-end=\"5161\">Industrie m\u00e9tallurgique :<\/strong> Utilis\u00e9es comme <strong data-start=\"5178\" data-end=\"5246\">additifs pour am\u00e9liorer les propri\u00e9t\u00e9s des mat\u00e9riaux m\u00e9talliques<\/strong>, pour fabriquer des alliages r\u00e9sistants \u00e0 haute temp\u00e9rature et pour \u00e9tendre les domaines d\u2019application et la dur\u00e9e de vie des mat\u00e9riaux m\u00e9talliques.<\/p>\n<h2 data-section-id=\"16w4r8g\" data-start=\"5402\" data-end=\"5416\"><span style=\"font-size: 14pt;\">Our Services<\/span><\/h2>\n<p data-start=\"5418\" data-end=\"5563\"><span class=\"hover:entity-accent entity-underline inline cursor-pointer align-baseline\"><span class=\"whitespace-normal\">VI HALBLEITERMATERIAL GmbH<\/span><\/span> fournit des solutions flexibles pour les instituts de recherche, les fabricants et les clients industriels.<\/p>\n<p data-start=\"5565\" data-end=\"5777\">Granulom\u00e9trie personnalis\u00e9e<br data-start=\"5592\" data-end=\"5595\" \/>Poudre sph\u00e9rique obtenue par atomisation<br data-start=\"5635\" data-end=\"5638\" \/>Puret\u00e9 personnalis\u00e9e<br data-start=\"5658\" data-end=\"5661\" \/>Support pour le traitement des mat\u00e9riaux<br data-start=\"5701\" data-end=\"5704\" \/>Support documentaire TDS \/ SDS \/ COA<br data-start=\"5740\" data-end=\"5743\" \/>Support logistique international<\/p>\n<h2 data-section-id=\"7l53zg\" data-start=\"5784\" data-end=\"5801\"><span style=\"color: #0000ff;\"><a style=\"color: #0000ff;\" href=\"https:\/\/vimaterial.de\/fr\/le-controle-de-la-qualite\/\"><span style=\"font-size: 14pt;\">Quality Control<\/span><\/a><\/span><\/h2>\n<p data-start=\"5803\" data-end=\"6278\">Le contr\u00f4le qualit\u00e9 de chaque lot de produits est effectu\u00e9 tout au long du processus, depuis l\u2019approvisionnement en mati\u00e8res premi\u00e8res jusqu\u2019\u00e0 la production, le traitement, les essais, l\u2019inspection et l\u2019emballage, en stricte conformit\u00e9 avec les normes internationales et les r\u00e9glementations industrielles. Nous disposons d\u2019\u00e9quipements d\u2019analyse avanc\u00e9s, d\u2019une \u00e9quipe QC professionnelle et d\u2019un syst\u00e8me strict de gestion de la qualit\u00e9 afin de garantir la qualit\u00e9 des produits.<\/p>\n<h2 data-section-id=\"1bolwo5\" data-start=\"6285\" data-end=\"6335\"><span style=\"font-size: 14pt;\">Packaging and Storage of Nickel Aluminide Powder<\/span><\/h2>\n<h3><span style=\"font-size: 12pt;\">Packaging<\/span><\/h3>\n<p data-start=\"6352\" data-end=\"6590\">La poudre nickel-aluminium est g\u00e9n\u00e9ralement emball\u00e9e dans <strong data-start=\"6410\" data-end=\"6468\">des sacs scell\u00e9s sous vide ou des flacons en plastique<\/strong>. Les commandes importantes sont g\u00e9n\u00e9ralement conditionn\u00e9es dans <strong data-start=\"6533\" data-end=\"6553\">des f\u00fbts scell\u00e9s<\/strong>. L\u2019emballage peut \u00eatre personnalis\u00e9.<\/p>\n<h3><span style=\"font-size: 12pt;\">Storage<\/span><\/h3>\n<p data-start=\"6605\" data-end=\"6803\">Afin de garantir une stabilit\u00e9 optimale :<br data-start=\"6646\" data-end=\"6649\" \/>Conserver dans un endroit <strong data-start=\"6675\" data-end=\"6691\">frais et sec<\/strong>, garder le r\u00e9cipient <strong data-start=\"6713\" data-end=\"6737\">herm\u00e9tiquement ferm\u00e9<\/strong> et \u00e9viter l\u2019humidit\u00e9 ainsi que la contamination par la poussi\u00e8re.<\/p>\n<h2 data-section-id=\"h96sj5\" data-start=\"6810\" data-end=\"6828\"><span style=\"font-size: 14pt;\">Related Products<\/span><\/h2>\n<table style=\"border-collapse: collapse; width: 100%; height: 48px;\">\n<tbody>\n<tr style=\"height: 24px;\">\n<td style=\"width: 33.3333%; text-align: center; height: 24px;\"><span style=\"color: #0000ff;\"><a style=\"color: #0000ff;\" href=\"https:\/\/vimaterial.de\/fr\/search\/?type=element&#038;keyword=Ni\">Nickel Powder (Ni)<\/a><\/span><\/td>\n<td style=\"width: 33.3333%; text-align: center; height: 24px;\"><span style=\"color: #0000ff;\"><a style=\"color: #0000ff;\" href=\"https:\/\/vimaterial.de\/fr\/search\/?type=element&#038;keyword=Al\">Aluminum Powder (Al)<\/a><\/span><\/td>\n<td style=\"width: 33.3333%; text-align: center; height: 24px;\"><span style=\"color: #0000ff;\"><a style=\"color: #0000ff;\" href=\"https:\/\/vimaterial.de\/fr\/search\/?type=element&#038;keyword=NiAl\">Nickel-Aluminum Alloy Powder<\/a><\/span><\/td>\n<\/tr>\n<tr style=\"height: 24px;\">\n<td style=\"width: 33.3333%; text-align: center; height: 24px;\"><span style=\"color: #0000ff;\"><a style=\"color: #0000ff;\" href=\"https:\/\/vimaterial.de\/fr\/search\/?type=element&#038;keyword=NiAl\">NiAl Powder<\/a><\/span><\/td>\n<td style=\"width: 33.3333%; text-align: center; height: 24px;\"><span style=\"color: #0000ff;\"><a style=\"color: #0000ff;\" href=\"https:\/\/vimaterial.de\/fr\/search\/?type=element&#038;keyword=CO\">Cobalt Alloy Powder<\/a><\/span><\/td>\n<td style=\"width: 33.3333%; text-align: center; height: 24px;\"><span style=\"color: #0000ff;\"><a style=\"color: #0000ff;\" href=\"https:\/\/vimaterial.de\/fr\/search\/?type=element&#038;keyword=NiFe\">Nickel Iron Alloy<\/a><\/span><\/td>\n<\/tr>\n<\/tbody>\n<\/table>\n<h2 data-section-id=\"1ht80gz\" data-start=\"6967\" data-end=\"6973\"><span style=\"color: #0000ff;\"><a style=\"color: #0000ff;\" href=\"https:\/\/vimaterial.de\/fr\/faq\/\"><span style=\"font-size: 14pt;\">FAQs<\/span><\/a><\/span><\/h2>\n<p data-start=\"6975\" data-end=\"7038\"><strong data-start=\"6975\" data-end=\"7036\">Q1: What are the uses of Nickel Aluminide (Ni\u2083Al) powder?<\/strong><\/p>\n<p data-start=\"7040\" data-end=\"7263\">A1: La poudre d\u2019aluminure de nickel est principalement utilis\u00e9e dans <strong data-start=\"7109\" data-end=\"7262\">les rev\u00eatements haute temp\u00e9rature, les pi\u00e8ces issues de la m\u00e9tallurgie des poudres, la fabrication additive et la recherche sur les mat\u00e9riaux avanc\u00e9s<\/strong>.<\/p>\n<p data-start=\"7265\" data-end=\"7323\"><strong data-start=\"7265\" data-end=\"7321\">Q2: Is Nickel Aluminide powder a hazardous material?<\/strong><\/p>\n<p data-start=\"7325\" data-end=\"7616\">A2: Selon les r\u00e9glementations <strong data-start=\"7355\" data-end=\"7376\">ADR, IMDG ou IATA<\/strong>, la poudre Ni\u2083Al n\u2019est g\u00e9n\u00e9ralement pas consid\u00e9r\u00e9e comme une marchandise dangereuse pour le transport. Cependant, en tant que poudre m\u00e9tallique fine, des pr\u00e9cautions appropri\u00e9es doivent \u00eatre prises afin d\u2019\u00e9viter l\u2019inhalation de poussi\u00e8res.<\/p>\n<p data-start=\"7618\" data-end=\"7664\"><strong data-start=\"7618\" data-end=\"7662\">Q3: Can the particle size be customized?<\/strong><\/p>\n<p data-start=\"7666\" data-end=\"7804\">A3: Oui. <span class=\"hover:entity-accent entity-underline inline cursor-pointer align-baseline\"><span class=\"whitespace-normal\">VI HALBLEITERMATERIAL GmbH<\/span><\/span> peut fournir des tailles de particules personnalis\u00e9es selon les exigences de l\u2019application.<\/p>\n<p data-start=\"7806\" data-end=\"7879\"><strong data-start=\"7806\" data-end=\"7877\">Q4: Is Nickel Aluminide powder suitable for additive manufacturing?<\/strong><\/p>\n<p data-start=\"7881\" data-end=\"8077\">A4: La poudre sph\u00e9rique Ni\u2083Al pr\u00e9par\u00e9e par atomisation poss\u00e8de une bonne fluidit\u00e9 et une excellente stabilit\u00e9 thermique, ce qui la rend adapt\u00e9e aux proc\u00e9d\u00e9s de <strong data-start=\"8041\" data-end=\"8076\">fabrication additive m\u00e9tallique<\/strong>.<\/p>\n","protected":false},"excerpt":{"rendered":"<p><span style=\"color: #0000ff;\"><a style=\"color: #0000ff;\" href=\"https:\/\/vimaterial.de\/fr\/product\/alliage-daluminium-et-de-nickel-3\/\">La poudre de nickel-aluminure<\/a><\/span> est une poudre compos\u00e9e de nickel-aluminium, de couleur gris argent\u00e9, avec un point de fusion \u00e9lev\u00e9, une bonne r\u00e9sistance \u00e0 haute temp\u00e9rature, une excellente r\u00e9sistance \u00e0 l\u2019oxydation et \u00e0 la corrosion, ainsi qu\u2019un certain degr\u00e9 de t\u00e9nacit\u00e9 et de r\u00e9sistance \u00e0 la fatigue, qui joue un r\u00f4le important dans la fabrication de composants \u00e0 haute temp\u00e9rature et la protection de surface dans les domaines de l\u2019a\u00e9rospatiale, l\u2019\u00e9nergie et l\u2019\u00e9lectricit\u00e9, l\u2019industrie chimique et d\u2019autres domaines.<\/p>\n","protected":false},"featured_media":1002452,"comment_status":"open","ping_status":"closed","template":"","meta":{"_acf_changed":false},"product_brand":[264],"product_cat":[250],"product_tag":[],"class_list":{"0":"post-1016190","1":"product","2":"type-product","3":"status-publish","4":"has-post-thumbnail","6":"product_brand-vimaterial","7":"product_cat-poudre-de-metal-pur-et-dalliage","9":"first","10":"instock","11":"shipping-taxable","12":"product-type-variable"},"acf":[],"_links":{"self":[{"href":"https:\/\/vimaterial.de\/fr\/wp-json\/wp\/v2\/product\/1016190","targetHints":{"allow":["GET"]}}],"collection":[{"href":"https:\/\/vimaterial.de\/fr\/wp-json\/wp\/v2\/product"}],"about":[{"href":"https:\/\/vimaterial.de\/fr\/wp-json\/wp\/v2\/types\/product"}],"replies":[{"embeddable":true,"href":"https:\/\/vimaterial.de\/fr\/wp-json\/wp\/v2\/comments?post=1016190"}],"wp:featuredmedia":[{"embeddable":true,"href":"https:\/\/vimaterial.de\/fr\/wp-json\/wp\/v2\/media\/1002452"}],"wp:attachment":[{"href":"https:\/\/vimaterial.de\/fr\/wp-json\/wp\/v2\/media?parent=1016190"}],"wp:term":[{"taxonomy":"product_brand","embeddable":true,"href":"https:\/\/vimaterial.de\/fr\/wp-json\/wp\/v2\/product_brand?post=1016190"},{"taxonomy":"product_cat","embeddable":true,"href":"https:\/\/vimaterial.de\/fr\/wp-json\/wp\/v2\/product_cat?post=1016190"},{"taxonomy":"product_tag","embeddable":true,"href":"https:\/\/vimaterial.de\/fr\/wp-json\/wp\/v2\/product_tag?post=1016190"}],"curies":[{"name":"wp","href":"https:\/\/api.w.org\/{rel}","templated":true}]}}