{"id":1016181,"date":"2024-06-17T14:50:26","date_gmt":"2024-06-17T06:50:26","guid":{"rendered":"https:\/\/vimaterial.de\/product\/borure-de-nickel-2\/"},"modified":"2025-04-15T17:52:15","modified_gmt":"2025-04-15T09:52:15","slug":"borure-de-nickel-2","status":"publish","type":"product","link":"https:\/\/vimaterial.de\/fr\/product\/borure-de-nickel-2\/","title":{"rendered":"Borure de nickel"},"content":{"rendered":"<p><span style=\"color: #0000ff;\">La <span style=\"color: #000000;\">poudre<\/span> <a style=\"color: #0000ff;\" href=\"https:\/\/vimaterial.de\/en\/product\/nickel-boride-4\/\">de nickel borure <\/a><\/span> est une poudre grise ou noire compos\u00e9e de nickel et de bore avec une duret\u00e9 \u00e9lev\u00e9e, une bonne stabilit\u00e9 chimique, d\u2019excellentes propri\u00e9t\u00e9s catalytiques et des applications importantes dans de nombreux domaines tels que les r\u00e9actions d\u2019hydrog\u00e9nation catalytique, les mat\u00e9riaux r\u00e9sistants \u00e0 l\u2019usure et les mat\u00e9riaux \u00e9lectroniques.<\/p>\n<p>VIAMTERIAL fournit de la poudre de nickel Borure . Nos poudres se caract\u00e9risent par une grande puret\u00e9, une taille de particule uniforme, une bonne fluidit\u00e9, un bon compactage et une bonne stabilit\u00e9 chimique, et nous prenons en charge l\u2019emballage et la commande de petits lots. Nous avons une \u00e9quipe technique professionnelle de recherche et d\u00e9veloppement, acceptons la personnalisation et l\u2019exp\u00e9rimentation du produit, veuillez <span style=\"color: #0000ff;\"><a style=\"color: #0000ff;\" href=\"https:\/\/vimaterial.de\/en\/contact-us\/\">nous contacter.<\/a><\/span>  <\/p>\n<h2><span style=\"font-size: 14pt;\">Propri\u00e9t\u00e9s physiques<\/span><\/h2>\n<p>Formule mol\u00e9culaire : NiB<\/p>\n<p>Poids mol\u00e9culaire : environ 69,5<\/p>\n<p>Apparence&nbsp;: G\u00e9n\u00e9ralement poudre grise ou noire<\/p>\n<h2><span style=\"font-size: 14pt;\">Applications<\/span><\/h2>\n<p>Catalyse&nbsp;: Les poudres de nickel borure pr\u00e9sentent d\u2019excellentes propri\u00e9t\u00e9s catalytiques dans les r\u00e9actions de synth\u00e8se organique. Ils peuvent catalyser l\u2019hydrog\u00e9nation des compos\u00e9s insatur\u00e9s avec une grande efficacit\u00e9, r\u00e9duire l\u2019\u00e9nergie d\u2019activation de la r\u00e9action, augmenter la vitesse de r\u00e9action et la s\u00e9lectivit\u00e9, et favoriser la synth\u00e8se de produits chimiques fins. <\/p>\n<p>Mat\u00e9riaux \u00e9lectroniques : En raison de ses propri\u00e9t\u00e9s \u00e9lectriques uniques, il est utilis\u00e9 dans la pr\u00e9paration de p\u00e2tes \u00e9lectroniques et de mat\u00e9riaux d\u2019\u00e9lectrodes pour am\u00e9liorer la conductivit\u00e9 et la stabilit\u00e9 des appareils \u00e9lectroniques et r\u00e9pondre aux besoins de miniaturisation et de haute performance des appareils \u00e9lectroniques.<\/p>\n<p>Champ d\u2019\u00e9nergie : dans les technologies li\u00e9es \u00e0 l\u2019\u00e9nergie de l\u2019hydrog\u00e8ne, il peut \u00eatre utilis\u00e9 comme composant des mat\u00e9riaux de stockage d\u2019hydrog\u00e8ne, et son interaction avec les atomes d\u2019hydrog\u00e8ne peut \u00eatre utilis\u00e9e pour r\u00e9aliser une adsorption et une d\u00e9sorption efficaces de l\u2019hydrog\u00e8ne, fournissant un soutien pour des applications \u00e9nerg\u00e9tiques telles que les piles \u00e0 combustible \u00e0 hydrog\u00e8ne.<\/p>\n<p>Champ des mat\u00e9riaux r\u00e9sistants \u00e0 l\u2019usure : avec une duret\u00e9 et une r\u00e9sistance \u00e0 l\u2019usure \u00e9lev\u00e9es, la poudre de nickel borure est ajout\u00e9e \u00e0 une matrice m\u00e9tallique ou c\u00e9ramique pour pr\u00e9parer des rev\u00eatements ou des pi\u00e8ces r\u00e9sistants \u00e0 l\u2019usure, qui sont largement utilis\u00e9s dans l\u2019usinage, les moteurs automobiles et d\u2019autres domaines, prolongeant efficacement la dur\u00e9e de vie du mat\u00e9riau.<\/p>\n<h2><span style=\"font-size: 14pt;\">Contr\u00f4le de la qualit\u00e9<\/span><\/h2>\n<p><span style=\"color: #0000ff;\"><a style=\"color: #0000ff;\" href=\"https:\/\/vimaterial.de\/en\/quality-control\/\">Le contr\u00f4le de la qualit\u00e9<\/a> <\/span>de chaque lot de produits est effectu\u00e9 tout au long du processus d\u2019approvisionnement en mati\u00e8res premi\u00e8res, de production et de traitement, de test et d\u2019inspection, et d\u2019emballage, en suivant strictement les normes internationales et les normes industrielles. Nous disposons d\u2019un \u00e9quipement de test avanc\u00e9, d\u2019une \u00e9quipe de contr\u00f4le qualit\u00e9 professionnelle et d\u2019un syst\u00e8me de contr\u00f4le de qualit\u00e9 strict pour garantir la qualit\u00e9 du produit. <\/p>\n<h2><span style=\"font-size: 14pt;\">Emballage et stockage<\/span><\/h2>\n<p>Les poudres de nickel Borure sont emball\u00e9es dans des sacs sous vide doubles ou des bouteilles sous vide doubles avec des cartons ext\u00e9rieurs.<\/p>\n<p>Les poudres de nickel borure doivent \u00eatre stock\u00e9es dans un environnement sec, frais et bien ventil\u00e9, scell\u00e9es pour \u00e9viter l\u2019humidit\u00e9 et l\u2019oxydation, et doivent \u00eatre tenues \u00e0 l\u2019\u00e9cart des substances acides, alcalines et autres substances chimiquement actives, ainsi que de l\u2019exposition \u00e0 des temp\u00e9ratures \u00e9lev\u00e9es, des flammes nues et des agents oxydants puissants, et doivent \u00eatre plac\u00e9es correctement conform\u00e9ment aux exigences de stockage des produits chimiques dangereux.<\/p>\n<p>&nbsp;<\/p>\n","protected":false},"excerpt":{"rendered":"<p><span style=\"color: #0000ff;\">La <span style=\"color: #000000;\">poudre<\/span> <a style=\"color: #0000ff;\" href=\"https:\/\/vimaterial.de\/en\/product\/nickel-boride-4\/\">de nickel borure <\/a><\/span> est une poudre grise ou noire compos\u00e9e de nickel et de bore avec une duret\u00e9 \u00e9lev\u00e9e, une bonne stabilit\u00e9 chimique, d\u2019excellentes propri\u00e9t\u00e9s catalytiques et des applications importantes dans de nombreux domaines tels que les r\u00e9actions d\u2019hydrog\u00e9nation catalytique, les mat\u00e9riaux r\u00e9sistants \u00e0 l\u2019usure et les mat\u00e9riaux \u00e9lectroniques.<\/p>\n","protected":false},"featured_media":1002476,"comment_status":"open","ping_status":"closed","template":"","meta":{"_acf_changed":false},"product_brand":[],"product_cat":[240],"product_tag":[],"class_list":{"0":"post-1016181","1":"product","2":"type-product","3":"status-publish","4":"has-post-thumbnail","6":"product_cat-materiaux-c-n-b-si","8":"first","9":"instock","10":"shipping-taxable","11":"purchasable","12":"product-type-variable"},"acf":[],"_links":{"self":[{"href":"https:\/\/vimaterial.de\/fr\/wp-json\/wp\/v2\/product\/1016181","targetHints":{"allow":["GET"]}}],"collection":[{"href":"https:\/\/vimaterial.de\/fr\/wp-json\/wp\/v2\/product"}],"about":[{"href":"https:\/\/vimaterial.de\/fr\/wp-json\/wp\/v2\/types\/product"}],"replies":[{"embeddable":true,"href":"https:\/\/vimaterial.de\/fr\/wp-json\/wp\/v2\/comments?post=1016181"}],"wp:featuredmedia":[{"embeddable":true,"href":"https:\/\/vimaterial.de\/fr\/wp-json\/wp\/v2\/media\/1002476"}],"wp:attachment":[{"href":"https:\/\/vimaterial.de\/fr\/wp-json\/wp\/v2\/media?parent=1016181"}],"wp:term":[{"taxonomy":"product_brand","embeddable":true,"href":"https:\/\/vimaterial.de\/fr\/wp-json\/wp\/v2\/product_brand?post=1016181"},{"taxonomy":"product_cat","embeddable":true,"href":"https:\/\/vimaterial.de\/fr\/wp-json\/wp\/v2\/product_cat?post=1016181"},{"taxonomy":"product_tag","embeddable":true,"href":"https:\/\/vimaterial.de\/fr\/wp-json\/wp\/v2\/product_tag?post=1016181"}],"curies":[{"name":"wp","href":"https:\/\/api.w.org\/{rel}","templated":true}]}}