{"id":1016172,"date":"2024-06-17T14:50:26","date_gmt":"2024-06-17T06:50:26","guid":{"rendered":"https:\/\/vimaterial.de\/product\/alliage-daluminium-et-de-nickel-2\/"},"modified":"2025-04-15T17:54:22","modified_gmt":"2025-04-15T09:54:22","slug":"alliage-daluminium-et-de-nickel-2","status":"publish","type":"product","link":"https:\/\/vimaterial.de\/fr\/product\/alliage-daluminium-et-de-nickel-2\/","title":{"rendered":"Alliage de nickel et d\u2019aluminium"},"content":{"rendered":"<p>La cible de pulv\u00e9risation en <span style=\"color: #0000ff;\"><a style=\"color: #0000ff;\" href=\"https:\/\/vimaterial.de\/fr\/product\/alliage-daluminium-et-de-nickel-3\/\">alliage de nickel et d\u2019aluminium<\/a> <\/span>est un mat\u00e9riau d\u2019alliage compos\u00e9 de nickel et d\u2019aluminium, qui est principalement utilis\u00e9 pour le rev\u00eatement de pulv\u00e9risation dans le d\u00e9p\u00f4t physique en phase vapeur (PVD) pour d\u00e9poser des films minces avec une bonne r\u00e9sistance \u00e0 l\u2019oxydation, une stabilit\u00e9 \u00e0 haute temp\u00e9rature et certaines propri\u00e9t\u00e9s \u00e9lectriques sur le substrat, et a un large \u00e9ventail d\u2019applications dans l\u2019a\u00e9rospatiale, l\u2019\u00e9lectronique et de nombreux autres domaines.<\/p>\n<p>VIMATERIAL fournit des cibles de pulv\u00e9risation en alliage de nickel et d\u2019aluminium. Nos cibles de pulv\u00e9risation en alliage de nickel et d\u2019aluminium se caract\u00e9risent par une excellente homog\u00e9n\u00e9it\u00e9 de composition, une puret\u00e9 ultra-\u00e9lev\u00e9e et une excellente stabilit\u00e9 de pulv\u00e9risation, et nous pouvons \u00e9galement fournir des services de liaison de cible. Nous avons une \u00e9quipe de R &amp; D professionnelle et pouvons accepter la personnalisation et les exp\u00e9riences, veuillez<span style=\"color: #0000ff;\"><a style=\"color: #0000ff;\" href=\"https:\/\/vimaterial.de\/fr\/contact\/\"> nous contacter<\/a><\/span>.  <\/p>\n<h2><span style=\"font-size: 14pt;\">Propri\u00e9t\u00e9s physiques<\/span><\/h2>\n<p>Formule mol\u00e9culaire : NiAl<\/p>\n<p>Poids mol\u00e9culaire : environ 85,67 g\/mol<\/p>\n<p>Apparence&nbsp;: Gris argent\u00e9 solide avec un \u00e9clat m\u00e9tallique.<\/p>\n<p>Point de fusion : environ 1638\u00b0C<\/p>\n<p>Point d\u2019\u00e9bullition : environ 2913\u00b0C<\/p>\n<p>Structure cristalline : Structure cristalline cubique centr\u00e9e sur le corps (BCC).<\/p>\n<h2><span style=\"font-size: 14pt;\">Applications<\/span><\/h2>\n<p>A\u00e9rospatiale : Les cibles de pulv\u00e9risation NiAl sont utilis\u00e9es dans le rev\u00eatement des pi\u00e8ces de moteur pour am\u00e9liorer la r\u00e9sistance \u00e0 l\u2019oxydation \u00e0 haute temp\u00e9rature et \u00e0 la corrosion thermique et pour garantir les performances des pi\u00e8ces du v\u00e9hicule.<\/p>\n<p>Industrie \u00e9lectronique : Les cibles de pulv\u00e9risation NiAl sont utilis\u00e9es dans la fabrication de couches d\u2019interconnexion et de contact de dispositifs \u00e9lectroniques pour r\u00e9duire la r\u00e9sistance de contact, faciliter la transmission du signal et pr\u00e9venir les d\u00e9faillances thermiques.<\/p>\n<p>Domaine de la fabrication automobile : appliqu\u00e9 aux composants \u00e0 haute temp\u00e9rature des moteurs automobiles, pour am\u00e9liorer la r\u00e9sistance \u00e0 l\u2019oxydation et \u00e0 la corrosion \u00e0 haute temp\u00e9rature, pour am\u00e9liorer l\u2019efficacit\u00e9 et la durabilit\u00e9 du moteur.<\/p>\n<p>Champ d\u2019\u00e9nergie : utilis\u00e9 comme \u00e9lectrode ou couche barri\u00e8re dans la pr\u00e9paration des piles \u00e0 combustible \u00e0 haute temp\u00e9rature pour am\u00e9liorer l\u2019efficacit\u00e9 de la conversion d\u2019\u00e9nergie et stabiliser les performances de l\u2019\u00e9quipement.<\/p>\n<p>Champ de protection de surface du mat\u00e9riau&nbsp;: peut \u00eatre utilis\u00e9 pour le rev\u00eatement de surface en mat\u00e9riau m\u00e9tallique, pour fournir une protection anti-corrosion et r\u00e9duire les dommages par frottement.<\/p>\n<h2><span style=\"font-size: 14pt;\">Contr\u00f4le de la qualit\u00e9<\/span><\/h2>\n<p><a href=\"https:\/\/vimaterial.de\/fr\/le-controle-de-la-qualite\/\"><span style=\"color: #0000ff;\">Nos produits<\/span><\/a> sont mis en \u0153uvre le syst\u00e8me de gestion de la qualit\u00e9 le plus strict, les mat\u00e9riaux entrants, le processus, l\u2019inspection finale, l\u2019inspection d\u2019usine ont des normes d\u2019inspection strictes, pour le traitement non qualifi\u00e9 utilisera des mesures d\u2019isolation strictes pour \u00e9viter le flux de produits non conformes dans le processus suivant, selon les exigences du client fournira aux clients des \u00e9chantillons pour que les clients puissent les r\u00e9inspecter.<\/p>\n<h2><span style=\"font-size: 14pt;\">Emballage et stockage<\/span><\/h2>\n<p>Les cibles de pulv\u00e9risation cathodique en alliage de nickel et d\u2019aluminium sont emball\u00e9es dans des sacs sous vide doubles et des cartons.<\/p>\n<p>Les cibles de pulv\u00e9risation en alliage de nickel et d\u2019aluminium doivent \u00eatre stock\u00e9es dans des environnements secs et bien ventil\u00e9s avec une temp\u00e9rature et une humidit\u00e9 relativement stables, en \u00e9vitant le contact avec des substances corrosives telles que les acides et les alcalis, en pr\u00e9venant l\u2019humidit\u00e9 et l\u2019oxydation, et en m\u00eame temps en prenant des mesures de protection pour \u00e9viter les dommages physiques tels que les collisions et l\u2019extrusion.<\/p>\n","protected":false},"excerpt":{"rendered":"<p>La cible de pulv\u00e9risation en <span style=\"color: #0000ff;\"><a style=\"color: #0000ff;\" href=\"https:\/\/vimaterial.de\/fr\/product\/alliage-daluminium-et-de-nickel-3\/\">alliage de nickel et d\u2019aluminium<\/a> <\/span>est un mat\u00e9riau d\u2019alliage compos\u00e9 de nickel et d\u2019aluminium, qui est principalement utilis\u00e9 pour le rev\u00eatement de pulv\u00e9risation dans le d\u00e9p\u00f4t physique en phase vapeur (PVD) pour d\u00e9poser des films minces avec une bonne r\u00e9sistance \u00e0 l\u2019oxydation, une stabilit\u00e9 \u00e0 haute temp\u00e9rature et certaines propri\u00e9t\u00e9s \u00e9lectriques sur le substrat, et a un large \u00e9ventail d\u2019applications dans l\u2019a\u00e9rospatiale, l\u2019\u00e9lectronique et de nombreux autres domaines.<\/p>\n","protected":false},"featured_media":1002465,"comment_status":"open","ping_status":"closed","template":"","meta":{"_acf_changed":false},"product_brand":[],"product_cat":[235],"product_tag":[],"class_list":{"0":"post-1016172","1":"product","2":"type-product","3":"status-publish","4":"has-post-thumbnail","6":"product_cat-cibles-de-pulverisation-planaire","8":"first","9":"instock","10":"shipping-taxable","11":"product-type-variable"},"acf":[],"_links":{"self":[{"href":"https:\/\/vimaterial.de\/fr\/wp-json\/wp\/v2\/product\/1016172","targetHints":{"allow":["GET"]}}],"collection":[{"href":"https:\/\/vimaterial.de\/fr\/wp-json\/wp\/v2\/product"}],"about":[{"href":"https:\/\/vimaterial.de\/fr\/wp-json\/wp\/v2\/types\/product"}],"replies":[{"embeddable":true,"href":"https:\/\/vimaterial.de\/fr\/wp-json\/wp\/v2\/comments?post=1016172"}],"wp:featuredmedia":[{"embeddable":true,"href":"https:\/\/vimaterial.de\/fr\/wp-json\/wp\/v2\/media\/1002465"}],"wp:attachment":[{"href":"https:\/\/vimaterial.de\/fr\/wp-json\/wp\/v2\/media?parent=1016172"}],"wp:term":[{"taxonomy":"product_brand","embeddable":true,"href":"https:\/\/vimaterial.de\/fr\/wp-json\/wp\/v2\/product_brand?post=1016172"},{"taxonomy":"product_cat","embeddable":true,"href":"https:\/\/vimaterial.de\/fr\/wp-json\/wp\/v2\/product_cat?post=1016172"},{"taxonomy":"product_tag","embeddable":true,"href":"https:\/\/vimaterial.de\/fr\/wp-json\/wp\/v2\/product_tag?post=1016172"}],"curies":[{"name":"wp","href":"https:\/\/api.w.org\/{rel}","templated":true}]}}