{"id":1016158,"date":"2024-06-17T14:50:30","date_gmt":"2024-06-17T06:50:30","guid":{"rendered":"https:\/\/vimaterial.de\/product\/borure-de-nickel\/"},"modified":"2025-04-15T17:49:48","modified_gmt":"2025-04-15T09:49:48","slug":"borure-de-nickel","status":"publish","type":"product","link":"https:\/\/vimaterial.de\/fr\/product\/borure-de-nickel\/","title":{"rendered":"Borure de nickel"},"content":{"rendered":"<p>Les cibles de pulv\u00e9risation cathodique <span style=\"color: #0000ff;\"><a style=\"color: #0000ff;\" href=\"https:\/\/vimaterial.de\/en\/product\/nickel-boride-3\/\">Nickel Boride<\/a> <\/span>sont des alliages compos\u00e9s principalement de nickel et de bore, qui sont utilis\u00e9s dans le processus de pulv\u00e9risation dans le d\u00e9p\u00f4t physique en phase vapeur (PVD) pour d\u00e9poser des films minces avec d\u2019excellentes propri\u00e9t\u00e9s telles qu\u2019une duret\u00e9 \u00e9lev\u00e9e, une bonne r\u00e9sistance \u00e0 l\u2019abrasion et une stabilit\u00e9 chimique sur le substrat, et qui peuvent \u00eatre utilis\u00e9s dans une vari\u00e9t\u00e9 d\u2019applications dans les domaines \u00e9lectronique et m\u00e9canique.<\/p>\n<p>VIMATERIAL propose des cibles de pulv\u00e9risation Nickel Boride. Nos cibles de pulv\u00e9risation Nickel Boride se caract\u00e9risent par une excellente homog\u00e9n\u00e9it\u00e9 de composition, une puret\u00e9 ultra-\u00e9lev\u00e9e et une excellente stabilit\u00e9 de pulv\u00e9risation, et nous pouvons \u00e9galement fournir des services de liaison de cibles. Nous avons une \u00e9quipe de R &amp; D professionnelle et pouvons accepter la personnalisation et les exp\u00e9riences, veuillez <span style=\"color: #0000ff;\"><a style=\"color: #0000ff;\" href=\"https:\/\/vimaterial.de\/en\/contact-us\/\">nous contacter.<\/a><\/span>  <\/p>\n<h2><span style=\"font-size: 14pt;\">Propri\u00e9t\u00e9s physiques<\/span><\/h2>\n<p>Formule mol\u00e9culaire : NiB<\/p>\n<p>Poids mol\u00e9culaire : environ 69,5 g\/mol<\/p>\n<p>Apparence&nbsp;: Solide noir gris\u00e2tre<\/p>\n<p>Densit\u00e9 : 7,3 &#8211; 7,5 g\/cm\u00b3 environ<\/p>\n<p>Structure cristalline : Structure cristalline hexagonale<\/p>\n<h2><span style=\"font-size: 14pt;\">Applications<\/span><\/h2>\n<p>Domaine \u00e9lectronique&nbsp;: Il peut \u00eatre utilis\u00e9 pour pr\u00e9parer un film conducteur r\u00e9sistant \u00e0 l\u2019usure pour les composants \u00e9lectroniques afin d\u2019am\u00e9liorer la stabilit\u00e9 et la durabilit\u00e9 des appareils \u00e9lectroniques&nbsp;;<\/p>\n<p>Fabrication m\u00e9canique : il peut d\u00e9poser des rev\u00eatements durs et r\u00e9sistants \u00e0 l\u2019usure sur la surface des pi\u00e8ces m\u00e9talliques, prolongeant ainsi efficacement la dur\u00e9e de vie des pi\u00e8ces et r\u00e9duisant les pertes par frottement.<\/p>\n<p>Industrie automobile : le mat\u00e9riau cible peut \u00eatre appliqu\u00e9 sur le rev\u00eatement des composants cl\u00e9s du moteur pour am\u00e9liorer la capacit\u00e9 des composants \u00e0 r\u00e9sister \u00e0 l\u2019usure et \u00e0 la corrosion \u00e0 haute temp\u00e9rature, contribuant ainsi \u00e0 am\u00e9liorer les performances des automobiles.<\/p>\n<p>A\u00e9rospatiale : Les cibles de pulv\u00e9risation NiB peuvent fournir des films de protection de haute duret\u00e9 pour les pi\u00e8ces de pr\u00e9cision des avions, assurant un fonctionnement fiable dans des environnements extr\u00eames.<\/p>\n<p>Fabrication de moules : Les films NiB form\u00e9s par pulv\u00e9risation cathodique peuvent augmenter la duret\u00e9 et les propri\u00e9t\u00e9s de d\u00e9moulage des surfaces des moules, am\u00e9liorant ainsi la qualit\u00e9 de traitement et l\u2019efficacit\u00e9 des moules.<\/p>\n<h2><span style=\"font-size: 14pt;\">Contr\u00f4le de la qualit\u00e9<\/span><\/h2>\n<p><span style=\"color: #0000ff;\"><a style=\"color: #0000ff;\" href=\"https:\/\/vimaterial.de\/en\/quality-control\/\">Nos produits<\/a><\/span> sont mis en \u0153uvre le syst\u00e8me de gestion de la qualit\u00e9 le plus strict, les mat\u00e9riaux entrants, le processus, l\u2019inspection finale, l\u2019inspection d\u2019usine ont des normes d\u2019inspection strictes, pour le traitement non qualifi\u00e9 utilisera des mesures d\u2019isolation strictes pour \u00e9viter le flux de produits non conformes dans le processus suivant, selon les exigences du client fournira aux clients des \u00e9chantillons pour que les clients puissent les r\u00e9inspecter.<\/p>\n<h2><span style=\"font-size: 14pt;\">Emballage et stockage<\/span><\/h2>\n<p>Les cibles de pulv\u00e9risation Nickel Boride sont emball\u00e9es dans des sacs sous vide doubles et des cartons.<\/p>\n<p>Les cibles de pulv\u00e9risation cathodique en nickel borure doivent \u00eatre stock\u00e9es dans un environnement sec, frais et bien ventil\u00e9 pour \u00e9viter l\u2019humidit\u00e9, l\u2019oxydation et le contact avec des substances acides, alcalines et autres substances corrosives, et en m\u00eame temps, des mesures anti-collision et anti-\u00e9crasement doivent \u00eatre prises pour maintenir l\u2019int\u00e9grit\u00e9 de la cible et la stabilit\u00e9 de ses performances.<\/p>\n","protected":false},"excerpt":{"rendered":"<p>Les cibles de pulv\u00e9risation cathodique <span style=\"color: #0000ff;\"><a style=\"color: #0000ff;\" href=\"https:\/\/vimaterial.de\/en\/product\/nickel-boride-3\/\">Nickel Boride<\/a> <\/span>sont des alliages compos\u00e9s principalement de nickel et de bore, qui sont utilis\u00e9s dans le processus de pulv\u00e9risation dans le d\u00e9p\u00f4t physique en phase vapeur (PVD) pour d\u00e9poser des films minces avec d\u2019excellentes propri\u00e9t\u00e9s telles qu\u2019une duret\u00e9 \u00e9lev\u00e9e, une bonne r\u00e9sistance \u00e0 l\u2019abrasion et une stabilit\u00e9 chimique sur le substrat, et qui peuvent \u00eatre utilis\u00e9s dans une vari\u00e9t\u00e9 d\u2019applications dans les domaines \u00e9lectronique et m\u00e9canique.<\/p>\n","protected":false},"featured_media":1002476,"comment_status":"open","ping_status":"closed","template":"","meta":{"_acf_changed":false},"product_brand":[],"product_cat":[235],"product_tag":[],"class_list":{"0":"post-1016158","1":"product","2":"type-product","3":"status-publish","4":"has-post-thumbnail","6":"product_cat-cibles-de-pulverisation-planaire","8":"first","9":"instock","10":"shipping-taxable","11":"product-type-variable"},"acf":[],"_links":{"self":[{"href":"https:\/\/vimaterial.de\/fr\/wp-json\/wp\/v2\/product\/1016158","targetHints":{"allow":["GET"]}}],"collection":[{"href":"https:\/\/vimaterial.de\/fr\/wp-json\/wp\/v2\/product"}],"about":[{"href":"https:\/\/vimaterial.de\/fr\/wp-json\/wp\/v2\/types\/product"}],"replies":[{"embeddable":true,"href":"https:\/\/vimaterial.de\/fr\/wp-json\/wp\/v2\/comments?post=1016158"}],"wp:featuredmedia":[{"embeddable":true,"href":"https:\/\/vimaterial.de\/fr\/wp-json\/wp\/v2\/media\/1002476"}],"wp:attachment":[{"href":"https:\/\/vimaterial.de\/fr\/wp-json\/wp\/v2\/media?parent=1016158"}],"wp:term":[{"taxonomy":"product_brand","embeddable":true,"href":"https:\/\/vimaterial.de\/fr\/wp-json\/wp\/v2\/product_brand?post=1016158"},{"taxonomy":"product_cat","embeddable":true,"href":"https:\/\/vimaterial.de\/fr\/wp-json\/wp\/v2\/product_cat?post=1016158"},{"taxonomy":"product_tag","embeddable":true,"href":"https:\/\/vimaterial.de\/fr\/wp-json\/wp\/v2\/product_tag?post=1016158"}],"curies":[{"name":"wp","href":"https:\/\/api.w.org\/{rel}","templated":true}]}}