{"id":1016123,"date":"2024-06-17T14:50:31","date_gmt":"2024-06-17T06:50:31","guid":{"rendered":"https:\/\/vimaterial.de\/product\/oxyde-de-nickel-et-de-cobalt\/"},"modified":"2025-04-15T17:25:00","modified_gmt":"2025-04-15T09:25:00","slug":"oxyde-de-nickel-et-de-cobalt","status":"publish","type":"product","link":"https:\/\/vimaterial.de\/fr\/product\/oxyde-de-nickel-et-de-cobalt\/","title":{"rendered":"Oxyde de nickel et de cobalt"},"content":{"rendered":"<p><span style=\"color: #0000ff;\"><a style=\"color: #0000ff;\" href=\"https:\/\/vimaterial.de\/en\/product\/lithium-nickel-cobalt-oxide\/\">Oxyde de nickel et de cobalt<\/a> <\/span>La poudre est une poudre compos\u00e9e de nickel, de cobalt et d\u2019oxyg\u00e8ne, g\u00e9n\u00e9ralement de couleur noire ou brun-noir, qui poss\u00e8de de bonnes propri\u00e9t\u00e9s \u00e9lectrochimiques, une grande stabilit\u00e9 chimique et thermique, et joue un r\u00f4le important dans de nombreux domaines tels que les mat\u00e9riaux de batterie, les catalyseurs et les mat\u00e9riaux magn\u00e9tiques.<\/p>\n<p>VIAMTERIAL fournit des poudres d\u2019oxyde de nickel et de cobalt. Nos poudres se caract\u00e9risent par une grande puret\u00e9, une taille de particule uniforme, une bonne fluidit\u00e9, un bon compactage et une bonne stabilit\u00e9 chimique, et nous prenons en charge l\u2019emballage et la commande de petits lots. Nous avons une \u00e9quipe technique professionnelle de recherche et d\u00e9veloppement, acceptons la personnalisation et l\u2019exp\u00e9rimentation du produit, veuillez <span style=\"color: #0000ff;\"><a style=\"color: #0000ff;\" href=\"https:\/\/vimaterial.de\/en\/contact-us\/\">nous contacter.<\/a><\/span>  <\/p>\n<h2><span style=\"font-size: 14pt;\">Propri\u00e9t\u00e9s physiques<\/span><\/h2>\n<p>Formule mol\u00e9culaire : NiCoO2<\/p>\n<p>Poids mol\u00e9culaire : environ 149,62<\/p>\n<p>Apparence&nbsp;: G\u00e9n\u00e9ralement poudre noire ou brun fonc\u00e9.<\/p>\n<p>Structure cristalline : Structure cristalline en couches, les atomes de nickel (Ni) et de cobalt (Co) et les atomes d\u2019oxyg\u00e8ne (O) sont dispos\u00e9s en couches, cette structure est propice \u00e0 l\u2019int\u00e9gration et au d\u00e9logement des ions, ce qui est d\u2019une grande importance dans les applications \u00e9lectrochimiques.<\/p>\n<h2><span style=\"font-size: 14pt;\">Applications<\/span><\/h2>\n<p>Domaine des batteries lithium-ion : en tant que mat\u00e9riau d\u2019anode, avec une densit\u00e9 d\u2019\u00e9nergie \u00e9lev\u00e9e et de bonnes performances de charge et de d\u00e9charge, il am\u00e9liore l\u2019endurance et la dur\u00e9e de vie de la batterie, et fournit une alimentation fiable \u00e0 toutes sortes d\u2019appareils \u00e9lectroniques mobiles et de v\u00e9hicules \u00e9lectriques.<\/p>\n<p>Champ de supercondensateurs : Sa structure unique et ses propri\u00e9t\u00e9s \u00e9lectrochimiques permettent d\u2019utiliser la poudre d\u2019oxyde de nickel-cobalt dans la pr\u00e9paration d\u2019\u00e9lectrodes de supercondensateur haute performance, qui peuvent atteindre une charge\/d\u00e9charge rapide et une puissance de sortie \u00e9lev\u00e9e pour r\u00e9pondre \u00e0 la demande instantan\u00e9e de haute puissance des appareils \u00e9lectroniques et au fonctionnement efficace des syst\u00e8mes de stockage d\u2019\u00e9nergie.<\/p>\n<p>\u00c9lectrocatalyse : Dans l\u2019\u00e9lectrolyse de l\u2019eau, la r\u00e9duction de l\u2019oxyg\u00e8ne et d\u2019autres r\u00e9actions \u00e9lectrocatalytiques, en tant que catalyseur, peut r\u00e9duire efficacement l\u2019\u00e9nergie d\u2019activation de la r\u00e9action, acc\u00e9l\u00e9rer le processus de r\u00e9action, am\u00e9liorer l\u2019efficacit\u00e9 de la conversion d\u2019\u00e9nergie et promouvoir le d\u00e9veloppement de la technologie de l\u2019\u00e9nergie propre.<\/p>\n<p>Champ magn\u00e9tique : La poudre NiCoO\u2082 pr\u00e9sente des propri\u00e9t\u00e9s magn\u00e9tiques sp\u00e9cifiques qui peuvent \u00eatre utilis\u00e9es pour d\u00e9velopper de nouveaux mat\u00e9riaux magn\u00e9tiques, appliqu\u00e9s au stockage d\u2019informations, aux capteurs et \u00e0 d\u2019autres champs, afin d\u2019obtenir un stockage de donn\u00e9es efficace et une d\u00e9tection pr\u00e9cise.<\/p>\n<p>C\u00e9ramique&nbsp;: Ajout\u00e9 aux mat\u00e9riaux c\u00e9ramiques, il peut am\u00e9liorer les propri\u00e9t\u00e9s \u00e9lectriques et magn\u00e9tiques des c\u00e9ramiques, telles que la pr\u00e9paration de c\u00e9ramiques fonctionnelles avec des propri\u00e9t\u00e9s \u00e9lectromagn\u00e9tiques sp\u00e9ciales, qui peuvent \u00eatre utilis\u00e9es dans l\u2019encapsulation et la fabrication de composants \u00e9lectroniques pour am\u00e9liorer les performances et la stabilit\u00e9 des dispositifs \u00e9lectroniques.<\/p>\n<h2><span style=\"font-size: 14pt;\">Contr\u00f4le de la qualit\u00e9<\/span><\/h2>\n<p><span style=\"color: #0000ff;\"><a style=\"color: #0000ff;\" href=\"https:\/\/vimaterial.de\/en\/quality-control\/\">Le contr\u00f4le de la qualit\u00e9<\/a><\/span> de chaque lot de produits est effectu\u00e9 tout au long du processus d\u2019approvisionnement en mati\u00e8res premi\u00e8res, de production et de traitement, de test et d\u2019inspection, et d\u2019emballage, en suivant strictement les normes internationales et les normes industrielles. Nous disposons d\u2019un \u00e9quipement de test avanc\u00e9, d\u2019une \u00e9quipe de contr\u00f4le qualit\u00e9 professionnelle et d\u2019un syst\u00e8me de contr\u00f4le de qualit\u00e9 strict pour garantir la qualit\u00e9 du produit. <\/p>\n<h2><span style=\"font-size: 14pt;\">Emballage et stockage<\/span><\/h2>\n<p>Les poudres d\u2019oxyde de nickel et de cobalt sont emball\u00e9es dans des sacs \u00e0 double vide ou des bouteilles \u00e0 double vide avec des cartons ext\u00e9rieurs.<\/p>\n<p>Les poudres d\u2019oxyde de nickel et de cobalt doivent \u00eatre stock\u00e9es dans un environnement sec, frais et bien ventil\u00e9, scell\u00e9es pour \u00e9viter l\u2019humidit\u00e9, le contact avec des substances acides ou alcalines et l\u2019exposition \u00e0 des temp\u00e9ratures \u00e9lev\u00e9es et \u00e0 une lumi\u00e8re forte, et \u00e0 l\u2019abri des substances inflammables et explosives, et plac\u00e9es conform\u00e9ment aux r\u00e9glementations de s\u00e9curit\u00e9 et de protection de l\u2019environnement pertinentes, pour garantir que leurs propri\u00e9t\u00e9s chimiques sont stables et un stockage s\u00fbr.<\/p>\n","protected":false},"excerpt":{"rendered":"<p><span style=\"color: #0000ff;\"><a style=\"color: #0000ff;\" href=\"https:\/\/vimaterial.de\/en\/product\/lithium-nickel-cobalt-oxide\/\">Oxyde de nickel et de cobalt<\/a> <\/span>La poudre est une poudre compos\u00e9e de nickel, de cobalt et d\u2019oxyg\u00e8ne, g\u00e9n\u00e9ralement de couleur noire ou brun-noir, qui poss\u00e8de de bonnes propri\u00e9t\u00e9s \u00e9lectrochimiques, une grande stabilit\u00e9 chimique et thermique, et joue un r\u00f4le important dans de nombreux domaines tels que les mat\u00e9riaux de batterie, les catalyseurs et les mat\u00e9riaux magn\u00e9tiques.<\/p>\n","protected":false},"featured_media":1002509,"comment_status":"open","ping_status":"closed","template":"","meta":{"_acf_changed":false},"product_brand":[],"product_cat":[244],"product_tag":[],"class_list":{"0":"post-1016123","1":"product","2":"type-product","3":"status-publish","4":"has-post-thumbnail","6":"product_cat-autres-materiaux","8":"first","9":"instock","10":"shipping-taxable","11":"product-type-variable"},"acf":[],"_links":{"self":[{"href":"https:\/\/vimaterial.de\/fr\/wp-json\/wp\/v2\/product\/1016123","targetHints":{"allow":["GET"]}}],"collection":[{"href":"https:\/\/vimaterial.de\/fr\/wp-json\/wp\/v2\/product"}],"about":[{"href":"https:\/\/vimaterial.de\/fr\/wp-json\/wp\/v2\/types\/product"}],"replies":[{"embeddable":true,"href":"https:\/\/vimaterial.de\/fr\/wp-json\/wp\/v2\/comments?post=1016123"}],"wp:featuredmedia":[{"embeddable":true,"href":"https:\/\/vimaterial.de\/fr\/wp-json\/wp\/v2\/media\/1002509"}],"wp:attachment":[{"href":"https:\/\/vimaterial.de\/fr\/wp-json\/wp\/v2\/media?parent=1016123"}],"wp:term":[{"taxonomy":"product_brand","embeddable":true,"href":"https:\/\/vimaterial.de\/fr\/wp-json\/wp\/v2\/product_brand?post=1016123"},{"taxonomy":"product_cat","embeddable":true,"href":"https:\/\/vimaterial.de\/fr\/wp-json\/wp\/v2\/product_cat?post=1016123"},{"taxonomy":"product_tag","embeddable":true,"href":"https:\/\/vimaterial.de\/fr\/wp-json\/wp\/v2\/product_tag?post=1016123"}],"curies":[{"name":"wp","href":"https:\/\/api.w.org\/{rel}","templated":true}]}}