{"id":1016120,"date":"2024-06-17T14:50:31","date_gmt":"2024-06-17T06:50:31","guid":{"rendered":"https:\/\/vimaterial.de\/product\/nickel-cobalt\/"},"modified":"2025-04-15T17:47:09","modified_gmt":"2025-04-15T09:47:09","slug":"nickel-cobalt","status":"publish","type":"product","link":"https:\/\/vimaterial.de\/fr\/product\/nickel-cobalt\/","title":{"rendered":"Nickel Cobalt"},"content":{"rendered":"<p>La cible de pulv\u00e9risation cathodique <span style=\"color: #0000ff;\"><a style=\"color: #0000ff;\" href=\"https:\/\/vimaterial.de\/en\/product\/nickel-cobalt-oxide\/\">nickel-cobalt<\/a> <\/span>est un mat\u00e9riau d\u2019alliage compos\u00e9 de nickel et de cobalt, qui est principalement utilis\u00e9 dans le processus de rev\u00eatement par pulv\u00e9risation cathodique dans le d\u00e9p\u00f4t physique en phase vapeur (PVD), et est capable de d\u00e9poser des films minces avec de bonnes propri\u00e9t\u00e9s magn\u00e9tiques et conductrices sur le substrat, qui sont largement utilis\u00e9s dans les domaines de l\u2019\u00e9lectronique et de l\u2019enregistrement magn\u00e9tique.<\/p>\n<p>VIMATERIAL propose des cibles de pulv\u00e9risation Nickel Cobalt. Nos cibles de pulv\u00e9risation Nickel Cobalt se caract\u00e9risent par une excellente homog\u00e9n\u00e9it\u00e9 de composition, une puret\u00e9 ultra-\u00e9lev\u00e9e et une excellente stabilit\u00e9 de pulv\u00e9risation, et nous pouvons \u00e9galement fournir des services de liaison de cibles. Nous avons une \u00e9quipe de R &amp; D professionnelle et pouvons accepter la personnalisation et les exp\u00e9riences, veuillez <span style=\"color: #0000ff;\"><a style=\"color: #0000ff;\" href=\"https:\/\/vimaterial.de\/en\/contact-us\/\">nous contacter<\/a><\/span>.  <\/p>\n<h2><span style=\"font-size: 14pt;\">Propri\u00e9t\u00e9s physiques<\/span><\/h2>\n<p>Formule mol\u00e9culaire : NiCo<\/p>\n<p>Poids mol\u00e9culaire : 58,81 g\/mol<\/p>\n<p>Apparence&nbsp;: gris argent\u00e9 solide<\/p>\n<p>Densit\u00e9 : 8,8 &#8211; 8,9 g\/cm\u00b3 environ<\/p>\n<p>Structure cristalline : structure cristalline cubique centr\u00e9e sur la face<\/p>\n<h2><span style=\"font-size: 14pt;\">Applications<\/span><\/h2>\n<p>Champ \u00e9lectronique&nbsp;: Il peut \u00eatre utilis\u00e9 pour fabriquer un film magn\u00e9tique pour les composants \u00e9lectroniques haute performance, ce qui peut am\u00e9liorer l\u2019efficacit\u00e9 des \u00e9quipements \u00e9lectroniques dans le stockage et la lecture des donn\u00e9es.<\/p>\n<p>A\u00e9rospatiale : Il peut \u00eatre utilis\u00e9 pour rev\u00eatir des composants cl\u00e9s des moteurs d\u2019avion, am\u00e9liorant ainsi les propri\u00e9t\u00e9s anti-usure et anti-corrosion des composants dans des environnements extr\u00eames \u00e0 haute temp\u00e9rature et \u00e0 haute pression.<\/p>\n<p>Industrie automobile : le mat\u00e9riau cible est utilis\u00e9 dans la production de capteurs automobiles et d\u2019autres composants pour aider \u00e0 am\u00e9liorer la sensibilit\u00e9 et la stabilit\u00e9 des syst\u00e8mes \u00e9lectroniques automobiles.<\/p>\n<p>Stockage d\u2019\u00e9nergie : Il peut \u00eatre utilis\u00e9 pour pr\u00e9parer de nouveaux mat\u00e9riaux d\u2019\u00e9lectrode de batterie, optimiser les performances de charge et de d\u00e9charge de la batterie et prolonger la dur\u00e9e de vie de la batterie.<\/p>\n<p>Dispositifs m\u00e9dicaux : Les cibles de pulv\u00e9risation au nickel-cobalt sont utilis\u00e9es dans le rev\u00eatement des capteurs m\u00e9dicaux et des micro-instruments, leur conf\u00e9rant de bonnes propri\u00e9t\u00e9s de biocompatibilit\u00e9 et \u00e9lectromagn\u00e9tiques, et favorisant le d\u00e9veloppement de dispositifs m\u00e9dicaux de pr\u00e9cision.<\/p>\n<h2><span style=\"font-size: 14pt;\">Contr\u00f4le de la qualit\u00e9<\/span><\/h2>\n<p><span style=\"color: #0000ff;\"><a style=\"color: #0000ff;\" href=\"https:\/\/vimaterial.de\/en\/quality-control\/\">Nos produits<\/a><\/span> sont mis en \u0153uvre le syst\u00e8me de gestion de la qualit\u00e9 le plus strict, les mat\u00e9riaux entrants, le processus, l\u2019inspection finale, l\u2019inspection d\u2019usine ont des normes d\u2019inspection strictes, pour le traitement non qualifi\u00e9 utilisera des mesures d\u2019isolation strictes pour \u00e9viter le flux de produits non conformes dans le processus suivant, selon les exigences du client fournira aux clients des \u00e9chantillons pour que les clients puissent les r\u00e9inspecter.<\/p>\n<h2><span style=\"font-size: 14pt;\">Emballage et stockage<\/span><\/h2>\n<p>Les cibles de pulv\u00e9risation au nickel-cobalt sont emball\u00e9es dans des sacs et des cartons sous vide doubles.<\/p>\n<p>Les cibles de pulv\u00e9risation Nickel Cobalt doivent \u00eatre stock\u00e9es dans un environnement sec et bien ventil\u00e9 avec une temp\u00e9rature et une humidit\u00e9 stables, en \u00e9vitant le contact avec des substances corrosives, en emp\u00eachant l\u2019oxydation de l\u2019humidit\u00e9 et en prenant en m\u00eame temps des mesures de protection pour \u00e9viter la d\u00e9formation et les dommages aux cibles caus\u00e9s par la collision physique et l\u2019extrusion.<\/p>\n","protected":false},"excerpt":{"rendered":"<p>La cible de pulv\u00e9risation cathodique <span style=\"color: #0000ff;\"><a style=\"color: #0000ff;\" href=\"https:\/\/vimaterial.de\/en\/product\/nickel-cobalt-oxide\/\">nickel-cobalt<\/a> <\/span>est un mat\u00e9riau d\u2019alliage compos\u00e9 de nickel et de cobalt, qui est principalement utilis\u00e9 dans le processus de rev\u00eatement par pulv\u00e9risation cathodique dans le d\u00e9p\u00f4t physique en phase vapeur (PVD), et est capable de d\u00e9poser des films minces avec de bonnes propri\u00e9t\u00e9s magn\u00e9tiques et conductrices sur le substrat, qui sont largement utilis\u00e9s dans les domaines de l\u2019\u00e9lectronique et de l\u2019enregistrement magn\u00e9tique.<\/p>\n","protected":false},"featured_media":1002502,"comment_status":"open","ping_status":"closed","template":"","meta":{"_acf_changed":false},"product_brand":[],"product_cat":[235],"product_tag":[],"class_list":{"0":"post-1016120","1":"product","2":"type-product","3":"status-publish","4":"has-post-thumbnail","6":"product_cat-cibles-de-pulverisation-planaire","8":"first","9":"instock","10":"shipping-taxable","11":"product-type-variable"},"acf":[],"_links":{"self":[{"href":"https:\/\/vimaterial.de\/fr\/wp-json\/wp\/v2\/product\/1016120","targetHints":{"allow":["GET"]}}],"collection":[{"href":"https:\/\/vimaterial.de\/fr\/wp-json\/wp\/v2\/product"}],"about":[{"href":"https:\/\/vimaterial.de\/fr\/wp-json\/wp\/v2\/types\/product"}],"replies":[{"embeddable":true,"href":"https:\/\/vimaterial.de\/fr\/wp-json\/wp\/v2\/comments?post=1016120"}],"wp:featuredmedia":[{"embeddable":true,"href":"https:\/\/vimaterial.de\/fr\/wp-json\/wp\/v2\/media\/1002502"}],"wp:attachment":[{"href":"https:\/\/vimaterial.de\/fr\/wp-json\/wp\/v2\/media?parent=1016120"}],"wp:term":[{"taxonomy":"product_brand","embeddable":true,"href":"https:\/\/vimaterial.de\/fr\/wp-json\/wp\/v2\/product_brand?post=1016120"},{"taxonomy":"product_cat","embeddable":true,"href":"https:\/\/vimaterial.de\/fr\/wp-json\/wp\/v2\/product_cat?post=1016120"},{"taxonomy":"product_tag","embeddable":true,"href":"https:\/\/vimaterial.de\/fr\/wp-json\/wp\/v2\/product_tag?post=1016120"}],"curies":[{"name":"wp","href":"https:\/\/api.w.org\/{rel}","templated":true}]}}