{"id":1016107,"date":"2024-06-17T14:50:34","date_gmt":"2024-06-17T06:50:34","guid":{"rendered":"https:\/\/vimaterial.de\/product\/alliage-de-nickel-et-de-chrome-4\/"},"modified":"2025-04-15T17:22:33","modified_gmt":"2025-04-15T09:22:33","slug":"alliage-de-nickel-et-de-chrome-4","status":"publish","type":"product","link":"https:\/\/vimaterial.de\/fr\/product\/alliage-de-nickel-et-de-chrome-4\/","title":{"rendered":"Alliage nickel-chrome"},"content":{"rendered":"<p>Les granul\u00e9s <span style=\"color: #0000ff;\"><a style=\"color: #0000ff;\" href=\"https:\/\/vimaterial.de\/en\/product\/nickel-chromium-alloy-4\/\">d\u2019alliage nickel-chrome<\/a><\/span> sont des particules m\u00e9talliques compos\u00e9es de nickel et de chrome avec une bonne r\u00e9sistance aux temp\u00e9ratures \u00e9lev\u00e9es et \u00e0 la corrosion ainsi qu\u2019une duret\u00e9 et une r\u00e9sistance \u00e9lev\u00e9es, et sont souvent utilis\u00e9es dans la pr\u00e9paration des mat\u00e9riaux d\u2019alliage, la technologie de rev\u00eatement et l\u2019industrie \u00e9lectronique.<\/p>\n<p>VIMATERIAL fournit des particules d\u2019alliage nickel-chrome, nos particules sont uniformes et stables dans leur composition, une puret\u00e9 \u00e9lev\u00e9e, une duret\u00e9 \u00e9lev\u00e9e, une taille de particule contr\u00f4lable, etc. Et nous pouvons accepter la personnalisation du produit et les exp\u00e9riences, nous avons une \u00e9quipe professionnelle de recherche et d\u00e9veloppement technique, <span style=\"color: #0000ff;\"><a style=\"color: #0000ff;\" href=\"https:\/\/vimaterial.de\/en\/contact-us\/\">contactez-nous<\/a><\/span>. <\/p>\n<h2><span style=\"font-size: 14pt;\">Propri\u00e9t\u00e9s physiques<\/span><\/h2>\n<p>Formule mol\u00e9culaire : NiCr<\/p>\n<p>Aspect : particules m\u00e9talliques gris argent\u00e9<\/p>\n<p>Densit\u00e9 : g\u00e9n\u00e9ralement autour de 8,0-8,4 g\/cm\u00b3.<\/p>\n<p>Point de fusion : g\u00e9n\u00e9ralement autour de 1300\u00b0C-1400\u00b0C.<\/p>\n<p>Point d\u2019\u00e9bullition : g\u00e9n\u00e9ralement sup\u00e9rieur \u00e0 2000\u00b0C<\/p>\n<p>Structure cristalline : structure en treillis cubique centr\u00e9e sur la face<\/p>\n<h2><span style=\"font-size: 14pt;\">Application<\/span><\/h2>\n<p>Dans le domaine de l\u2019industrie \u00e9lectronique, il est utilis\u00e9 dans la production de r\u00e9sistances de pr\u00e9cision et d\u2019autres composants \u00e9lectroniques pour maintenir une valeur de r\u00e9sistance stable afin d\u2019assurer la pr\u00e9cision de l\u2019\u00e9quipement.<\/p>\n<p>Domaine de l\u2019\u00e9nergie : dans les \u00e9quipements d\u2019\u00e9nergie thermique et nucl\u00e9aire, r\u00e9sistent \u00e0 la corrosion et aux radiations \u00e0 haute temp\u00e9rature, pour assurer le fonctionnement s\u00fbr et efficace des installations \u00e9nerg\u00e9tiques.<\/p>\n<p>Domaine de la construction automobile : production de composants de syst\u00e8mes d\u2019\u00e9chappement automobiles, r\u00e9sistance \u00e0 la corrosion \u00e0 haute temp\u00e9rature et aide \u00e0 la r\u00e9duction des \u00e9missions.<\/p>\n<p>Ing\u00e9nierie de surface&nbsp;: utilis\u00e9 comme mat\u00e9riau de rev\u00eatement pour renforcer la surface m\u00e9tallique, am\u00e9liorer la r\u00e9sistance \u00e0 l\u2019usure et la r\u00e9sistance \u00e0 la corrosion des pi\u00e8ces m\u00e9caniques.<\/p>\n<p>\u00c9quipement m\u00e9dical : Utilis\u00e9 dans certaines pi\u00e8ces d\u2019\u00e9quipement m\u00e9dical pour stabiliser leur travail en raison de leur biocompatibilit\u00e9 et de leur r\u00e9sistance \u00e0 la corrosion.<\/p>\n<h2><span style=\"font-size: 14pt;\">Contr\u00f4le de la qualit\u00e9<\/span><\/h2>\n<p><span style=\"color: #0000ff;\"><a style=\"color: #0000ff;\" href=\"https:\/\/vimaterial.de\/en\/quality-control\/\">Chaque lot<\/a><\/span> de produits garantit strictement la qualit\u00e9, de la s\u00e9lection des fournisseurs de mati\u00e8res premi\u00e8res \u00e0 l\u2019utilisation d\u2019\u00e9quipements de test avanc\u00e9s pour surveiller avec pr\u00e9cision l\u2019ensemble du processus de production, jusqu\u2019au produit fini \u00e0 travers de nombreuses s\u00e9ries d\u2019\u00e9chantillonnage rigoureux et de certification par une tierce partie faisant autorit\u00e9, jusqu\u2019\u00e0 un syst\u00e8me de contr\u00f4le de la qualit\u00e9 complet et \u00e0 tol\u00e9rance z\u00e9ro pour garantir que chaque lot de produits respecte et d\u00e9passe les normes \u00e9lev\u00e9es de l\u2019industrie.  Fournir \u00e0 nos clients la meilleure qualit\u00e9 et les produits les plus stables.<\/p>\n<h2><span style=\"font-size: 14pt;\">Emballage et stockage<\/span><\/h2>\n<p>Les granul\u00e9s d\u2019alliage nickel-chrome sont emball\u00e9s dans des sacs ou des bouteilles sous vide et emball\u00e9s dans des cartons.<\/p>\n<p>Les granul\u00e9s d\u2019alliage nickel-chrome doivent \u00eatre stock\u00e9s dans un environnement sec et bien ventil\u00e9, loin des sources d\u2019inflammation et des substances corrosives, pour \u00e9viter l\u2019humidit\u00e9, l\u2019oxydation et la contamination, et doivent \u00eatre bien scell\u00e9s pour \u00e9viter que les granul\u00e9s n\u2019entrent en contact prolong\u00e9 avec l\u2019air.<\/p>\n","protected":false},"excerpt":{"rendered":"<p>Les granul\u00e9s <span style=\"color: #0000ff;\"><a style=\"color: #0000ff;\" href=\"https:\/\/vimaterial.de\/en\/product\/nickel-chromium-alloy-4\/\">d\u2019alliage nickel-chrome<\/a><\/span> sont des particules m\u00e9talliques compos\u00e9es de nickel et de chrome avec une bonne r\u00e9sistance aux temp\u00e9ratures \u00e9lev\u00e9es et \u00e0 la corrosion ainsi qu\u2019une duret\u00e9 et une r\u00e9sistance \u00e9lev\u00e9es, et sont souvent utilis\u00e9es dans la pr\u00e9paration des mat\u00e9riaux d\u2019alliage, la technologie de rev\u00eatement et l\u2019industrie \u00e9lectronique.<\/p>\n","protected":false},"featured_media":1040716,"comment_status":"open","ping_status":"closed","template":"","meta":{"_acf_changed":false},"product_brand":[],"product_cat":[236],"product_tag":[],"class_list":{"0":"post-1016107","1":"product","2":"type-product","3":"status-publish","4":"has-post-thumbnail","6":"product_cat-materiaux-devaporation","8":"first","9":"instock","10":"shipping-taxable","11":"purchasable","12":"product-type-variable"},"acf":[],"_links":{"self":[{"href":"https:\/\/vimaterial.de\/fr\/wp-json\/wp\/v2\/product\/1016107","targetHints":{"allow":["GET"]}}],"collection":[{"href":"https:\/\/vimaterial.de\/fr\/wp-json\/wp\/v2\/product"}],"about":[{"href":"https:\/\/vimaterial.de\/fr\/wp-json\/wp\/v2\/types\/product"}],"replies":[{"embeddable":true,"href":"https:\/\/vimaterial.de\/fr\/wp-json\/wp\/v2\/comments?post=1016107"}],"wp:featuredmedia":[{"embeddable":true,"href":"https:\/\/vimaterial.de\/fr\/wp-json\/wp\/v2\/media\/1040716"}],"wp:attachment":[{"href":"https:\/\/vimaterial.de\/fr\/wp-json\/wp\/v2\/media?parent=1016107"}],"wp:term":[{"taxonomy":"product_brand","embeddable":true,"href":"https:\/\/vimaterial.de\/fr\/wp-json\/wp\/v2\/product_brand?post=1016107"},{"taxonomy":"product_cat","embeddable":true,"href":"https:\/\/vimaterial.de\/fr\/wp-json\/wp\/v2\/product_cat?post=1016107"},{"taxonomy":"product_tag","embeddable":true,"href":"https:\/\/vimaterial.de\/fr\/wp-json\/wp\/v2\/product_tag?post=1016107"}],"curies":[{"name":"wp","href":"https:\/\/api.w.org\/{rel}","templated":true}]}}