{"id":1016090,"date":"2024-06-17T14:50:35","date_gmt":"2024-06-17T06:50:35","guid":{"rendered":"https:\/\/vimaterial.de\/product\/alliage-de-nickel-et-de-chrome-3\/"},"modified":"2025-04-15T17:14:47","modified_gmt":"2025-04-15T09:14:47","slug":"alliage-de-nickel-et-de-chrome-3","status":"publish","type":"product","link":"https:\/\/vimaterial.de\/fr\/product\/alliage-de-nickel-et-de-chrome-3\/","title":{"rendered":"Alliage nickel-chrome"},"content":{"rendered":"<p><span style=\"color: #0000ff;\"><a style=\"color: #0000ff;\" href=\"https:\/\/vimaterial.de\/en\/product\/nickel-chromium-alloy-2\/\">Alliage nickel-chrome<\/a><\/span> La poudre est une poudre d\u2019alliage de nickel et de chrome, gris argent\u00e9 ou gris, avec une bonne r\u00e9sistance \u00e0 la haute temp\u00e9rature, \u00e0 l\u2019oxydation, \u00e0 la corrosion et \u00e0 une r\u00e9sistance et une duret\u00e9 \u00e9lev\u00e9es, joue un r\u00f4le cl\u00e9 dans l\u2019a\u00e9rospatiale, l\u2019\u00e9lectronique, la chimie et de nombreux autres domaines industriels.<\/p>\n<p>VIAMTERIAL fournit de la poudre d\u2019alliage de nickel-chrome. Nos poudres se caract\u00e9risent par une grande puret\u00e9, une taille de particule uniforme, une bonne fluidit\u00e9, un bon compactage, une stabilit\u00e9 chimique et nous prenons en charge l\u2019emballage et la commande de petits lots. Nous avons une \u00e9quipe technique professionnelle de recherche et d\u00e9veloppement, acceptons la personnalisation du produit et les exp\u00e9riences,<span style=\"color: #0000ff;\"><a style=\"color: #0000ff;\" href=\"https:\/\/vimaterial.de\/en\/contact-us\/\"> contactez-nous.<\/a><\/span>  <\/p>\n<h2><span style=\"font-size: 14pt;\">Propri\u00e9t\u00e9s physiques<\/span><\/h2>\n<p>Formule mol\u00e9culaire : NiCr<\/p>\n<p>Poids mol\u00e9culaire : environ 56,01<\/p>\n<p>Apparence&nbsp;: G\u00e9n\u00e9ralement gris argent\u00e9 poudre<\/p>\n<p>Structure cristalline : Principalement cubique centr\u00e9 sur la face (FCC), ce qui lui conf\u00e8re une bonne t\u00e9nacit\u00e9 et ductilit\u00e9.<\/p>\n<h2><span style=\"font-size: 14pt;\">Applications<\/span><\/h2>\n<p>A\u00e9rospatiale : Utilis\u00e9 dans la fabrication de pi\u00e8ces \u00e0 haute temp\u00e9rature de moteurs d\u2019avion, avec sa r\u00e9sistance aux hautes temp\u00e9ratures et sa r\u00e9sistance \u00e0 l\u2019oxydation, pour assurer un fonctionnement stable dans des environnements \u00e0 tr\u00e8s haute temp\u00e9rature et am\u00e9liorer les performances et la s\u00e9curit\u00e9 des avions.<\/p>\n<p>Dans l\u2019industrie automobile, les poudres d\u2019alliage nickel-chrome sont utilis\u00e9es dans les syst\u00e8mes de traitement des gaz d\u2019\u00e9chappement pour r\u00e9sister \u00e0 l\u2019\u00e9rosion des gaz d\u2019\u00e9chappement \u00e0 haute temp\u00e9rature, catalyser la conversion des substances dangereuses et jouer un r\u00f4le cl\u00e9 dans les composants de moteur r\u00e9sistants \u00e0 la chaleur, am\u00e9liorant ainsi la durabilit\u00e9 et le respect de l\u2019environnement des automobiles.<\/p>\n<p>Dans le domaine de l\u2019\u00e9nergie et de l\u2019\u00e9lectricit\u00e9&nbsp;: dans la fabrication de tubes de chaudi\u00e8re et de pales de turbine \u00e0 gaz de centrales thermiques, la r\u00e9sistance \u00e0 haute temp\u00e9rature et \u00e0 la corrosion du mat\u00e9riau peut \u00eatre am\u00e9lior\u00e9e pour assurer l\u2019efficacit\u00e9 de la conversion d\u2019\u00e9nergie et le fonctionnement stable \u00e0 long terme de l\u2019\u00e9quipement, et pour r\u00e9duire le co\u00fbt de maintenance.<\/p>\n<p>Dans l\u2019industrie \u00e9lectronique, les poudres NiCr sont utilis\u00e9es comme mat\u00e9riaux r\u00e9sistifs pour les composants \u00e9lectroniques. Les poudres NiCr sont utilis\u00e9es dans une large gamme d\u2019\u00e9quipements \u00e9lectroniques pour assurer le fonctionnement stable des circuits et am\u00e9liorer les performances de l\u2019\u00e9quipement, en raison de leur r\u00e9sistance stable et de leur r\u00e9sistance aux hautes temp\u00e9ratures. <\/p>\n<p>Dans l\u2019industrie chimique, les poudres NiCr sont utilis\u00e9es dans le rev\u00eatement des r\u00e9acteurs chimiques et des pipelines \u00e0 haute temp\u00e9rature. Les poudres NiCr r\u00e9sistent \u00e0 une large gamme de fluides corrosifs et maintiennent l\u2019int\u00e9grit\u00e9 structurelle de l\u2019\u00e9quipement dans des environnements de r\u00e9action chimique \u00e0 haute temp\u00e9rature et \u00e0 haute pression, assurant ainsi la continuit\u00e9 et la s\u00e9curit\u00e9 de la production chimique. <\/p>\n<h2><span style=\"font-size: 14pt;\">Contr\u00f4le de la qualit\u00e9<\/span><\/h2>\n<p><span style=\"color: #0000ff;\"><a style=\"color: #0000ff;\" href=\"https:\/\/vimaterial.de\/en\/quality-control\/\">Le contr\u00f4le de la qualit\u00e9<\/a><\/span> de chaque lot de produits est effectu\u00e9 tout au long du processus d\u2019approvisionnement en mati\u00e8res premi\u00e8res, de production et de traitement, de test et d\u2019inspection, et d\u2019emballage, en suivant strictement les normes internationales et les normes industrielles. Notre soci\u00e9t\u00e9 dispose d\u2019un \u00e9quipement de test avanc\u00e9, d\u2019une \u00e9quipe d\u2019inspection de qualit\u00e9 professionnelle et d\u2019un syst\u00e8me de contr\u00f4le de qualit\u00e9 strict pour garantir la qualit\u00e9 des produits. <\/p>\n<h2><span style=\"font-size: 14pt;\">Emballage et stockage<\/span><\/h2>\n<p>Les poudres d\u2019alliage nickel-chrome sont emball\u00e9es dans des bouteilles \u00e0 double vide ou des sacs \u00e0 double vide dans des cartons.<\/p>\n<p>Les poudres d\u2019alliage nickel-chrome doivent \u00eatre stock\u00e9es dans un environnement sec et bien ventil\u00e9 \u00e0 une temp\u00e9rature appropri\u00e9e, \u00e0 l\u2019abri des sources d\u2019inflammation, des substances inflammables et corrosives, et l\u2019emballage doit \u00eatre scell\u00e9 pour emp\u00eacher la poudre de l\u2019humidit\u00e9, de l\u2019oxydation et de la contamination par des impuret\u00e9s, et en m\u00eame temps, il doit \u00eatre plac\u00e9 correctement conform\u00e9ment aux r\u00e8gles de s\u00e9curit\u00e9,  pour \u00e9viter les dangers potentiels pour l\u2019environnement et le personnel.<\/p>\n","protected":false},"excerpt":{"rendered":"<p><span style=\"color: #0000ff;\"><a style=\"color: #0000ff;\" href=\"https:\/\/vimaterial.de\/en\/product\/nickel-chromium-alloy-2\/\">Alliage nickel-chrome<\/a><\/span> La poudre est une poudre d\u2019alliage de nickel et de chrome, gris argent\u00e9 ou gris, avec une bonne r\u00e9sistance \u00e0 la haute temp\u00e9rature, \u00e0 l\u2019oxydation, \u00e0 la corrosion et \u00e0 une r\u00e9sistance et une duret\u00e9 \u00e9lev\u00e9es, joue un r\u00f4le cl\u00e9 dans l\u2019a\u00e9rospatiale, l\u2019\u00e9lectronique, la chimie et de nombreux autres domaines industriels.<\/p>\n","protected":false},"featured_media":1002527,"comment_status":"open","ping_status":"closed","template":"","meta":{"_acf_changed":false},"product_brand":[],"product_cat":[250],"product_tag":[],"class_list":{"0":"post-1016090","1":"product","2":"type-product","3":"status-publish","4":"has-post-thumbnail","6":"product_cat-poudre-de-metal-pur-et-dalliage","8":"first","9":"instock","10":"shipping-taxable","11":"product-type-variable"},"acf":[],"_links":{"self":[{"href":"https:\/\/vimaterial.de\/fr\/wp-json\/wp\/v2\/product\/1016090","targetHints":{"allow":["GET"]}}],"collection":[{"href":"https:\/\/vimaterial.de\/fr\/wp-json\/wp\/v2\/product"}],"about":[{"href":"https:\/\/vimaterial.de\/fr\/wp-json\/wp\/v2\/types\/product"}],"replies":[{"embeddable":true,"href":"https:\/\/vimaterial.de\/fr\/wp-json\/wp\/v2\/comments?post=1016090"}],"wp:featuredmedia":[{"embeddable":true,"href":"https:\/\/vimaterial.de\/fr\/wp-json\/wp\/v2\/media\/1002527"}],"wp:attachment":[{"href":"https:\/\/vimaterial.de\/fr\/wp-json\/wp\/v2\/media?parent=1016090"}],"wp:term":[{"taxonomy":"product_brand","embeddable":true,"href":"https:\/\/vimaterial.de\/fr\/wp-json\/wp\/v2\/product_brand?post=1016090"},{"taxonomy":"product_cat","embeddable":true,"href":"https:\/\/vimaterial.de\/fr\/wp-json\/wp\/v2\/product_cat?post=1016090"},{"taxonomy":"product_tag","embeddable":true,"href":"https:\/\/vimaterial.de\/fr\/wp-json\/wp\/v2\/product_tag?post=1016090"}],"curies":[{"name":"wp","href":"https:\/\/api.w.org\/{rel}","templated":true}]}}