{"id":1015995,"date":"2024-06-17T15:04:20","date_gmt":"2024-06-17T07:04:20","guid":{"rendered":"https:\/\/vimaterial.de\/product\/arseniure-de-zinc-2\/"},"modified":"2025-03-26T17:27:45","modified_gmt":"2025-03-26T09:27:45","slug":"arseniure-de-zinc-2","status":"publish","type":"product","link":"https:\/\/vimaterial.de\/fr\/product\/arseniure-de-zinc-2\/","title":{"rendered":"Ars\u00e9niure de zinc"},"content":{"rendered":"<p><span style=\"font-family: arial, helvetica, sans-serif; font-size: 12pt;\">L\u2019ars\u00e9niure de zinc (Zn3As2) est un compos\u00e9 binaire du zinc et de l\u2019arsenic qui forme des cristaux t\u00e9tragonaux gris.<\/span><\/p>\n<p><span style=\"font-family: arial, helvetica, sans-serif; font-size: 12pt;\">VIMATERIAL peut fournir des granul\u00e9s d\u2019ars\u00e9niure de zinc dans divers emballages et sp\u00e9cifications, notre soci\u00e9t\u00e9 produit des granul\u00e9s d\u2019ars\u00e9niure de zinc d\u2019une grande puret\u00e9 et d\u2019une excellente qualit\u00e9, nos clients ont une tr\u00e8s bonne r\u00e9ponse \u00e0 la qualit\u00e9 du produit. L\u2019ars\u00e9niure de zinc poss\u00e8de des propri\u00e9t\u00e9s stables, oxydantes et r\u00e9ductrices, indispensables dans la production industrielle pratique. <\/span><\/p>\n<p><span style=\"color: #0000ff; font-family: arial, helvetica, sans-serif; font-size: 12pt;\"><a style=\"color: #0000ff;\" href=\"https:\/\/vimaterial.de\/fr\/contact\/\">Contactez-nous.<\/a><\/span><\/p>\n<h2><span style=\"font-family: arial, helvetica, sans-serif; font-size: 14pt;\">Propri\u00e9t\u00e9s physiques\u00a0:<\/span><\/h2>\n<p><span style=\"font-family: arial, helvetica, sans-serif; font-size: 12pt;\">Formule chimique\u00a0: Zn3As2<\/span><\/p>\n<p><span style=\"font-family: arial, helvetica, sans-serif; font-size: 12pt;\">Poids mol\u00e9culaire : environ 347,27 g\/mol <\/span><\/p>\n<p><span style=\"font-family: arial, helvetica, sans-serif; font-size: 12pt;\">Apparence\u00a0:Gris fonc\u00e9 solideMolaire<\/span><\/p>\n<p><span style=\"font-family: arial, helvetica, sans-serif; font-size: 12pt;\">Densit\u00e9\u00a0: 5,62 g \u00b7 cm &#8211; 3<\/span><\/p>\n<p><span style=\"font-family: arial, helvetica, sans-serif; font-size: 12pt;\">Point de fusion : 1015\u00b0C.<\/span><\/p>\n<p><span style=\"font-family: arial, helvetica, sans-serif; font-size: 12pt;\">Structure cristalline\u00a0: les cristaux t\u00e9tragonaux gris avec une structure cristalline centr\u00e9e sur le corps t\u00e9tragonal, ses param\u00e8tres cellulaires, contiennent trois atomes de zinc cristallographiquement diff\u00e9rents, qui sont tous coordonn\u00e9s en t\u00e9tra\u00e8dres par des atomes d\u2019arsenic, et \u00e0 des temp\u00e9ratures \u00e9lev\u00e9es, des transformations vers d\u2019autres structures se produiront.<\/span><\/p>\n<h2><span style=\"font-family: arial, helvetica, sans-serif; font-size: 12pt;\">Domaines d\u2019application :<\/span><\/h2>\n<p><span style=\"font-family: arial, helvetica, sans-serif; font-size: 12pt;\">R\u00e9actif exp\u00e9rimental : utilis\u00e9 comme r\u00e9actif dans certaines exp\u00e9riences ou recherches chimiques.<\/span><\/p>\n<p><span style=\"font-family: arial, helvetica, sans-serif; font-size: 12pt;\">Produits chimiques fins : Il peut \u00eatre utilis\u00e9 dans le domaine de la chimie fine pour produire des produits chimiques ou des mat\u00e9riaux sp\u00e9cifiques.<\/span><\/p>\n<p><span style=\"font-family: arial, helvetica, sans-serif; font-size: 12pt;\">Interm\u00e9diaires pharmaceutiques : utilis\u00e9s comme interm\u00e9diaires pharmaceutiques pour participer au processus de synth\u00e8se ou de recherche et d\u00e9veloppement de certains m\u00e9dicaments.<\/span><\/p>\n<p><span style=\"font-family: arial, helvetica, sans-serif; font-size: 12pt;\">Mat\u00e9riaux interm\u00e9diaires : dans le domaine de la science des mat\u00e9riaux, utilis\u00e9s dans la pr\u00e9paration de mat\u00e9riaux sp\u00e9cifiques, tels que les mat\u00e9riaux semi-conducteurs.<\/span><\/p>\n<h2><span style=\"font-family: arial, helvetica, sans-serif; font-size: 12pt;\">Emballage et stockage :<\/span><\/h2>\n<p><span style=\"font-family: arial, helvetica, sans-serif; font-size: 12pt;\">L\u2019emballage peut \u00eatre individualis\u00e9. Nous s\u00e9lectionnerons le mat\u00e9riau d\u2019emballage appropri\u00e9 en fonction de la nature du mat\u00e9riau granulaire. <\/span><\/p>\n<p><span style=\"font-family: arial, helvetica, sans-serif; font-size: 12pt;\">Les mat\u00e9riaux c\u00e9r\u00e9aliers sont fournis dans des sacs, des bouteilles et des emballages sous vide pour assurer la stabilit\u00e9 des mat\u00e9riaux.<\/span><\/p>\n<h2><span style=\"font-family: arial, helvetica, sans-serif; font-size: 12pt;\">Contr\u00f4le qualit\u00e9:<\/span><\/h2>\n<p><span style=\"font-family: arial, helvetica, sans-serif; font-size: 12pt;\">Chaque lot de marchandises est accompagn\u00e9 d\u2019un COA et d\u2019un rapport d\u2019analyse, les marchandises sont toutes qualifi\u00e9es, n\u2019h\u00e9sitez pas \u00e0 commander.<\/span><\/p>\n","protected":false},"excerpt":{"rendered":"<p>L\u2019ars\u00e9niure de zinc est un compos\u00e9 dont la forme particulaire pr\u00e9sente certaines propri\u00e9t\u00e9s et certains sc\u00e9narios d\u2019application.<\/p>\n","protected":false},"featured_media":1003502,"comment_status":"open","ping_status":"closed","template":"","meta":{"_acf_changed":false},"product_brand":[],"product_cat":[236],"product_tag":[],"class_list":{"0":"post-1015995","1":"product","2":"type-product","3":"status-publish","4":"has-post-thumbnail","6":"product_cat-materiaux-devaporation","8":"first","9":"instock","10":"shipping-taxable","11":"purchasable","12":"product-type-variable"},"acf":[],"_links":{"self":[{"href":"https:\/\/vimaterial.de\/fr\/wp-json\/wp\/v2\/product\/1015995","targetHints":{"allow":["GET"]}}],"collection":[{"href":"https:\/\/vimaterial.de\/fr\/wp-json\/wp\/v2\/product"}],"about":[{"href":"https:\/\/vimaterial.de\/fr\/wp-json\/wp\/v2\/types\/product"}],"replies":[{"embeddable":true,"href":"https:\/\/vimaterial.de\/fr\/wp-json\/wp\/v2\/comments?post=1015995"}],"wp:featuredmedia":[{"embeddable":true,"href":"https:\/\/vimaterial.de\/fr\/wp-json\/wp\/v2\/media\/1003502"}],"wp:attachment":[{"href":"https:\/\/vimaterial.de\/fr\/wp-json\/wp\/v2\/media?parent=1015995"}],"wp:term":[{"taxonomy":"product_brand","embeddable":true,"href":"https:\/\/vimaterial.de\/fr\/wp-json\/wp\/v2\/product_brand?post=1015995"},{"taxonomy":"product_cat","embeddable":true,"href":"https:\/\/vimaterial.de\/fr\/wp-json\/wp\/v2\/product_cat?post=1015995"},{"taxonomy":"product_tag","embeddable":true,"href":"https:\/\/vimaterial.de\/fr\/wp-json\/wp\/v2\/product_tag?post=1015995"}],"curies":[{"name":"wp","href":"https:\/\/api.w.org\/{rel}","templated":true}]}}