{"id":1015990,"date":"2024-06-17T15:03:12","date_gmt":"2024-06-17T07:03:12","guid":{"rendered":"https:\/\/vimaterial.de\/product\/stannate-de-zinc-zto-oxyde-detain-et-de-zinc\/"},"modified":"2025-03-26T17:59:30","modified_gmt":"2025-03-26T09:59:30","slug":"stannate-de-zinc-zto-oxyde-detain-et-de-zinc","status":"publish","type":"product","link":"https:\/\/vimaterial.de\/fr\/product\/stannate-de-zinc-zto-oxyde-detain-et-de-zinc\/","title":{"rendered":"Stannate de zinc (ZTO) (oxyde de zinc et d\u2019\u00e9tain)"},"content":{"rendered":"<p><span style=\"font-family: arial, helvetica, sans-serif; font-size: 12pt;\">Les granul\u00e9s ZTO sont des particules d\u2019oxyde de zinc-\u00e9tain. Il s\u2019agit d\u2019un oxyde m\u00e9tallique compos\u00e9 des \u00e9l\u00e9ments zinc (Zn), \u00e9tain (Sn) et oxyg\u00e8ne (O). <\/span><\/p>\n<p><span style=\"font-family: arial, helvetica, sans-serif; font-size: 12pt;\">VIMATERIAL peut fournir des granul\u00e9s ZTO dans divers emballages et sp\u00e9cifications, notre soci\u00e9t\u00e9 produit des granul\u00e9s ZTO de haute puret\u00e9 et d\u2019excellente qualit\u00e9, nos clients r\u00e9pondent \u00e0 la qualit\u00e9 du produit est tr\u00e8s bonne. ZTO a de bonnes propri\u00e9t\u00e9s optiques, une activit\u00e9 photocatalytique \u00e9lev\u00e9e, une stabilit\u00e9 chimique, a un r\u00f4le indispensable dans la production industrielle r\u00e9elle.<\/span><\/p>\n<p><span style=\"color: #0000ff; font-family: arial, helvetica, sans-serif; font-size: 12pt;\"><a style=\"color: #0000ff;\" href=\"https:\/\/vimaterial.de\/fr\/contact\/\">Contactez-nous.<\/a><\/span><\/p>\n<h2><span style=\"font-family: arial, helvetica, sans-serif; font-size: 14pt;\">Propri\u00e9t\u00e9s physiques\u00a0:<\/span><\/h2>\n<p><span style=\"font-family: arial, helvetica, sans-serif; font-size: 12pt;\">Formule mol\u00e9culaire : ZnSnO\u2083<\/span><\/p>\n<p><span style=\"font-family: arial, helvetica, sans-serif; font-size: 12pt;\">Poids mol\u00e9culaire : 232.087<\/span><\/p>\n<p><span style=\"font-family: arial, helvetica, sans-serif; font-size: 12pt;\">Aspect : Cible blanche \u00e0 blanc cass\u00e9<\/span><\/p>\n<p><span style=\"font-family: arial, helvetica, sans-serif; font-size: 12pt;\">Densit\u00e9 : 4,25 g\/cm\u00b3<\/span><\/p>\n<p><span style=\"font-family: arial, helvetica, sans-serif; font-size: 12pt;\">Structure cristalline : Il a une structure cristalline de type chalcog\u00e9nure, dans laquelle les ions zinc (Zn\u00b2\u207a) et les ions \u00e9tain (Sn\u2074\u207a) occupent ensemble le site B dans la structure chalcog\u00e9nure, et les ions oxyg\u00e8ne (O\u00b2-) forment un r\u00e9seau cubique centr\u00e9 sur la face.<\/span><\/p>\n<h2><span style=\"font-family: arial, helvetica, sans-serif; font-size: 14pt;\">Application:<\/span><\/h2>\n<p><span style=\"font-family: arial, helvetica, sans-serif; font-size: 12pt;\">Dispositifs \u00e9lectroniques : Il peut \u00eatre utilis\u00e9 comme mat\u00e9riaux de canal ou mat\u00e9riaux de couche active dans des dispositifs semi-conducteurs tels que les transistors et les tubes \u00e0 effet de champ. <\/span><\/p>\n<p><span style=\"font-family: arial, helvetica, sans-serif; font-size: 12pt;\">Films conducteurs transparents : Il peut \u00eatre utilis\u00e9 pour pr\u00e9parer des films conducteurs transparents. Ce type de film a un large \u00e9ventail d\u2019applications dans les \u00e9crans tactiles, les \u00e9crans \u00e0 cristaux liquides (LCD), les \u00e9crans \u00e0 diodes \u00e9lectroluminescentes organiques (OLED) et d\u2019autres domaines. <\/span><\/p>\n<p><span style=\"font-family: arial, helvetica, sans-serif; font-size: 12pt;\">Champ du capteur : En raison de la sensibilit\u00e9 des particules \u00e0 certains gaz (par exemple l\u2019hydrog\u00e8ne, le monoxyde de carbone, etc.), il peut \u00eatre utilis\u00e9 pour pr\u00e9parer des capteurs de gaz.<\/span><\/p>\n<h2><span style=\"font-family: arial, helvetica, sans-serif; font-size: 14pt;\">Emballage et stockage :<\/span><\/h2>\n<p><span style=\"font-family: arial, helvetica, sans-serif; font-size: 12pt;\">L\u2019emballage peut \u00eatre individualis\u00e9. Nous s\u00e9lectionnerons le mat\u00e9riau d\u2019emballage appropri\u00e9 en fonction de la nature du mat\u00e9riau granulaire. <\/span><\/p>\n<p>Les granul\u00e9s de stannate de zinc doivent \u00eatre stock\u00e9s dans un environnement sec, \u00e9tanche et scell\u00e9, conserv\u00e9s \u00e0 temp\u00e9rature ambiante et \u00e0 l\u2019abri de la lumi\u00e8re, stock\u00e9s verticalement et tenus \u00e0 l\u2019\u00e9cart des acides et des alcalis et d\u2019autres sources de pollution.<\/p>\n<h2><span style=\"font-family: arial, helvetica, sans-serif; font-size: 14pt;\">Contr\u00f4le qualit\u00e9:<\/span><\/h2>\n<p><span style=\"font-family: arial, helvetica, sans-serif; font-size: 12pt;\">Chaque lot de marchandises est accompagn\u00e9 d\u2019un COA et d\u2019un rapport d\u2019analyse, les marchandises sont toutes qualifi\u00e9es, n\u2019h\u00e9sitez pas \u00e0 commander.<\/span><\/p>\n","protected":false},"excerpt":{"rendered":"<p><span style=\"font-family: arial, helvetica, sans-serif; font-size: 12pt;\">Les granul\u00e9s ZTO sont des particules d\u2019oxyde de zinc-\u00e9tain. Il s\u2019agit d\u2019un oxyde m\u00e9tallique compos\u00e9 des \u00e9l\u00e9ments zinc (Zn), \u00e9tain (Sn) et oxyg\u00e8ne (O). <\/span><\/p>\n<p><span style=\"font-family: arial, helvetica, sans-serif; font-size: 12pt;\">VIMATERIAL peut fournir des granul\u00e9s ZTO dans divers emballages et sp\u00e9cifications, notre soci\u00e9t\u00e9 produit des granul\u00e9s ZTO de haute puret\u00e9 et d\u2019excellente qualit\u00e9, nos clients r\u00e9pondent \u00e0 la qualit\u00e9 du produit est tr\u00e8s bonne. ZTO a de bonnes propri\u00e9t\u00e9s optiques, une activit\u00e9 photocatalytique \u00e9lev\u00e9e, une stabilit\u00e9 chimique, a un r\u00f4le indispensable dans la production industrielle r\u00e9elle.<\/span><\/p>\n","protected":false},"featured_media":1003495,"comment_status":"open","ping_status":"closed","template":"","meta":{"_acf_changed":false},"product_brand":[],"product_cat":[236],"product_tag":[],"class_list":{"0":"post-1015990","1":"product","2":"type-product","3":"status-publish","4":"has-post-thumbnail","6":"product_cat-materiaux-devaporation","8":"first","9":"instock","10":"shipping-taxable","11":"product-type-variable"},"acf":[],"_links":{"self":[{"href":"https:\/\/vimaterial.de\/fr\/wp-json\/wp\/v2\/product\/1015990","targetHints":{"allow":["GET"]}}],"collection":[{"href":"https:\/\/vimaterial.de\/fr\/wp-json\/wp\/v2\/product"}],"about":[{"href":"https:\/\/vimaterial.de\/fr\/wp-json\/wp\/v2\/types\/product"}],"replies":[{"embeddable":true,"href":"https:\/\/vimaterial.de\/fr\/wp-json\/wp\/v2\/comments?post=1015990"}],"wp:featuredmedia":[{"embeddable":true,"href":"https:\/\/vimaterial.de\/fr\/wp-json\/wp\/v2\/media\/1003495"}],"wp:attachment":[{"href":"https:\/\/vimaterial.de\/fr\/wp-json\/wp\/v2\/media?parent=1015990"}],"wp:term":[{"taxonomy":"product_brand","embeddable":true,"href":"https:\/\/vimaterial.de\/fr\/wp-json\/wp\/v2\/product_brand?post=1015990"},{"taxonomy":"product_cat","embeddable":true,"href":"https:\/\/vimaterial.de\/fr\/wp-json\/wp\/v2\/product_cat?post=1015990"},{"taxonomy":"product_tag","embeddable":true,"href":"https:\/\/vimaterial.de\/fr\/wp-json\/wp\/v2\/product_tag?post=1015990"}],"curies":[{"name":"wp","href":"https:\/\/api.w.org\/{rel}","templated":true}]}}