{"id":1015981,"date":"2024-06-17T15:04:24","date_gmt":"2024-06-17T07:04:24","guid":{"rendered":"https:\/\/vimaterial.de\/product\/arseniure-de-zinc\/"},"modified":"2025-03-26T17:17:31","modified_gmt":"2025-03-26T09:17:31","slug":"arseniure-de-zinc","status":"publish","type":"product","link":"https:\/\/vimaterial.de\/fr\/product\/arseniure-de-zinc\/","title":{"rendered":"Ars\u00e9niure de zinc"},"content":{"rendered":"<p><span style=\"font-family: arial, helvetica, sans-serif; font-size: 12pt;\">L\u2019ars\u00e9niure de zinc est un compos\u00e9 inorganique. Il s\u2019agit d\u2019un mat\u00e9riau semi-conducteur important.<\/span><\/p>\n<p><span style=\"font-family: arial, helvetica, sans-serif; font-size: 12pt;\">VIMATERIAL peut fournir de la poudre d\u2019ars\u00e9niure de zinc dans divers emballages et sp\u00e9cifications, notre soci\u00e9t\u00e9 la produit avec une grande puret\u00e9 et une excellente qualit\u00e9, et la r\u00e9ponse de nos clients \u00e0 la qualit\u00e9 de ce produit est tr\u00e8s bonne. Il poss\u00e8de \u00e0 la fois des propri\u00e9t\u00e9s oxydantes et r\u00e9ductrices, et il joue un r\u00f4le indispensable dans la production industrielle pratique.<\/span><\/p>\n<p><span style=\"color: #0000ff;\"><a style=\"color: #0000ff;\" href=\"https:\/\/vimaterial.de\/fr\/contact\/\">Contactez-nous.<\/a><\/span><\/p>\n<h2><span style=\"font-family: arial, helvetica, sans-serif; font-size: 14pt;\">Propri\u00e9t\u00e9s physiques\u00a0:<\/span><\/h2>\n<p><span style=\"font-family: arial, helvetica, sans-serif; font-size: 12pt;\">Formule mol\u00e9culaire : Zn3As2.<\/span><\/p>\n<p><span style=\"font-family: arial, helvetica, sans-serif; font-size: 12pt;\">Poids mol\u00e9culaire : 347,27 g\/mol environ.<\/span><\/p>\n<p><span style=\"font-family: arial, helvetica, sans-serif; font-size: 12pt;\">Aspect : cristal t\u00e9tragonal gris.<\/span><\/p>\n<p><span style=\"font-family: arial, helvetica, sans-serif; font-size: 12pt;\">Densit\u00e9 : introuvable .<\/span><\/p>\n<p><span style=\"font-family: arial, helvetica, sans-serif; font-size: 12pt;\">Point de fusion : Aucune donn\u00e9e claire n\u2019a \u00e9t\u00e9 trouv\u00e9e.<\/span><\/p>\n<p><span style=\"font-family: arial, helvetica, sans-serif; font-size: 12pt;\">Point d\u2019\u00e9bullition : Aucune donn\u00e9e claire n\u2019a \u00e9t\u00e9 trouv\u00e9e.<\/span><\/p>\n<p><span style=\"font-family: arial, helvetica, sans-serif; font-size: 12pt;\">Structure cristalline : Syst\u00e8me cristallin t\u00e9tragonal.<\/span><\/p>\n<h2><span style=\"font-family: arial, helvetica, sans-serif; font-size: 14pt;\">Applications:<\/span><\/h2>\n<p><span style=\"font-family: arial, helvetica, sans-serif; font-size: 12pt;\">Fabrication d\u2019appareils \u00e9lectroniques : il s\u2019agit d\u2019un mat\u00e9riau semi-conducteur important utilis\u00e9 dans la fabrication d\u2019appareils \u00e9lectroniques tels que les transistors, les diodes et les circuits int\u00e9gr\u00e9s.<\/span><\/p>\n<p><span style=\"font-family: arial, helvetica, sans-serif; font-size: 12pt;\">R&amp;D sur les dispositifs opto\u00e9lectroniques : il a \u00e9galement des applications importantes dans les dispositifs opto\u00e9lectroniques, tels que les diodes \u00e9lectroluminescentes (LED) et les diodes laser.<\/span><\/p>\n<p><span style=\"font-family: arial, helvetica, sans-serif; font-size: 12pt;\">Production de cellules solaires\u00a0: il peut \u00eatre utilis\u00e9 comme mat\u00e9riau de couche d\u2019absorption des cellules solaires, son coefficient d\u2019absorption de la lumi\u00e8re du soleil est \u00e9lev\u00e9, peut convertir plus efficacement l\u2019\u00e9nergie solaire en \u00e9lectricit\u00e9, am\u00e9liorer l\u2019efficacit\u00e9 de conversion photo\u00e9lectrique des cellules solaires.<\/span><\/p>\n<p><span style=\"font-family: arial, helvetica, sans-serif; font-size: 12pt;\">Fabrication de d\u00e9tecteurs : il peut \u00eatre utilis\u00e9 pour fabriquer des d\u00e9tecteurs infrarouges en raison de ses bonnes caract\u00e9ristiques d\u2019absorption et de r\u00e9ponse \u00e0 la lumi\u00e8re infrarouge.<\/span><\/p>\n<p><span style=\"font-family: arial, helvetica, sans-serif; font-size: 12pt;\">R\u00e9actif exp\u00e9rimental : Dans les exp\u00e9riences chimiques, il peut \u00eatre utilis\u00e9 comme r\u00e9actif sp\u00e9cial pour des r\u00e9actions chimiques sp\u00e9cifiques ou des recherches exp\u00e9rimentales pour aider les scientifiques \u00e0 explorer de nouveaux ph\u00e9nom\u00e8nes chimiques et m\u00e9thodes de synth\u00e8se.<\/span><\/p>\n<h2><span style=\"font-family: arial, helvetica, sans-serif; font-size: 14pt;\">Emballage et stockage :<\/span><\/h2>\n<p><span style=\"font-family: arial, helvetica, sans-serif; font-size: 12pt;\">L\u2019emballage peut \u00eatre personnalis\u00e9. Les mat\u00e9riaux en poudre peuvent \u00eatre emball\u00e9s dans des sacs sous vide, des bocaux sous vide, des bouteilles sous vide, etc. <\/span><\/p>\n<p><span style=\"font-family: arial, helvetica, sans-serif; font-size: 12pt;\">Les mat\u00e9riaux en poudre sont stock\u00e9s au sec et emball\u00e9s dans des emballages scell\u00e9s pour assurer la stabilit\u00e9 du mat\u00e9riau.<\/span><\/p>\n<h2><span style=\"font-family: arial, helvetica, sans-serif; font-size: 14pt;\">Contr\u00f4le qualit\u00e9:<\/span><\/h2>\n<p><span style=\"font-family: arial, helvetica, sans-serif; font-size: 12pt;\">Chaque lot de marchandises est accompagn\u00e9 d\u2019un certificat d\u2019authenticit\u00e9 et d\u2019un rapport d\u2019analyse, les marchandises sont toutes qualifi\u00e9es, soyez assur\u00e9 que la commande.<\/span><\/p>\n","protected":false},"excerpt":{"rendered":"<p><span style=\"font-family: arial, helvetica, sans-serif; font-size: 12pt;\">L\u2019ars\u00e9niure de zinc est un compos\u00e9 inorganique. Il s\u2019agit d\u2019un mat\u00e9riau semi-conducteur important.<\/span><\/p>\n<p><span style=\"font-family: arial, helvetica, sans-serif; font-size: 12pt;\">VIMATERIAL peut fournir de la poudre d\u2019ars\u00e9niure de zinc dans divers emballages et sp\u00e9cifications, notre soci\u00e9t\u00e9 la produit avec une grande puret\u00e9 et une excellente qualit\u00e9, et la r\u00e9ponse de nos clients \u00e0 la qualit\u00e9 de ce produit est tr\u00e8s bonne. Il poss\u00e8de \u00e0 la fois des propri\u00e9t\u00e9s oxydantes et r\u00e9ductrices, et il joue un r\u00f4le indispensable dans la production industrielle pratique.<\/span><\/p>\n","protected":false},"featured_media":1003509,"comment_status":"open","ping_status":"closed","template":"","meta":{"_acf_changed":false},"product_brand":[],"product_cat":[251],"product_tag":[],"class_list":{"0":"post-1015981","1":"product","2":"type-product","3":"status-publish","4":"has-post-thumbnail","6":"product_cat-materiaux-phosphores","8":"first","9":"instock","10":"shipping-taxable","11":"product-type-variable"},"acf":[],"_links":{"self":[{"href":"https:\/\/vimaterial.de\/fr\/wp-json\/wp\/v2\/product\/1015981","targetHints":{"allow":["GET"]}}],"collection":[{"href":"https:\/\/vimaterial.de\/fr\/wp-json\/wp\/v2\/product"}],"about":[{"href":"https:\/\/vimaterial.de\/fr\/wp-json\/wp\/v2\/types\/product"}],"replies":[{"embeddable":true,"href":"https:\/\/vimaterial.de\/fr\/wp-json\/wp\/v2\/comments?post=1015981"}],"wp:featuredmedia":[{"embeddable":true,"href":"https:\/\/vimaterial.de\/fr\/wp-json\/wp\/v2\/media\/1003509"}],"wp:attachment":[{"href":"https:\/\/vimaterial.de\/fr\/wp-json\/wp\/v2\/media?parent=1015981"}],"wp:term":[{"taxonomy":"product_brand","embeddable":true,"href":"https:\/\/vimaterial.de\/fr\/wp-json\/wp\/v2\/product_brand?post=1015981"},{"taxonomy":"product_cat","embeddable":true,"href":"https:\/\/vimaterial.de\/fr\/wp-json\/wp\/v2\/product_cat?post=1015981"},{"taxonomy":"product_tag","embeddable":true,"href":"https:\/\/vimaterial.de\/fr\/wp-json\/wp\/v2\/product_tag?post=1015981"}],"curies":[{"name":"wp","href":"https:\/\/api.w.org\/{rel}","templated":true}]}}