{"id":1015971,"date":"2024-06-17T15:04:28","date_gmt":"2024-06-17T07:04:28","guid":{"rendered":"https:\/\/vimaterial.de\/product\/phosphure-de-zinc\/"},"modified":"2025-03-26T16:05:19","modified_gmt":"2025-03-26T08:05:19","slug":"phosphure-de-zinc","status":"publish","type":"product","link":"https:\/\/vimaterial.de\/fr\/product\/phosphure-de-zinc\/","title":{"rendered":"Phosphure de zinc"},"content":{"rendered":"<p><span style=\"font-family: arial, helvetica, sans-serif; font-size: 12pt;\">Le phosphure de zinc est une poudre gris fonc\u00e9 ou noire. C\u2019est un compos\u00e9 inorganique important. <\/span><\/p>\n<p><span style=\"font-family: arial, helvetica, sans-serif; font-size: 12pt;\">VIMATERIAL peut fournir de la poudre de phosphure de zinc dans divers emballages et sp\u00e9cifications, elle produite par notre soci\u00e9t\u00e9 se caract\u00e9rise par une grande puret\u00e9 et une excellente qualit\u00e9, et la r\u00e9ponse de nos clients \u00e0 ce produit est tr\u00e8s bonne. Le phosphure de zinc poss\u00e8de des propri\u00e9t\u00e9s optiques et \u00e9lectriques uniques, qui sont indispensables dans la production industrielle pratique. Le phosphure de zinc poss\u00e8de des propri\u00e9t\u00e9s optiques et \u00e9lectriques uniques, qui sont indispensables dans la production industrielle pratique. <\/span><\/p>\n<p><span style=\"color: #0000ff;\"><a style=\"color: #0000ff;\" href=\"https:\/\/vimaterial.de\/fr\/contact\/\">Contactez-nous.<\/a><\/span><\/p>\n<h2><span style=\"font-family: arial, helvetica, sans-serif; font-size: 14pt;\">Propri\u00e9t\u00e9s physiques\u00a0:<\/span><\/h2>\n<p><span style=\"font-family: arial, helvetica, sans-serif; font-size: 12pt;\">Formule mol\u00e9culaire : Zn\u2083P\u2082.<\/span><\/p>\n<p><span style=\"font-family: arial, helvetica, sans-serif; font-size: 12pt;\">Poids mol\u00e9culaire : environ 258,1, donn\u00e9es l\u00e9g\u00e8rement diff\u00e9rentes, telles que 258,06, 258,08, 258,12, etc.<\/span><\/p>\n<p><span style=\"font-family: arial, helvetica, sans-serif; font-size: 12pt;\">Aspect : cristaux t\u00e9tragonaux gris fonc\u00e9, poudre brillante ou non brillante ; \u00c9galement d\u00e9crit comme de la poudre gris-noir ou des cristaux cubiques avec un \u00e9clat m\u00e9tallique.<\/span><\/p>\n<p><span style=\"font-family: arial, helvetica, sans-serif; font-size: 12pt;\">Densit\u00e9 : 4,55 g\/cm\u00b3, ou 4,72 g\/L dans certaines sources.<\/span><\/p>\n<p><span style=\"font-family: arial, helvetica, sans-serif; font-size: 12pt;\">Point de fusion : plus de 420\u00b0C.<\/span><\/p>\n<p><span style=\"font-family: arial, helvetica, sans-serif; font-size: 12pt;\">Point d\u2019\u00e9bullition : 1100\u00b0C.<\/span><\/p>\n<p><span style=\"font-family: arial, helvetica, sans-serif; font-size: 12pt;\">Structure cristalline : appartient au syst\u00e8me cristallin t\u00e9tragonal, sa structure cristalline d\u2019atomes de zinc et d\u2019atomes de phosphore conform\u00e9ment \u00e0 une certaine loi, formant un r\u00e9seau spatial stable, chaque atome de zinc est entour\u00e9 d\u2019un certain nombre d\u2019atomes de phosphore coordonn\u00e9s, et vice versa, cette structure fait que le Zn \u2083 P \u2082 a certaines propri\u00e9t\u00e9s physiques et chimiques.<\/span><\/p>\n<h2><span style=\"font-family: arial, helvetica, sans-serif; font-size: 14pt;\">Application:<\/span><\/h2>\n<p><span style=\"font-family: arial, helvetica, sans-serif; font-size: 12pt;\">Rodenticide : Le phosphure de zinc est un rodenticide traditionnel.<\/span><\/p>\n<p><span style=\"font-family: arial, helvetica, sans-serif; font-size: 12pt;\">Application en synth\u00e8se chimique : Il peut \u00eatre utilis\u00e9 comme source de phosphore pour la synth\u00e8se de certains compos\u00e9s contenant du phosphore.<\/span><\/p>\n<h2><span style=\"font-family: arial, helvetica, sans-serif; font-size: 14pt;\">Emballage et stockage :<\/span><\/h2>\n<p><span style=\"font-family: arial, helvetica, sans-serif; font-size: 12pt;\">Stocker dans un entrep\u00f4t frais, sec et bien ventil\u00e9. Tenir \u00e0 l\u2019\u00e9cart du feu et des sources de chaleur. Prot\u00e9ger de la lumi\u00e8re directe du soleil. L\u2019emballage doit \u00eatre scell\u00e9, ne pas exposer \u00e0 l\u2019humidit\u00e9. Il doit \u00eatre stock\u00e9 s\u00e9par\u00e9ment des agents oxydants, des acides, des produits chimiques comestibles, etc. Ne m\u00e9langez pas le stockage. \u00c9quip\u00e9 de vari\u00e9t\u00e9s et de quantit\u00e9s appropri\u00e9es d\u2019\u00e9quipement de lutte contre l\u2019incendie. La zone de stockage doit \u00eatre \u00e9quip\u00e9e de mat\u00e9riaux appropri\u00e9s pour abriter les fuites. <\/span><\/p>\n<p><span style=\"font-family: arial, helvetica, sans-serif; font-size: 12pt;\">Emball\u00e9 dans une bo\u00eete en carton \u00e9pais d\u2019un poids net de 1 kg, herm\u00e9tiquement ferm\u00e9e puis emball\u00e9e dans une bo\u00eete en bois de 12 mm d\u2019\u00e9paisseur doubl\u00e9e de deux couches de papier kraft. Dans des sacs en papier, poids net 5 g par sac, herm\u00e9tiquement ferm\u00e9s puis emball\u00e9s dans des cartons, poids net ne d\u00e9passant pas un demi-kilogramme par bo\u00eete, des bouteilles en verre \u00e0 bouche filet\u00e9e, des bouteilles en verre avec des bouchons en fer et des bouches \u00e0 pression, des bouteilles en plastique ou des f\u00fbts m\u00e9talliques (canettes) \u00e0 l\u2019ext\u00e9rieur de la bo\u00eete en bois ordinaire. <\/span><\/p>\n<h2><span style=\"font-family: arial, helvetica, sans-serif; font-size: 14pt;\">Contr\u00f4le qualit\u00e9:<\/span><\/h2>\n<p><span style=\"font-family: arial, helvetica, sans-serif; font-size: 12pt;\">Chaque lot de marchandises est accompagn\u00e9 d\u2019un COA et d\u2019un rapport d\u2019analyse, les marchandises sont toutes qualifi\u00e9es, n\u2019h\u00e9sitez pas \u00e0 commander.<\/span><\/p>\n","protected":false},"excerpt":{"rendered":"<p>Le phosphure de zinc est une poudre gris fonc\u00e9 ou noire. Il s\u2019agit d\u2019un compos\u00e9 inorganique important avec des propri\u00e9t\u00e9s chimiques remarquables.<\/p>\n","protected":false},"featured_media":1003516,"comment_status":"open","ping_status":"closed","template":"","meta":{"_acf_changed":false},"product_brand":[],"product_cat":[251],"product_tag":[],"class_list":{"0":"post-1015971","1":"product","2":"type-product","3":"status-publish","4":"has-post-thumbnail","6":"product_cat-materiaux-phosphores","8":"first","9":"instock","10":"shipping-taxable","11":"product-type-variable"},"acf":[],"_links":{"self":[{"href":"https:\/\/vimaterial.de\/fr\/wp-json\/wp\/v2\/product\/1015971","targetHints":{"allow":["GET"]}}],"collection":[{"href":"https:\/\/vimaterial.de\/fr\/wp-json\/wp\/v2\/product"}],"about":[{"href":"https:\/\/vimaterial.de\/fr\/wp-json\/wp\/v2\/types\/product"}],"replies":[{"embeddable":true,"href":"https:\/\/vimaterial.de\/fr\/wp-json\/wp\/v2\/comments?post=1015971"}],"wp:featuredmedia":[{"embeddable":true,"href":"https:\/\/vimaterial.de\/fr\/wp-json\/wp\/v2\/media\/1003516"}],"wp:attachment":[{"href":"https:\/\/vimaterial.de\/fr\/wp-json\/wp\/v2\/media?parent=1015971"}],"wp:term":[{"taxonomy":"product_brand","embeddable":true,"href":"https:\/\/vimaterial.de\/fr\/wp-json\/wp\/v2\/product_brand?post=1015971"},{"taxonomy":"product_cat","embeddable":true,"href":"https:\/\/vimaterial.de\/fr\/wp-json\/wp\/v2\/product_cat?post=1015971"},{"taxonomy":"product_tag","embeddable":true,"href":"https:\/\/vimaterial.de\/fr\/wp-json\/wp\/v2\/product_tag?post=1015971"}],"curies":[{"name":"wp","href":"https:\/\/api.w.org\/{rel}","templated":true}]}}