{"id":1015953,"date":"2024-06-17T14:51:32","date_gmt":"2024-06-17T06:51:32","guid":{"rendered":"https:\/\/vimaterial.de\/product\/chromate-de-nickel-oxyde-de-nickel-et-de-chrome\/"},"modified":"2025-04-15T17:10:56","modified_gmt":"2025-04-15T09:10:56","slug":"chromate-de-nickel-oxyde-de-nickel-et-de-chrome","status":"publish","type":"product","link":"https:\/\/vimaterial.de\/fr\/product\/chromate-de-nickel-oxyde-de-nickel-et-de-chrome\/","title":{"rendered":"Chromate de nickel (oxyde de nickel et de chrome)"},"content":{"rendered":"<p>La poudre de chromate de nickel est une poudre compos\u00e9e contenant les \u00e9l\u00e9ments nickel et chrome, g\u00e9n\u00e9ralement de couleur verte ou jaune, elle est chimiquement stable et a un r\u00f4le \u00e0 jouer dans des industries telles que le placage, les pigments, les catalyseurs, etc. Il doit \u00eatre stock\u00e9 et utilis\u00e9 avec soin afin d\u2019\u00e9viter les dangers pour l\u2019homme et l\u2019environnement. <\/p>\n<p>VIAMTERIAL fournit de la poudre Inconel 600, notre poudre se caract\u00e9rise par une grande puret\u00e9, une taille de particule uniforme, une bonne fluidit\u00e9, un bon compactage, une forte stabilit\u00e9 chimique et nous prenons en charge l\u2019emballage et la commande de petits lots. Nous avons une \u00e9quipe technique professionnelle de recherche et d\u00e9veloppement, acceptons la personnalisation du produit et les exp\u00e9riences,<span style=\"color: #0000ff;\"><a style=\"color: #0000ff;\" href=\"https:\/\/vimaterial.de\/en\/contact-us\/\"> contactez-nous.<\/a><\/span> <\/p>\n<h2><span style=\"font-size: 14pt;\">Propri\u00e9t\u00e9s physiques<\/span><\/h2>\n<p>Formule mol\u00e9culaire : NiCrO3<\/p>\n<p>Poids mol\u00e9culaire : environ 158,69<\/p>\n<p>Apparence&nbsp;: poudre g\u00e9n\u00e9ralement verte ou vert fonc\u00e9<\/p>\n<p>Structure cristalline : g\u00e9n\u00e9ralement orthorhombique<\/p>\n<h2><span style=\"font-size: 14pt;\">Applications<\/span><\/h2>\n<p>C\u00e9ramique&nbsp;: La poudre de chromate de nickel peut \u00eatre utilis\u00e9e pour pr\u00e9parer des mat\u00e9riaux c\u00e9ramiques avec des propri\u00e9t\u00e9s sp\u00e9ciales et am\u00e9liorer les propri\u00e9t\u00e9s \u00e9lectriques et magn\u00e9tiques des c\u00e9ramiques.<\/p>\n<p>Domaine \u00e9lectronique&nbsp;: Dans la fabrication de composants \u00e9lectroniques, il peut \u00eatre utilis\u00e9 comme additifs ou mati\u00e8res premi\u00e8res pour la production de p\u00e2tes \u00e9lectroniques, de condensateurs c\u00e9ramiques multicouches et d\u2019autres composants \u00e9lectroniques.<\/p>\n<p>Champ catalytique : Il peut \u00eatre utilis\u00e9 comme catalyseur pour diverses r\u00e9actions chimiques afin d\u2019am\u00e9liorer l\u2019efficacit\u00e9 et la s\u00e9lectivit\u00e9 de la r\u00e9action.<\/p>\n<p>Champ d\u2019\u00e9nergie : Il peut \u00eatre appliqu\u00e9 \u00e0 la pr\u00e9paration de mat\u00e9riaux de stockage et de conversion d\u2019\u00e9nergie, tels que les batteries lithium-ion, pour am\u00e9liorer les performances de la batterie.<\/p>\n<p>Domaine de la m\u00e9tallurgie : Il peut \u00eatre utilis\u00e9 comme additif des \u00e9l\u00e9ments d\u2019alliage pour am\u00e9liorer les performances des mat\u00e9riaux m\u00e9talliques, telles que la duret\u00e9 et la r\u00e9sistance \u00e0 la corrosion.<\/p>\n<h2><span style=\"font-size: 14pt;\">Contr\u00f4le de la qualit\u00e9<\/span><\/h2>\n<p><span style=\"color: #0000ff;\"><a style=\"color: #0000ff;\" href=\"https:\/\/vimaterial.de\/en\/quality-control\/\">Le contr\u00f4le de la qualit\u00e9<\/a> <\/span>de chaque lot de produits est effectu\u00e9 tout au long du processus d\u2019approvisionnement en mati\u00e8res premi\u00e8res, de production et de traitement, de test et d\u2019inspection, et d\u2019emballage, en suivant strictement les normes internationales et les normes industrielles. Notre soci\u00e9t\u00e9 dispose d\u2019un \u00e9quipement de test avanc\u00e9, d\u2019une \u00e9quipe d\u2019inspection de qualit\u00e9 professionnelle et d\u2019un syst\u00e8me de contr\u00f4le de qualit\u00e9 strict pour garantir la qualit\u00e9 des produits. <\/p>\n<h2><span style=\"font-size: 14pt;\">Emballage et stockage<\/span><\/h2>\n<p>Les poudres de chromate de nickel sont emball\u00e9es dans des bouteilles \u00e0 vide doubles ou des sacs sous vide doubles dans des cartons.<\/p>\n<p>Les poudres de chromate de nickel doivent \u00eatre stock\u00e9es dans un environnement sec, frais et bien ventil\u00e9, \u00e0 l\u2019abri du feu, de la chaleur et de l\u2019eau, \u00e0 l\u2019abri de la lumi\u00e8re directe du soleil, et emball\u00e9es dans un emballage scell\u00e9 pour \u00e9viter l\u2019humidit\u00e9, l\u2019oxydation et le contact avec des acides, des alcalis et d\u2019autres substances r\u00e9actives, ainsi que conform\u00e9ment aux dispositions du R\u00e8glement sur le stockage des produits chimiques dangereux pour un placement appropri\u00e9.<\/p>\n","protected":false},"excerpt":{"rendered":"<p>La poudre de chromate de nickel est une poudre compos\u00e9e contenant les \u00e9l\u00e9ments nickel et chrome, g\u00e9n\u00e9ralement de couleur verte ou jaune, elle est chimiquement stable et a un r\u00f4le \u00e0 jouer dans des industries telles que le placage, les pigments, les catalyseurs, etc. Il doit \u00eatre stock\u00e9 et utilis\u00e9 avec soin afin d\u2019\u00e9viter les dangers pour l\u2019homme et l\u2019environnement. <\/p>\n","protected":false},"featured_media":1002614,"comment_status":"open","ping_status":"closed","template":"","meta":{"_acf_changed":false},"product_brand":[],"product_cat":[244],"product_tag":[],"class_list":{"0":"post-1015953","1":"product","2":"type-product","3":"status-publish","4":"has-post-thumbnail","6":"product_cat-autres-materiaux","8":"first","9":"instock","10":"shipping-taxable","11":"purchasable","12":"product-type-variable"},"acf":[],"_links":{"self":[{"href":"https:\/\/vimaterial.de\/fr\/wp-json\/wp\/v2\/product\/1015953","targetHints":{"allow":["GET"]}}],"collection":[{"href":"https:\/\/vimaterial.de\/fr\/wp-json\/wp\/v2\/product"}],"about":[{"href":"https:\/\/vimaterial.de\/fr\/wp-json\/wp\/v2\/types\/product"}],"replies":[{"embeddable":true,"href":"https:\/\/vimaterial.de\/fr\/wp-json\/wp\/v2\/comments?post=1015953"}],"wp:featuredmedia":[{"embeddable":true,"href":"https:\/\/vimaterial.de\/fr\/wp-json\/wp\/v2\/media\/1002614"}],"wp:attachment":[{"href":"https:\/\/vimaterial.de\/fr\/wp-json\/wp\/v2\/media?parent=1015953"}],"wp:term":[{"taxonomy":"product_brand","embeddable":true,"href":"https:\/\/vimaterial.de\/fr\/wp-json\/wp\/v2\/product_brand?post=1015953"},{"taxonomy":"product_cat","embeddable":true,"href":"https:\/\/vimaterial.de\/fr\/wp-json\/wp\/v2\/product_cat?post=1015953"},{"taxonomy":"product_tag","embeddable":true,"href":"https:\/\/vimaterial.de\/fr\/wp-json\/wp\/v2\/product_tag?post=1015953"}],"curies":[{"name":"wp","href":"https:\/\/api.w.org\/{rel}","templated":true}]}}