{"id":1015856,"date":"2024-06-17T14:51:36","date_gmt":"2024-06-17T06:51:36","guid":{"rendered":"https:\/\/vimaterial.de\/product\/alliage-inconel-625\/"},"modified":"2025-04-15T16:54:13","modified_gmt":"2025-04-15T08:54:13","slug":"alliage-inconel-625","status":"publish","type":"product","link":"https:\/\/vimaterial.de\/fr\/product\/alliage-inconel-625\/","title":{"rendered":"Alliage INCONEL 625"},"content":{"rendered":"<p><a href=\"https:\/\/vimaterial.de\/en\/product\/inconel-625-alloy-2\/\"><span style=\"color: #0000ff;\">La poudre d\u2019alliage INCONEL 625<\/span><\/a> est une poudre d\u2019alliage \u00e0 base de nickel avec une excellente r\u00e9sistance \u00e0 la corrosion, une r\u00e9sistance \u00e0 haute temp\u00e9rature et une r\u00e9sistance \u00e0 l\u2019oxydation, qui peut \u00eatre utilis\u00e9e dans la fabrication de pi\u00e8ces haute performance pour l\u2019a\u00e9rospatiale, la chimie, la marine et d\u2019autres domaines gr\u00e2ce \u00e0 une vari\u00e9t\u00e9 de processus.<\/p>\n<p>VIMATERIAL propose la poudre d\u2019alliage INCONEL 625. Notre poudre d\u2019alliage IINCONEL 625 se caract\u00e9rise par une grande puret\u00e9, de faibles impuret\u00e9s, une taille de particule uniforme, une petite taille d\u2019emballage et un petit MOQ. Nous avons une \u00e9quipe technique professionnelle de recherche et de d\u00e9veloppement, nous pouvons accepter la personnalisation et l\u2019exp\u00e9rimentation du produit, veuillez <span style=\"color: #0000ff;\"><a style=\"color: #0000ff;\" href=\"https:\/\/vimaterial.de\/en\/contact-us\/\">nous contacter<\/a>.<\/span>  <\/p>\n<h2><span style=\"font-size: 14pt;\">Propri\u00e9t\u00e9s physiques<\/span><\/h2>\n<p>Formule mol\u00e9culaire : NiCrFeCo<\/p>\n<p>Aspect : poudre grise ou gris argent\u00e9<\/p>\n<p>Densit\u00e9 : environ 8,44 g\/cm\u00b3.<\/p>\n<p>Structure cristalline : structure cristalline cubique \u00e0 face centr\u00e9e (FCC)<\/p>\n<h2><span style=\"font-size: 14pt;\">Applications<\/span><\/h2>\n<p>A\u00e9rospatiale : Les poudres d\u2019alliage Inconel 625 sont utilis\u00e9es dans la fabrication de composants \u00e0 haute temp\u00e9rature pour les moteurs d\u2019avion, tels que les aubes de turbine, les chambres de combustion, etc. Ils sont capables de r\u00e9sister \u00e0 l\u2019impact de gaz \u00e0 haute temp\u00e9rature et \u00e0 des contraintes m\u00e9caniques complexes pour assurer un fonctionnement fiable du moteur dans des conditions extr\u00eames. <\/p>\n<p>P\u00e9trochimie : Utilis\u00e9 dans la fabrication d\u2019\u00e9quipements chimiques, tels que des r\u00e9acteurs, des pipelines, etc. Son excellente r\u00e9sistance \u00e0 la corrosion peut r\u00e9sister \u00e0 une vari\u00e9t\u00e9 d\u2019acides forts, d\u2019alcalis et de corrosion environnementale \u00e0 haute temp\u00e9rature et \u00e0 haute pression, afin d\u2019assurer la s\u00e9curit\u00e9 du processus de production chimique et la stabilit\u00e9 \u00e0 long terme de l\u2019\u00e9quipement. <\/p>\n<p>G\u00e9nie maritime : Il est utilis\u00e9 dans la construction de plates-formes marines et la fabrication d\u2019\u00e9quipements marins, tels que des dispositifs de dessalement d\u2019eau de mer, des pipelines sous-marins, etc. Il peut r\u00e9sister \u00e0 la corrosion de l\u2019eau de mer et \u00e0 l\u2019\u00e9rosion de l\u2019environnement marin et prolonger la dur\u00e9e de vie de l\u2019\u00e9quipement. <\/p>\n<p>Domaine de l\u2019\u00e9nergie nucl\u00e9aire : il peut \u00eatre utilis\u00e9 dans la fabrication de certaines pi\u00e8ces cl\u00e9s \u00e0 l\u2019int\u00e9rieur du r\u00e9acteur nucl\u00e9aire, telles que les pi\u00e8ces du m\u00e9canisme d\u2019entra\u00eenement des barres de contr\u00f4le, etc. Sa bonne r\u00e9sistance aux radiations et sa r\u00e9sistance \u00e0 haute temp\u00e9rature permettent de travailler en toute s\u00e9curit\u00e9 et de mani\u00e8re stable dans l\u2019environnement nucl\u00e9aire. <\/p>\n<p>Industrie automobile&nbsp;: Il est utilis\u00e9 pour fabriquer des pi\u00e8ces \u00e0 haute temp\u00e9rature telles que des pi\u00e8ces de turbocompresseur de moteurs automobiles haute performance, pour am\u00e9liorer les performances et la fiabilit\u00e9 du moteur, et pour faire jouer ses avantages de r\u00e9sistance aux hautes temp\u00e9ratures et de r\u00e9sistance \u00e0 l\u2019abrasion dans des conditions de travail \u00e0 haute temp\u00e9rature et \u00e0 haut r\u00e9gime.<\/p>\n<h2><span style=\"font-size: 14pt;\">Contr\u00f4le de la qualit\u00e9<\/span><\/h2>\n<p><span style=\"color: #0000ff;\"><a style=\"color: #0000ff;\" href=\"https:\/\/vimaterial.de\/en\/quality-control\/\">Nos produits<\/a> <\/span>sont mis en \u0153uvre le syst\u00e8me de gestion de la qualit\u00e9 le plus strict, les mat\u00e9riaux entrants, le processus, l\u2019inspection finale, l\u2019inspection d\u2019usine ont des normes d\u2019inspection strictes, pour le traitement non qualifi\u00e9 utilisera des mesures d\u2019isolation strictes pour \u00e9viter le flux de produits non conformes dans le processus suivant, selon les exigences du client fournira aux clients des \u00e9chantillons pour que les clients puissent les r\u00e9inspecter.<\/p>\n<h2><span style=\"font-size: 14pt;\">Emballage et stockage<\/span><\/h2>\n<p>Les poudres d\u2019alliage INCONEL 625 sont emball\u00e9es dans des sacs ou des bouteilles sous vide double et emball\u00e9es dans des cartons.<\/p>\n<p>Les poudres d\u2019alliage INCONEL 625 doivent \u00eatre stock\u00e9es dans un environnement sec et bien ventil\u00e9 avec une temp\u00e9rature et une humidit\u00e9 relativement stables pour \u00e9viter l\u2019humidit\u00e9, l\u2019oxydation et les impuret\u00e9s, et loin des sources d\u2019inflammation et des mat\u00e9riaux inflammables. Des mesures appropri\u00e9es doivent \u00eatre prises pour \u00e9viter l\u2019accumulation de poussi\u00e8re et d\u2019\u00e9lectricit\u00e9 statique de la poudre. <\/p>\n","protected":false},"excerpt":{"rendered":"<p>La poudre d\u2019alliage INCONEL 625 est une poudre d\u2019alliage \u00e0 base de nickel avec une excellente r\u00e9sistance \u00e0 la corrosion, une r\u00e9sistance \u00e0 haute temp\u00e9rature et une r\u00e9sistance \u00e0 l\u2019oxydation, qui peut \u00eatre utilis\u00e9e dans la fabrication de pi\u00e8ces haute performance pour l\u2019a\u00e9rospatiale, la chimie, la marine et d\u2019autres domaines gr\u00e2ce \u00e0 une vari\u00e9t\u00e9 de processus.<\/p>\n","protected":false},"featured_media":1002586,"comment_status":"open","ping_status":"closed","template":"","meta":{"_acf_changed":false},"product_brand":[],"product_cat":[242],"product_tag":[],"class_list":{"0":"post-1015856","1":"product","2":"type-product","3":"status-publish","4":"has-post-thumbnail","6":"product_cat-impression-3d-de-poudre-spherique","8":"first","9":"instock","10":"shipping-taxable","11":"product-type-variable"},"acf":[],"_links":{"self":[{"href":"https:\/\/vimaterial.de\/fr\/wp-json\/wp\/v2\/product\/1015856","targetHints":{"allow":["GET"]}}],"collection":[{"href":"https:\/\/vimaterial.de\/fr\/wp-json\/wp\/v2\/product"}],"about":[{"href":"https:\/\/vimaterial.de\/fr\/wp-json\/wp\/v2\/types\/product"}],"replies":[{"embeddable":true,"href":"https:\/\/vimaterial.de\/fr\/wp-json\/wp\/v2\/comments?post=1015856"}],"wp:featuredmedia":[{"embeddable":true,"href":"https:\/\/vimaterial.de\/fr\/wp-json\/wp\/v2\/media\/1002586"}],"wp:attachment":[{"href":"https:\/\/vimaterial.de\/fr\/wp-json\/wp\/v2\/media?parent=1015856"}],"wp:term":[{"taxonomy":"product_brand","embeddable":true,"href":"https:\/\/vimaterial.de\/fr\/wp-json\/wp\/v2\/product_brand?post=1015856"},{"taxonomy":"product_cat","embeddable":true,"href":"https:\/\/vimaterial.de\/fr\/wp-json\/wp\/v2\/product_cat?post=1015856"},{"taxonomy":"product_tag","embeddable":true,"href":"https:\/\/vimaterial.de\/fr\/wp-json\/wp\/v2\/product_tag?post=1015856"}],"curies":[{"name":"wp","href":"https:\/\/api.w.org\/{rel}","templated":true}]}}