{"id":1015842,"date":"2024-06-17T14:51:37","date_gmt":"2024-06-17T06:51:37","guid":{"rendered":"https:\/\/vimaterial.de\/product\/inconel-718\/"},"modified":"2025-04-15T15:30:58","modified_gmt":"2025-04-15T07:30:58","slug":"inconel-718","status":"publish","type":"product","link":"https:\/\/vimaterial.de\/fr\/product\/inconel-718\/","title":{"rendered":"INCONEL 718"},"content":{"rendered":"<p>La poudre INCONEL 718 est une poudre d\u2019alliage haute temp\u00e9rature \u00e0 base de nickel, de couleur gris argent\u00e9, avec une morphologie de particules fines et uniformes, une excellente r\u00e9sistance \u00e0 haute temp\u00e9rature, une r\u00e9sistance \u00e0 la fatigue, une r\u00e9sistance \u00e0 la corrosion, et est un mat\u00e9riau cl\u00e9 pour la fabrication additive et la m\u00e9tallurgie des poudres dans l\u2019a\u00e9rospatiale, l\u2019\u00e9nergie et d\u2019autres domaines.<\/p>\n<p>VIMATERIAL propose des poudres INCONEL 718. Nos poudres INCONEL 718 se caract\u00e9risent par une grande puret\u00e9, une taille de particule homog\u00e8ne, une petite taille d\u2019emballage et un prix bas avec un petit MOQ. Nous avons une \u00e9quipe technique professionnelle de recherche et de d\u00e9veloppement, nous pouvons accepter la personnalisation et l\u2019exp\u00e9rimentation du produit, veuillez <span style=\"color: #3366ff;\"><a style=\"color: #3366ff;\" href=\"https:\/\/vimaterial.de\/en\/contact-us\/\">nous contacter<\/a>.<\/span>  <\/p>\n<h2><span style=\"font-size: 14pt;\">Propri\u00e9t\u00e9s physiques<\/span><\/h2>\n<p>Formule mol\u00e9culaire : NiCrFeNbMoCo<\/p>\n<p>Apparence&nbsp;: poudre gris argent\u00e9<\/p>\n<p>Densit\u00e9 : environ 8,19 g\/cm\u00b3<\/p>\n<p>Structure cristalline : structure cristalline cubique \u00e0 face centr\u00e9e (FCC).<\/p>\n<h2><span style=\"font-size: 14pt;\">Applications<\/span><\/h2>\n<p>Automobile : Dans l\u2019industrie automobile, la poudre est utilis\u00e9e dans la fabrication de syst\u00e8mes d\u2019\u00e9chappement, de turbocompresseurs et d\u2019autres composants \u00e0 haute temp\u00e9rature pour am\u00e9liorer les performances et la durabilit\u00e9 des automobiles dans des environnements \u00e0 haute temp\u00e9rature.<\/p>\n<p>P\u00e9trochimie : Dans l\u2019industrie p\u00e9trochimique, les poudres INCONEL 718 sont utilis\u00e9es dans la fabrication de pipelines, de r\u00e9acteurs, de vannes et d\u2019autres \u00e9quipements pour une stabilit\u00e9 \u00e0 long terme dans des milieux acides ou corrosifs.<\/p>\n<p>\u00c9nergie : Dans le secteur de l\u2019\u00e9nergie, les poudres INCONEL 718 sont utilis\u00e9es dans la fabrication de composants \u00e0 haute temp\u00e9rature tels que les composants de turbines, les chambres de combustion et les aubes de turbines \u00e0 gaz dans les centrales thermiques et nucl\u00e9aires afin d\u2019am\u00e9liorer l\u2019efficacit\u00e9 et la stabilit\u00e9 des \u00e9quipements \u00e9nerg\u00e9tiques.<\/p>\n<p>M\u00e9dical : Dans l\u2019industrie m\u00e9dicale, les poudres INCONEL 718 sont utilis\u00e9es dans la fabrication d\u2019implants chirurgicaux, de proth\u00e8ses et de dispositifs m\u00e9dicaux, o\u00f9 leur biocompatibilit\u00e9, leur r\u00e9sistance et leur r\u00e9sistance \u00e0 la corrosion sont requises pour une utilisation \u00e0 long terme dans le corps humain.<\/p>\n<p>Traitement des m\u00e9taux&nbsp;: Dans le traitement des m\u00e9taux, les poudres INCONEL 718 sont utilis\u00e9es dans la fabrication de moules d\u2019extrusion, de moules de travail \u00e0 chaud, etc. pour am\u00e9liorer la dur\u00e9e de vie des moules et am\u00e9liorer la pr\u00e9cision d\u2019usinage.<\/p>\n<h2><span style=\"font-size: 14pt;\">Contr\u00f4le de la qualit\u00e9<\/span><\/h2>\n<p><span style=\"color: #3366ff;\"><a style=\"color: #3366ff;\" href=\"https:\/\/vimaterial.de\/en\/quality-control\/\">Nos produits<\/a><\/span> sont mis en \u0153uvre le syst\u00e8me de gestion de la qualit\u00e9 le plus strict, les mat\u00e9riaux entrants, le processus, l\u2019inspection finale, l\u2019inspection d\u2019usine ont des normes d\u2019inspection strictes, pour le traitement non qualifi\u00e9 utilisera des mesures d\u2019isolation strictes pour \u00e9viter le flux de produits non conformes dans le processus suivant, selon les exigences du client fournira aux clients des \u00e9chantillons pour que les clients puissent les r\u00e9inspecter.<\/p>\n<h2><span style=\"font-size: 14pt;\">Emballage et stockage<\/span><\/h2>\n<p>Les poudres INCONEL 718 sont emball\u00e9es dans des sacs ou des bouteilles sous vide double et emball\u00e9es dans des cartons.<\/p>\n<p>Les poudres INCONEL 718 doivent \u00eatre stock\u00e9es dans un environnement sec, frais et bien ventil\u00e9, scell\u00e9es pour \u00e9viter l\u2019humidit\u00e9 et l\u2019oxydation, \u00e9viter le contact avec des substances corrosives, plac\u00e9es dans une position stable pour \u00e9viter le basculement et les fuites, et bien \u00e9tiquet\u00e9es et prot\u00e9g\u00e9es des sources d\u2019inflammation et de chaleur.<\/p>\n","protected":false},"excerpt":{"rendered":"<p>La poudre INCONEL 718 est une poudre d\u2019alliage haute temp\u00e9rature \u00e0 base de nickel, de couleur gris argent\u00e9, avec une morphologie de particules fines et uniformes, une excellente r\u00e9sistance \u00e0 haute temp\u00e9rature, une r\u00e9sistance \u00e0 la fatigue, une r\u00e9sistance \u00e0 la corrosion, et est un mat\u00e9riau cl\u00e9 pour la fabrication additive et la m\u00e9tallurgie des poudres dans l\u2019a\u00e9rospatiale, l\u2019\u00e9nergie et d\u2019autres domaines.<\/p>\n","protected":false},"featured_media":1002600,"comment_status":"open","ping_status":"closed","template":"","meta":{"_acf_changed":false},"product_brand":[],"product_cat":[242],"product_tag":[],"class_list":{"0":"post-1015842","1":"product","2":"type-product","3":"status-publish","4":"has-post-thumbnail","6":"product_cat-impression-3d-de-poudre-spherique","8":"first","9":"instock","10":"shipping-taxable","11":"product-type-variable"},"acf":[],"_links":{"self":[{"href":"https:\/\/vimaterial.de\/fr\/wp-json\/wp\/v2\/product\/1015842","targetHints":{"allow":["GET"]}}],"collection":[{"href":"https:\/\/vimaterial.de\/fr\/wp-json\/wp\/v2\/product"}],"about":[{"href":"https:\/\/vimaterial.de\/fr\/wp-json\/wp\/v2\/types\/product"}],"replies":[{"embeddable":true,"href":"https:\/\/vimaterial.de\/fr\/wp-json\/wp\/v2\/comments?post=1015842"}],"wp:featuredmedia":[{"embeddable":true,"href":"https:\/\/vimaterial.de\/fr\/wp-json\/wp\/v2\/media\/1002600"}],"wp:attachment":[{"href":"https:\/\/vimaterial.de\/fr\/wp-json\/wp\/v2\/media?parent=1015842"}],"wp:term":[{"taxonomy":"product_brand","embeddable":true,"href":"https:\/\/vimaterial.de\/fr\/wp-json\/wp\/v2\/product_brand?post=1015842"},{"taxonomy":"product_cat","embeddable":true,"href":"https:\/\/vimaterial.de\/fr\/wp-json\/wp\/v2\/product_cat?post=1015842"},{"taxonomy":"product_tag","embeddable":true,"href":"https:\/\/vimaterial.de\/fr\/wp-json\/wp\/v2\/product_tag?post=1015842"}],"curies":[{"name":"wp","href":"https:\/\/api.w.org\/{rel}","templated":true}]}}